{"id":1030720,"date":"2024-06-27T19:42:45","date_gmt":"2024-06-27T11:42:45","guid":{"rendered":"https:\/\/vimaterial.de\/product\/dioxyde-de-silicium-6\/"},"modified":"2025-02-20T17:43:35","modified_gmt":"2025-02-20T09:43:35","slug":"dioxyde-de-silicium-6","status":"publish","type":"product","link":"https:\/\/vimaterial.de\/fr\/product\/dioxyde-de-silicium-6\/","title":{"rendered":"dioxyde de silicium"},"content":{"rendered":"<p><span style=\"color: #0000ff;\"><a style=\"color: #0000ff;\" href=\"https:\/\/vimaterial.de\/fr\/product\/dioxyde-de-silicium-5\/\">L\u2019anneau de dioxyde de silicium<\/a><\/span> est un mat\u00e9riau inorganique non m\u00e9tallique incolore, transparent et chimiquement stable compos\u00e9 de silicium et d\u2019oxyg\u00e8ne, qui est principalement utilis\u00e9 dans les domaines de l\u2019optique, des mat\u00e9riaux \u00e9lectroniques, de la communication par fibre optique, etc.<\/p>\n<p>VIMATERIAL se concentre sur la production de mat\u00e9riaux de haute qualit\u00e9. Nos anneaux de dioxyde de silicium pr\u00e9sentent les avantages d\u2019une grande puret\u00e9, d\u2019une grande pr\u00e9cision dimensionnelle et de performances stables. Nous pouvons fournir un service personnalis\u00e9 en fonction des besoins sp\u00e9cifiques du client, et nous pouvons \u00e9galement fournir un service de liaison de cibles. Notre \u00e9quipe technique est exp\u00e9riment\u00e9e et peut vous fournir un support technique professionnel \u00e0 tout moment, <span style=\"color: #0000ff;\"><a style=\"color: #0000ff;\" href=\"https:\/\/vimaterial.de\/fr\/contact\/\">contactez-nous<\/a><\/span>.<\/p>\n<h2><span style=\"font-size: 14pt;\">Caract\u00e9ristiques<\/span><\/h2>\n<p>Formule mol\u00e9culaire : SiO\u2082<\/p>\n<p>Poids mol\u00e9culaire : environ 60,08<\/p>\n<p>Aspect : incolore et transparent avec un \u00e9clat vitreux<\/p>\n<p>Densit\u00e9 : environ 2,20 g\/cm\u00b3.<\/p>\n<p>Point de fusion : environ 1713\u00b0C<\/p>\n<p>Structure cristalline : En g\u00e9n\u00e9ral, l\u2019anneau SiO\u2082 est une structure amorphe avec un ordre \u00e0 courte port\u00e9e et un d\u00e9sordre \u00e0 longue port\u00e9e des atomes. Cette structure conf\u00e8re au produit une bonne homog\u00e9n\u00e9it\u00e9 optique et une bonne stabilit\u00e9 chimique.<\/p>\n<h2><span style=\"font-size: 14pt;\">Applications<\/span><\/h2>\n<p>Champ optique\u00a0: Dans le rev\u00eatement optique, l\u2019anneau de dioxyde de silicium peut \u00eatre utilis\u00e9 pour pr\u00e9parer des films optiques tels que le film d\u2019am\u00e9lioration de la transmittance et le film de r\u00e9flexion apr\u00e8s un processus sp\u00e9cial. Ces films peuvent ajuster efficacement la transmittance et la r\u00e9flectance de la lumi\u00e8re, et sont largement utilis\u00e9s dans les lentilles optiques, les t\u00e9lescopes, les microscopes et autres instruments optiques pour am\u00e9liorer la qualit\u00e9 de l\u2019image.<\/p>\n<p>Domaine des mat\u00e9riaux \u00e9lectroniques : L\u2019anneau SiO\u2082 est un mat\u00e9riau isolant important dans le processus de fabrication des semi-conducteurs. Dans la fabrication de circuits int\u00e9gr\u00e9s, il peut \u00eatre utilis\u00e9 pour r\u00e9aliser des couches isolantes afin d\u2019isoler diff\u00e9rentes zones conductrices, d\u2019\u00e9viter les ph\u00e9nom\u00e8nes de fuite et d\u2019assurer le fonctionnement normal des appareils \u00e9lectroniques.<\/p>\n<p>Communication par fibre optique : Le SiO\u2082 est le principal mat\u00e9riau utilis\u00e9 dans la fabrication des fibres optiques, et les anneaux SiO\u2082 jouent un r\u00f4le cl\u00e9 dans le processus de fabrication des fibres optiques. Il peut \u00eatre utilis\u00e9 dans le cadre de la pr\u00e9forme de la fibre optique et affecte la distribution de l\u2019indice de r\u00e9fraction et les propri\u00e9t\u00e9s optiques de la fibre.<\/p>\n<h2><span style=\"font-size: 14pt;\">Contr\u00f4le de la qualit\u00e9<\/span><\/h2>\n<p><span style=\"color: #0000ff;\"><a style=\"color: #0000ff;\" href=\"https:\/\/vimaterial.de\/fr\/controle-qualite\/\">Un syst\u00e8me de contr\u00f4le de qualit\u00e9 strict<\/a><\/span> est mis en place pour chaque lot de produits. De la s\u00e9lection des mati\u00e8res premi\u00e8res \u00e0 la livraison du produit final, chaque \u00e9tape est test\u00e9e dans les moindres d\u00e9tails. Les \u00e9l\u00e9ments de test couvrent tous les aspects tels que la puret\u00e9 de la composition, la densit\u00e9, la pr\u00e9cision dimensionnelle, les propri\u00e9t\u00e9s optiques, la qualit\u00e9 de surface, etc. De plus, nous fournirons aux clients des rapports de test d\u00e9taill\u00e9s en temps opportun et de mani\u00e8re pr\u00e9cise pour nous assurer que la qualit\u00e9 des produits r\u00e9pond aux exigences des clients.<\/p>\n<h2><span style=\"font-size: 14pt;\">Emballage et stockage<\/span><\/h2>\n<p>Les anneaux au dioxyde de silicium sont emball\u00e9s avec un mat\u00e9riau de rembourrage souple, puis plac\u00e9s dans des bo\u00eetes en carton personnalis\u00e9es ou des caisses en bois pour s\u2019assurer qu\u2019ils ne sont pas endommag\u00e9s par une collision pendant le transport.<\/p>\n<p>Les anneaux de dioxyde de silicium doivent \u00eatre stock\u00e9s dans un environnement sec et propre, en \u00e9vitant tout contact avec des substances corrosives telles que les acides et les alcalis. La temp\u00e9rature de l\u2019environnement de stockage doit \u00eatre maintenue relativement stable, en \u00e9vitant les changements de temp\u00e9rature drastiques et la lumi\u00e8re directe du soleil.<\/p>\n","protected":false},"excerpt":{"rendered":"<p><span style=\"color: #0000ff;\"><a style=\"color: #0000ff;\" href=\"https:\/\/vimaterial.de\/fr\/product\/dioxyde-de-silicium-5\/\">L\u2019anneau de dioxyde de silicium<\/a><\/span> est un mat\u00e9riau inorganique non m\u00e9tallique incolore, transparent et chimiquement stable compos\u00e9 de silicium et d\u2019oxyg\u00e8ne, qui est principalement utilis\u00e9 dans les domaines de l\u2019optique, des mat\u00e9riaux \u00e9lectroniques, de la communication par fibre optique, etc.<\/p>\n","protected":false},"featured_media":1034781,"comment_status":"open","ping_status":"closed","template":"","meta":{"_acf_changed":false},"product_brand":[],"product_cat":[247],"product_tag":[],"class_list":{"0":"post-1030720","1":"product","2":"type-product","3":"status-publish","4":"has-post-thumbnail","6":"product_cat-cibles-de-pulverisation-rotative","8":"first","9":"instock","10":"shipping-taxable","11":"product-type-variable"},"acf":[],"_links":{"self":[{"href":"https:\/\/vimaterial.de\/fr\/wp-json\/wp\/v2\/product\/1030720","targetHints":{"allow":["GET"]}}],"collection":[{"href":"https:\/\/vimaterial.de\/fr\/wp-json\/wp\/v2\/product"}],"about":[{"href":"https:\/\/vimaterial.de\/fr\/wp-json\/wp\/v2\/types\/product"}],"replies":[{"embeddable":true,"href":"https:\/\/vimaterial.de\/fr\/wp-json\/wp\/v2\/comments?post=1030720"}],"wp:featuredmedia":[{"embeddable":true,"href":"https:\/\/vimaterial.de\/fr\/wp-json\/wp\/v2\/media\/1034781"}],"wp:attachment":[{"href":"https:\/\/vimaterial.de\/fr\/wp-json\/wp\/v2\/media?parent=1030720"}],"wp:term":[{"taxonomy":"product_brand","embeddable":true,"href":"https:\/\/vimaterial.de\/fr\/wp-json\/wp\/v2\/product_brand?post=1030720"},{"taxonomy":"product_cat","embeddable":true,"href":"https:\/\/vimaterial.de\/fr\/wp-json\/wp\/v2\/product_cat?post=1030720"},{"taxonomy":"product_tag","embeddable":true,"href":"https:\/\/vimaterial.de\/fr\/wp-json\/wp\/v2\/product_tag?post=1030720"}],"curies":[{"name":"wp","href":"https:\/\/api.w.org\/{rel}","templated":true}]}}