{"id":1030704,"date":"2024-06-27T19:42:36","date_gmt":"2024-06-27T11:42:36","guid":{"rendered":"https:\/\/vimaterial.de\/product\/alliage-de-silicium-daluminium-et-de-zirconium\/"},"modified":"2025-02-24T10:57:13","modified_gmt":"2025-02-24T02:57:13","slug":"alliage-de-silicium-daluminium-et-de-zirconium","status":"publish","type":"product","link":"https:\/\/vimaterial.de\/fr\/product\/alliage-de-silicium-daluminium-et-de-zirconium\/","title":{"rendered":"Alliage de silicium, d\u2019aluminium et de zirconium"},"content":{"rendered":"<p>Les cibles rotatives en alliage de silicium,d&#8217;aluminium et de zirconium sont des cibles de pulv\u00e9risation tubulaires en mat\u00e9riaux d\u2019alliage compos\u00e9s de trois \u00e9l\u00e9ments : silicium, aluminium et zirconium, qui sont largement utilis\u00e9s dans les semi-conducteurs, l\u2019optique, l\u2019\u00e9lectronique et d\u2019autres domaines avec une bonne conductivit\u00e9 \u00e9lectrique, une bonne conductivit\u00e9 thermique, une bonne r\u00e9sistance \u00e0 la corrosion et d\u2019autres propri\u00e9t\u00e9s de performance, et peuvent \u00eatre utilis\u00e9s pour pr\u00e9parer des mat\u00e9riaux \u00e0 couche mince de haute qualit\u00e9.<\/p>\n<p>VIMATERIAL fournit des cibles rotatives en alliage de silicium-aluminium et de zirconium avec une puret\u00e9 \u00e9lev\u00e9e, une composition uniforme, une efficacit\u00e9 de pulv\u00e9risation \u00e9lev\u00e9e et nous prenons en charge le service de liaison de cibles. Nous nous sp\u00e9cialisons dans les innovations de pointe en mati\u00e8re de mat\u00e9riaux chimiques et disposons d\u2019une \u00e9quipe technique exp\u00e9riment\u00e9e pour soutenir la personnalisation et le d\u00e9veloppement de produits, <span style=\"color: #0000ff;\"><a style=\"color: #0000ff;\" href=\"https:\/\/vimaterial.de\/fr\/contact\/\">contactez-nous<\/a><\/span> si vous avez besoin de plus d\u2019informations.<\/p>\n<h2><span style=\"font-size: 14pt;\">Caract\u00e9ristiques<\/span><\/h2>\n<p>Formule mol\u00e9culaire : SiAlZr<\/p>\n<p>Apparence\u00a0: g\u00e9n\u00e9ralement gris argent\u00e9 lustre m\u00e9tallis\u00e9<\/p>\n<p>Structure cristalline : Les cibles du tube SiAlZr ont une structure cristalline complexe, formant g\u00e9n\u00e9ralement une structure de solution solide.<\/p>\n<h2><span style=\"font-size: 14pt;\">Applications<\/span><\/h2>\n<p>Industrie \u00e9lectronique : La cible du tube SiAlZr est utilis\u00e9e dans la fabrication de puces semi-conductrices, qui peuvent former un film fonctionnel sp\u00e9cifique \u00e0 la surface de la puce par d\u00e9p\u00f4t physique en phase vapeur pour am\u00e9liorer les performances et la stabilit\u00e9 de la puce.<\/p>\n<p>Domaine optique : Dans la fabrication de composants optiques, les cibles de tube SiAlZr sont utilis\u00e9es pour la pr\u00e9paration de films d\u2019am\u00e9lioration de la transmittance, de films r\u00e9fl\u00e9chissants, etc. pour am\u00e9liorer les performances optiques des composants optiques.<\/p>\n<p>Traitement m\u00e9canique : Dans le domaine du traitement m\u00e9canique, la cible de tube SiAlZr peut \u00eatre utilis\u00e9e pour le rev\u00eatement de surface d\u2019outils de coupe, de moules, etc., afin d\u2019am\u00e9liorer leur duret\u00e9, leur r\u00e9sistance \u00e0 l\u2019usure et leur r\u00e9sistance \u00e0 la corrosion, et de prolonger la dur\u00e9e de vie.<\/p>\n<h2><span style=\"font-size: 14pt;\">Contr\u00f4le de la qualit\u00e9<\/span><\/h2>\n<p><span style=\"color: #0000ff;\"><a style=\"color: #0000ff;\" href=\"https:\/\/vimaterial.de\/fr\/controle-qualite\/\">Nos produits<\/a> <span style=\"color: #000000;\">sont fabriqu\u00e9s selon un syst\u00e8me de qualit\u00e9 strict, avec des objectifs de qualit\u00e9 contr\u00f4l\u00e9s tout au long de la cha\u00eene de production. Les produits sont inspect\u00e9s et test\u00e9s plusieurs fois au cours du processus de production et ne sont exp\u00e9di\u00e9s qu\u2019apr\u00e8s des tests de sp\u00e9cification d\u00e9taill\u00e9s. Les registres d\u2019essai des produits sont complets et tra\u00e7ables, et nos produits sont conformes \u00e0 toutes les normes ASTM et sp\u00e9cifiques \u00e0 l\u2019industrie, et des inspections par des tiers sont disponibles sur demande. <\/span><\/span><\/p>\n<h2><span style=\"font-size: 14pt;\">Emballage et stockage<\/span><\/h2>\n<p>Les cibles rotatives en alliage de silicium, d&#8217;aluminium et de zirconium sont emball\u00e9es deux fois sous vide et plac\u00e9es dans des caisses en bois personnalis\u00e9es pour le renforcement afin d\u2019assurer un transport en toute s\u00e9curit\u00e9.<\/p>\n<p>Les cibles rotatives en alliage de silicium-aluminium-zirconium doivent \u00eatre stock\u00e9es dans un environnement sec et bien ventil\u00e9 \u00e0 une temp\u00e9rature appropri\u00e9e pour \u00e9viter l\u2019humidit\u00e9, l\u2019oxydation et les chocs m\u00e9caniques.<\/p>\n","protected":false},"excerpt":{"rendered":"<p>Les cibles rotatives en alliage de silicium,d&#8217;aluminium et de zirconium sont des cibles de pulv\u00e9risation tubulaires en mat\u00e9riaux d\u2019alliage compos\u00e9s de trois \u00e9l\u00e9ments : silicium, aluminium et zirconium, qui sont largement utilis\u00e9s dans les semi-conducteurs, l\u2019optique, l\u2019\u00e9lectronique et d\u2019autres domaines avec une bonne conductivit\u00e9 \u00e9lectrique, une bonne conductivit\u00e9 thermique, une bonne r\u00e9sistance \u00e0 la corrosion et d\u2019autres propri\u00e9t\u00e9s de performance, et peuvent \u00eatre utilis\u00e9s pour pr\u00e9parer des mat\u00e9riaux \u00e0 couche mince de haute qualit\u00e9.<\/p>\n","protected":false},"featured_media":1034771,"comment_status":"open","ping_status":"closed","template":"","meta":{"_acf_changed":false},"product_brand":[],"product_cat":[247],"product_tag":[],"class_list":{"0":"post-1030704","1":"product","2":"type-product","3":"status-publish","4":"has-post-thumbnail","6":"product_cat-cibles-de-pulverisation-rotative","8":"first","9":"instock","10":"shipping-taxable","11":"product-type-variable"},"acf":[],"_links":{"self":[{"href":"https:\/\/vimaterial.de\/fr\/wp-json\/wp\/v2\/product\/1030704","targetHints":{"allow":["GET"]}}],"collection":[{"href":"https:\/\/vimaterial.de\/fr\/wp-json\/wp\/v2\/product"}],"about":[{"href":"https:\/\/vimaterial.de\/fr\/wp-json\/wp\/v2\/types\/product"}],"replies":[{"embeddable":true,"href":"https:\/\/vimaterial.de\/fr\/wp-json\/wp\/v2\/comments?post=1030704"}],"wp:featuredmedia":[{"embeddable":true,"href":"https:\/\/vimaterial.de\/fr\/wp-json\/wp\/v2\/media\/1034771"}],"wp:attachment":[{"href":"https:\/\/vimaterial.de\/fr\/wp-json\/wp\/v2\/media?parent=1030704"}],"wp:term":[{"taxonomy":"product_brand","embeddable":true,"href":"https:\/\/vimaterial.de\/fr\/wp-json\/wp\/v2\/product_brand?post=1030704"},{"taxonomy":"product_cat","embeddable":true,"href":"https:\/\/vimaterial.de\/fr\/wp-json\/wp\/v2\/product_cat?post=1030704"},{"taxonomy":"product_tag","embeddable":true,"href":"https:\/\/vimaterial.de\/fr\/wp-json\/wp\/v2\/product_tag?post=1030704"}],"curies":[{"name":"wp","href":"https:\/\/api.w.org\/{rel}","templated":true}]}}