{"id":1030671,"date":"2024-06-27T19:42:07","date_gmt":"2024-06-27T11:42:07","guid":{"rendered":"https:\/\/vimaterial.de\/product\/silicium-5\/"},"modified":"2025-02-24T15:30:54","modified_gmt":"2025-02-24T07:30:54","slug":"tube-en-silicium-cible","status":"publish","type":"product","link":"https:\/\/vimaterial.de\/fr\/product\/tube-en-silicium-cible\/","title":{"rendered":"Silicium"},"content":{"rendered":"<p><span style=\"color: #0000ff;\">Les cibles de tube de <a style=\"color: #0000ff;\" href=\"https:\/\/vimaterial.de\/fr\/product\/silicium-3\/\">silicium<\/a><\/span> sont constitu\u00e9es de silicium en tant qu\u2019\u00e9l\u00e9ment unique, avec une structure cristalline typique de type diamant et un aspect m\u00e9tallis\u00e9 gris-noir, et sont principalement utilis\u00e9es dans les domaines des semi-conducteurs, du photovolta\u00efque et du rev\u00eatement optique.<\/p>\n<p>Les produits en silicium de VIMATERIAL ont une composition homog\u00e8ne, ce qui permet la lib\u00e9ration uniforme d\u2019atomes de silicium pendant le processus de pulv\u00e9risation et permet une pulv\u00e9risation efficace. Pendant ce temps, nous disposons d\u2019une \u00e9quipe technique professionnelle avec une riche exp\u00e9rience dans les services de reliure de cibles, qui peut fournir des solutions \u00e0 guichet unique \u00e0 nos clients. De plus, nous nous concentrons sur l\u2019innovation mat\u00e9rielle de pointe et soutenons la personnalisation et le d\u00e9veloppement des produits pour r\u00e9pondre aux besoins individuels des clients. Si vous avez des besoins connexes, n\u2019h\u00e9sitez pas \u00e0 <span style=\"color: #0000ff;\"><a style=\"color: #0000ff;\" href=\"https:\/\/vimaterial.de\/fr\/contact\/\">nous contacter<\/a><\/span>.<\/p>\n<h2><span style=\"font-size: 14pt;\">Caract\u00e9ristiques<\/span><\/h2>\n<p>Poids mol\u00e9culaire : 28,0855<\/p>\n<p>Apparence\u00a0: g\u00e9n\u00e9ralement gris-noir avec une texture m\u00e9tallique, avec brillance<\/p>\n<p>Densit\u00e9 : 2,32-2,34 g\/cm\u00b3.<\/p>\n<p>Point de fusion : 1410\u00b0C<\/p>\n<p>Point d\u2019\u00e9bullition : 2355\u00b0C<\/p>\n<p>Structure cristalline : Structure cristalline typique de type diamant, les atomes sont \u00e9troitement li\u00e9s par des liaisons covalentes, cette structure stable conf\u00e8re \u00e0 la cible d\u2019excellentes propri\u00e9t\u00e9s physiques.<\/p>\n<h2><span style=\"font-size: 14pt;\">Applications<\/span><\/h2>\n<p>Industrie des semi-conducteurs : Les cibles de tubes en silicium jouent un r\u00f4le cl\u00e9 dans la fabrication des puces \u00e0 semi-conducteurs. En utilisant la technologie de d\u00e9p\u00f4t physique en phase vapeur, les couches minces de silicium peuvent \u00eatre d\u00e9pos\u00e9es avec pr\u00e9cision sur le substrat de la puce et utilis\u00e9es pour construire des transistors, des circuits int\u00e9gr\u00e9s et d\u2019autres composants cl\u00e9s, am\u00e9liorant consid\u00e9rablement la vitesse de calcul et la stabilit\u00e9 de la puce, et constituent un mat\u00e9riau de base important pour promouvoir le d\u00e9veloppement continu de l\u2019industrie des semi-conducteurs.<\/p>\n<p>Industrie photovolta\u00efque\u00a0: Dans la production de panneaux solaires, les cibles de tube Si sont utilis\u00e9es pour la pr\u00e9paration de films minces \u00e0 base de silicium, qui peuvent absorber efficacement l\u2019\u00e9nergie solaire et la convertir en \u00e9lectricit\u00e9, am\u00e9liorant l\u2019efficacit\u00e9 de conversion de photo\u00e9lectricit\u00e9 des cellules solaires et fournissant un soutien solide pour le d\u00e9veloppement et l\u2019utilisation d\u2019\u00e9nergie propre.<\/p>\n<p>Champ de rev\u00eatement optique : Les cibles de tube en silicium peuvent \u00eatre utilis\u00e9es pour pr\u00e9parer divers types de films optiques, tels que le film d\u2019am\u00e9lioration de la transmittance, le film filtrant, etc. Ces films sont utilis\u00e9s dans les lentilles optiques, les miroirs et d\u2019autres applications optiques. Ces films sont utilis\u00e9s dans les lentilles optiques, les lentilles et d\u2019autres composants pour am\u00e9liorer efficacement les composants optiques de la transmittance, la reproduction des couleurs et d\u2019autres propri\u00e9t\u00e9s optiques, afin d\u2019am\u00e9liorer la qualit\u00e9 de l\u2019image.<\/p>\n<h2><span style=\"font-size: 14pt;\">Contr\u00f4le de la qualit\u00e9<\/span><\/h2>\n<p><span style=\"color: #0000ff;\"><a style=\"color: #0000ff;\" href=\"https:\/\/vimaterial.de\/fr\/controle-qualite\/\">Nous avons mis en place un syst\u00e8me de contr\u00f4le de qualit\u00e9 strict<\/a><\/span> , de l\u2019approvisionnement en mati\u00e8res premi\u00e8res \u00e0 la production des produits, chaque \u00e9tape d\u2019un contr\u00f4le de qualit\u00e9 strict. Au cours du processus de production, les cibles des tubes Si sont soumises \u00e0 plusieurs inspections et tests complets, notamment des tests de puret\u00e9, des tests de densit\u00e9 et des analyses de la structure cristalline. Les registres de test de tous les produits sont conserv\u00e9s dans leur int\u00e9gralit\u00e9, avec un haut degr\u00e9 de tra\u00e7abilit\u00e9, garantissant que chaque produit r\u00e9pond aux normes ASTM et sp\u00e9cifiques \u00e0 l\u2019industrie. De plus, des inspections par des tiers sont disponibles sur demande pour offrir aux clients la tranquillit\u00e9 d\u2019esprit.<\/p>\n<h2><span style=\"font-size: 14pt;\">Emballage et stockage<\/span><\/h2>\n<p>Les cibles en tube de silicone sont emball\u00e9es deux fois sous vide, puis plac\u00e9es dans des caisses en bois personnalis\u00e9es \u00e0 haute r\u00e9sistance pour le renforcement afin d\u2019assurer la s\u00e9curit\u00e9 du transport longue distance.<\/p>\n<p>Les cibles \u00e0 tube de silicium sont stock\u00e9es dans des environnements secs et bien ventil\u00e9s \u00e0 des temp\u00e9ratures appropri\u00e9es, \u00e9vitant l\u2019humidit\u00e9, les temp\u00e9ratures \u00e9lev\u00e9es ou les gaz corrosifs, et prot\u00e9g\u00e9es des chocs m\u00e9caniques.<\/p>\n","protected":false},"excerpt":{"rendered":"<p><span style=\"color: #0000ff;\">Les cibles de tube de <a style=\"color: #0000ff;\" href=\"https:\/\/vimaterial.de\/fr\/product\/silicium-3\/\">silicium<\/a><\/span> sont constitu\u00e9es de silicium en tant qu\u2019\u00e9l\u00e9ment unique, avec une structure cristalline typique de type diamant et un aspect m\u00e9tallis\u00e9 gris-noir, et sont principalement utilis\u00e9es dans les domaines des semi-conducteurs, du photovolta\u00efque et du rev\u00eatement optique.<\/p>\n","protected":false},"featured_media":1034761,"comment_status":"open","ping_status":"closed","template":"","meta":{"_acf_changed":false},"product_brand":[],"product_cat":[247],"product_tag":[],"class_list":{"0":"post-1030671","1":"product","2":"type-product","3":"status-publish","4":"has-post-thumbnail","6":"product_cat-cibles-de-pulverisation-rotative","8":"first","9":"instock","10":"shipping-taxable","11":"product-type-variable"},"acf":[],"_links":{"self":[{"href":"https:\/\/vimaterial.de\/fr\/wp-json\/wp\/v2\/product\/1030671","targetHints":{"allow":["GET"]}}],"collection":[{"href":"https:\/\/vimaterial.de\/fr\/wp-json\/wp\/v2\/product"}],"about":[{"href":"https:\/\/vimaterial.de\/fr\/wp-json\/wp\/v2\/types\/product"}],"replies":[{"embeddable":true,"href":"https:\/\/vimaterial.de\/fr\/wp-json\/wp\/v2\/comments?post=1030671"}],"wp:featuredmedia":[{"embeddable":true,"href":"https:\/\/vimaterial.de\/fr\/wp-json\/wp\/v2\/media\/1034761"}],"wp:attachment":[{"href":"https:\/\/vimaterial.de\/fr\/wp-json\/wp\/v2\/media?parent=1030671"}],"wp:term":[{"taxonomy":"product_brand","embeddable":true,"href":"https:\/\/vimaterial.de\/fr\/wp-json\/wp\/v2\/product_brand?post=1030671"},{"taxonomy":"product_cat","embeddable":true,"href":"https:\/\/vimaterial.de\/fr\/wp-json\/wp\/v2\/product_cat?post=1030671"},{"taxonomy":"product_tag","embeddable":true,"href":"https:\/\/vimaterial.de\/fr\/wp-json\/wp\/v2\/product_tag?post=1030671"}],"curies":[{"name":"wp","href":"https:\/\/api.w.org\/{rel}","templated":true}]}}