{"id":1030465,"date":"2024-06-18T18:33:26","date_gmt":"2024-06-18T10:33:26","guid":{"rendered":"https:\/\/vimaterial.de\/product\/seleniure-de-gallium-6\/"},"modified":"2025-02-24T16:11:18","modified_gmt":"2025-02-24T08:11:18","slug":"seleniure-de-gallium-6","status":"publish","type":"product","link":"https:\/\/vimaterial.de\/fr\/product\/seleniure-de-gallium-6\/","title":{"rendered":"S\u00e9l\u00e9niure de gallium"},"content":{"rendered":"<p>La cible de pulv\u00e9risation au <span style=\"color: #0000ff;\"><a style=\"color: #0000ff;\" href=\"https:\/\/vimaterial.de\/fr\/product\/seleniure-de-gallium-2\/\">s\u00e9l\u00e9niure de gallium<\/a><\/span> est une cible de pulv\u00e9risation en c\u00e9ramique de s\u00e9l\u00e9niure avec une structure de sphal\u00e9rite d\u00e9fectueuse compos\u00e9e des \u00e9l\u00e9ments gallium (Ga) et s\u00e9l\u00e9nium (Se), qui peut \u00eatre utilis\u00e9e pour le d\u00e9p\u00f4t de couches minces, et a des applications importantes dans les semi-conducteurs, les \u00e9crans, le photovolta\u00efque et de nombreux autres domaines.<\/p>\n<p>Les cibles Ga\u2082Se\u2083 fournies par VIMATERIAL se caract\u00e9risent par une puret\u00e9 \u00e9lev\u00e9e de 99,99 %, une faible teneur en impuret\u00e9s et une composition uniforme. Nous disposons d\u2019une \u00e9quipe technique professionnelle avec une riche exp\u00e9rience dans le service de reliure de cibles pour fournir une solution unique \u00e0 nos clients. Notre soci\u00e9t\u00e9 se concentre sur l\u2019innovation de pointe en mati\u00e8re de mat\u00e9riaux chimiques et soutient la personnalisation et le d\u00e9veloppement de produits, <a href=\"https:\/\/vimaterial.de\/fr\/contact\/\"><span style=\"color: #0000ff;\">contactez-nous<\/span><\/a> si vous en avez besoin.<\/p>\n<h2><span style=\"font-size: 14pt;\">Caract\u00e9ristiques<\/span><\/h2>\n<p>Formule mol\u00e9culaire : Ga\u2082Se\u2083<\/p>\n<p>Poids mol\u00e9culaire : environ 399,43<\/p>\n<p>Apparence\u00a0: g\u00e9n\u00e9ralement gris fonc\u00e9 \u00e0 noir solide<\/p>\n<p>Densit\u00e9 : environ 4,55 g\/cm\u00b3.<\/p>\n<p>Point de fusion : environ 960\u00b0C<\/p>\n<p>Structure cristalline : appartient au syst\u00e8me cristallin orthorhombique, cette structure cristalline d\u00e9termine ses propri\u00e9t\u00e9s \u00e9lectriques et optiques uniques et joue un r\u00f4le important dans l\u2019application des dispositifs opto\u00e9lectroniques.<\/p>\n<h2><span style=\"font-size: 14pt;\">Applications<\/span><\/h2>\n<p>Domaine des dispositifs opto\u00e9lectroniques\u00a0: Dans la pr\u00e9paration des d\u00e9tecteurs infrarouges, les mat\u00e9riaux \u00e0 couche mince pr\u00e9par\u00e9s par la cible de s\u00e9l\u00e9niure de gallium peuvent d\u00e9tecter efficacement les signaux lumineux infrarouges et am\u00e9liorer la sensibilit\u00e9 et la vitesse de r\u00e9ponse des d\u00e9tecteurs\u00a0; dans le m\u00eame temps, dans la fabrication de diodes \u00e9lectroluminescentes (LED), l\u2019efficacit\u00e9 \u00e9lectroluminescente et la puret\u00e9 des couleurs des LED peuvent \u00eatre optimis\u00e9es gr\u00e2ce \u00e0 la pulv\u00e9risation de couches minces Ga\u2082Se\u2083, ce qui favorise le d\u00e9veloppement de la technologie d\u2019\u00e9clairage et d\u2019affichage LED.<\/p>\n<p>Industrie des cellules solaires\u00a0: La pr\u00e9paration de cibles de s\u00e9l\u00e9niure de gallium de couches minces peut \u00eatre utilis\u00e9e pour la couche d\u2019absorption de nouvelles cellules solaires, am\u00e9liorer l\u2019efficacit\u00e9 d\u2019absorption de la lumi\u00e8re du soleil et l\u2019efficacit\u00e9 de conversion photo\u00e9lectrique, pour le d\u00e9veloppement et la production de cellules solaires \u00e0 haut rendement pour fournir un support mat\u00e9riel.<\/p>\n<p>Champ de rev\u00eatement optique : Les couches minces utilis\u00e9es pour la pr\u00e9paration des filtres optiques peuvent contr\u00f4ler avec pr\u00e9cision la transmission et la r\u00e9flexion de longueurs d\u2019onde sp\u00e9cifiques de la lumi\u00e8re, et sont largement utilis\u00e9es dans les instruments d\u2019analyse spectrale, les \u00e9quipements de communication optique, etc., pour am\u00e9liorer les performances et la pr\u00e9cision des syst\u00e8mes optiques.<\/p>\n<h2><span style=\"font-size: 14pt;\">Contr\u00f4le de la qualit\u00e9<\/span><\/h2>\n<p><span style=\"color: #0000ff;\"><a style=\"color: #0000ff;\" href=\"https:\/\/vimaterial.de\/fr\/controle-qualite\/\">Nous avons mis en place un syst\u00e8me de contr\u00f4le de qualit\u00e9 strict<\/a><\/span> , de l\u2019achat des mati\u00e8res premi\u00e8res \u00e0 chaque \u00e9tape de la production du produit, nous effectuons un contr\u00f4le de qualit\u00e9 strict. Au cours du processus de production, les produits sont soumis \u00e0 plusieurs inspections et tests complets, notamment des tests de puret\u00e9, des tests de densit\u00e9 et des analyses de la structure cristalline. Des registres d\u2019essai sont conserv\u00e9s pour tous les produits avec un haut degr\u00e9 de tra\u00e7abilit\u00e9, garantissant que chaque produit r\u00e9pond aux normes ASTM et aux normes sp\u00e9cifiques \u00e0 l\u2019industrie. De plus, des inspections par des tiers sont disponibles sur demande pour donner aux clients la tranquillit\u00e9 d\u2019esprit.<\/p>\n<h2><span style=\"font-size: 14pt;\">Emballage et stockage<\/span><\/h2>\n<p>Les cibles de pulv\u00e9risation au s\u00e9l\u00e9niure de gallium sont emball\u00e9es deux fois sous vide, puis plac\u00e9es dans des cartons personnalis\u00e9s pour un emballage renforc\u00e9 afin d\u2019assurer la s\u00e9curit\u00e9 du transport sur de longues distances.<\/p>\n<p>Les cibles de pulv\u00e9risation au s\u00e9l\u00e9niure de gallium sont stock\u00e9es dans des environnements secs, bien ventil\u00e9s avec des temp\u00e9ratures appropri\u00e9es, \u00e9vitez de les placer dans des environnements humides, \u00e0 haute temp\u00e9rature ou sous gaz corrosifs, et pr\u00e9venez les collisions m\u00e9caniques.<\/p>\n","protected":false},"excerpt":{"rendered":"<p>La cible de pulv\u00e9risation au <span style=\"color: #0000ff;\"><a style=\"color: #0000ff;\" href=\"https:\/\/vimaterial.de\/fr\/product\/seleniure-de-gallium-2\/\">s\u00e9l\u00e9niure de gallium<\/a><\/span> est une cible de pulv\u00e9risation en c\u00e9ramique de s\u00e9l\u00e9niure avec une structure de sphal\u00e9rite d\u00e9fectueuse compos\u00e9e des \u00e9l\u00e9ments gallium (Ga) et s\u00e9l\u00e9nium (Se), qui peut \u00eatre utilis\u00e9e pour le d\u00e9p\u00f4t de couches minces, et a des applications importantes dans les semi-conducteurs, les \u00e9crans, le photovolta\u00efque et de nombreux autres domaines.<\/p>\n","protected":false},"featured_media":1003834,"comment_status":"open","ping_status":"closed","template":"","meta":{"_acf_changed":false},"product_brand":[],"product_cat":[235],"product_tag":[],"class_list":{"0":"post-1030465","1":"product","2":"type-product","3":"status-publish","4":"has-post-thumbnail","6":"product_cat-cibles-de-pulverisation-planaire","8":"first","9":"instock","10":"shipping-taxable","11":"product-type-variable"},"acf":[],"_links":{"self":[{"href":"https:\/\/vimaterial.de\/fr\/wp-json\/wp\/v2\/product\/1030465","targetHints":{"allow":["GET"]}}],"collection":[{"href":"https:\/\/vimaterial.de\/fr\/wp-json\/wp\/v2\/product"}],"about":[{"href":"https:\/\/vimaterial.de\/fr\/wp-json\/wp\/v2\/types\/product"}],"replies":[{"embeddable":true,"href":"https:\/\/vimaterial.de\/fr\/wp-json\/wp\/v2\/comments?post=1030465"}],"wp:featuredmedia":[{"embeddable":true,"href":"https:\/\/vimaterial.de\/fr\/wp-json\/wp\/v2\/media\/1003834"}],"wp:attachment":[{"href":"https:\/\/vimaterial.de\/fr\/wp-json\/wp\/v2\/media?parent=1030465"}],"wp:term":[{"taxonomy":"product_brand","embeddable":true,"href":"https:\/\/vimaterial.de\/fr\/wp-json\/wp\/v2\/product_brand?post=1030465"},{"taxonomy":"product_cat","embeddable":true,"href":"https:\/\/vimaterial.de\/fr\/wp-json\/wp\/v2\/product_cat?post=1030465"},{"taxonomy":"product_tag","embeddable":true,"href":"https:\/\/vimaterial.de\/fr\/wp-json\/wp\/v2\/product_tag?post=1030465"}],"curies":[{"name":"wp","href":"https:\/\/api.w.org\/{rel}","templated":true}]}}