{"id":1030457,"date":"2024-06-18T18:33:26","date_gmt":"2024-06-18T10:33:26","guid":{"rendered":"https:\/\/vimaterial.de\/product\/tellurure-de-gallium-5\/"},"modified":"2025-02-24T17:35:58","modified_gmt":"2025-02-24T09:35:58","slug":"tellurure-de-gallium-5","status":"publish","type":"product","link":"https:\/\/vimaterial.de\/fr\/product\/tellurure-de-gallium-5\/","title":{"rendered":"Tellurure de gallium"},"content":{"rendered":"<p><a href=\"https:\/\/vimaterial.de\/fr\/product\/tellurure-de-gallium-2\/\"><span style=\"color: #0000ff;\">Les cibles de pulv\u00e9risation du tellurure de gallium<\/span> <span style=\"color: #000000;\">s<\/span><\/a><span style=\"color: #000000;\">ont des cibles de pulv\u00e9risation faites de tellurure de gallium (Ga\u2082Te\u2083) comme composant principal. Bas\u00e9s sur la composition chimique unique et les excellentes propri\u00e9t\u00e9s physiques du Ga\u2082Te\u2083, ils sont principalement utilis\u00e9s dans la pr\u00e9paration de dispositifs opto\u00e9lectroniques haute performance, de films minces semi-conducteurs, etc.<\/span><\/p>\n<p>VIMATERIAL fournit des cibles de pulv\u00e9risation au tellurure de gallium d\u2019une grande puret\u00e9, d\u2019une faible teneur en impuret\u00e9s, d\u2019une composition uniforme, de performances stables, etc. Et nous avons un service professionnel de reliure de cibles pour fournir une solution unique aux clients. Nous nous concentrons sur l\u2019innovation de pointe en mati\u00e8re de mat\u00e9riaux chimiques, soutenons la personnalisation et le d\u00e9veloppement de produits, veuillez <span style=\"color: #0000ff;\"><a style=\"color: #0000ff;\" href=\"https:\/\/vimaterial.de\/fr\/contact\/\">nous contacter.<\/a><\/span><\/p>\n<h2><span style=\"font-size: 14pt;\">Caract\u00e9ristiques<\/span><\/h2>\n<p>Formule mol\u00e9culaire : Ga\u2082Te\u2083<\/p>\n<p>Poids mol\u00e9culaire : environ 639,36<\/p>\n<p>Apparence\u00a0: gris fonc\u00e9 \u00e0 noir lustre m\u00e9tallis\u00e9<\/p>\n<p>Densit\u00e9 : environ 6,0 g\/cm\u00b3.<\/p>\n<p>Point de fusion : environ 625\u00b0C<\/p>\n<p>Structure cristalline : Appartenant au syst\u00e8me cristallin hexagonal, cette structure cristalline unique conf\u00e8re aux cibles de pulv\u00e9risation Ga\u2082Te\u2083 des propri\u00e9t\u00e9s \u00e9lectriques, optiques et thermiques particuli\u00e8res.<\/p>\n<h2><span style=\"font-size: 14pt;\">Applications<\/span><\/h2>\n<p>Industrie des semi-conducteurs : Les cibles de pulv\u00e9risation au tellurure de gallium jouent un r\u00f4le cl\u00e9 dans la fabrication des puces \u00e0 semi-conducteurs. Gr\u00e2ce au d\u00e9p\u00f4t physique en phase vapeur, des films Ga\u2082Te\u2083 de haute qualit\u00e9 peuvent \u00eatre pr\u00e9par\u00e9s sur des substrats de puces, et ces films peuvent \u00eatre utilis\u00e9s pour fabriquer des transistors \u00e0 grande vitesse, des circuits int\u00e9gr\u00e9s et d\u2019autres composants cl\u00e9s.<\/p>\n<p>Domaine des dispositifs opto\u00e9lectroniques : Dans la pr\u00e9paration des d\u00e9tecteurs infrarouges, la cible de pulv\u00e9risation cathodique en tellurure de gallium a une valeur d\u2019application importante. En utilisant ses bonnes propri\u00e9t\u00e9s d\u2019absorption et de r\u00e9ponse \u00e0 la lumi\u00e8re infrarouge, il peut pr\u00e9parer un film de d\u00e9tection infrarouge tr\u00e8s sensible, am\u00e9liorant consid\u00e9rablement la port\u00e9e de d\u00e9tection et la sensibilit\u00e9 du d\u00e9tecteur.<\/p>\n<p>Rev\u00eatement optique : Les cibles de pulv\u00e9risation en tellurure de gallium peuvent \u00eatre utilis\u00e9es pour pr\u00e9parer des films minces avec des propri\u00e9t\u00e9s optiques sp\u00e9ciales dans le processus de rev\u00eatement de lentilles optiques, de verres et d\u2019autres composants. Gr\u00e2ce au contr\u00f4le pr\u00e9cis des param\u00e8tres du processus de pulv\u00e9risation, une vari\u00e9t\u00e9 de films optiques tels que des films d\u2019am\u00e9lioration de la transmittance, des films r\u00e9fl\u00e9chissants, des films filtrants, etc. peuvent \u00eatre pr\u00e9par\u00e9s, am\u00e9liorant efficacement la transmittance, les propri\u00e9t\u00e9s antireflets et la s\u00e9lectivit\u00e9 spectrale des composants optiques.<\/p>\n<h2><span style=\"font-size: 14pt;\">Contr\u00f4le de la qualit\u00e9<\/span><\/h2>\n<p><span style=\"color: #0000ff;\"><a style=\"color: #0000ff;\" href=\"https:\/\/vimaterial.de\/fr\/controle-qualite\/\">Nous avons mis en place un contr\u00f4le de qualit\u00e9 strict<\/a>, de <span style=\"color: #000000;\">l\u2019achat<\/span><span style=\"color: #000000;\">des mati\u00e8res premi\u00e8res \u00e0 chaque \u00e9tape de la production du produit, nous effectuons un contr\u00f4le de qualit\u00e9 strict. Au cours du processus de production, les produits sont soumis \u00e0 plusieurs inspections et tests complets, notamment un test de puret\u00e9, un test de densit\u00e9, une analyse de la structure cristalline, un test d\u2019uniformit\u00e9 de la composition, un test de plan\u00e9it\u00e9 de surface et un test de performance de pulv\u00e9risation.<\/span><\/span><\/p>\n<p><span style=\"color: #0000ff;\"><span style=\"color: #000000;\"> Des registres d\u2019essai sont conserv\u00e9s pour tous les produits avec un haut degr\u00e9 de tra\u00e7abilit\u00e9, garantissant que chaque produit r\u00e9pond aux normes ASTM et aux normes sp\u00e9cifiques \u00e0 l\u2019industrie. De plus, des inspections par des tiers sont disponibles sur demande pour donner aux clients la tranquillit\u00e9 d\u2019esprit.<\/span><\/span><\/p>\n<h2><span style=\"font-size: 14pt;\">Emballage et stockage<\/span><\/h2>\n<p>Les cibles de pulv\u00e9risation au tellurure de gallium sont emball\u00e9es dans des bo\u00eetes apr\u00e8s un double ensachage sous vide, et les bo\u00eetes sont plac\u00e9es dans des cartons personnalis\u00e9s pour un emballage renforc\u00e9 afin d\u2019assurer la s\u00e9curit\u00e9 du transport longue distance.<\/p>\n<p>Les cibles de pulv\u00e9risation au tellurure de gallium doivent \u00eatre stock\u00e9es dans un environnement sec, bien ventil\u00e9 et \u00e0 une temp\u00e9rature appropri\u00e9e. \u00c9vitez de les placer dans un environnement humide, \u00e0 haute temp\u00e9rature ou sous gaz corrosif, et prot\u00e9gez-les des chocs m\u00e9caniques.<\/p>\n","protected":false},"excerpt":{"rendered":"<p><a href=\"https:\/\/vimaterial.de\/fr\/product\/tellurure-de-gallium-2\/\"><span style=\"color: #0000ff;\">Les cibles de pulv\u00e9risation du tellurure de gallium<\/span> <span style=\"color: #000000;\">s<\/span><\/a><span style=\"color: #000000;\">ont des cibles de pulv\u00e9risation faites de tellurure de gallium (Ga\u2082Te\u2083) comme composant principal. Bas\u00e9s sur la composition chimique unique et les excellentes propri\u00e9t\u00e9s physiques du Ga\u2082Te\u2083, ils sont principalement utilis\u00e9s dans la pr\u00e9paration de dispositifs opto\u00e9lectroniques haute performance, de films minces semi-conducteurs, etc.<\/span><\/p>\n","protected":false},"featured_media":1041636,"comment_status":"open","ping_status":"closed","template":"","meta":{"_acf_changed":false},"product_brand":[],"product_cat":[235],"product_tag":[],"class_list":{"0":"post-1030457","1":"product","2":"type-product","3":"status-publish","4":"has-post-thumbnail","6":"product_cat-cibles-de-pulverisation-planaire","8":"first","9":"instock","10":"shipping-taxable","11":"product-type-variable"},"acf":[],"_links":{"self":[{"href":"https:\/\/vimaterial.de\/fr\/wp-json\/wp\/v2\/product\/1030457","targetHints":{"allow":["GET"]}}],"collection":[{"href":"https:\/\/vimaterial.de\/fr\/wp-json\/wp\/v2\/product"}],"about":[{"href":"https:\/\/vimaterial.de\/fr\/wp-json\/wp\/v2\/types\/product"}],"replies":[{"embeddable":true,"href":"https:\/\/vimaterial.de\/fr\/wp-json\/wp\/v2\/comments?post=1030457"}],"wp:featuredmedia":[{"embeddable":true,"href":"https:\/\/vimaterial.de\/fr\/wp-json\/wp\/v2\/media\/1041636"}],"wp:attachment":[{"href":"https:\/\/vimaterial.de\/fr\/wp-json\/wp\/v2\/media?parent=1030457"}],"wp:term":[{"taxonomy":"product_brand","embeddable":true,"href":"https:\/\/vimaterial.de\/fr\/wp-json\/wp\/v2\/product_brand?post=1030457"},{"taxonomy":"product_cat","embeddable":true,"href":"https:\/\/vimaterial.de\/fr\/wp-json\/wp\/v2\/product_cat?post=1030457"},{"taxonomy":"product_tag","embeddable":true,"href":"https:\/\/vimaterial.de\/fr\/wp-json\/wp\/v2\/product_tag?post=1030457"}],"curies":[{"name":"wp","href":"https:\/\/api.w.org\/{rel}","templated":true}]}}