{"id":1030422,"date":"2024-06-18T18:33:25","date_gmt":"2024-06-18T10:33:25","guid":{"rendered":"https:\/\/vimaterial.de\/product\/sulfure-de-gallium-3\/"},"modified":"2025-02-25T10:16:34","modified_gmt":"2025-02-25T02:16:34","slug":"sulfure-de-gallium-3","status":"publish","type":"product","link":"https:\/\/vimaterial.de\/fr\/product\/sulfure-de-gallium-3\/","title":{"rendered":"Sulfure de gallium"},"content":{"rendered":"<p>Les <span style=\"color: #0000ff;\"><a style=\"color: #0000ff;\" href=\"https:\/\/vimaterial.de\/fr\/product\/sulfure-de-gallium\/\">poudres de sulfure de gallium<\/a><\/span>ont un aspect cristallin jaune avec une vari\u00e9t\u00e9 de variantes de structure cristalline pour des applications dans les dispositifs photovolta\u00efques, les semi-conducteurs, l\u2019optique et la catalyse.<\/p>\n<p>VIMATERIAL, en tant qu\u2019entreprise sp\u00e9cialis\u00e9e dans l\u2019innovation chimique de pointe, s\u2019engage \u00e0 fournir des mat\u00e9riaux de haute performance pour des applications d\u2019ing\u00e9nierie avanc\u00e9es. Nous produisons des poudres de sulfure de gallium avec les avantages d\u2019une grande puret\u00e9 et de performances stables, tout en prenant en charge les petites commandes avec des stocks suffisants et des d\u00e9lais de livraison courts. De plus, notre \u00e9quipe technique exp\u00e9riment\u00e9e accepte toutes sortes de personnalisation de produits et d\u2019exp\u00e9riences, si vous en avez besoin, n\u2019h\u00e9sitez pas \u00e0 <a href=\"https:\/\/vimaterial.de\/fr\/contact\/\"><span style=\"color: #0000ff;\">nous contacter<\/span><\/a><span style=\"color: #0000ff;\">.<\/span><\/p>\n<h2><span style=\"font-size: 14pt;\">Caract\u00e9ristiques<\/span><\/h2>\n<p>Formule mol\u00e9culaire : Ga\u2082S\u2083<\/p>\n<p>Poids mol\u00e9culaire : 235,64<\/p>\n<p>Aspect : poudre cristalline jaune<\/p>\n<p>Densit\u00e9 : 3,77 g\/cm3<\/p>\n<p>Point de fusion : 1050\u00b0C<\/p>\n<p>Structure cristalline : Il existe principalement de nombreuses variantes de structure cristalline, et ses caract\u00e9ristiques de structure cristalline d\u00e9terminent une vari\u00e9t\u00e9 de propri\u00e9t\u00e9s physiques et chimiques du mat\u00e9riau.<\/p>\n<h2>Applications<\/h2>\n<p>Dispositifs opto\u00e9lectroniques : La poudre de sulfure de gallium peut \u00eatre utilis\u00e9e dans la fabrication de diodes \u00e9lectroluminescentes (LED), de diodes laser et d\u2019autres dispositifs opto\u00e9lectroniques pour am\u00e9liorer l\u2019efficacit\u00e9 et la stabilit\u00e9 de l\u2019\u00e9mission de lumi\u00e8re en raison de ses excellentes propri\u00e9t\u00e9s opto\u00e9lectroniques.<\/p>\n<p>Mat\u00e9riaux semi-conducteurs : c\u2019est le mat\u00e9riau cl\u00e9 pour la pr\u00e9paration de nouveaux dispositifs semi-conducteurs, qui contribue \u00e0 promouvoir le d\u00e9veloppement de la technologie des semi-conducteurs dans le sens d\u2019une vitesse \u00e9lev\u00e9e et d\u2019une faible consommation d\u2019\u00e9nergie, et peut \u00eatre appliqu\u00e9 aux circuits int\u00e9gr\u00e9s, aux capteurs et \u00e0 d\u2019autres domaines.<\/p>\n<p>Champ optique : Il a une bonne transmittance optique et des propri\u00e9t\u00e9s optiques non lin\u00e9aires dans les bandes de longueurs d\u2019onde visible et proche infrarouge, et peut \u00eatre utilis\u00e9 pour fabriquer des fen\u00eatres optiques, des cristaux optiques non lin\u00e9aires et d\u2019autres composants optiques.<\/p>\n<p>Champ catalytique : L\u2019activit\u00e9 chimique unique lui permet de pr\u00e9senter d\u2019excellentes performances catalytiques dans certaines r\u00e9actions catalytiques, qui peuvent \u00eatre utilis\u00e9es pour catalyser les r\u00e9actions de synth\u00e8se organique et am\u00e9liorer l\u2019efficacit\u00e9 et la s\u00e9lectivit\u00e9 des r\u00e9actions.<\/p>\n<h2><span style=\"font-size: 14pt;\">Contr\u00f4le de la qualit\u00e9<\/span><\/h2>\n<p><span style=\"color: #0000ff;\"><a style=\"color: #0000ff;\" href=\"https:\/\/vimaterial.de\/fr\/controle-qualite\/\">Nos produits<\/a> <\/span>suivent strictement le syst\u00e8me de gestion de la qualit\u00e9. De l\u2019approvisionnement en mati\u00e8res premi\u00e8res, du traitement, de l\u2019inspection finale \u00e0 l\u2019inspection de l\u2019usine, chaque \u00e9tape est \u00e9quip\u00e9e de normes d\u2019inspection strictes. Des mesures d\u2019isolement strictes sont prises pour les produits non conformes afin d\u2019\u00e9viter qu\u2019ils ne s\u2019\u00e9coulent dans le processus suivant. Dans le m\u00eame temps, nous pouvons fournir des \u00e9chantillons aux clients pour qu\u2019ils les r\u00e9inspectent en fonction de leurs besoins.<\/p>\n<h2><span style=\"font-size: 14pt;\">Emballage et stockage<\/span><\/h2>\n<p>La poudre de sulfure de gallium est emball\u00e9e dans un sac sous vide \u00e0 double couche ou une bouteille sous vide \u00e0 double couche, et l\u2019emballage ext\u00e9rieur est dans une bo\u00eete en carton.<\/p>\n<p>La poudre de sulfure de gallium doit \u00eatre stock\u00e9e dans un environnement sec et \u00e0 basse temp\u00e9rature, prot\u00e9g\u00e9 par un gaz inerte, \u00e9vitant le contact avec l\u2019air et l\u2019humidit\u00e9, emp\u00eachant l\u2019oxydation et la d\u00e9t\u00e9rioration du mat\u00e9riau et assurant la stabilit\u00e9 \u00e0 long terme de ses performances.<\/p>\n","protected":false},"excerpt":{"rendered":"<p>Les <span style=\"color: #0000ff;\"><a style=\"color: #0000ff;\" href=\"https:\/\/vimaterial.de\/fr\/product\/sulfure-de-gallium\/\">poudres de sulfure de gallium<\/a><\/span>ont un aspect cristallin jaune avec une vari\u00e9t\u00e9 de variantes de structure cristalline pour des applications dans les dispositifs photovolta\u00efques, les semi-conducteurs, l\u2019optique et la catalyse.<\/p>\n<p>VIMATERIAL, en tant qu\u2019entreprise sp\u00e9cialis\u00e9e dans l\u2019innovation chimique de pointe, s\u2019engage \u00e0 fournir des mat\u00e9riaux de haute performance pour des applications d\u2019ing\u00e9nierie avanc\u00e9es. Nous produisons des poudres de sulfure de gallium avec les avantages d\u2019une grande puret\u00e9 et de performances stables, tout en prenant en charge les petites commandes avec des stocks suffisants et des d\u00e9lais de livraison courts. De plus, notre \u00e9quipe technique exp\u00e9riment\u00e9e accepte toutes sortes de personnalisation de produits et d\u2019exp\u00e9riences, si vous en avez besoin, n\u2019h\u00e9sitez pas \u00e0 <a href=\"https:\/\/vimaterial.de\/fr\/contact\/\"><span style=\"color: #0000ff;\">nous contacter<\/span><\/a><span style=\"color: #0000ff;\">.<\/span><\/p>\n","protected":false},"featured_media":1003940,"comment_status":"open","ping_status":"closed","template":"","meta":{"_acf_changed":false},"product_brand":[],"product_cat":[238],"product_tag":[],"class_list":{"0":"post-1030422","1":"product","2":"type-product","3":"status-publish","4":"has-post-thumbnail","6":"product_cat-materiaux-de-chalcogenure","8":"first","9":"instock","10":"shipping-taxable","11":"purchasable","12":"product-type-variable"},"acf":[],"_links":{"self":[{"href":"https:\/\/vimaterial.de\/fr\/wp-json\/wp\/v2\/product\/1030422","targetHints":{"allow":["GET"]}}],"collection":[{"href":"https:\/\/vimaterial.de\/fr\/wp-json\/wp\/v2\/product"}],"about":[{"href":"https:\/\/vimaterial.de\/fr\/wp-json\/wp\/v2\/types\/product"}],"replies":[{"embeddable":true,"href":"https:\/\/vimaterial.de\/fr\/wp-json\/wp\/v2\/comments?post=1030422"}],"wp:featuredmedia":[{"embeddable":true,"href":"https:\/\/vimaterial.de\/fr\/wp-json\/wp\/v2\/media\/1003940"}],"wp:attachment":[{"href":"https:\/\/vimaterial.de\/fr\/wp-json\/wp\/v2\/media?parent=1030422"}],"wp:term":[{"taxonomy":"product_brand","embeddable":true,"href":"https:\/\/vimaterial.de\/fr\/wp-json\/wp\/v2\/product_brand?post=1030422"},{"taxonomy":"product_cat","embeddable":true,"href":"https:\/\/vimaterial.de\/fr\/wp-json\/wp\/v2\/product_cat?post=1030422"},{"taxonomy":"product_tag","embeddable":true,"href":"https:\/\/vimaterial.de\/fr\/wp-json\/wp\/v2\/product_tag?post=1030422"}],"curies":[{"name":"wp","href":"https:\/\/api.w.org\/{rel}","templated":true}]}}