{"id":1030412,"date":"2024-06-18T18:33:02","date_gmt":"2024-06-18T10:33:02","guid":{"rendered":"https:\/\/vimaterial.de\/product\/stannate-de-zinc-zto-oxyde-detain-et-de-zinc-4\/"},"modified":"2025-02-25T15:20:28","modified_gmt":"2025-02-25T07:20:28","slug":"stannate-de-zinc-zto-oxyde-detain-et-de-zinc-4","status":"publish","type":"product","link":"https:\/\/vimaterial.de\/fr\/product\/stannate-de-zinc-zto-oxyde-detain-et-de-zinc-4\/","title":{"rendered":"Stannate de zinc (ZTO) (oxyde de zinc et d\u2019\u00e9tain)"},"content":{"rendered":"<p><span style=\"color: #0000ff;\"><a style=\"color: #0000ff;\" href=\"https:\/\/vimaterial.de\/fr\/product\/stannate-de-zinc-zto-oxyde-detain-et-de-zinc-2\/\">Stannate de zinc<\/a>,<\/span> la cible de pulv\u00e9risation cathodique, est un mat\u00e9riau de pulv\u00e9risation compos\u00e9 d\u2019oxydes de zinc-\u00e9tain d\u2019une grande puret\u00e9 et d\u2019une bonne stabilit\u00e9. Gr\u00e2ce au processus de pulv\u00e9risation, des films minces aux propri\u00e9t\u00e9s sp\u00e9cifiques peuvent \u00eatre pr\u00e9par\u00e9s dans les domaines de l\u2019\u00e9lectronique, de l\u2019optique et de l\u2019\u00e9nergie pour la fabrication de dispositifs tels que des transistors, des lentilles optiques et des cellules solaires.<\/p>\n<p>VIMATERIAL, en tant qu\u2019entreprise de pointe ax\u00e9e sur l\u2019innovation chimique, s\u2019est toujours engag\u00e9e \u00e0 fournir des mat\u00e9riaux haute performance pour des applications d\u2019ing\u00e9nierie avanc\u00e9es. Nous produisons des cibles de pulv\u00e9risation cathodique en zinc stannate avec une puret\u00e9 de 99,99 %, de faibles impuret\u00e9s, une composition homog\u00e8ne et des propri\u00e9t\u00e9s stables.<\/p>\n<p>Pendant ce temps, nous fournissons un service de liaison de cible et acceptons activement toutes sortes de personnalisation et d\u2019exp\u00e9rimentation de produits, si vous en avez besoin, <span style=\"color: #0000ff;\"><a style=\"color: #0000ff;\" href=\"https:\/\/vimaterial.de\/fr\/contact\/\">contactez-nous<\/a><\/span>.<\/p>\n<h2><span style=\"font-size: 14pt;\">Caract\u00e9ristiques<\/span><\/h2>\n<p>Formule chimique : Zn\u2082SnO\u2084\uff08ZTO\uff09<\/p>\n<p>Poids mol\u00e9culaire : 348,95<\/p>\n<p>Apparence\u00a0: g\u00e9n\u00e9ralement une bosse grise<\/p>\n<p>Densit\u00e9 : environ 5,91 g\/cm3<\/p>\n<p>Point de fusion : environ 1500\u00b0C<\/p>\n<p>Structure cristalline : Structure de spinelle, qui conf\u00e8re \u00e0 la cible une bonne stabilit\u00e9 \u00e9lectrique et chimique.<\/p>\n<h2><span style=\"font-size: 14pt;\">Applications<\/span><\/h2>\n<p>Affichage \u00e9lectronique : Excellent dans la pr\u00e9paration de films d\u2019oxyde conducteur transparents haute performance, qui peuvent \u00eatre utilis\u00e9s dans les \u00e9crans \u00e0 cristaux liquides (LCD), les \u00e9crans \u00e0 diodes \u00e9lectroluminescentes organiques (OLED) et d\u2019autres dispositifs d\u2019affichage pour am\u00e9liorer la conductivit\u00e9 et la transmission optique des panneaux d\u2019affichage et renforcer l\u2019effet d\u2019affichage.<\/p>\n<p>Cellules solaires\u00a0: aide \u00e0 pr\u00e9parer des mat\u00e9riaux d\u2019\u00e9lectrodes photo\u00e9lectriques efficaces, appliqu\u00e9s aux cellules solaires sensibilis\u00e9es aux colorants et aux cellules solaires au chalcog\u00e9nure, etc., pour am\u00e9liorer l\u2019efficacit\u00e9 de conversion photo\u00e9lectrique de la batterie et r\u00e9duire les co\u00fbts de production.<\/p>\n<p>Capteurs\u00a0: En utilisant ses bonnes propri\u00e9t\u00e9s sensibles aux gaz, les capteurs de gaz peuvent \u00eatre pr\u00e9par\u00e9s pour d\u00e9tecter les gaz nocifs dans l\u2019environnement.<\/p>\n<p>Rev\u00eatement optique\u00a0: Dans le processus de rev\u00eatement des lentilles optiques, des fen\u00eatres optiques et d\u2019autres composants optiques, il peut am\u00e9liorer les performances de surface des composants optiques.<\/p>\n<h2><span style=\"font-size: 14pt;\">Contr\u00f4le de la qualit\u00e9<\/span><\/h2>\n<p><span style=\"color: #0000ff;\"><a style=\"color: #0000ff;\" href=\"https:\/\/vimaterial.de\/fr\/controle-qualite\/\">Nos produits<\/a><\/span> suivent strictement un syst\u00e8me complet de gestion de la qualit\u00e9. De la s\u00e9lection minutieuse des mati\u00e8res premi\u00e8res \u00e0 la pr\u00e9paration et au traitement des cibles, en passant par l\u2019inspection finale et les tests en usine, des normes d\u2019inspection strictes ont \u00e9t\u00e9 fix\u00e9es pour chaque \u00e9tape. Pour tous les produits non qualifi\u00e9s, nous prendrons des mesures d\u2019isolement strictes pour \u00e9viter qu\u2019ils ne s\u2019\u00e9coulent dans le processus suivant.<\/p>\n<p>De plus, nous pouvons fournir des \u00e9chantillons pour une r\u00e9inspection selon les exigences sp\u00e9cifiques des clients afin de nous assurer que les clients sont tr\u00e8s satisfaits de la qualit\u00e9 de nos produits.<\/p>\n<h2><span style=\"font-size: 14pt;\">Emballage et stockage<\/span><\/h2>\n<p>Les cibles de pulv\u00e9risation cathodique en stannate de zinc sont emball\u00e9es dans des sacs sous vide doubles, et l\u2019emballage ext\u00e9rieur est fait de cartons robustes pour assurer la s\u00e9curit\u00e9 des produits pendant le transport et le stockage.<\/p>\n<p>Les cibles de pulv\u00e9risation au stannate de zinc doivent \u00eatre stock\u00e9es dans un environnement sec, propre et adapt\u00e9 \u00e0 la temp\u00e9rature, sans gaz corrosifs, et emball\u00e9es sous vide avec un film lamin\u00e9 pour \u00e9viter qu\u2019elles ne soient affect\u00e9es par l\u2019humidit\u00e9, l\u2019oxydation ou la contamination.<\/p>\n","protected":false},"excerpt":{"rendered":"<div class=\"message-box-content-wrapper-fgNGpz\">\n<div class=\"message-content message-box-content-xoCEoU receive-message-box-content-bNaFpa samantha-message-box-content-gWlptz\" data-testid=\"message_content\">\n<div class=\"container-ZYIsnH flow-markdown-body theme-samantha-Nbr9UN\" dir=\"ltr\" data-testid=\"message_text_content\" data-show-indicator=\"false\">\n<div class=\"auto-hide-last-sibling-br paragraph-JOTKXA paragraph-element br-paragraph-space\"><span style=\"color: #0000ff;\"><a style=\"color: #0000ff;\" href=\"https:\/\/vimaterial.de\/fr\/product\/stannate-de-zinc-zto-oxyde-detain-et-de-zinc-2\/\">Stannate de zinc<\/a>,<\/span> la cible de pulv\u00e9risation cathodique, est un mat\u00e9riau de pulv\u00e9risation compos\u00e9 d\u2019oxydes de zinc-\u00e9tain d\u2019une grande puret\u00e9 et d\u2019une bonne stabilit\u00e9. Gr\u00e2ce au processus de pulv\u00e9risation, des films minces aux propri\u00e9t\u00e9s sp\u00e9cifiques peuvent \u00eatre pr\u00e9par\u00e9s dans les domaines de l\u2019\u00e9lectronique, de l\u2019optique et de l\u2019\u00e9nergie pour la fabrication de dispositifs tels que des transistors, des lentilles optiques et des cellules solaires.<\/div>\n<\/div>\n<\/div>\n<\/div>\n<p>VIMATERIAL, en tant qu\u2019entreprise de pointe ax\u00e9e sur l\u2019innovation chimique, s\u2019est toujours engag\u00e9e \u00e0 fournir des mat\u00e9riaux haute performance pour des applications d\u2019ing\u00e9nierie avanc\u00e9es. Nous produisons des cibles de pulv\u00e9risation cathodique en zinc stannate avec une puret\u00e9 de 99,99 %, de faibles impuret\u00e9s, une composition homog\u00e8ne et des propri\u00e9t\u00e9s stables.<\/p>\n<p>Pendant ce temps, nous fournissons un service de liaison de cible et acceptons activement toutes sortes de personnalisation et d\u2019exp\u00e9rimentation de produits, si vous en avez besoin, <span style=\"color: #0000ff;\"><a style=\"color: #0000ff;\" href=\"https:\/\/vimaterial.de\/fr\/contact\/\">contactez-nous<\/a><\/span>.<\/p>\n","protected":false},"featured_media":1003495,"comment_status":"open","ping_status":"closed","template":"","meta":{"_acf_changed":false},"product_brand":[],"product_cat":[235],"product_tag":[],"class_list":{"0":"post-1030412","1":"product","2":"type-product","3":"status-publish","4":"has-post-thumbnail","6":"product_cat-cibles-de-pulverisation-planaire","8":"first","9":"instock","10":"shipping-taxable","11":"purchasable","12":"product-type-variable"},"acf":[],"_links":{"self":[{"href":"https:\/\/vimaterial.de\/fr\/wp-json\/wp\/v2\/product\/1030412","targetHints":{"allow":["GET"]}}],"collection":[{"href":"https:\/\/vimaterial.de\/fr\/wp-json\/wp\/v2\/product"}],"about":[{"href":"https:\/\/vimaterial.de\/fr\/wp-json\/wp\/v2\/types\/product"}],"replies":[{"embeddable":true,"href":"https:\/\/vimaterial.de\/fr\/wp-json\/wp\/v2\/comments?post=1030412"}],"wp:featuredmedia":[{"embeddable":true,"href":"https:\/\/vimaterial.de\/fr\/wp-json\/wp\/v2\/media\/1003495"}],"wp:attachment":[{"href":"https:\/\/vimaterial.de\/fr\/wp-json\/wp\/v2\/media?parent=1030412"}],"wp:term":[{"taxonomy":"product_brand","embeddable":true,"href":"https:\/\/vimaterial.de\/fr\/wp-json\/wp\/v2\/product_brand?post=1030412"},{"taxonomy":"product_cat","embeddable":true,"href":"https:\/\/vimaterial.de\/fr\/wp-json\/wp\/v2\/product_cat?post=1030412"},{"taxonomy":"product_tag","embeddable":true,"href":"https:\/\/vimaterial.de\/fr\/wp-json\/wp\/v2\/product_tag?post=1030412"}],"curies":[{"name":"wp","href":"https:\/\/api.w.org\/{rel}","templated":true}]}}