{"id":1030410,"date":"2024-06-18T18:33:25","date_gmt":"2024-06-18T10:33:25","guid":{"rendered":"https:\/\/vimaterial.de\/product\/seleniure-de-gallium-4\/"},"modified":"2025-02-25T13:56:23","modified_gmt":"2025-02-25T05:56:23","slug":"seleniure-de-gallium-4","status":"publish","type":"product","link":"https:\/\/vimaterial.de\/fr\/product\/seleniure-de-gallium-4\/","title":{"rendered":"S\u00e9l\u00e9niure de gallium"},"content":{"rendered":"<p>Les poudres de <span style=\"color: #0000ff;\"><a style=\"color: #0000ff;\" href=\"https:\/\/vimaterial.de\/fr\/product\/seleniure-de-gallium-3\/\">s\u00e9l\u00e9niure de gallium<\/a><\/span> sont g\u00e9n\u00e9ralement d\u2019apparence noire ou gris fonc\u00e9, avec la formule mol\u00e9culaire Ga\u2082Se\u2083, et existent dans une vari\u00e9t\u00e9 de structures cristallines pour des applications dans les dispositifs opto\u00e9lectroniques, les semi-conducteurs, l\u2019optique infrarouge et les mat\u00e9riaux de batterie.<\/p>\n<p>VIMATERIAL, en tant qu\u2019entreprise de pointe ax\u00e9e sur l\u2019innovation chimique, s\u2019est toujours engag\u00e9e \u00e0 fournir des mat\u00e9riaux haute performance pour des applications d\u2019ing\u00e9nierie avanc\u00e9es. Les poudres de s\u00e9l\u00e9niure de gallium que nous produisons ont non seulement une puret\u00e9 \u00e9lev\u00e9e de 99,999 % et des performances stables, mais prennent \u00e9galement en charge les commandes de petits lots avec un stock suffisant pour assurer un d\u00e9lai de livraison court. Notre soci\u00e9t\u00e9 dispose d\u2019une \u00e9quipe technique professionnelle pour accepter la personnalisation du produit et les exp\u00e9riences, si vous en avez besoin, n\u2019h\u00e9sitez pas \u00e0 <span style=\"color: #0000ff;\"><a style=\"color: #0000ff;\" href=\"https:\/\/vimaterial.de\/fr\/contact\/\">nous contacter.<\/a><\/span><\/p>\n<h2><span style=\"font-size: 14pt;\">Caract\u00e9ristiques<\/span><\/h2>\n<p>Formule mol\u00e9culaire : Ga\u2082Se\u2083<\/p>\n<p>Poids mol\u00e9culaire : 399,45<\/p>\n<p>Apparence : se pr\u00e9sente g\u00e9n\u00e9ralement sous forme de poudre noire ou gris fonc\u00e9<\/p>\n<p>Densit\u00e9 : env. 5,27 g\/cm3<\/p>\n<p>Point de fusion : environ 970\u00b0C<\/p>\n<p>Structure cristalline : Diverses structures cristallines existent, et diff\u00e9rentes structures ont un effet significatif sur ses propri\u00e9t\u00e9s physiques et chimiques.<\/p>\n<h2><span style=\"font-size: 14pt;\">Applications<\/span><\/h2>\n<p>Dispositifs opto\u00e9lectroniques : Gr\u00e2ce \u00e0 ses excellentes propri\u00e9t\u00e9s de conversion photo\u00e9lectrique, la poudre de s\u00e9l\u00e9niure de gallium peut \u00eatre utilis\u00e9e pour fabriquer des photod\u00e9tecteurs haute performance capables de capturer avec pr\u00e9cision les signaux optiques et de les convertir efficacement en signaux \u00e9lectriques, jouant un r\u00f4le cl\u00e9 dans les communications optiques, la d\u00e9tection optique et d\u2019autres domaines.<\/p>\n<p>Champ des semi-conducteurs : C\u2019est l\u2019un des mat\u00e9riaux cl\u00e9s pour la pr\u00e9paration de transistors haute performance, qui peuvent am\u00e9liorer efficacement la vitesse de commutation et la stabilit\u00e9 des transistors, am\u00e9liorant ainsi l\u2019efficacit\u00e9 op\u00e9rationnelle et la fiabilit\u00e9 des circuits int\u00e9gr\u00e9s, et aidant l\u2019industrie des semi-conducteurs \u00e0 se d\u00e9velopper dans le sens de performances plus \u00e9lev\u00e9es.<\/p>\n<p>Optique infrarouge : avec d\u2019excellentes propri\u00e9t\u00e9s optiques dans la bande infrarouge, il peut \u00eatre utilis\u00e9 pour fabriquer des fen\u00eatres infrarouges, des lentilles infrarouges et d\u2019autres composants optiques, qui sont largement utilis\u00e9s dans l\u2019imagerie infrarouge, la d\u00e9tection infrarouge et d\u2019autres domaines.<\/p>\n<p>Mat\u00e9riaux de batterie : Dans la recherche de nouveaux mat\u00e9riaux de batterie, la poudre Ga\u2082Se\u2083 pr\u00e9sente une valeur d\u2019application potentielle et devrait \u00eatre appliqu\u00e9e aux mat\u00e9riaux d\u2019\u00e9lectrode pour les batteries haute performance, am\u00e9liorant ainsi la densit\u00e9 d\u2019\u00e9nergie et les performances de charge\/d\u00e9charge des batteries.<\/p>\n<h2><span style=\"font-size: 14pt;\">Contr\u00f4le de la qualit\u00e9<\/span><\/h2>\n<p><span style=\"color: #0000ff;\"><a style=\"color: #0000ff;\" href=\"https:\/\/vimaterial.de\/fr\/controle-qualite\/\">Nos produits<\/a><\/span> suivent strictement le syst\u00e8me de gestion de la qualit\u00e9. De l\u2019approvisionnement en mati\u00e8res premi\u00e8res, du traitement, de l\u2019inspection finale \u00e0 l\u2019inspection de l\u2019usine, chaque \u00e9tape est \u00e9quip\u00e9e de normes d\u2019inspection strictes. Des mesures d\u2019isolement strictes sont prises pour les produits non conformes afin d\u2019\u00e9viter qu\u2019ils ne s\u2019\u00e9coulent dans le processus suivant. Dans le m\u00eame temps, nous pouvons fournir des \u00e9chantillons aux clients pour qu\u2019ils les r\u00e9inspectent en fonction de leurs besoins.<\/p>\n<h2><span style=\"font-size: 14pt;\">Emballage et stockage<\/span><\/h2>\n<p>La poudre de s\u00e9l\u00e9niure de gallium est emball\u00e9e dans des sacs sous vide \u00e0 double couche ou des bouteilles sous vide \u00e0 double couche, et l\u2019emballage ext\u00e9rieur est fait de cartons solides pour assurer la s\u00e9curit\u00e9 du produit pendant le transport et le stockage.<\/p>\n<p>La poudre de s\u00e9l\u00e9niure de gallium doit \u00eatre stock\u00e9e dans un environnement sec et \u00e0 basse temp\u00e9rature, en utilisant un emballage sous vide, pour \u00e9viter le contact avec l\u2019air et l\u2019humidit\u00e9, pour emp\u00eacher le mat\u00e9riau de s\u2019oxyder et de se d\u00e9t\u00e9riorer, pour assurer la stabilit\u00e9 \u00e0 long terme de ses performances.<\/p>\n","protected":false},"excerpt":{"rendered":"<p>Les poudres de <span style=\"color: #0000ff;\"><a style=\"color: #0000ff;\" href=\"https:\/\/vimaterial.de\/fr\/product\/seleniure-de-gallium-3\/\">s\u00e9l\u00e9niure de gallium<\/a><\/span> sont g\u00e9n\u00e9ralement d\u2019apparence noire ou gris fonc\u00e9, avec la formule mol\u00e9culaire Ga\u2082Se\u2083, et existent dans une vari\u00e9t\u00e9 de structures cristallines pour des applications dans les dispositifs opto\u00e9lectroniques, les semi-conducteurs, l\u2019optique infrarouge et les mat\u00e9riaux de batterie.<\/p>\n<p>VIMATERIAL, en tant qu\u2019entreprise de pointe ax\u00e9e sur l\u2019innovation chimique, s\u2019est toujours engag\u00e9e \u00e0 fournir des mat\u00e9riaux haute performance pour des applications d\u2019ing\u00e9nierie avanc\u00e9es. Les poudres de s\u00e9l\u00e9niure de gallium que nous produisons ont non seulement une puret\u00e9 \u00e9lev\u00e9e de 99,999 % et des performances stables, mais prennent \u00e9galement en charge les commandes de petits lots avec un stock suffisant pour assurer un d\u00e9lai de livraison court. Notre soci\u00e9t\u00e9 dispose d\u2019une \u00e9quipe technique professionnelle pour accepter la personnalisation du produit et les exp\u00e9riences, si vous en avez besoin, n\u2019h\u00e9sitez pas \u00e0 <span style=\"color: #0000ff;\"><a style=\"color: #0000ff;\" href=\"https:\/\/vimaterial.de\/fr\/contact\/\">nous contacter.<\/a><\/span><\/p>\n<p>&nbsp;<\/p>\n","protected":false},"featured_media":1041672,"comment_status":"open","ping_status":"closed","template":"","meta":{"_acf_changed":false},"product_brand":[],"product_cat":[238],"product_tag":[],"class_list":{"0":"post-1030410","1":"product","2":"type-product","3":"status-publish","4":"has-post-thumbnail","6":"product_cat-materiaux-de-chalcogenure","8":"first","9":"instock","10":"shipping-taxable","11":"product-type-variable"},"acf":[],"_links":{"self":[{"href":"https:\/\/vimaterial.de\/fr\/wp-json\/wp\/v2\/product\/1030410","targetHints":{"allow":["GET"]}}],"collection":[{"href":"https:\/\/vimaterial.de\/fr\/wp-json\/wp\/v2\/product"}],"about":[{"href":"https:\/\/vimaterial.de\/fr\/wp-json\/wp\/v2\/types\/product"}],"replies":[{"embeddable":true,"href":"https:\/\/vimaterial.de\/fr\/wp-json\/wp\/v2\/comments?post=1030410"}],"wp:featuredmedia":[{"embeddable":true,"href":"https:\/\/vimaterial.de\/fr\/wp-json\/wp\/v2\/media\/1041672"}],"wp:attachment":[{"href":"https:\/\/vimaterial.de\/fr\/wp-json\/wp\/v2\/media?parent=1030410"}],"wp:term":[{"taxonomy":"product_brand","embeddable":true,"href":"https:\/\/vimaterial.de\/fr\/wp-json\/wp\/v2\/product_brand?post=1030410"},{"taxonomy":"product_cat","embeddable":true,"href":"https:\/\/vimaterial.de\/fr\/wp-json\/wp\/v2\/product_cat?post=1030410"},{"taxonomy":"product_tag","embeddable":true,"href":"https:\/\/vimaterial.de\/fr\/wp-json\/wp\/v2\/product_tag?post=1030410"}],"curies":[{"name":"wp","href":"https:\/\/api.w.org\/{rel}","templated":true}]}}