{"id":1030396,"date":"2024-06-18T18:33:01","date_gmt":"2024-06-18T10:33:01","guid":{"rendered":"https:\/\/vimaterial.de\/product\/stannate-de-zinc-zto-oxyde-detain-et-de-zinc-3\/"},"modified":"2025-02-25T15:53:54","modified_gmt":"2025-02-25T07:53:54","slug":"stannate-de-zinc-zto-oxyde-detain-et-de-zinc-3","status":"publish","type":"product","link":"https:\/\/vimaterial.de\/fr\/product\/stannate-de-zinc-zto-oxyde-detain-et-de-zinc-3\/","title":{"rendered":"Stannate de zinc (ZTO) (oxyde de zinc et d\u2019\u00e9tain)"},"content":{"rendered":"<p>Les granul\u00e9s de <span style=\"color: #0000ff;\"><a style=\"color: #0000ff;\" href=\"https:\/\/vimaterial.de\/fr\/product\/stannate-de-zinc-zto-oxyde-detain-et-de-zinc-2\/\">stannate de zinc<\/a> (ZTO)<\/span> sont des mat\u00e9riaux fonctionnels compos\u00e9s d\u2019oxydes de zinc-\u00e9tain d\u2019une grande puret\u00e9 et d\u2019une excellente stabilit\u00e9. En raison de leur composition chimique et de leurs propri\u00e9t\u00e9s physiques uniques, ils sont principalement utilis\u00e9s dans l\u2019emballage \u00e9lectronique, la catalyse, la c\u00e9ramique et d\u2019autres domaines.<\/p>\n<p>VIMATERIAL, une entreprise leader ax\u00e9e sur l\u2019innovation chimique, s\u2019engage \u00e0 fournir des mat\u00e9riaux haute performance pour des applications d\u2019ing\u00e9nierie avanc\u00e9es. Nos granul\u00e9s de stannate de zinc sont purs, ont des niveaux d\u2019impuret\u00e9s extr\u00eamement faibles, sont uniform\u00e9ment r\u00e9partis et sont extr\u00eamement stables. Nous avons une \u00e9quipe professionnelle de d\u00e9veloppement technologique qui accepte la personnalisation et le d\u00e9veloppement de toutes sortes de produits, si vous en avez besoin, <span style=\"color: #0000ff;\"><a style=\"color: #0000ff;\" href=\"https:\/\/vimaterial.de\/fr\/contact\/\">contactez-nous<\/a><\/span>.<\/p>\n<h2><span style=\"font-size: 14pt;\">Caract\u00e9ristiques<\/span><\/h2>\n<p>Formule chimique\u00a0: Zn\u2082SnO\u2084(ZTO)<\/p>\n<p>Poids mol\u00e9culaire : 348,95<\/p>\n<p>Apparence\u00a0: Granule gris<\/p>\n<p>Densit\u00e9 : environ 5,91 g\/cm3<\/p>\n<p>Point de fusion : environ 1500\u00b0C<\/p>\n<p>Structure cristalline : Structure de spinelle, qui conf\u00e8re aux particules une bonne stabilit\u00e9 \u00e9lectrique et chimique.<\/p>\n<h2><span style=\"font-size: 14pt;\">Applications<\/span><\/h2>\n<p>Encapsulation \u00e9lectronique : Dans l\u2019encapsulation des appareils \u00e9lectroniques, les granul\u00e9s de zinc Stannate peuvent am\u00e9liorer efficacement la conductivit\u00e9 thermique et les propri\u00e9t\u00e9s isolantes du mat\u00e9riau d\u2019encapsulation, assurant la stabilit\u00e9 et la fiabilit\u00e9 des appareils \u00e9lectroniques pendant le fonctionnement et prolongeant la dur\u00e9e de vie des appareils.<\/p>\n<p>Support de catalyseur : En raison de ses propri\u00e9t\u00e9s chimiques stables et de sa structure cristalline sp\u00e9ciale, les granul\u00e9s de stannate de zinc peuvent \u00eatre utilis\u00e9s comme supports de catalyseur de haute qualit\u00e9, qui sont largement utilis\u00e9s dans toutes sortes de r\u00e9actions chimiques, contribuant \u00e0 am\u00e9liorer l\u2019activit\u00e9 et la s\u00e9lectivit\u00e9 des catalyseurs et \u00e0 renforcer l\u2019efficacit\u00e9 des r\u00e9actions chimiques.<\/p>\n<p>Additifs c\u00e9ramiques : ajout\u00e9s aux mat\u00e9riaux c\u00e9ramiques, ils peuvent am\u00e9liorer consid\u00e9rablement les propri\u00e9t\u00e9s m\u00e9caniques, \u00e9lectriques et thermiques des c\u00e9ramiques, rendant les produits c\u00e9ramiques plus robustes et durables, ainsi qu\u2019une meilleure isolation \u00e9lectrique et une meilleure stabilit\u00e9 thermique, \u00e9largissant ainsi le champ d\u2019application des mat\u00e9riaux c\u00e9ramiques.<\/p>\n<p>Mat\u00e9riaux ignifuges : Avec leurs propres propri\u00e9t\u00e9s chimiques, les granul\u00e9s de stannate de zinc sont excellents dans le domaine des mat\u00e9riaux ignifuges.<\/p>\n<h2><span style=\"font-size: 14pt;\">Contr\u00f4le de la qualit\u00e9<\/span><\/h2>\n<p><span style=\"color: #0000ff;\"><a style=\"color: #0000ff;\" href=\"https:\/\/vimaterial.de\/fr\/controle-qualite\/\">Nos produits<\/a><\/span> suivent strictement un syst\u00e8me complet de gestion de la qualit\u00e9. De la s\u00e9lection minutieuse des mati\u00e8res premi\u00e8res, du traitement, du contr\u00f4le strict de la temp\u00e9rature, de la pression et d\u2019autres param\u00e8tres de processus pour assurer une taille de particule uniforme et une composition stable des granul\u00e9s\u00a0; Jusqu\u2019\u00e0 l\u2019inspection finale et les tests en usine, chaque \u00e9tape du processus a \u00e9tabli des normes d\u2019inspection strictes. Nous pouvons fournir des \u00e9chantillons pour la r\u00e9inspection des clients en fonction de leurs exigences sp\u00e9cifiques.<\/p>\n<h2><span style=\"font-size: 14pt;\">Emballage et stockage<\/span><\/h2>\n<p>Les granul\u00e9s de stannate de zinc sont conditionn\u00e9s dans des sacs sous vide doubles ou des bouteilles dans des cartons.<\/p>\n<p>Les granul\u00e9s de stannate de zinc doivent \u00eatre stock\u00e9s dans un environnement sec et propre, \u00e0 une temp\u00e9rature appropri\u00e9e et exempts de gaz corrosifs, et emball\u00e9s sous vide dans une bo\u00eete lamin\u00e9e sous film pour \u00e9viter l\u2019humidit\u00e9, l\u2019oxydation ou la contamination qui pourraient affecter leurs performances.<\/p>\n","protected":false},"excerpt":{"rendered":"<p>Les granul\u00e9s de <span style=\"color: #0000ff;\"><a style=\"color: #0000ff;\" href=\"https:\/\/vimaterial.de\/fr\/product\/stannate-de-zinc-zto-oxyde-detain-et-de-zinc-2\/\">stannate de zinc<\/a> (ZTO)<\/span> sont des mat\u00e9riaux fonctionnels compos\u00e9s d\u2019oxydes de zinc-\u00e9tain d\u2019une grande puret\u00e9 et d\u2019une excellente stabilit\u00e9. En raison de leur composition chimique et de leurs propri\u00e9t\u00e9s physiques uniques, ils sont principalement utilis\u00e9s dans l\u2019emballage \u00e9lectronique, la catalyse, la c\u00e9ramique et d\u2019autres domaines.<\/p>\n<p>VIMATERIAL, une entreprise leader ax\u00e9e sur l\u2019innovation chimique, s\u2019engage \u00e0 fournir des mat\u00e9riaux haute performance pour des applications d\u2019ing\u00e9nierie avanc\u00e9es. Nos granul\u00e9s de stannate de zinc sont purs, ont des niveaux d\u2019impuret\u00e9s extr\u00eamement faibles, sont uniform\u00e9ment r\u00e9partis et sont extr\u00eamement stables. Nous avons une \u00e9quipe professionnelle de d\u00e9veloppement technologique qui accepte la personnalisation et le d\u00e9veloppement de toutes sortes de produits, si vous en avez besoin, <span style=\"color: #0000ff;\"><a style=\"color: #0000ff;\" href=\"https:\/\/vimaterial.de\/fr\/contact\/\">contactez-nous<\/a><\/span>.<\/p>\n","protected":false},"featured_media":1003495,"comment_status":"open","ping_status":"closed","template":"","meta":{"_acf_changed":false},"product_brand":[],"product_cat":[236],"product_tag":[],"class_list":{"0":"post-1030396","1":"product","2":"type-product","3":"status-publish","4":"has-post-thumbnail","6":"product_cat-materiaux-devaporation","8":"first","9":"instock","10":"shipping-taxable","11":"product-type-variable"},"acf":[],"_links":{"self":[{"href":"https:\/\/vimaterial.de\/fr\/wp-json\/wp\/v2\/product\/1030396","targetHints":{"allow":["GET"]}}],"collection":[{"href":"https:\/\/vimaterial.de\/fr\/wp-json\/wp\/v2\/product"}],"about":[{"href":"https:\/\/vimaterial.de\/fr\/wp-json\/wp\/v2\/types\/product"}],"replies":[{"embeddable":true,"href":"https:\/\/vimaterial.de\/fr\/wp-json\/wp\/v2\/comments?post=1030396"}],"wp:featuredmedia":[{"embeddable":true,"href":"https:\/\/vimaterial.de\/fr\/wp-json\/wp\/v2\/media\/1003495"}],"wp:attachment":[{"href":"https:\/\/vimaterial.de\/fr\/wp-json\/wp\/v2\/media?parent=1030396"}],"wp:term":[{"taxonomy":"product_brand","embeddable":true,"href":"https:\/\/vimaterial.de\/fr\/wp-json\/wp\/v2\/product_brand?post=1030396"},{"taxonomy":"product_cat","embeddable":true,"href":"https:\/\/vimaterial.de\/fr\/wp-json\/wp\/v2\/product_cat?post=1030396"},{"taxonomy":"product_tag","embeddable":true,"href":"https:\/\/vimaterial.de\/fr\/wp-json\/wp\/v2\/product_tag?post=1030396"}],"curies":[{"name":"wp","href":"https:\/\/api.w.org\/{rel}","templated":true}]}}