{"id":1030386,"date":"2024-06-18T18:32:08","date_gmt":"2024-06-18T10:32:08","guid":{"rendered":"https:\/\/vimaterial.de\/product\/sulfure-de-nickel\/"},"modified":"2025-02-25T16:51:54","modified_gmt":"2025-02-25T08:51:54","slug":"sulfure-de-nickel","status":"publish","type":"product","link":"https:\/\/vimaterial.de\/fr\/product\/sulfure-de-nickel\/","title":{"rendered":"Sulfure de nickel"},"content":{"rendered":"<p>La poudre de sulfure de nickel est un mat\u00e9riau compos\u00e9 compos\u00e9 d\u2019\u00e9l\u00e9ments de nickel et de soufre, d\u2019une grande puret\u00e9 et d\u2019une bonne stabilit\u00e9 chimique, principalement utilis\u00e9 dans les batteries, la catalyse, les semi-conducteurs, les capteurs et d\u2019autres domaines.<\/p>\n<p>VIMATERIAL produit des poudres d\u2019une grande puret\u00e9, d\u2019une faible teneur en impuret\u00e9s et d\u2019une taille de particule uniforme, tandis que nos produits sont disponibles dans de petits emballages, de petits MOQ et des d\u00e9lais de livraison courts. Nous sommes profond\u00e9ment engag\u00e9s dans l\u2019innovation des mat\u00e9riaux chimiques inorganiques et disposons d\u2019une \u00e9quipe technique exp\u00e9riment\u00e9e pour soutenir toute nouvelle personnalisation et d\u00e9veloppement de produits, si vous en avez besoin, <span style=\"color: #0000ff;\"><a style=\"color: #0000ff;\" href=\"https:\/\/vimaterial.de\/fr\/contact\/\">contactez-nous<\/a>.<\/span><\/p>\n<h2><span style=\"font-size: 14pt;\">Caract\u00e9ristiques<\/span><\/h2>\n<p>Formule chimique : Ni3S2<\/p>\n<p>Poids mol\u00e9culaire : 240,13<\/p>\n<p>Apparence\u00a0: Poudre fine noire<\/p>\n<p>Densit\u00e9 : environ 5,86 g\/cm3<\/p>\n<p>Point de fusion : environ 797\u00b0C<\/p>\n<p>Structure cristalline : Structure cristalline unique, qui conf\u00e8re \u00e0 la poudre de bonnes propri\u00e9t\u00e9s \u00e9lectriques et catalytiques.<\/p>\n<h2><span style=\"font-size: 14pt;\">Applications<\/span><\/h2>\n<p>Batteries : En tant qu\u2019additif aux mat\u00e9riaux des \u00e9lectrodes de batterie, la poudre de sulfure de nickel peut am\u00e9liorer consid\u00e9rablement les performances de charge\/d\u00e9charge et la dur\u00e9e de vie des batteries.<\/p>\n<p>Catalyseurs : En raison de sa bonne activit\u00e9 catalytique, la poudre de sulfure de nickel peut \u00eatre utilis\u00e9e comme catalyseur efficace dans de nombreuses r\u00e9actions chimiques.<\/p>\n<p>Capteurs : Gr\u00e2ce \u00e0 ses propri\u00e9t\u00e9s sp\u00e9ciales d\u2019adsorption et de r\u00e9ponse \u00e9lectrique \u00e0 certains gaz, les capteurs de gaz peuvent \u00eatre pr\u00e9par\u00e9s pour d\u00e9tecter des gaz nocifs tels que le sulfure d\u2019hydrog\u00e8ne et le dioxyde de soufre dans l\u2019environnement.<\/p>\n<p>Mat\u00e9riaux semi-conducteurs : Dans la fabrication de dispositifs semi-conducteurs, la poudre de sulfure de nickel peut \u00eatre utilis\u00e9e comme composant de nouveaux mat\u00e9riaux semi-conducteurs pour la pr\u00e9paration de transistors \u00e0 couche mince, de dispositifs opto\u00e9lectroniques, etc., ce qui contribue \u00e0 am\u00e9liorer les performances et la stabilit\u00e9 des dispositifs.<\/p>\n<h2><span style=\"font-size: 14pt;\">Contr\u00f4le de la qualit\u00e9<\/span><\/h2>\n<p><span style=\"color: #0000ff;\"><a style=\"color: #0000ff;\" href=\"https:\/\/vimaterial.de\/fr\/controle-qualite\/\">Nos produits<\/a><\/span> suivent strictement un syst\u00e8me complet de gestion de la qualit\u00e9. De la s\u00e9lection minutieuse des mati\u00e8res premi\u00e8res, du traitement, du contr\u00f4le strict de la temp\u00e9rature, de la pression et d\u2019autres param\u00e8tres de processus pour assurer une taille de particule uniforme et une composition stable des granul\u00e9s\u00a0; Jusqu\u2019\u00e0 l\u2019inspection finale et les tests en usine, chaque \u00e9tape du processus a \u00e9tabli des normes d\u2019inspection strictes. Nous pouvons fournir des \u00e9chantillons pour la r\u00e9inspection des clients en fonction de leurs exigences sp\u00e9cifiques.<\/p>\n<h2><span style=\"font-size: 14pt;\">Emballage et stockage<\/span><\/h2>\n<p>La poudre de sulfure de nickel est emball\u00e9e dans des sacs ou des bouteilles sous vide doubles, et l\u2019emballage ext\u00e9rieur est en bo\u00eete en carton pour assurer la s\u00e9curit\u00e9 du transport.<\/p>\n<p>La poudre de sulfure de nickel doit \u00eatre stock\u00e9e dans un environnement sec et propre, \u00e0 une temp\u00e9rature appropri\u00e9e et sans gaz corrosifs, et emball\u00e9e sous vide avec un film de laminage pour l\u2019emp\u00eacher de l\u2019humidit\u00e9, de l\u2019oxydation ou de la contamination qui peuvent affecter ses performances.<\/p>\n","protected":false},"excerpt":{"rendered":"<p>La poudre de sulfure de nickel est un mat\u00e9riau compos\u00e9 compos\u00e9 d\u2019\u00e9l\u00e9ments de nickel et de soufre, d\u2019une grande puret\u00e9 et d\u2019une bonne stabilit\u00e9 chimique, principalement utilis\u00e9 dans les batteries, la catalyse, les semi-conducteurs, les capteurs et d\u2019autres domaines.<\/p>\n<p>VIMATERIAL produit des poudres d\u2019une grande puret\u00e9, d\u2019une faible teneur en impuret\u00e9s et d\u2019une taille de particule uniforme, tandis que nos produits sont disponibles dans de petits emballages, de petits MOQ et des d\u00e9lais de livraison courts. Nous sommes profond\u00e9ment engag\u00e9s dans l\u2019innovation des mat\u00e9riaux chimiques inorganiques et disposons d\u2019une \u00e9quipe technique exp\u00e9riment\u00e9e pour soutenir toute nouvelle personnalisation et d\u00e9veloppement de produits, si vous en avez besoin, <span style=\"color: #0000ff;\"><a style=\"color: #0000ff;\" href=\"https:\/\/vimaterial.de\/fr\/contact\/\">contactez-nous<\/a>.<\/span><\/p>\n<p>&nbsp;<\/p>\n","protected":false},"featured_media":1002459,"comment_status":"open","ping_status":"closed","template":"","meta":{"_acf_changed":false},"product_brand":[],"product_cat":[238],"product_tag":[],"class_list":{"0":"post-1030386","1":"product","2":"type-product","3":"status-publish","4":"has-post-thumbnail","6":"product_cat-materiaux-de-chalcogenure","8":"first","9":"instock","10":"shipping-taxable","11":"product-type-variable"},"acf":[],"_links":{"self":[{"href":"https:\/\/vimaterial.de\/fr\/wp-json\/wp\/v2\/product\/1030386","targetHints":{"allow":["GET"]}}],"collection":[{"href":"https:\/\/vimaterial.de\/fr\/wp-json\/wp\/v2\/product"}],"about":[{"href":"https:\/\/vimaterial.de\/fr\/wp-json\/wp\/v2\/types\/product"}],"replies":[{"embeddable":true,"href":"https:\/\/vimaterial.de\/fr\/wp-json\/wp\/v2\/comments?post=1030386"}],"wp:featuredmedia":[{"embeddable":true,"href":"https:\/\/vimaterial.de\/fr\/wp-json\/wp\/v2\/media\/1002459"}],"wp:attachment":[{"href":"https:\/\/vimaterial.de\/fr\/wp-json\/wp\/v2\/media?parent=1030386"}],"wp:term":[{"taxonomy":"product_brand","embeddable":true,"href":"https:\/\/vimaterial.de\/fr\/wp-json\/wp\/v2\/product_brand?post=1030386"},{"taxonomy":"product_cat","embeddable":true,"href":"https:\/\/vimaterial.de\/fr\/wp-json\/wp\/v2\/product_cat?post=1030386"},{"taxonomy":"product_tag","embeddable":true,"href":"https:\/\/vimaterial.de\/fr\/wp-json\/wp\/v2\/product_tag?post=1030386"}],"curies":[{"name":"wp","href":"https:\/\/api.w.org\/{rel}","templated":true}]}}