{"id":1030364,"date":"2024-06-18T18:31:37","date_gmt":"2024-06-18T10:31:37","guid":{"rendered":"https:\/\/vimaterial.de\/product\/titanate-de-fer\/"},"modified":"2025-02-25T17:08:38","modified_gmt":"2025-02-25T09:08:38","slug":"titanate-de-fer","status":"publish","type":"product","link":"https:\/\/vimaterial.de\/fr\/product\/titanate-de-fer\/","title":{"rendered":"Titanate de fer"},"content":{"rendered":"<p>La poudre de titanate de fer est un mat\u00e9riau compos\u00e9 compos\u00e9 d\u2019\u00e9l\u00e9ments de fer, de titane et d\u2019oxyg\u00e8ne d\u2019une grande puret\u00e9 et d\u2019une bonne stabilit\u00e9 chimique, principalement utilis\u00e9 dans les batteries, la catalyse, les capteurs et les c\u00e9ramiques.<\/p>\n<p>VIMATERIAL produit des poudres d\u2019une grande puret\u00e9, d\u2019une faible teneur en impuret\u00e9s et d\u2019une taille de particule uniforme, tandis que nos produits sont disponibles dans de petits emballages, de petits MOQ et des d\u00e9lais de livraison courts. Nous sommes profond\u00e9ment engag\u00e9s dans l\u2019innovation des mat\u00e9riaux chimiques inorganiques et disposons d\u2019une \u00e9quipe technique exp\u00e9riment\u00e9e pour soutenir toute nouvelle personnalisation et d\u00e9veloppement de produits, si vous en avez besoin, <span style=\"color: #0000ff;\"><a style=\"color: #0000ff;\" href=\"https:\/\/vimaterial.de\/fr\/contact\/\">contactez-nous.<\/a><\/span><\/p>\n<h2><span style=\"font-size: 14pt;\">Caract\u00e9ristiques<\/span><\/h2>\n<p>Formule chimique : Fe\u2082TiO\u2085<\/p>\n<p>Poids mol\u00e9culaire : 287,52<\/p>\n<p>Apparence\u00a0: Poudre brun\u00e2tre<\/p>\n<p>Densit\u00e9 : environ 4,5 &#8211; 5,0 g\/cm3<\/p>\n<p>Point de fusion : environ entre 1300 et 1400\u00b0C<\/p>\n<p>Structure cristalline : Poss\u00e8de une structure cristalline sp\u00e9cifique qui conf\u00e8re \u00e0 la poudre des propri\u00e9t\u00e9s physiques et chimiques uniques.<\/p>\n<h2><span style=\"font-size: 14pt;\">Applications<\/span><\/h2>\n<p>Applications des batteries : En tant qu\u2019additif potentiel aux mat\u00e9riaux des \u00e9lectrodes de batterie, la poudre de titanate de fer peut aider \u00e0 optimiser les propri\u00e9t\u00e9s de stockage et de lib\u00e9ration d\u2019\u00e9nergie des batteries, am\u00e9liorant ainsi leurs performances globales et la stabilit\u00e9 de leur cycle.<\/p>\n<p>Catalyseur : En vertu de sa composition chimique et de sa structure particuli\u00e8res, la poudre de titanate de fer peut \u00eatre utilis\u00e9e comme catalyseur ou composant actif d\u2019un catalyseur dans certaines r\u00e9actions chimiques, telles que les r\u00e9actions de synth\u00e8se organique, les r\u00e9actions d\u2019oxydor\u00e9duction, etc., pour favoriser la r\u00e9action et am\u00e9liorer \u00e9galement l\u2019efficacit\u00e9 de la r\u00e9action.<\/p>\n<p>Capteurs : Gr\u00e2ce \u00e0 ses propri\u00e9t\u00e9s sp\u00e9ciales d\u2019adsorption et de r\u00e9ponse \u00e9lectrique et optique \u00e0 certains gaz ou substances chimiques, il peut \u00eatre utilis\u00e9 pour pr\u00e9parer des capteurs de gaz ou des capteurs chimiques pour d\u00e9tecter des gaz sp\u00e9cifiques dans l\u2019environnement, tels que le monoxyde de carbone, le dioxyde d\u2019azote, etc., ainsi que des changements dans la concentration de certaines substances chimiques.<\/p>\n<p>Domaine de la c\u00e9ramique\u00a0: Dans la pr\u00e9paration des mat\u00e9riaux c\u00e9ramiques, l\u2019ajout de poudre de titanate de fer peut am\u00e9liorer les propri\u00e9t\u00e9s de frittage, les propri\u00e9t\u00e9s m\u00e9caniques et les propri\u00e9t\u00e9s \u00e9lectriques des c\u00e9ramiques, et pr\u00e9parer des c\u00e9ramiques fonctionnelles avec des propri\u00e9t\u00e9s sp\u00e9ciales, qui peuvent \u00eatre utilis\u00e9es dans des appareils \u00e9lectroniques, des composants structurels \u00e0 haute temp\u00e9rature, etc.<\/p>\n<h2><span style=\"font-size: 14pt;\">Contr\u00f4le de la qualit\u00e9<\/span><\/h2>\n<p><span style=\"color: #0000ff;\"><a style=\"color: #0000ff;\" href=\"https:\/\/vimaterial.de\/fr\/controle-qualite\/\">Nos produits<\/a> <\/span>suivent strictement un syst\u00e8me complet de gestion de la qualit\u00e9. De la s\u00e9lection minutieuse des mati\u00e8res premi\u00e8res, du traitement, du contr\u00f4le strict de la temp\u00e9rature, de la pression et d\u2019autres param\u00e8tres de processus pour assurer une taille de particule uniforme et une composition stable des granul\u00e9s\u00a0; Jusqu\u2019\u00e0 l\u2019inspection finale et les tests en usine, chaque \u00e9tape du processus a \u00e9tabli des normes d\u2019inspection strictes. Nous pouvons fournir des \u00e9chantillons pour la r\u00e9inspection des clients en fonction de leurs exigences sp\u00e9cifiques.<\/p>\n<h2><span style=\"font-size: 14pt;\">Emballage et stockage<\/span><\/h2>\n<p>La poudre de titanate de fer est emball\u00e9e dans des sacs ou des bouteilles sous vide doubles, et l\u2019emballage ext\u00e9rieur est en carton pour assurer la s\u00e9curit\u00e9 du transport.<\/p>\n<p>La poudre de titanate de fer doit \u00eatre stock\u00e9e dans un environnement sec et propre, \u00e0 une temp\u00e9rature appropri\u00e9e et sans gaz corrosifs, et emball\u00e9e sous vide avec un film lamin\u00e9 pour l\u2019emp\u00eacher d\u2019\u00eatre expos\u00e9e \u00e0 l\u2019humidit\u00e9, \u00e0 l\u2019oxydation ou \u00e0 la contamination qui pourrait affecter ses performances.<\/p>\n","protected":false},"excerpt":{"rendered":"<p>La poudre de titanate de fer est un mat\u00e9riau compos\u00e9 compos\u00e9 d\u2019\u00e9l\u00e9ments de fer, de titane et d\u2019oxyg\u00e8ne d\u2019une grande puret\u00e9 et d\u2019une bonne stabilit\u00e9 chimique, principalement utilis\u00e9 dans les batteries, la catalyse, les capteurs et les c\u00e9ramiques.<\/p>\n<p>VIMATERIAL produit des poudres d\u2019une grande puret\u00e9, d\u2019une faible teneur en impuret\u00e9s et d\u2019une taille de particule uniforme, tandis que nos produits sont disponibles dans de petits emballages, de petits MOQ et des d\u00e9lais de livraison courts. Nous sommes profond\u00e9ment engag\u00e9s dans l\u2019innovation des mat\u00e9riaux chimiques inorganiques et disposons d\u2019une \u00e9quipe technique exp\u00e9riment\u00e9e pour soutenir toute nouvelle personnalisation et d\u00e9veloppement de produits, si vous en avez besoin, <span style=\"color: #0000ff;\"><a style=\"color: #0000ff;\" href=\"https:\/\/vimaterial.de\/fr\/contact\/\">contactez-nous.<\/a><\/span><\/p>\n<p>&nbsp;<\/p>\n<p>&nbsp;<\/p>\n<p>&nbsp;<\/p>\n","protected":false},"featured_media":1001807,"comment_status":"open","ping_status":"closed","template":"","meta":{"_acf_changed":false},"product_brand":[],"product_cat":[244],"product_tag":[],"class_list":{"0":"post-1030364","1":"product","2":"type-product","3":"status-publish","4":"has-post-thumbnail","6":"product_cat-autres-materiaux","8":"first","9":"instock","10":"shipping-taxable","11":"product-type-variable"},"acf":[],"_links":{"self":[{"href":"https:\/\/vimaterial.de\/fr\/wp-json\/wp\/v2\/product\/1030364","targetHints":{"allow":["GET"]}}],"collection":[{"href":"https:\/\/vimaterial.de\/fr\/wp-json\/wp\/v2\/product"}],"about":[{"href":"https:\/\/vimaterial.de\/fr\/wp-json\/wp\/v2\/types\/product"}],"replies":[{"embeddable":true,"href":"https:\/\/vimaterial.de\/fr\/wp-json\/wp\/v2\/comments?post=1030364"}],"wp:featuredmedia":[{"embeddable":true,"href":"https:\/\/vimaterial.de\/fr\/wp-json\/wp\/v2\/media\/1001807"}],"wp:attachment":[{"href":"https:\/\/vimaterial.de\/fr\/wp-json\/wp\/v2\/media?parent=1030364"}],"wp:term":[{"taxonomy":"product_brand","embeddable":true,"href":"https:\/\/vimaterial.de\/fr\/wp-json\/wp\/v2\/product_brand?post=1030364"},{"taxonomy":"product_cat","embeddable":true,"href":"https:\/\/vimaterial.de\/fr\/wp-json\/wp\/v2\/product_cat?post=1030364"},{"taxonomy":"product_tag","embeddable":true,"href":"https:\/\/vimaterial.de\/fr\/wp-json\/wp\/v2\/product_tag?post=1030364"}],"curies":[{"name":"wp","href":"https:\/\/api.w.org\/{rel}","templated":true}]}}