{"id":1030347,"date":"2024-06-18T18:28:34","date_gmt":"2024-06-18T10:28:34","guid":{"rendered":"https:\/\/vimaterial.de\/product\/phosphate-de-lithium-et-de-titane\/"},"modified":"2025-02-27T14:24:22","modified_gmt":"2025-02-27T06:24:22","slug":"phosphate-de-titane-et-de-lithium","status":"publish","type":"product","link":"https:\/\/vimaterial.de\/fr\/product\/phosphate-de-titane-et-de-lithium\/","title":{"rendered":"Phosphate de titane et de lithium"},"content":{"rendered":"<p><span style=\"font-size: 12pt;\">La poudre de phosphate de titane et de lithium est une structure de syst\u00e8me cristallin <span style=\"font-size: 14pt;\">tripartite g\u00e9n\u00e9ralement<\/span> blanche ou blanc cass\u00e9 de la poudre, avec une conductivit\u00e9 ionique \u00e9lev\u00e9e, une structure cristalline stable, de bonnes applications de stabilit\u00e9 thermique dans le domaine des mat\u00e9riaux d\u2019\u00e9lectrode de batterie lithium-ion, des syst\u00e8mes de stockage d\u2019\u00e9nergie, des mat\u00e9riaux \u00e9lectroniques, des capteurs, etc.<\/span><\/p>\n<p><span style=\"font-size: 12pt;\">VIMATERIAL peut accepter la personnalisation de n\u2019importe lequel de ses produits, les mat\u00e9riaux cibles sont fournis avec un service de reliure, si vous en avez besoin, veuillez<span style=\"color: #0000ff;\"><a style=\"color: #0000ff;\" href=\"https:\/\/vimaterial.de\/fr\/contact\/\"> nous contacter.<\/a><\/span><\/span><\/p>\n<h2><span style=\"font-size: 14pt;\">Caract\u00e9ristique<\/span><\/h2>\n<p><span style=\"font-size: 12pt;\">Formule chimique : LiTi2(PO4)3<\/span><\/p>\n<p><span style=\"font-size: 12pt;\">Poids mol\u00e9culaire : environ 387,58<\/span><\/p>\n<p><span style=\"font-size: 12pt;\">Aspect : g\u00e9n\u00e9ralement poudre blanche ou blanc cass\u00e9.<\/span><\/p>\n<p><span style=\"font-size: 12pt;\">Structure cristalline : Il appartient au syst\u00e8me cristallin tripartite et a une structure cristalline ordonn\u00e9e, avec des ions lithium (Li\u207a), des ions titane (Ti\u2074\u207a) et des ions phosphate (PO\u2084\u00b3-) dispos\u00e9s selon un motif sp\u00e9cifique dans le r\u00e9seau cristallin.<\/span><\/p>\n<h2><span style=\"font-size: 14pt;\">Application<\/span><\/h2>\n<p><span style=\"font-size: 12pt;\">Champ de batterie\u00a0: La poudre LiTi2 (PO4) 3 peut \u00eatre utilis\u00e9e comme mat\u00e9riau d\u2019\u00e9lectrode des batteries lithium-ion, ce qui peut fournir un plateau de charge et de d\u00e9charge plus \u00e9lev\u00e9 et une bonne stabilit\u00e9 de cyclage, et aider \u00e0 am\u00e9liorer les performances et la dur\u00e9e de vie de la batterie.<\/span><\/p>\n<p><span style=\"font-size: 12pt;\">Domaine du stockage d\u2019\u00e9nergie : Dans les syst\u00e8mes de stockage d\u2019\u00e9nergie, la poudre LiTi2(PO4)3 peut \u00eatre utilis\u00e9e pour construire des batteries de stockage d\u2019\u00e9nergie haute performance afin de r\u00e9aliser un stockage et une lib\u00e9ration efficaces de l\u2019\u00e9nergie \u00e9lectrique gr\u00e2ce \u00e0 sa structure stable et \u00e0 ses excellentes performances \u00e9lectrochimiques.<\/span><\/p>\n<p><span style=\"font-size: 12pt;\">Domaines des mat\u00e9riaux \u00e9lectroniques : Il peut \u00eatre utilis\u00e9 pour pr\u00e9parer des mat\u00e9riaux sp\u00e9ciaux dans les composants \u00e9lectroniques et prendre en charge la miniaturisation et les hautes performances des dispositifs \u00e9lectroniques en utilisant ses propri\u00e9t\u00e9s physiques et chimiques uniques.<\/span><\/p>\n<p><span style=\"font-size: 12pt;\">Champ du capteur : Sur la base des propri\u00e9t\u00e9s de r\u00e9ponse particuli\u00e8res de la poudre LiTi2(PO4)3 \u00e0 certaines substances, il peut \u00eatre utilis\u00e9 pour d\u00e9velopper de nouveaux types de capteurs pour d\u00e9tecter des substances telles que des ions ou des gaz sp\u00e9cifiques dans l\u2019environnement.<\/span><\/p>\n<h2><span style=\"font-size: 14pt;\">Contr\u00f4le de la qualit\u00e9<\/span><\/h2>\n<p><span style=\"color: #0000ff;\"><a style=\"color: #0000ff;\" href=\"https:\/\/vimaterial.de\/fr\/controle-qualite\/\">Un syst\u00e8me de contr\u00f4le de la qualit\u00e9 strict<\/a><\/span> est mis en \u0153uvre pour chaque lot de production, et des tests d\u00e9taill\u00e9s sont effectu\u00e9s dans tous les aspects, du contenu des composants, des propri\u00e9t\u00e9s physiques \u00e0 la microstructure, etc., et des rapports d\u2019essai d\u00e9taill\u00e9s pr\u00e9cis et opportuns sont fournis.<\/p>\n<h2><span style=\"font-size: 14pt;\">Emballage et stockage<\/span><\/h2>\n<p><span style=\"font-size: 12pt;\">La poudre de phosphate de titane et de lithium<\/span> est emball\u00e9e dans des sacs ou des bouteilles sous vide \u00e0 double couche, avec un carton solide ou une bo\u00eete en bois \u00e0 l\u2019ext\u00e9rieur et un rembourrage de coussin \u00e0 l\u2019int\u00e9rieur.<\/p>\n<p><span style=\"font-size: 12pt;\">La poudre de phosphate de titane et de lithium<\/span> doit \u00eatre stock\u00e9e dans un environnement sec et ventil\u00e9 avec une temp\u00e9rature appropri\u00e9e, un emballage scell\u00e9 pour isoler l\u2019air et l\u2019humidit\u00e9, et isol\u00e9e des acides et des alcalis et autres substances chimiques et substances inflammables et explosives, en \u00e9vitant l\u2019extrusion.<\/p>\n","protected":false},"excerpt":{"rendered":"<p>La poudre LiTi\u2082(PO\u2084)\u2083 est une poudre de phosphate de titane et de lithium.<\/p>\n<p>&nbsp;<\/p>\n<p>Batteries lithium-ion : c\u2019est son domaine d\u2019application le plus important. En raison de sa conductivit\u00e9 ionique \u00e9lev\u00e9e, de sa bonne stabilit\u00e9 de cycle et de ses performances de s\u00e9curit\u00e9, il peut \u00eatre utilis\u00e9 pour fabriquer des batteries lithium-ion haute performance, en particulier dans les cas o\u00f9 la s\u00e9curit\u00e9 et la dur\u00e9e de vie des batteries doivent \u00eatre \u00e9lev\u00e9es, comme les v\u00e9hicules \u00e9lectriques et les syst\u00e8mes de stockage d\u2019\u00e9nergie.<\/p>\n<p>&nbsp;<\/p>\n<p>\u00c9lectrolyte \u00e0 l\u2019\u00e9tat solide : Le phosphate de titane et de lithium peut \u00eatre utilis\u00e9 comme mat\u00e9riau d\u2019\u00e9lectrolyte \u00e0 l\u2019\u00e9tat solide dans les batteries lithium-ion \u00e0 l\u2019\u00e9tat solide. Les batteries \u00e0 l\u2019\u00e9tat solide ont une s\u00e9curit\u00e9 et une densit\u00e9 d\u2019\u00e9nergie plus \u00e9lev\u00e9es que les batteries lithium-ion liquide traditionnelles, et les propri\u00e9t\u00e9s de l\u2019\u00e9lectrolyte \u00e0 l\u2019\u00e9tat solide de la poudre LiTi\u2082(PO\u2084)\u2083 la rendent potentiellement pr\u00e9cieuse pour une application dans le domaine des batteries \u00e0 l\u2019\u00e9tat solide.<\/p>\n<p>&nbsp;<\/p>\n","protected":false},"featured_media":1029895,"comment_status":"open","ping_status":"closed","template":"","meta":{"_acf_changed":false},"product_brand":[],"product_cat":[237],"product_tag":[],"class_list":{"0":"post-1030347","1":"product","2":"type-product","3":"status-publish","4":"has-post-thumbnail","6":"product_cat-materiaux-de-la-batterie","8":"first","9":"instock","10":"shipping-taxable","11":"purchasable","12":"product-type-variable"},"acf":[],"_links":{"self":[{"href":"https:\/\/vimaterial.de\/fr\/wp-json\/wp\/v2\/product\/1030347","targetHints":{"allow":["GET"]}}],"collection":[{"href":"https:\/\/vimaterial.de\/fr\/wp-json\/wp\/v2\/product"}],"about":[{"href":"https:\/\/vimaterial.de\/fr\/wp-json\/wp\/v2\/types\/product"}],"replies":[{"embeddable":true,"href":"https:\/\/vimaterial.de\/fr\/wp-json\/wp\/v2\/comments?post=1030347"}],"wp:featuredmedia":[{"embeddable":true,"href":"https:\/\/vimaterial.de\/fr\/wp-json\/wp\/v2\/media\/1029895"}],"wp:attachment":[{"href":"https:\/\/vimaterial.de\/fr\/wp-json\/wp\/v2\/media?parent=1030347"}],"wp:term":[{"taxonomy":"product_brand","embeddable":true,"href":"https:\/\/vimaterial.de\/fr\/wp-json\/wp\/v2\/product_brand?post=1030347"},{"taxonomy":"product_cat","embeddable":true,"href":"https:\/\/vimaterial.de\/fr\/wp-json\/wp\/v2\/product_cat?post=1030347"},{"taxonomy":"product_tag","embeddable":true,"href":"https:\/\/vimaterial.de\/fr\/wp-json\/wp\/v2\/product_tag?post=1030347"}],"curies":[{"name":"wp","href":"https:\/\/api.w.org\/{rel}","templated":true}]}}