{"id":1030328,"date":"2024-06-18T18:28:33","date_gmt":"2024-06-18T10:28:33","guid":{"rendered":"https:\/\/vimaterial.de\/product\/hexafluorophosphate-de-lithium-2\/"},"modified":"2025-02-27T14:46:17","modified_gmt":"2025-02-27T06:46:17","slug":"hexafluorophosphate-de-lithium-2","status":"publish","type":"product","link":"https:\/\/vimaterial.de\/fr\/product\/hexafluorophosphate-de-lithium-2\/","title":{"rendered":"Hexafluorophosphate de lithium"},"content":{"rendered":"<p>La poudre d\u2019hexafluorophosphate de lithium est un cristal blanc ou une poudre \u00e0 haute conductivit\u00e9 ionique, facilement hydrolys\u00e9e dans l\u2019air humide, principalement utilis\u00e9e dans l\u2019\u00e9lectrolyte des batteries lithium-ion et dans d\u2019autres domaines.<\/p>\n<p>VIMATERIAL peut accepter la personnalisation de n\u2019importe lequel de ses produits, les mat\u00e9riaux cibles sont fournis avec un service de reliure, si vous en avez besoin, veuillez <span style=\"color: #0000ff;\"><a style=\"color: #0000ff;\" href=\"https:\/\/vimaterial.de\/fr\/contact\/\">nous contacter<\/a><\/span>.<\/p>\n<p>Caract\u00e9ristique<\/p>\n<p>Formule chimique : LiPF6<\/p>\n<p>Masse molaire : 151,905 g\/mol<\/p>\n<p>Apparence\u00a0: poudre blanche<\/p>\n<p>Densit\u00e9 : 1,5 g\/cm3<\/p>\n<p>Point de fusion : 200 \u00b0C (392 \u00b0F\u00a0; 473 K)<\/p>\n<p>Structure cristalline : Structure cristalline du syst\u00e8me cristallin hexagonal<\/p>\n<p>Application<\/p>\n<p>Champ de batterie : Le LiPF\u2086 est le sel de lithium \u00e9lectrolytique le plus couramment utilis\u00e9 dans les batteries lithium-ion, ce qui peut am\u00e9liorer efficacement l\u2019efficacit\u00e9 de charge et de d\u00e9charge, la densit\u00e9 d\u2019\u00e9nergie et la dur\u00e9e de vie de la batterie.<\/p>\n<p>Synth\u00e8se organique : Le LiPF\u2086 peut \u00eatre utilis\u00e9 comme agent fluorant dans une vari\u00e9t\u00e9 de r\u00e9actions de synth\u00e8se organique. Il peut introduire des atomes de fluor dans des compos\u00e9s organiques, modifiant ainsi les propri\u00e9t\u00e9s des compos\u00e9s organiques et synth\u00e9tisant des compos\u00e9s organiques fluor\u00e9s avec des propri\u00e9t\u00e9s sp\u00e9ciales.<\/p>\n<p>Recherche sur les catalyseurs : Dans la recherche et le d\u00e9veloppement de certaines r\u00e9actions catalytiques, le LiPF\u2086 peut \u00eatre utilis\u00e9 comme catalyseur ou composant d\u2019un catalyseur.<\/p>\n<p>Contr\u00f4le de la qualit\u00e9<\/p>\n<p><span style=\"color: #0000ff;\"><a style=\"color: #0000ff;\" href=\"https:\/\/vimaterial.de\/fr\/controle-qualite\/\">Un syst\u00e8me de contr\u00f4le de la qualit\u00e9 strict<\/a> <\/span>est mis en \u0153uvre pour chaque lot de production, et des tests d\u00e9taill\u00e9s sont effectu\u00e9s dans tous les aspects, du contenu des composants, des propri\u00e9t\u00e9s physiques \u00e0 la microstructure, etc., et des rapports d\u2019essai d\u00e9taill\u00e9s pr\u00e9cis et opportuns sont fournis.<\/p>\n<p>Emballage et stockage<\/p>\n<p>La poudre d\u2019hexafluorophosphate de lithium est emball\u00e9e dans des sacs ou des bouteilles \u00e0 double couche, \u00e0 l\u2019ext\u00e9rieur dans des cartons solides ou des bo\u00eetes en bois, \u00e0 l\u2019int\u00e9rieur dans un rembourrage doux.<\/p>\n<div class=\"message-box-content-wrapper-fgNGpz\">\n<div class=\"message-content message-box-content-xoCEoU receive-message-box-content-bNaFpa samantha-message-box-content-gWlptz\" data-testid=\"message_content\">\n<div class=\"container-ZYIsnH flow-markdown-body theme-samantha-Nbr9UN\" dir=\"ltr\" data-testid=\"message_text_content\" data-show-indicator=\"false\">\n<div class=\"auto-hide-last-sibling-br paragraph-JOTKXA paragraph-element br-paragraph-space\">La poudre d\u2019hexafluorophosphate de lithium doit \u00eatre stock\u00e9e dans un environnement de gaz inerte frais, sec et bien ventil\u00e9 (par exemple, des r\u00e9cipients scell\u00e9s remplis d\u2019azote), loin des sources de chaleur, des sources d\u2019inflammation et de l\u2019eau, des acides, des bases et d\u2019autres substances qui peuvent r\u00e9agir avec elle.<\/div>\n<\/div>\n<\/div>\n<\/div>\n","protected":false},"excerpt":{"rendered":"<p>La poudre d\u2019hexafluorophosphate de lithium est un cristal blanc ou une poudre \u00e0 haute conductivit\u00e9 ionique, facilement hydrolys\u00e9e dans l\u2019air humide, principalement utilis\u00e9e dans l\u2019\u00e9lectrolyte des batteries lithium-ion et dans d\u2019autres domaines.<\/p>\n<p>VIMATERIAL peut accepter la personnalisation de n\u2019importe lequel de ses produits, les mat\u00e9riaux cibles sont fournis avec un service de reliure, si vous en avez besoin, veuillez <span style=\"color: #0000ff;\"><a style=\"color: #0000ff;\" href=\"https:\/\/vimaterial.de\/fr\/contact\/\">nous contacter<\/a><\/span>.<\/p>\n","protected":false},"featured_media":1038176,"comment_status":"open","ping_status":"closed","template":"","meta":{"_acf_changed":false},"product_brand":[],"product_cat":[237],"product_tag":[],"class_list":{"0":"post-1030328","1":"product","2":"type-product","3":"status-publish","4":"has-post-thumbnail","6":"product_cat-materiaux-de-la-batterie","8":"first","9":"instock","10":"shipping-taxable","11":"purchasable","12":"product-type-variable"},"acf":[],"_links":{"self":[{"href":"https:\/\/vimaterial.de\/fr\/wp-json\/wp\/v2\/product\/1030328","targetHints":{"allow":["GET"]}}],"collection":[{"href":"https:\/\/vimaterial.de\/fr\/wp-json\/wp\/v2\/product"}],"about":[{"href":"https:\/\/vimaterial.de\/fr\/wp-json\/wp\/v2\/types\/product"}],"replies":[{"embeddable":true,"href":"https:\/\/vimaterial.de\/fr\/wp-json\/wp\/v2\/comments?post=1030328"}],"wp:featuredmedia":[{"embeddable":true,"href":"https:\/\/vimaterial.de\/fr\/wp-json\/wp\/v2\/media\/1038176"}],"wp:attachment":[{"href":"https:\/\/vimaterial.de\/fr\/wp-json\/wp\/v2\/media?parent=1030328"}],"wp:term":[{"taxonomy":"product_brand","embeddable":true,"href":"https:\/\/vimaterial.de\/fr\/wp-json\/wp\/v2\/product_brand?post=1030328"},{"taxonomy":"product_cat","embeddable":true,"href":"https:\/\/vimaterial.de\/fr\/wp-json\/wp\/v2\/product_cat?post=1030328"},{"taxonomy":"product_tag","embeddable":true,"href":"https:\/\/vimaterial.de\/fr\/wp-json\/wp\/v2\/product_tag?post=1030328"}],"curies":[{"name":"wp","href":"https:\/\/api.w.org\/{rel}","templated":true}]}}