{"id":1030323,"date":"2024-06-18T18:28:09","date_gmt":"2024-06-18T10:28:09","guid":{"rendered":"https:\/\/vimaterial.de\/product\/oxyde-de-lithium-et-de-tungstene\/"},"modified":"2025-02-27T15:13:32","modified_gmt":"2025-02-27T07:13:32","slug":"oxyde-de-lithium-et-de-tungstene","status":"publish","type":"product","link":"https:\/\/vimaterial.de\/fr\/product\/oxyde-de-lithium-et-de-tungstene\/","title":{"rendered":"Oxyde de lithium et de tungst\u00e8ne"},"content":{"rendered":"<div class=\"message-box-content-wrapper-fgNGpz\">\n<div class=\"message-content message-box-content-xoCEoU receive-message-box-content-bNaFpa samantha-message-box-content-gWlptz\" data-testid=\"message_content\">\n<div class=\"container-ZYIsnH flow-markdown-body theme-samantha-Nbr9UN\" dir=\"ltr\" data-testid=\"message_text_content\" data-show-indicator=\"false\">\n<div class=\"auto-hide-last-sibling-br paragraph-JOTKXA paragraph-element br-paragraph-space\">La Oxyde de lithium et de tungst\u00e8ne, \u00e9galement connu sous le nom de La poudre d\u2019oxyde de tungst\u00e8ne au lithium, est une sorte de poudre compos\u00e9e inorganique avec une structure cristalline orthorhombique compos\u00e9e d\u2019\u00e9l\u00e9ments de lithium (Li), de tungst\u00e8ne (W) et d\u2019oxyg\u00e8ne (O). Cette poudre pr\u00e9sente une bonne stabilit\u00e9 chimique, une haute densit\u00e9, des propri\u00e9t\u00e9s d\u2019absorption optique sp\u00e9cifiques dans une certaine gamme de longueurs d\u2019onde ainsi qu\u2019une excellente conductivit\u00e9 ionique et d\u2019autres caract\u00e9ristiques sp\u00e9ciales. Elle trouve des applications importantes dans les domaines des rev\u00eatements optiques, des mat\u00e9riaux de scintillateur, des \u00e9lectrolytes pour batteries lithium &#8211; ion et certaines r\u00e9actions catalytiques.<\/div>\n<div><\/div>\n<div class=\"auto-hide-last-sibling-br paragraph-JOTKXA paragraph-element br-paragraph-space\">VIMATERIAL peut accepter la personnalisation de n\u2019importe lequel de ses produits, les mat\u00e9riaux cibles sont fournis avec un service de reliure, si vous en avez besoin, veuillez <span style=\"color: #0000ff;\"><a style=\"color: #0000ff;\" href=\"https:\/\/vimaterial.de\/fr\/contact\/\">nous contacter<\/a><\/span>.<\/div>\n<\/div>\n<\/div>\n<\/div>\n<h2><span style=\"font-size: 14pt;\">Caract\u00e9ristiques<\/span><\/h2>\n<p>Formule chimique : Li2WO4<\/p>\n<p>Poids mol\u00e9culaire : 261,73 g\/mol<\/p>\n<p>Apparence\u00a0: poudre blanche<\/p>\n<p>Densit\u00e9 : environ 4,56 g\/cm\u00b3<\/p>\n<p>Point de fusion : 742\u00b0C<\/p>\n<p>Structure cristalline : structure cristalline du syst\u00e8me cristallin monoclinique<\/p>\n<h2><span style=\"font-size: 14pt;\">Application<\/span><\/h2>\n<p>Batterie au lithium\u00a0: Oxyde de tungst\u00e8ne au lithium en raison de sa conductivit\u00e9 ionique \u00e9lev\u00e9e et de sa stabilit\u00e9 chimique, il peut \u00eatre utilis\u00e9 comme mat\u00e9riau d\u2019\u00e9lectrode positive de la batterie au lithium, qui peut stocker et lib\u00e9rer de l\u2019\u00e9nergie de mani\u00e8re stable, et pr\u00e9sente les avantages d\u2019une densit\u00e9 d\u2019\u00e9nergie \u00e9lev\u00e9e et d\u2019une longue dur\u00e9e de vie.<\/p>\n<p>Mat\u00e9riau thermo\u00e9lectrique : L\u2019oxyde de lithium et de tungst\u00e8ne est un excellent mat\u00e9riau thermo\u00e9lectrique, qui peut convertir l\u2019\u00e9nergie thermique en \u00e9lectricit\u00e9, et a un potentiel d\u2019application dans le domaine de la conversion thermo\u00e9lectrique.<\/p>\n<p>Industrie nucl\u00e9aire\u00a0: L\u2019oxyde de lithium et de tungst\u00e8ne peut \u00eatre utilis\u00e9 pour le d\u00e9veloppement de composants orient\u00e9s plasma dans les r\u00e9acteurs \u00e0 fusion nucl\u00e9aire, et son point de fusion \u00e9lev\u00e9 et sa bonne conductivit\u00e9 thermique le rendent adapt\u00e9 aux environnements extr\u00eames.<\/p>\n<p>\u00c9lectronique et semi-conducteurs : peuvent \u00eatre utilis\u00e9s pour fabriquer des composants \u00e9lectroniques et des semi-conducteurs tels que des \u00e9lectrodes et des mat\u00e9riaux conducteurs.<\/p>\n<h2><span style=\"font-size: 14pt;\">Contr\u00f4le de la qualit\u00e9<\/span><\/h2>\n<p><span style=\"color: #0000ff;\"><a style=\"color: #0000ff;\" href=\"https:\/\/vimaterial.de\/fr\/controle-qualite\/\">Un syst\u00e8me de contr\u00f4le de la qualit\u00e9 strict<\/a> <\/span>est mis en \u0153uvre pour chaque lot de production, et des tests d\u00e9taill\u00e9s sont effectu\u00e9s dans tous les aspects, du contenu des composants, des propri\u00e9t\u00e9s physiques \u00e0 la microstructure, etc., et des rapports d\u2019essai d\u00e9taill\u00e9s pr\u00e9cis et opportuns sont fournis.<\/p>\n<h2><span style=\"font-size: 14pt;\">Emballage et stockage<\/span><\/h2>\n<p>La poudre d\u2019oxyde de lithium et de tungst\u00e8ne est emball\u00e9e dans des sacs ou des bouteilles sous vide \u00e0 double couche, \u00e0 l\u2019ext\u00e9rieur dans des cartons solides ou des caisses en bois, et \u00e0 l\u2019int\u00e9rieur dans des coussins moelleux.<\/p>\n<p>La poudre d\u2019oxyde de lithium et de tungst\u00e8ne doit \u00eatre stock\u00e9e dans un environnement sec, ventil\u00e9 et frais, scell\u00e9e et conserv\u00e9e dans des r\u00e9cipients avec une atmosph\u00e8re de gaz inerte pour l\u2019emp\u00eacher de se d\u00e9t\u00e9riorer en r\u00e9agissant avec l\u2019humidit\u00e9 et l\u2019oxyg\u00e8ne de l\u2019air.<\/p>\n","protected":false},"excerpt":{"rendered":"<div class=\"auto-hide-last-sibling-br paragraph-JOTKXA paragraph-element br-paragraph-space\">La Oxyde de lithium et de tungst\u00e8ne, \u00e9galement connu sous le nom de La poudre d\u2019oxyde de tungst\u00e8ne au lithium, est une sorte de poudre compos\u00e9e inorganique avec une structure cristalline orthorhombique compos\u00e9e d\u2019\u00e9l\u00e9ments de lithium (Li), de tungst\u00e8ne (W) et d\u2019oxyg\u00e8ne (O). Cette poudre pr\u00e9sente une bonne stabilit\u00e9 chimique, une haute densit\u00e9, des propri\u00e9t\u00e9s d\u2019absorption optique sp\u00e9cifiques dans une certaine gamme de longueurs d\u2019onde ainsi qu\u2019une excellente conductivit\u00e9 ionique et d\u2019autres caract\u00e9ristiques sp\u00e9ciales. Elle trouve des applications importantes dans les domaines des rev\u00eatements optiques, des mat\u00e9riaux de scintillateur, des \u00e9lectrolytes pour batteries lithium &#8211; ion et certaines r\u00e9actions catalytiques.<\/div>\n<div><\/div>\n<div class=\"auto-hide-last-sibling-br paragraph-JOTKXA paragraph-element br-paragraph-space\">VIMATERIAL peut accepter la personnalisation de n\u2019importe lequel de ses produits, les mat\u00e9riaux cibles sont fournis avec un service de reliure, si vous en avez besoin, veuillez <span style=\"color: #0000ff;\"><a style=\"color: #0000ff;\" href=\"https:\/\/vimaterial.de\/fr\/contact\/\">nous contacter<\/a><\/span>.<\/div>\n","protected":false},"featured_media":998686,"comment_status":"open","ping_status":"closed","template":"","meta":{"_acf_changed":false},"product_brand":[],"product_cat":[237],"product_tag":[],"class_list":{"0":"post-1030323","1":"product","2":"type-product","3":"status-publish","4":"has-post-thumbnail","6":"product_cat-materiaux-de-la-batterie","8":"first","9":"instock","10":"shipping-taxable","11":"purchasable","12":"product-type-variable"},"acf":[],"_links":{"self":[{"href":"https:\/\/vimaterial.de\/fr\/wp-json\/wp\/v2\/product\/1030323","targetHints":{"allow":["GET"]}}],"collection":[{"href":"https:\/\/vimaterial.de\/fr\/wp-json\/wp\/v2\/product"}],"about":[{"href":"https:\/\/vimaterial.de\/fr\/wp-json\/wp\/v2\/types\/product"}],"replies":[{"embeddable":true,"href":"https:\/\/vimaterial.de\/fr\/wp-json\/wp\/v2\/comments?post=1030323"}],"wp:featuredmedia":[{"embeddable":true,"href":"https:\/\/vimaterial.de\/fr\/wp-json\/wp\/v2\/media\/998686"}],"wp:attachment":[{"href":"https:\/\/vimaterial.de\/fr\/wp-json\/wp\/v2\/media?parent=1030323"}],"wp:term":[{"taxonomy":"product_brand","embeddable":true,"href":"https:\/\/vimaterial.de\/fr\/wp-json\/wp\/v2\/product_brand?post=1030323"},{"taxonomy":"product_cat","embeddable":true,"href":"https:\/\/vimaterial.de\/fr\/wp-json\/wp\/v2\/product_cat?post=1030323"},{"taxonomy":"product_tag","embeddable":true,"href":"https:\/\/vimaterial.de\/fr\/wp-json\/wp\/v2\/product_tag?post=1030323"}],"curies":[{"name":"wp","href":"https:\/\/api.w.org\/{rel}","templated":true}]}}