{"id":1030318,"date":"2024-06-18T18:28:18","date_gmt":"2024-06-18T10:28:18","guid":{"rendered":"https:\/\/vimaterial.de\/product\/phosphate-de-lithium-et-de-cobalt-2\/"},"modified":"2025-02-27T14:53:45","modified_gmt":"2025-02-27T06:53:45","slug":"lithium-cobalt-phosphate-licopo4","status":"publish","type":"product","link":"https:\/\/vimaterial.de\/fr\/product\/lithium-cobalt-phosphate-licopo4\/","title":{"rendered":"Lithium Cobalt Phosphate"},"content":{"rendered":"<p>La poudre de phosphate de lithium et de cobalt LiCoPO4 est un mat\u00e9riau phosphat\u00e9 unique avec une bonne stabilit\u00e9 \u00e9lectrochimique, thermique et structurelle, principalement utilis\u00e9 dans les batteries, les composants \u00e9lectroniques et le domaine catalytique.<\/p>\n<p>VIMATERIAL se sp\u00e9cialise dans la fourniture de poudres LiCoPO4 dans diverses sp\u00e9cifications, nos poudres ont les avantages d\u2019une grande puret\u00e9, d\u2019une distribution uniforme de la taille des particules et de la taille des particules fines, nous nous concentrons depuis longtemps sur la recherche et le d\u00e9veloppement et la production de mat\u00e9riaux avanc\u00e9s, nous avons une connaissance professionnelle et une exp\u00e9rience pratique de l\u2019\u00e9quipe de R &amp; D, pour accepter toute personnalisation de produit et recherche et d\u00e9veloppement. Si vous en avez besoin, veuillez <span style=\"color: #0000ff;\"><a style=\"color: #0000ff;\" href=\"https:\/\/vimaterial.de\/fr\/contact\/\">nous contacter<\/a><\/span>.<\/p>\n<h2><span style=\"font-size: 14pt;\">Caract\u00e9ristiques<\/span><\/h2>\n<p>Formule mol\u00e9culaire : LiCoPO4<\/p>\n<p>Poids mol\u00e9culaire : 156,74<\/p>\n<p>Apparence\u00a0: poudre violet fonc\u00e9<\/p>\n<p>Densit\u00e9 : 3,64 g\/cm\u00b3<\/p>\n<p>Point de fusion : environ 600\u00b0C<\/p>\n<p>Structure cristalline : syst\u00e8me cristallin orthorhombique<\/p>\n<h2><span style=\"font-size: 14pt;\">Application<\/span><\/h2>\n<p>Champ de batterie\u00a0: En tant que mat\u00e9riau de cathode de la batterie lithium-ion, la poudre de phosphate de lithium cobalt LiCoPO4 a une capacit\u00e9 sp\u00e9cifique th\u00e9orique \u00e9lev\u00e9e, de bonnes performances de charge et de d\u00e9charge et peut fournir une sortie d\u2019\u00e9nergie stable pour la batterie.<\/p>\n<p>Domaine des composants \u00e9lectroniques : Gr\u00e2ce \u00e0 ses bonnes propri\u00e9t\u00e9s \u00e9lectriques, il peut \u00eatre utilis\u00e9 pour fabriquer certains composants \u00e9lectroniques sp\u00e9ciaux, tels que des composants sensibles dans les capteurs.<\/p>\n<p>Catalyseur : La poudre de phosphate de lithium et de cobalt LiCoPO4 peut \u00eatre utilis\u00e9e comme catalyseur ou support de catalyseur dans certaines r\u00e9actions chimiques. Sa structure cristalline et sa composition chimique uniques peuvent fournir des sites actifs pour les r\u00e9actions chimiques et r\u00e9duire l\u2019\u00e9nergie d\u2019activation de la r\u00e9action, acc\u00e9l\u00e9rant ainsi la vitesse de r\u00e9action et am\u00e9liorant l\u2019efficacit\u00e9 de la r\u00e9action.<\/p>\n<h2><span style=\"font-size: 14pt;\">Contr\u00f4le de la qualit\u00e9<\/span><\/h2>\n<p><span style=\"color: #0000ff;\"><a style=\"color: #0000ff;\" href=\"https:\/\/vimaterial.de\/fr\/controle-qualite\/\">Notre syst\u00e8me qualit\u00e9<\/a><\/span> est rigoureux, efficace et tra\u00e7able. Le processus d\u2019inspection est \u00e9quip\u00e9 d\u2019instruments de test avanc\u00e9s, de normes d\u2019inspection strictes et de donn\u00e9es d\u2019inspection d\u00e9taill\u00e9es pour garantir une qualit\u00e9 de produit stable et contr\u00f4lable, ainsi qu\u2019une source et une destination claires et tra\u00e7ables. Nos rapports d\u2019inspection comprennent MSDS, COA, TDS, PSD, XRD, etc. Nous fournissons \u00e9galement \u00e0 chaque client une copie de chaque rapport de test. Dans le m\u00eame temps, nous fournirons aux clients des \u00e9chantillons de chaque lot de produits, et nous soutenons \u00e9galement pleinement les clients \u00e0 faire confiance \u00e0 des organisations d\u2019inspection tierces pour inspecter les produits.<\/p>\n<h2><span style=\"font-size: 14pt;\">Emballage et stockage<\/span><\/h2>\n<p>La poudre de phosphate de lithium et de cobalt LiCoPO4 est emball\u00e9e dans des sacs ou des bouteilles sous vide double et plac\u00e9e dans des bo\u00eetes en carton solides apr\u00e8s l\u2019emballage.<\/p>\n<p>La poudre de phosphate de lithium et de cobalt LiCoPO4 doit \u00eatre conserv\u00e9e dans un environnement sec, frais et bien ventil\u00e9, en \u00e9vitant tout contact avec des agents r\u00e9ducteurs puissants, des acides forts, des bases fortes et d\u2019autres produits chimiques. Dans le m\u00eame temps, il doit \u00eatre strictement scell\u00e9 pour \u00e9viter l\u2019humidit\u00e9 et l\u2019oxydation.<\/p>\n","protected":false},"excerpt":{"rendered":"<p>La poudre de phosphate de lithium et de cobalt LiCoPO4 est un mat\u00e9riau phosphat\u00e9 unique avec une bonne stabilit\u00e9 \u00e9lectrochimique, thermique et structurelle, principalement utilis\u00e9 dans les batteries, les composants \u00e9lectroniques et le domaine catalytique.<\/p>\n<p>VIMATERIAL se sp\u00e9cialise dans la fourniture de poudres LiCoPO4 dans diverses sp\u00e9cifications, nos poudres ont les avantages d\u2019une grande puret\u00e9, d\u2019une distribution uniforme de la taille des particules et de la taille des particules fines, nous nous concentrons depuis longtemps sur la recherche et le d\u00e9veloppement et la production de mat\u00e9riaux avanc\u00e9s, nous avons une connaissance professionnelle et une exp\u00e9rience pratique de l\u2019\u00e9quipe de R &amp; D, pour accepter toute personnalisation de produit et recherche et d\u00e9veloppement. Si vous en avez besoin, veuillez <span style=\"color: #0000ff;\"><a style=\"color: #0000ff;\" href=\"https:\/\/vimaterial.de\/en\/contact-us\/\">nous contacter<\/a><\/span>.<\/p>\n","protected":false},"featured_media":1029879,"comment_status":"open","ping_status":"closed","template":"","meta":{"_acf_changed":false},"product_brand":[],"product_cat":[237],"product_tag":[],"class_list":{"0":"post-1030318","1":"product","2":"type-product","3":"status-publish","4":"has-post-thumbnail","6":"product_cat-materiaux-de-la-batterie","8":"first","9":"instock","10":"shipping-taxable","11":"product-type-variable"},"acf":[],"_links":{"self":[{"href":"https:\/\/vimaterial.de\/fr\/wp-json\/wp\/v2\/product\/1030318","targetHints":{"allow":["GET"]}}],"collection":[{"href":"https:\/\/vimaterial.de\/fr\/wp-json\/wp\/v2\/product"}],"about":[{"href":"https:\/\/vimaterial.de\/fr\/wp-json\/wp\/v2\/types\/product"}],"replies":[{"embeddable":true,"href":"https:\/\/vimaterial.de\/fr\/wp-json\/wp\/v2\/comments?post=1030318"}],"wp:featuredmedia":[{"embeddable":true,"href":"https:\/\/vimaterial.de\/fr\/wp-json\/wp\/v2\/media\/1029879"}],"wp:attachment":[{"href":"https:\/\/vimaterial.de\/fr\/wp-json\/wp\/v2\/media?parent=1030318"}],"wp:term":[{"taxonomy":"product_brand","embeddable":true,"href":"https:\/\/vimaterial.de\/fr\/wp-json\/wp\/v2\/product_brand?post=1030318"},{"taxonomy":"product_cat","embeddable":true,"href":"https:\/\/vimaterial.de\/fr\/wp-json\/wp\/v2\/product_cat?post=1030318"},{"taxonomy":"product_tag","embeddable":true,"href":"https:\/\/vimaterial.de\/fr\/wp-json\/wp\/v2\/product_tag?post=1030318"}],"curies":[{"name":"wp","href":"https:\/\/api.w.org\/{rel}","templated":true}]}}