{"id":1030310,"date":"2024-06-18T18:28:09","date_gmt":"2024-06-18T10:28:09","guid":{"rendered":"https:\/\/vimaterial.de\/product\/zirconate-de-lithium-2\/"},"modified":"2025-02-27T15:46:37","modified_gmt":"2025-02-27T07:46:37","slug":"zirconate-de-lithium-2","status":"publish","type":"product","link":"https:\/\/vimaterial.de\/fr\/product\/zirconate-de-lithium-2\/","title":{"rendered":"Lithium Zirconate"},"content":{"rendered":"<p>La poudre de zirconate de lithium est une sorte de poudre de compos\u00e9 inorganique qui peut \u00eatre stabilis\u00e9e \u00e0 haute temp\u00e9rature, et son r\u00f4le principal est d\u2019adsorbant de dioxyde de carbone, d\u2019\u00e9lectrolyte solide et d\u2019autres aspects.<\/p>\n<p>VIMATERIAL peut accepter la personnalisation de n\u2019importe lequel de ses produits, les mat\u00e9riaux cibles sont fournis avec un service de reliure, si vous en avez besoin, veuillez<span style=\"color: #0000ff;\"><a style=\"color: #0000ff;\" href=\"https:\/\/vimaterial.de\/fr\/contact\/\"> nous contacter<\/a><\/span>.<\/p>\n<h2><span style=\"font-size: 14pt;\">Caract\u00e9ristiques<\/span><\/h2>\n<p>Formule chimique : Li\u2082ZrO\u2083<\/p>\n<p>Poids mol\u00e9culaire : 153,1042<\/p>\n<p>Apparence\u00a0:poudre blanche<\/p>\n<p>Densit\u00e9 : 4,153 g\/ml \u00e0 25\u00b0C<\/p>\n<h2><span style=\"font-size: 14pt;\">Application<\/span><\/h2>\n<p>Pile \u00e0 combustible \u00e0 oxyde solide : Le zirconate de lithium peut \u00eatre appliqu\u00e9 comme mat\u00e9riau d\u2019\u00e9lectrolyte ou d\u2019anode dans les piles \u00e0 combustible \u00e0 haute temp\u00e9rature, ce qui contribue \u00e0 am\u00e9liorer les performances et l\u2019efficacit\u00e9 des piles \u00e0 combustible.<\/p>\n<p>Catalyseur : Il peut \u00eatre utilis\u00e9 comme catalyseur ou support de catalyseur pour participer \u00e0 des r\u00e9actions chimiques, ce qui peut fournir un environnement r\u00e9actionnel appropri\u00e9 pour les r\u00e9actions chimiques et am\u00e9liorer la vitesse et la s\u00e9lectivit\u00e9 des r\u00e9actions.<\/p>\n<p>Mat\u00e9riaux des batteries : recherche d\u2019applications potentielles dans les composants de batteries lithium-ion, qui pourrait fournir de nouvelles id\u00e9es et m\u00e9thodes pour am\u00e9liorer les performances des batteries lithium-ion.<\/p>\n<h2><span style=\"font-size: 14pt;\">Contr\u00f4le de la qualit\u00e9<\/span><\/h2>\n<p><span style=\"color: #0000ff;\"><a style=\"color: #0000ff;\" href=\"https:\/\/vimaterial.de\/fr\/controle-qualite\/\">Un syst\u00e8me de contr\u00f4le de la qualit\u00e9 strict<\/a> <\/span>est mis en \u0153uvre pour chaque lot de production, et des tests d\u00e9taill\u00e9s sont effectu\u00e9s dans tous les aspects, du contenu des composants, des propri\u00e9t\u00e9s physiques \u00e0 la microstructure, etc., et des rapports d\u2019essai d\u00e9taill\u00e9s pr\u00e9cis et opportuns sont fournis.<\/p>\n<h2><span style=\"font-size: 14pt;\">Emballage et stockage<\/span><\/h2>\n<p>La poudre de zirconate de lithium est emball\u00e9e dans des sacs ou des bouteilles sous vide \u00e0 double couche, \u00e0 l\u2019ext\u00e9rieur dans des cartons solides ou des caisses en bois, et \u00e0 l\u2019int\u00e9rieur dans des coussins moelleux.<\/p>\n<p>La poudre de zirconate de lithium doit \u00eatre stock\u00e9e dans un environnement sec, frais et bien ventil\u00e9, en \u00e9vitant le contact avec l\u2019eau, les acides et autres substances qui peuvent r\u00e9agir avec elle, et il est pr\u00e9f\u00e9rable de la garder scell\u00e9e dans des r\u00e9cipients avec une atmosph\u00e8re de gaz inerte afin d\u2019\u00e9viter qu\u2019elle ne soit humide et oxyd\u00e9e.<\/p>\n","protected":false},"excerpt":{"rendered":"<p>La poudre de zirconate de lithium est une sorte de poudre de compos\u00e9 inorganique qui peut \u00eatre stabilis\u00e9e \u00e0 haute temp\u00e9rature, et son r\u00f4le principal est d\u2019adsorbant de dioxyde de carbone, d\u2019\u00e9lectrolyte solide et d\u2019autres aspects.<\/p>\n<p>VIMATERIAL peut accepter la personnalisation de n\u2019importe lequel de ses produits, les mat\u00e9riaux cibles sont fournis avec un service de reliure, si vous en avez besoin, veuillez<span style=\"color: #0000ff;\"><a style=\"color: #0000ff;\" href=\"https:\/\/vimaterial.de\/fr\/contact\/\"> nous contacter<\/a><\/span>.<\/p>\n","protected":false},"featured_media":998691,"comment_status":"open","ping_status":"closed","template":"","meta":{"_acf_changed":false},"product_brand":[],"product_cat":[237],"product_tag":[],"class_list":{"0":"post-1030310","1":"product","2":"type-product","3":"status-publish","4":"has-post-thumbnail","6":"product_cat-materiaux-de-la-batterie","8":"first","9":"instock","10":"shipping-taxable","11":"purchasable","12":"product-type-variable"},"acf":[],"_links":{"self":[{"href":"https:\/\/vimaterial.de\/fr\/wp-json\/wp\/v2\/product\/1030310","targetHints":{"allow":["GET"]}}],"collection":[{"href":"https:\/\/vimaterial.de\/fr\/wp-json\/wp\/v2\/product"}],"about":[{"href":"https:\/\/vimaterial.de\/fr\/wp-json\/wp\/v2\/types\/product"}],"replies":[{"embeddable":true,"href":"https:\/\/vimaterial.de\/fr\/wp-json\/wp\/v2\/comments?post=1030310"}],"wp:featuredmedia":[{"embeddable":true,"href":"https:\/\/vimaterial.de\/fr\/wp-json\/wp\/v2\/media\/998691"}],"wp:attachment":[{"href":"https:\/\/vimaterial.de\/fr\/wp-json\/wp\/v2\/media?parent=1030310"}],"wp:term":[{"taxonomy":"product_brand","embeddable":true,"href":"https:\/\/vimaterial.de\/fr\/wp-json\/wp\/v2\/product_brand?post=1030310"},{"taxonomy":"product_cat","embeddable":true,"href":"https:\/\/vimaterial.de\/fr\/wp-json\/wp\/v2\/product_cat?post=1030310"},{"taxonomy":"product_tag","embeddable":true,"href":"https:\/\/vimaterial.de\/fr\/wp-json\/wp\/v2\/product_tag?post=1030310"}],"curies":[{"name":"wp","href":"https:\/\/api.w.org\/{rel}","templated":true}]}}