{"id":1030296,"date":"2024-06-18T18:27:43","date_gmt":"2024-06-18T10:27:43","guid":{"rendered":"https:\/\/vimaterial.de\/product\/alliage-daluminium-et-de-neodyme-2\/"},"modified":"2025-02-27T16:21:40","modified_gmt":"2025-02-27T08:21:40","slug":"alliage-daluminium-et-de-neodyme-alnd","status":"publish","type":"product","link":"https:\/\/vimaterial.de\/fr\/product\/alliage-daluminium-et-de-neodyme-alnd\/","title":{"rendered":"Alliage d\u2019aluminium et de n\u00e9odyme"},"content":{"rendered":"<p><span style=\"color: #0000ff;\"><a style=\"color: #0000ff;\" href=\"https:\/\/vimaterial.de\/fr\/product\/alliage-daluminium-et-de-neodyme\/\">Aluminium N\u00e9odyme AlNd<\/a><\/span> Les granul\u00e9s d\u2019alliage sont des particules d\u2019alliage \u00e0 base d\u2019aluminium (Al) contenant des \u00e9l\u00e9ments de n\u00e9odyme (Nd), qui ont une r\u00e9sistance \u00e9lev\u00e9e, une bonne r\u00e9sistance \u00e0 la chaleur et certaines propri\u00e9t\u00e9s magn\u00e9tiques, et ont des applications importantes dans l\u2019a\u00e9rospatiale, les mat\u00e9riaux \u00e9lectroniques et les mat\u00e9riaux magn\u00e9tiques.<\/p>\n<p>VIMATERIAL peut accepter la personnalisation de n\u2019importe lequel de ses produits, les mat\u00e9riaux cibles sont fournis avec un service de reliure, si vous en avez besoin, veuillez<span style=\"color: #0000ff;\"><a style=\"color: #0000ff;\" href=\"https:\/\/vimaterial.de\/fr\/contact\/\"> nous contacter<\/a><\/span>.<\/p>\n<h2><span style=\"color: #000000; font-size: 14pt;\">Quelles sont les propri\u00e9t\u00e9s sp\u00e9ciales de l\u2019alliage d\u2019aluminium et de n\u00e9odyme par rapport aux autres ?<\/span><\/h2>\n<p>Propri\u00e9t\u00e9s magn\u00e9tiques\u00a0: Les alliages d\u2019aluminium en g\u00e9n\u00e9ral sont fondamentalement non magn\u00e9tiques ou ont des propri\u00e9t\u00e9s magn\u00e9tiques tr\u00e8s faibles, tandis que les granules d\u2019alliage d\u2019aluminium et de n\u00e9odyme ont certaines propri\u00e9t\u00e9s magn\u00e9tiques en raison de la pr\u00e9sence de n\u00e9odyme, qui peuvent remplacer certains alliages magn\u00e9tiques traditionnels pour la fabrication de petits capteurs magn\u00e9tiques, de marqueurs magn\u00e9tiques, etc. dans des sc\u00e9narios qui ne n\u00e9cessitent pas un niveau \u00e9lev\u00e9 de magn\u00e9tisme mais doivent se combiner avec la l\u00e9g\u00e8ret\u00e9 et d\u2019autres caract\u00e9ristiques de l\u2019aluminium.<\/p>\n<p>Performance de r\u00e9sistance \u00e0 la chaleur\u00a0: par rapport aux alliages d\u2019aluminium ordinaires, l\u2019\u00e9l\u00e9ment n\u00e9odyme dans les granul\u00e9s AlNd en alliage d\u2019aluminium et de n\u00e9odyme peut augmenter consid\u00e9rablement la temp\u00e9rature de recristallisation des alliages d\u2019aluminium, inhiber la croissance des grains \u00e0 haute temp\u00e9rature, de sorte qu\u2019il peut toujours maintenir de bonnes propri\u00e9t\u00e9s m\u00e9caniques et une stabilit\u00e9 organisationnelle \u00e0 des temp\u00e9ratures plus \u00e9lev\u00e9es.<\/p>\n<p>Performance de traitement\u00a0: Compar\u00e9 \u00e0 certains alliages de duret\u00e9 \u00e9lev\u00e9e et de grande fragilit\u00e9, les granul\u00e9s d\u2019alliage d\u2019aluminium et de n\u00e9odyme AlNd ont une bonne plasticit\u00e9 et une bonne aptitude au traitement, faciles \u00e0 rouler, \u00e0 extruder, \u00e0 forger et \u00e0 d\u2019autres technologies de traitement pour cr\u00e9er une vari\u00e9t\u00e9 de formes de pi\u00e8ces et de composants, et ne sont pas faciles \u00e0 fissurer, \u00e0 fracturer et \u00e0 d\u2019autres d\u00e9fauts dans le processus de traitement.<\/p>\n<p>R\u00e9sistance \u00e0 la corrosion\u00a0: par rapport aux alliages ordinaires \u00e0 base de fer, les granules AlNd en alliage d\u2019aluminium et de n\u00e9odyme \u00e0 la surface de l\u2019aluminium lui-m\u00eame sont faciles \u00e0 former une couche de film d\u2019oxyde dense, ont un certain degr\u00e9 de r\u00e9sistance \u00e0 la corrosion, le n\u00e9odyme peut \u00eatre ajout\u00e9 pour am\u00e9liorer encore la surface de la structure du film d\u2019oxyde de l\u2019alliage, de sorte qu\u2019il est plus stable et dense, Dans l\u2019humidit\u00e9, les milieux corrosifs acides et alcalins tels que la r\u00e9sistance \u00e0 la corrosion corrosive sont plus fortes.<\/p>\n<h2><span style=\"font-size: 14pt;\">Applications<\/span><\/h2>\n<p>Domaine a\u00e9rospatial : en raison de ses excellentes performances \u00e0 haute temp\u00e9rature et de sa r\u00e9sistance, il peut \u00eatre utilis\u00e9 dans la fabrication de pi\u00e8ces structurelles d\u2019avions et d\u2019engins spatiaux, de pi\u00e8ces de moteurs, etc. Il peut r\u00e9duire le poids de l\u2019avion et am\u00e9liorer ses performances et sa fiabilit\u00e9 en m\u00eame temps.<\/p>\n<p>Industrie nucl\u00e9aire : dans les r\u00e9acteurs nucl\u00e9aires, l\u2019alliage aluminium-niobium peut \u00eatre utilis\u00e9 pour fabriquer certaines pi\u00e8ces cl\u00e9s, telles que les gaines d\u2019\u00e9l\u00e9ments combustibles, car il pr\u00e9sente une bonne r\u00e9sistance aux radiations et une r\u00e9sistance aux hautes temp\u00e9ratures.<\/p>\n<p>Industrie \u00e9lectronique\u00a0: L\u2019alliage d\u2019aluminium et de n\u00e9odyme est utilis\u00e9 dans la production de mat\u00e9riaux d\u2019encapsulation pour les appareils \u00e9lectroniques, les mat\u00e9riaux de dissipation thermique, etc., en profitant de leur bonne conductivit\u00e9 thermique et \u00e9lectrique.<\/p>\n<h2><span style=\"font-size: 14pt;\">Contr\u00f4le de la qualit\u00e9<\/span><\/h2>\n<p><span style=\"color: #000080;\"><a style=\"color: #000080;\" href=\"https:\/\/vimaterial.de\/fr\/controle-qualite\/\"><span style=\"color: #0000ff;\">Un syst\u00e8me de contr\u00f4le de la qualit\u00e9 strict<\/span><\/a> <\/span>est mis en \u0153uvre pour chaque lot de production, et des tests d\u00e9taill\u00e9s sont effectu\u00e9s dans tous les aspects, du contenu des composants, des propri\u00e9t\u00e9s physiques \u00e0 la microstructure, etc., et des rapports d\u2019essai d\u00e9taill\u00e9s pr\u00e9cis et opportuns sont fournis.<\/p>\n<h2><span style=\"font-size: 14pt;\">Emballage et stockage<\/span><\/h2>\n<p>Les granul\u00e9s d\u2019aluminium et de n\u00e9odyme sont emball\u00e9s dans des sacs ou des bouteilles sous vide \u00e0 double couche, \u00e0 l\u2019ext\u00e9rieur dans des cartons solides ou des caisses en bois, et \u00e0 l\u2019int\u00e9rieur dans des coussins moelleux.<\/p>\n<p>Les granul\u00e9s d\u2019aluminium et de n\u00e9odyme doivent \u00eatre stock\u00e9s dans un environnement sec et bien ventil\u00e9 \u00e0 une temp\u00e9rature appropri\u00e9e, en \u00e9vitant tout contact avec des substances corrosives telles que l\u2019eau, l\u2019acide, l\u2019alcali, etc. Il est pr\u00e9f\u00e9rable de le placer dans des r\u00e9cipients scell\u00e9s pour \u00e9viter l\u2019oxydation et la contamination et pour assurer ses performances stables.<\/p>\n","protected":false},"excerpt":{"rendered":"<p><span style=\"color: #0000ff;\"><a style=\"color: #0000ff;\" href=\"https:\/\/vimaterial.de\/fr\/product\/alliage-daluminium-et-de-neodyme\/\">Aluminium N\u00e9odyme<\/a><\/span> AlNd Les granul\u00e9s d\u2019alliage sont des particules d\u2019alliage \u00e0 base d\u2019aluminium (Al) contenant des \u00e9l\u00e9ments de n\u00e9odyme (Nd), qui ont une r\u00e9sistance \u00e9lev\u00e9e, une bonne r\u00e9sistance \u00e0 la chaleur et certaines propri\u00e9t\u00e9s magn\u00e9tiques, et ont des applications importantes dans l\u2019a\u00e9rospatiale, les mat\u00e9riaux \u00e9lectroniques et les mat\u00e9riaux magn\u00e9tiques.<\/p>\n<p>VIMATERIAL peut accepter la personnalisation de n\u2019importe lequel de ses produits, les mat\u00e9riaux cibles sont fournis avec un service de reliure, si vous en avez besoin, veuillez<span style=\"color: #0000ff;\"><a style=\"color: #0000ff;\" href=\"https:\/\/vimaterial.de\/fr\/contact\/\"> nous contacter<\/a><\/span>.<\/p>\n","protected":false},"featured_media":1029863,"comment_status":"open","ping_status":"closed","template":"","meta":{"_acf_changed":false},"product_brand":[],"product_cat":[236],"product_tag":[],"class_list":{"0":"post-1030296","1":"product","2":"type-product","3":"status-publish","4":"has-post-thumbnail","6":"product_cat-materiaux-devaporation","8":"first","9":"instock","10":"shipping-taxable","11":"purchasable","12":"product-type-variable"},"acf":[],"_links":{"self":[{"href":"https:\/\/vimaterial.de\/fr\/wp-json\/wp\/v2\/product\/1030296","targetHints":{"allow":["GET"]}}],"collection":[{"href":"https:\/\/vimaterial.de\/fr\/wp-json\/wp\/v2\/product"}],"about":[{"href":"https:\/\/vimaterial.de\/fr\/wp-json\/wp\/v2\/types\/product"}],"replies":[{"embeddable":true,"href":"https:\/\/vimaterial.de\/fr\/wp-json\/wp\/v2\/comments?post=1030296"}],"wp:featuredmedia":[{"embeddable":true,"href":"https:\/\/vimaterial.de\/fr\/wp-json\/wp\/v2\/media\/1029863"}],"wp:attachment":[{"href":"https:\/\/vimaterial.de\/fr\/wp-json\/wp\/v2\/media?parent=1030296"}],"wp:term":[{"taxonomy":"product_brand","embeddable":true,"href":"https:\/\/vimaterial.de\/fr\/wp-json\/wp\/v2\/product_brand?post=1030296"},{"taxonomy":"product_cat","embeddable":true,"href":"https:\/\/vimaterial.de\/fr\/wp-json\/wp\/v2\/product_cat?post=1030296"},{"taxonomy":"product_tag","embeddable":true,"href":"https:\/\/vimaterial.de\/fr\/wp-json\/wp\/v2\/product_tag?post=1030296"}],"curies":[{"name":"wp","href":"https:\/\/api.w.org\/{rel}","templated":true}]}}