{"id":1029812,"date":"2024-06-17T16:19:52","date_gmt":"2024-06-17T08:19:52","guid":{"rendered":"https:\/\/vimaterial.de\/product\/siliciure-dytterbium-2\/"},"modified":"2025-03-04T16:22:23","modified_gmt":"2025-03-04T08:22:23","slug":"siliciure-dytterbium-2","status":"publish","type":"product","link":"https:\/\/vimaterial.de\/fr\/product\/siliciure-dytterbium-2\/","title":{"rendered":"Siliciure d\u2019ytterbium"},"content":{"rendered":"<p><span style=\"color: #0000ff;\"><a style=\"color: #0000ff;\" href=\"https:\/\/vimaterial.de\/fr\/product\/siliciure-dytterbium\/\">La poudre de disiliciure d&#8217;ytterbium<\/a><\/span> est une poudre grise, insoluble dans l\u2019eau, \u00e0 structure cristalline hexagonale, principalement utilis\u00e9e dans les MLCC, les c\u00e9ramiques, les mat\u00e9riaux cristallins, les mat\u00e9riaux \u00e9lectroluminescents, l\u2019impression 3D et d\u2019autres domaines.<\/p>\n<p>VIMATERIAL fournit de la poudre de siliciure d&#8217;ytterbium dans diverses sp\u00e9cifications et prend en charge le service de liaison de cible. Nous acceptons la personnalisation des produits, <span style=\"color: #0000ff;\"><a style=\"color: #0000ff;\" href=\"https:\/\/vimaterial.de\/fr\/contact\/\">contactez-nous<\/a><\/span>.<\/p>\n<h2><span style=\"font-size: 14pt;\">Caract\u00e9ristiques<\/span><\/h2>\n<p>Formule mol\u00e9culaire : YbSi\u2082<\/p>\n<p>Poids mol\u00e9culaire : 229,21<\/p>\n<p>Apparence\u00a0: poudre grise<\/p>\n<p>Densit\u00e9 : 7,54 g\/cm\u00b3<\/p>\n<p>Structure cristalline : Syst\u00e8me cristallin hexagonal<\/p>\n<h3>Application<\/h3>\n<p>Mat\u00e9riaux \u00e9lectroniques : La poudre YbSi\u2082 peut optimiser les performances des condensateurs c\u00e9ramiques multicouches, assurant un fonctionnement stable des \u00e9quipements \u00e9lectroniques.<\/p>\n<p>Fabrication de c\u00e9ramiques : L\u2019ajout de poudre d\u2019YbSi\u2082 aux c\u00e9ramiques peut am\u00e9liorer la duret\u00e9 et la r\u00e9sistance aux hautes temp\u00e9ratures des c\u00e9ramiques, qui peuvent \u00eatre utilis\u00e9es dans la fabrication de produits c\u00e9ramiques haut de gamme.<\/p>\n<p>Impression 3D : L\u2019ajout d\u2019YbSi\u2082 \u00e0 la poudre d\u2019alliage d\u2019impression 3D m\u00e9tallique am\u00e9liore la fluidit\u00e9 et aide \u00e0 mouler des pi\u00e8ces m\u00e9talliques complexes.<\/p>\n<p>Mat\u00e9riaux magn\u00e9tiques : Bas\u00e9es sur les propri\u00e9t\u00e9s de l\u2019\u00e9l\u00e9ment Yb, les poudres YbSi\u2082 offrent la possibilit\u00e9 de d\u00e9velopper de nouveaux mat\u00e9riaux de stockage et de d\u00e9tection magn\u00e9tiques.<\/p>\n<h2><span style=\"font-size: 14pt;\">Contr\u00f4le de la qualit\u00e9<\/span><\/h2>\n<p><span style=\"color: #0000ff;\"><a style=\"color: #0000ff;\" href=\"https:\/\/vimaterial.de\/fr\/controle-qualite\/\">Chaque lot<\/a><\/span> de produits garantit strictement la qualit\u00e9, de la s\u00e9lection des fournisseurs de mati\u00e8res premi\u00e8res \u00e0 l\u2019utilisation d\u2019\u00e9quipements de test avanc\u00e9s pour surveiller avec pr\u00e9cision l\u2019ensemble du processus de production, jusqu\u2019au produit fini \u00e0 travers de nombreuses s\u00e9ries d\u2019\u00e9chantillonnage rigoureux et de certification par une tierce partie faisant autorit\u00e9, jusqu\u2019\u00e0 un syst\u00e8me de contr\u00f4le de la qualit\u00e9 complet et \u00e0 tol\u00e9rance z\u00e9ro pour garantir que chaque lot de produits respecte et d\u00e9passe les normes \u00e9lev\u00e9es de l\u2019industrie. Fournir \u00e0 nos clients la meilleure qualit\u00e9 et les produits les plus stables.<\/p>\n<h2><span style=\"font-size: 14pt;\">Emballage et stockage<\/span><\/h2>\n<p>La poudre de disiliciure d&#8217;ytterbium est emball\u00e9e dans un sac sous vide ou une bouteille sous vide dans un carton pour assurer un transport en toute s\u00e9curit\u00e9.<\/p>\n<p>La poudre de disiliciure d&#8217;ytterbium doit \u00eatre scell\u00e9e et stock\u00e9e dans un environnement sec, frais et bien ventil\u00e9, de pr\u00e9f\u00e9rence dans des r\u00e9cipients remplis de gaz inerte, afin d\u2019\u00e9viter l\u2019oxydation ou d\u2019autres r\u00e9actions chimiques r\u00e9sultant du contact avec l\u2019air, l\u2019humidit\u00e9, etc., et de s\u2019assurer que sa stabilit\u00e9 chimique et ses performances ne sont pas affect\u00e9es<\/p>\n","protected":false},"excerpt":{"rendered":"<p><span style=\"color: #0000ff;\"><a style=\"color: #0000ff;\" href=\"https:\/\/vimaterial.de\/fr\/product\/siliciure-dytterbium\/\">La poudre de disiliciure d&#8217;ytterbium<\/a><\/span> est une poudre grise, insoluble dans l\u2019eau, \u00e0 structure cristalline hexagonale, principalement utilis\u00e9e dans les MLCC, les c\u00e9ramiques, les mat\u00e9riaux cristallins, les mat\u00e9riaux \u00e9lectroluminescents, l\u2019impression 3D et d\u2019autres domaines.<\/p>\n<p>VIMATERIAL fournit de la poudre de siliciure d&#8217;ytterbium dans diverses sp\u00e9cifications et prend en charge le service de liaison de cible. Nous acceptons la personnalisation des produits, <span style=\"color: #0000ff;\"><a style=\"color: #0000ff;\" href=\"https:\/\/vimaterial.de\/fr\/contact\/\">contactez-nous<\/a><\/span>.<\/p>\n<p>&nbsp;<\/p>\n","protected":false},"featured_media":1034656,"comment_status":"open","ping_status":"closed","template":"","meta":{"_acf_changed":false},"product_brand":[],"product_cat":[241],"product_tag":[],"class_list":{"0":"post-1029812","1":"product","2":"type-product","3":"status-publish","4":"has-post-thumbnail","6":"product_cat-materiaux-a-base-de-terres-rares","8":"first","9":"instock","10":"shipping-taxable","11":"product-type-variable"},"acf":[],"_links":{"self":[{"href":"https:\/\/vimaterial.de\/fr\/wp-json\/wp\/v2\/product\/1029812","targetHints":{"allow":["GET"]}}],"collection":[{"href":"https:\/\/vimaterial.de\/fr\/wp-json\/wp\/v2\/product"}],"about":[{"href":"https:\/\/vimaterial.de\/fr\/wp-json\/wp\/v2\/types\/product"}],"replies":[{"embeddable":true,"href":"https:\/\/vimaterial.de\/fr\/wp-json\/wp\/v2\/comments?post=1029812"}],"wp:featuredmedia":[{"embeddable":true,"href":"https:\/\/vimaterial.de\/fr\/wp-json\/wp\/v2\/media\/1034656"}],"wp:attachment":[{"href":"https:\/\/vimaterial.de\/fr\/wp-json\/wp\/v2\/media?parent=1029812"}],"wp:term":[{"taxonomy":"product_brand","embeddable":true,"href":"https:\/\/vimaterial.de\/fr\/wp-json\/wp\/v2\/product_brand?post=1029812"},{"taxonomy":"product_cat","embeddable":true,"href":"https:\/\/vimaterial.de\/fr\/wp-json\/wp\/v2\/product_cat?post=1029812"},{"taxonomy":"product_tag","embeddable":true,"href":"https:\/\/vimaterial.de\/fr\/wp-json\/wp\/v2\/product_tag?post=1029812"}],"curies":[{"name":"wp","href":"https:\/\/api.w.org\/{rel}","templated":true}]}}