{"id":1029786,"date":"2024-06-17T16:12:08","date_gmt":"2024-06-17T08:12:08","guid":{"rendered":"https:\/\/vimaterial.de\/product\/nitrate-de-dysprosium-hydrate\/"},"modified":"2025-07-09T17:39:33","modified_gmt":"2025-07-09T09:39:33","slug":"nitrate-de-dysprosium-hydrate","status":"publish","type":"product","link":"https:\/\/vimaterial.de\/fr\/product\/nitrate-de-dysprosium-hydrate\/","title":{"rendered":"Dysprosium Nitrate Hydrate"},"content":{"rendered":"<p><span style=\"color: #0000ff;\"><a style=\"color: #0000ff;\" href=\"https:\/\/vimaterial.de\/fr\/search\/?type=name&#038;keyword=Dysprosium+nitrate\"><strong>La poudre Dysprosium Nitrate Hydrate<\/strong><\/a><\/span>\u00a0est une sorte de poudre cristalline facilement d\u00e9liquescente qui appara\u00eet g\u00e9n\u00e9ralement jaune clair, facilement soluble dans l\u2019eau et l\u2019\u00e9thanol, peut \u00eatre utilis\u00e9e pour fabriquer des compos\u00e9s de dysprosium et de fer, des interm\u00e9diaires de compos\u00e9s de dysprosium, des r\u00e9actifs chimiques, etc.<\/p>\n<p>VIMATERIAL prend en charge la personnalisation des produits, <span style=\"color: #0000ff;\"><a style=\"color: #0000ff;\" href=\"https:\/\/vimaterial.de\/fr\/contact\/\">contactez-nous.<\/a><\/span><\/p>\n<h2><span style=\"font-size: 14pt;\">Propri\u00e9t\u00e9s de l\u2019hydrate de nitrate de dysprosium <\/span><\/h2>\n<p>Formule mol\u00e9culaire : Dy(NO\u2083)\u2083-xH\u2082O<\/p>\n<p>Aspect : poudre cristalline incolore \u00e0 jaune clair<\/p>\n<p>Structure cristalline : syst\u00e8me cristallin orthorhombique<\/p>\n<p>Solubilit\u00e9 : tr\u00e8s soluble dans l\u2019eau et l\u2019\u00e9thanol, forte d\u00e9liquescence<\/p>\n<h2><span style=\"font-size: 14pt;\">Applications de l\u2019hydrate de nitrate de dysprosium <\/span><\/h2>\n<p>Pr\u00e9paration des mat\u00e9riaux des terres rares : C\u2019est une mati\u00e8re premi\u00e8re importante pour la pr\u00e9paration d\u2019autres compos\u00e9s de dysprosium ou de mat\u00e9riaux de terres rares.<\/p>\n<p>Industrie de la c\u00e9ramique et du verre : Le dysprosium peut \u00eatre utilis\u00e9 comme additif dans la production de verre optique sp\u00e9cial, de c\u00e9ramiques structurelles, etc., afin d\u2019am\u00e9liorer les propri\u00e9t\u00e9s des mat\u00e9riaux, telles que l\u2019augmentation de l\u2019indice de r\u00e9fraction du verre et l\u2019am\u00e9lioration de la r\u00e9sistance aux hautes temp\u00e9ratures de la c\u00e9ramique.<\/p>\n<p>R\u00e9actifs analytiques : Le dysprosium peut \u00eatre utilis\u00e9 dans l\u2019analyse et les tests chimiques, comme r\u00e9actif analytique pour tester et analyser d\u2019autres substances en laboratoire.<\/p>\n<p>Autres domaines : Dans l\u2019industrie nucl\u00e9aire, <strong>l\u2019hydrate de nitrate de dysprosium<\/strong> peut \u00eatre utilis\u00e9 dans les barres de contr\u00f4le des r\u00e9acteurs nucl\u00e9aires, etc., pour contr\u00f4ler le taux de r\u00e9actions nucl\u00e9aires en utilisant sa propri\u00e9t\u00e9 d\u2019absorption des neutrons.<\/p>\n<h2><span style=\"font-size: 14pt;\">Contr\u00f4le de la qualit\u00e9<\/span><\/h2>\n<p><span style=\"color: #0000ff;\"><a style=\"color: #0000ff;\" href=\"https:\/\/vimaterial.de\/fr\/controle-qualite\/\">VI HALBLEITERMATERIAL GmbH<\/a><\/span> met en \u0153uvre un syst\u00e8me de contr\u00f4le de la qualit\u00e9 complet du processus, respecte le principe de la retouche pour les produits d\u00e9fectueux et ne lib\u00e8re chaque lot de produits qu\u2019apr\u00e8s avoir pass\u00e9 avec succ\u00e8s des tests de sp\u00e9cification d\u00e9taill\u00e9s. Nous nous conformons enti\u00e8rement aux normes REACH et ASTM pour assurer la coh\u00e9rence des lots et \u00e9tablissons un syst\u00e8me complet de tra\u00e7abilit\u00e9 des documents pour construire une cha\u00eene d\u2019approvisionnement responsable.<\/p>\n<h2><span style=\"font-size: 14pt;\">Emballage et stockage<\/span><\/h2>\n<p>L\u2019hydrate de nitrate de dysprosium est emball\u00e9 sous vide, puis emball\u00e9 dans des cartons sp\u00e9ciaux pour assurer un transport en toute s\u00e9curit\u00e9, et la capacit\u00e9 d\u2019emballage peut \u00eatre personnalis\u00e9e en fonction des exigences du client.<\/p>\n<p>Les Dy(NO\u2083)\u2083-xH\u2082O doivent \u00eatre strictement \u00e9tanches \u00e0 l\u2019humidit\u00e9 et \u00e0 la lumi\u00e8re, scell\u00e9s et stock\u00e9s dans un environnement sec (humidit\u00e9 \u2264 30\u00a0% HR, temp\u00e9rature 15-25 \u00b0C), pour \u00e9viter tout contact avec la mati\u00e8re organique.<\/p>\n","protected":false},"excerpt":{"rendered":"<p><span style=\"color: #0000ff;\"><a style=\"color: #0000ff;\" href=\"https:\/\/vimaterial.de\/fr\/search\/?type=name&#038;keyword=Dysprosium+nitrate\"><strong>La poudre Dysprosium Nitrate Hydrate<\/strong><\/a><\/span>\u00a0est une sorte de poudre cristalline facilement d\u00e9liquescente qui appara\u00eet g\u00e9n\u00e9ralement jaune clair, facilement soluble dans l\u2019eau et l\u2019\u00e9thanol, peut \u00eatre utilis\u00e9e pour fabriquer des compos\u00e9s de dysprosium et de fer, des interm\u00e9diaires de compos\u00e9s de dysprosium, des r\u00e9actifs chimiques, etc.<\/p>\n<p>VIMATERIAL prend en charge la personnalisation des produits, <span style=\"color: #0000ff;\"><a style=\"color: #0000ff;\" href=\"https:\/\/vimaterial.de\/fr\/contact\/\">contactez-nous.<\/a><\/span><\/p>\n","protected":false},"featured_media":1038546,"comment_status":"open","ping_status":"closed","template":"","meta":{"_acf_changed":false},"product_brand":[],"product_cat":[241],"product_tag":[],"class_list":{"0":"post-1029786","1":"product","2":"type-product","3":"status-publish","4":"has-post-thumbnail","6":"product_cat-materiaux-a-base-de-terres-rares","8":"first","9":"instock","10":"shipping-taxable","11":"purchasable","12":"product-type-variable"},"acf":[],"_links":{"self":[{"href":"https:\/\/vimaterial.de\/fr\/wp-json\/wp\/v2\/product\/1029786","targetHints":{"allow":["GET"]}}],"collection":[{"href":"https:\/\/vimaterial.de\/fr\/wp-json\/wp\/v2\/product"}],"about":[{"href":"https:\/\/vimaterial.de\/fr\/wp-json\/wp\/v2\/types\/product"}],"replies":[{"embeddable":true,"href":"https:\/\/vimaterial.de\/fr\/wp-json\/wp\/v2\/comments?post=1029786"}],"wp:featuredmedia":[{"embeddable":true,"href":"https:\/\/vimaterial.de\/fr\/wp-json\/wp\/v2\/media\/1038546"}],"wp:attachment":[{"href":"https:\/\/vimaterial.de\/fr\/wp-json\/wp\/v2\/media?parent=1029786"}],"wp:term":[{"taxonomy":"product_brand","embeddable":true,"href":"https:\/\/vimaterial.de\/fr\/wp-json\/wp\/v2\/product_brand?post=1029786"},{"taxonomy":"product_cat","embeddable":true,"href":"https:\/\/vimaterial.de\/fr\/wp-json\/wp\/v2\/product_cat?post=1029786"},{"taxonomy":"product_tag","embeddable":true,"href":"https:\/\/vimaterial.de\/fr\/wp-json\/wp\/v2\/product_tag?post=1029786"}],"curies":[{"name":"wp","href":"https:\/\/api.w.org\/{rel}","templated":true}]}}