{"id":1029767,"date":"2024-06-17T16:19:53","date_gmt":"2024-06-17T08:19:53","guid":{"rendered":"https:\/\/vimaterial.de\/product\/lutetium-metal-3\/"},"modified":"2025-03-04T11:29:07","modified_gmt":"2025-03-04T03:29:07","slug":"lutetium-metal-3","status":"publish","type":"product","link":"https:\/\/vimaterial.de\/fr\/product\/lutetium-metal-3\/","title":{"rendered":"Lut\u00e9cium m\u00e9tal"},"content":{"rendered":"<p><span style=\"color: #0000ff;\"><a style=\"color: #0000ff;\" href=\"https:\/\/vimaterial.de\/fr\/product\/lutetium-metal\/\">Lut\u00e9cium<\/a><\/span> La tige est une tige m\u00e9tallique en lut\u00e9cium d\u2019une grande puret\u00e9 et de bonnes propri\u00e9t\u00e9s physiques et chimiques. En raison de sa section efficace d\u2019absorption des neutrons \u00e9lev\u00e9e et de sa bonne stabilit\u00e9 \u00e0 la radioactivit\u00e9, la tige de lut\u00e9cium est largement utilis\u00e9e dans les barres de contr\u00f4le des r\u00e9acteurs nucl\u00e9aires, la production de produits radiopharmaceutiques m\u00e9dicaux, les instruments de recherche scientifique haut de gamme et les additifs d\u2019alliage sp\u00e9ciaux.<\/p>\n<p><span style=\"font-size: 12pt;\">VIMATERIAL fournit une tige m\u00e9tallique de lut\u00e9cium dans diverses sp\u00e9cifications et prend en charge le service de liaison de cible. Nous acceptons la personnalisation des produits,<a href=\"https:\/\/vimaterial.de\/fr\/contact\/\"><span style=\"color: #0000ff;\"> contactez-nous.<\/span><\/a> <\/span><\/p>\n<h2><span style=\"font-size: 14pt;\">Caract\u00e9ristiques<br \/>\n<\/span><\/h2>\n<p>Formule mol\u00e9culaire : Lu<\/p>\n<p>Poids mol\u00e9culaire : 174,967<\/p>\n<p>Apparence\u00a0: Couleur m\u00e9tallis\u00e9e blanc argent\u00e9<\/p>\n<p>Densit\u00e9 : 9,84 g\/cm\u00b3<\/p>\n<p>Point de fusion : 1663\u00b0C<\/p>\n<p>Point d\u2019\u00e9bullition : 3395\u00b0C<\/p>\n<p>Structure cristalline : Structure hexagonale compacte<\/p>\n<h2><span style=\"font-size: 14pt;\">Applications<\/span><\/h2>\n<p>Dans l\u2019industrie nucl\u00e9aire, les barres de lut\u00e9cium sont utilis\u00e9es comme barres de contr\u00f4le dans les r\u00e9acteurs nucl\u00e9aires en raison de leur section efficace d\u2019absorption \u00e9lev\u00e9e des neutrons, contr\u00f4lant efficacement la vitesse des r\u00e9actions nucl\u00e9aires et assurant un fonctionnement s\u00fbr et stable des r\u00e9acteurs, et en tant que mat\u00e9riaux importants dans les d\u00e9tecteurs de neutrons pour d\u00e9tecter l\u2019intensit\u00e9 et la distribution du rayonnement neutronique.<\/p>\n<p>Domaine m\u00e9dical : Le lut\u00e9cium 177 est un radio-isotope important, qui peut \u00eatre pr\u00e9par\u00e9 en traitant des b\u00e2tonnets de lut\u00e9cium. Il est couramment utilis\u00e9 dans les produits radiopharmaceutiques, comme dans le traitement des tumeurs neuroendocrines, o\u00f9 il peut d\u00e9livrer avec pr\u00e9cision des substances radioactives aux cellules tumorales \u00e0 des fins th\u00e9rapeutiques.<\/p>\n<p>Les tiges de lut\u00e9cium sont utilis\u00e9es dans la fabrication de composants \u00e9lectroniques sp\u00e9ciaux, tels que des dispositifs semi-conducteurs haute performance et des circuits int\u00e9gr\u00e9s, o\u00f9 l\u2019ajout de lut\u00e9cium am\u00e9liore les propri\u00e9t\u00e9s \u00e9lectriques du mat\u00e9riau et augmente la stabilit\u00e9 et la fiabilit\u00e9 du dispositif.<\/p>\n<p>Optique : Les tiges de lut\u00e9cium peuvent \u00eatre utilis\u00e9es comme mati\u00e8res premi\u00e8res dans la pr\u00e9paration de compos\u00e9s \u00e0 base de lut\u00e9cium avec des propri\u00e9t\u00e9s optiques particuli\u00e8res, tels que l\u2019oxyde de lut\u00e9cium, qui sont utilis\u00e9s dans la fabrication de mat\u00e9riaux optiques tels que le verre optique et les cristaux laser, et jouent un r\u00f4le dans la technologie laser et les communications optiques.<\/p>\n<h2><span style=\"font-size: 14pt;\">Contr\u00f4le de la qualit\u00e9<\/span><\/h2>\n<p><span style=\"color: #0000ff;\"><a style=\"color: #0000ff;\" href=\"https:\/\/vimaterial.de\/fr\/controle-qualite\/\">Chaque lot<\/a><\/span> de produits garantit strictement la qualit\u00e9, de la s\u00e9lection des fournisseurs de mati\u00e8res premi\u00e8res \u00e0 l\u2019utilisation d\u2019\u00e9quipements de test avanc\u00e9s pour surveiller avec pr\u00e9cision l\u2019ensemble du processus de production, jusqu\u2019au produit fini \u00e0 travers de nombreuses s\u00e9ries d\u2019\u00e9chantillonnage rigoureux et de certification par une tierce partie faisant autorit\u00e9, jusqu\u2019\u00e0 un syst\u00e8me de contr\u00f4le de la qualit\u00e9 complet et \u00e0 tol\u00e9rance z\u00e9ro pour garantir que chaque lot de produits respecte et d\u00e9passe les normes \u00e9lev\u00e9es de l\u2019industrie. Fournir \u00e0 nos clients la meilleure qualit\u00e9 et les produits les plus stables.<\/p>\n<h2><span style=\"font-size: 14pt;\">Emballage et stockage<\/span><\/h2>\n<p>Les tiges m\u00e9talliques en lut\u00e9cium sont emball\u00e9es dans des caisses en bois apr\u00e8s un double ensachage sous vide.<\/p>\n<p>Les tiges de lut\u00e9cium m\u00e9tal doivent \u00eatre stock\u00e9es dans un environnement sec et propre dans des r\u00e9cipients scell\u00e9s pour \u00e9viter l\u2019oxydation, de pr\u00e9f\u00e9rence dans un environnement prot\u00e9g\u00e9 par un gaz inerte tel que l\u2019azote, et \u00e0 l\u2019abri des champs magn\u00e9tiques puissants, des temp\u00e9ratures \u00e9lev\u00e9es et des produits chimiques corrosifs.<\/p>\n","protected":false},"excerpt":{"rendered":"<p><span style=\"color: #0000ff;\"><a style=\"color: #0000ff;\" href=\"https:\/\/vimaterial.de\/fr\/product\/lutetium-metal\/\">Lut\u00e9cium<\/a><\/span> La tige est une tige m\u00e9tallique en lut\u00e9cium d\u2019une grande puret\u00e9 et de bonnes propri\u00e9t\u00e9s physiques et chimiques. En raison de sa section efficace d\u2019absorption des neutrons \u00e9lev\u00e9e et de sa bonne stabilit\u00e9 \u00e0 la radioactivit\u00e9, la tige de lut\u00e9cium est largement utilis\u00e9e dans les barres de contr\u00f4le des r\u00e9acteurs nucl\u00e9aires, la production de produits radiopharmaceutiques m\u00e9dicaux, les instruments de recherche scientifique haut de gamme et les additifs d\u2019alliage sp\u00e9ciaux.<\/p>\n<p><span style=\"font-size: 12pt;\">VIMATERIAL fournit une tige m\u00e9tallique de lut\u00e9cium dans diverses sp\u00e9cifications et prend en charge le service de liaison de cible. Nous acceptons la personnalisation des produits,<a href=\"https:\/\/vimaterial.de\/fr\/contact\/\"><span style=\"color: #0000ff;\"> contactez-nous.<\/span><\/a><\/span><\/p>\n","protected":false},"featured_media":1034661,"comment_status":"open","ping_status":"closed","template":"","meta":{"_acf_changed":false},"product_brand":[],"product_cat":[245],"product_tag":[],"class_list":{"0":"post-1029767","1":"product","2":"type-product","3":"status-publish","4":"has-post-thumbnail","6":"product_cat-profil-fr","8":"first","9":"instock","10":"shipping-taxable","11":"product-type-variable"},"acf":[],"_links":{"self":[{"href":"https:\/\/vimaterial.de\/fr\/wp-json\/wp\/v2\/product\/1029767","targetHints":{"allow":["GET"]}}],"collection":[{"href":"https:\/\/vimaterial.de\/fr\/wp-json\/wp\/v2\/product"}],"about":[{"href":"https:\/\/vimaterial.de\/fr\/wp-json\/wp\/v2\/types\/product"}],"replies":[{"embeddable":true,"href":"https:\/\/vimaterial.de\/fr\/wp-json\/wp\/v2\/comments?post=1029767"}],"wp:featuredmedia":[{"embeddable":true,"href":"https:\/\/vimaterial.de\/fr\/wp-json\/wp\/v2\/media\/1034661"}],"wp:attachment":[{"href":"https:\/\/vimaterial.de\/fr\/wp-json\/wp\/v2\/media?parent=1029767"}],"wp:term":[{"taxonomy":"product_brand","embeddable":true,"href":"https:\/\/vimaterial.de\/fr\/wp-json\/wp\/v2\/product_brand?post=1029767"},{"taxonomy":"product_cat","embeddable":true,"href":"https:\/\/vimaterial.de\/fr\/wp-json\/wp\/v2\/product_cat?post=1029767"},{"taxonomy":"product_tag","embeddable":true,"href":"https:\/\/vimaterial.de\/fr\/wp-json\/wp\/v2\/product_tag?post=1029767"}],"curies":[{"name":"wp","href":"https:\/\/api.w.org\/{rel}","templated":true}]}}