{"id":1029758,"date":"2024-06-17T16:19:52","date_gmt":"2024-06-17T08:19:52","guid":{"rendered":"https:\/\/vimaterial.de\/product\/siliciure-dytterbium\/"},"modified":"2025-03-05T11:28:06","modified_gmt":"2025-03-05T03:28:06","slug":"siliciure-dytterbium","status":"publish","type":"product","link":"https:\/\/vimaterial.de\/fr\/product\/siliciure-dytterbium\/","title":{"rendered":"Siliciure d\u2019ytterbium"},"content":{"rendered":"<p>Les cibles de pulv\u00e9risation au <span style=\"color: #0000ff;\"><a style=\"color: #0000ff;\" href=\"https:\/\/vimaterial.de\/fr\/product\/siliciure-dyttrium-2\/\">disiliciure d&#8217;ytterbium<\/a><\/span> sont des cibles de haute puret\u00e9 compos\u00e9es des \u00e9l\u00e9ments ytterbium et silicium qui sont principalement utilis\u00e9s pour d\u00e9poser des films minces d\u2019YbSi\u2082 \u00e0 la surface des mat\u00e9riaux par le processus de pulv\u00e9risation. Il poss\u00e8de des propri\u00e9t\u00e9s sp\u00e9cifiques pour r\u00e9guler les propri\u00e9t\u00e9s optiques et \u00e9lectriques, et est principalement utilis\u00e9 dans les domaines des semi-conducteurs et du rev\u00eatement optique.<\/p>\n<p>VIMATERIAL fournit des cibles de pulv\u00e9risation de siliciure d&#8217;ytterbium dans diverses sp\u00e9cifications et prend en charge le service de liaison de cibles. Nous acceptons la personnalisation des produits,<span style=\"color: #0000ff;\"><a style=\"color: #0000ff;\" href=\"https:\/\/vimaterial.de\/fr\/contact\/\"> contactez-nous.<\/a><\/span><\/p>\n<h2><span style=\"font-size: 14pt;\">Caract\u00e9ristiques<\/span><\/h2>\n<p>Formule mol\u00e9culaire : YbSi\u2082<\/p>\n<p>Poids mol\u00e9culaire : environ 229,21<\/p>\n<p>Apparence\u00a0: M\u00e9tal gris argent\u00e9<\/p>\n<p>Densit\u00e9 : environ 7,540 g\/cm\u00b3.<\/p>\n<p>Structure cristalline : Structure cristalline hexagonale<\/p>\n<h3>Application<\/h3>\n<p>Champ des semi-conducteurs : La cible de pulv\u00e9risation YbSi\u2082 peut \u00eatre utilis\u00e9e comme couche barri\u00e8re et mat\u00e9riau d\u2019\u00e9lectrode de contact dans la fabrication de semi-conducteurs, emp\u00eachant la diffusion atomique et r\u00e9duisant la r\u00e9sistance de contact pour am\u00e9liorer les performances et la fiabilit\u00e9 du dispositif.<\/p>\n<p>Champ optique : Les cibles de pulv\u00e9risation YbSi\u2082 peuvent \u00eatre utilis\u00e9es pour le rev\u00eatement optique, formant des films minces \u00e0 la surface des composants optiques pour ajuster la r\u00e9flectivit\u00e9, l\u2019absorbance et d\u2019autres propri\u00e9t\u00e9s optiques, et peuvent \u00e9galement \u00eatre utilis\u00e9es pour la fabrication de dispositifs optiques infrarouges dans le film fonctionnel.<\/p>\n<p>Champ d\u2019information \u00e9lectronique : Dans le domaine de l\u2019information \u00e9lectronique, les cibles de pulv\u00e9risation YbSi\u2082 peuvent \u00eatre utilis\u00e9es pour pr\u00e9parer des films fonctionnels pour les supports d\u2019enregistrement magn\u00e9tique afin d\u2019am\u00e9liorer la densit\u00e9 de stockage et les performances de lecture\/\u00e9criture, et peuvent \u00e9galement \u00eatre utilis\u00e9es pour fabriquer des dispositifs \u00e9lectroniques \u00e0 couche mince avec des propri\u00e9t\u00e9s sp\u00e9cifiques, telles que des r\u00e9sistances \u00e0 couche mince, des condensateurs, etc.<\/p>\n<h2><span style=\"font-size: 14pt;\">Contr\u00f4le de la qualit\u00e9<\/span><\/h2>\n<p><span style=\"color: #0000ff;\"><a style=\"color: #0000ff;\" href=\"https:\/\/vimaterial.de\/fr\/controle-qualite\/\">Chaque lot<\/a><\/span> de produits garantit strictement la qualit\u00e9, de la s\u00e9lection des fournisseurs de mati\u00e8res premi\u00e8res \u00e0 l\u2019utilisation d\u2019\u00e9quipements de test avanc\u00e9s pour surveiller avec pr\u00e9cision l\u2019ensemble du processus de production, jusqu\u2019au produit fini \u00e0 travers de nombreuses s\u00e9ries d\u2019\u00e9chantillonnage rigoureux et de certification par une tierce partie faisant autorit\u00e9, jusqu\u2019\u00e0 un syst\u00e8me de contr\u00f4le de la qualit\u00e9 complet et \u00e0 tol\u00e9rance z\u00e9ro pour garantir que chaque lot de produits respecte et d\u00e9passe les normes \u00e9lev\u00e9es de l\u2019industrie. Fournir \u00e0 nos clients la meilleure qualit\u00e9 et les produits les plus stables.<\/p>\n<h2><span style=\"font-size: 14pt;\">Emballage et stockage<\/span><\/h2>\n<p>Les cibles de pulv\u00e9risation au disiliciure d&#8217;ytterbium sont emball\u00e9es dans un double sac sous vide, puis emball\u00e9es dans un carton ext\u00e9rieur.<\/p>\n<p>Les cibles de pulv\u00e9risation de disiliciure d&#8217;ytterbium doivent \u00eatre stock\u00e9es \u00e0 temp\u00e9rature ambiante dans un environnement sec, propre et bien ventil\u00e9, \u00e0 l\u2019abri de l\u2019humidit\u00e9, de l\u2019oxyg\u00e8ne et d\u2019autres substances actives, de pr\u00e9f\u00e9rence dans un emballage scell\u00e9 pour \u00e9viter l\u2019oxydation et la contamination.<\/p>\n","protected":false},"excerpt":{"rendered":"<p>Les cibles de pulv\u00e9risation au <span style=\"color: #0000ff;\"><a style=\"color: #0000ff;\" href=\"https:\/\/vimaterial.de\/fr\/product\/siliciure-dyttrium-2\/\">disiliciure d&#8217;ytterbium<\/a><\/span> sont des cibles de haute puret\u00e9 compos\u00e9es des \u00e9l\u00e9ments ytterbium et silicium qui sont principalement utilis\u00e9s pour d\u00e9poser des films minces d\u2019YbSi\u2082 \u00e0 la surface des mat\u00e9riaux par le processus de pulv\u00e9risation. Il poss\u00e8de des propri\u00e9t\u00e9s sp\u00e9cifiques pour r\u00e9guler les propri\u00e9t\u00e9s optiques et \u00e9lectriques, et est principalement utilis\u00e9 dans les domaines des semi-conducteurs et du rev\u00eatement optique.<\/p>\n<p>VIMATERIAL fournit des cibles de pulv\u00e9risation de siliciure d\u2019ytterbium dans diverses sp\u00e9cifications et prend en charge le service de liaison de cibles. Nous acceptons la personnalisation des produits,<span style=\"color: #0000ff;\"><a style=\"color: #0000ff;\" href=\"https:\/\/vimaterial.de\/fr\/contact\/\"> contactez-nous.<\/a><\/span><\/p>\n<p>&nbsp;<\/p>\n<p>&nbsp;<\/p>\n","protected":false},"featured_media":1034656,"comment_status":"open","ping_status":"closed","template":"","meta":{"_acf_changed":false},"product_brand":[],"product_cat":[235],"product_tag":[],"class_list":{"0":"post-1029758","1":"product","2":"type-product","3":"status-publish","4":"has-post-thumbnail","6":"product_cat-cibles-de-pulverisation-planaire","8":"first","9":"instock","10":"shipping-taxable","11":"product-type-variable"},"acf":[],"_links":{"self":[{"href":"https:\/\/vimaterial.de\/fr\/wp-json\/wp\/v2\/product\/1029758","targetHints":{"allow":["GET"]}}],"collection":[{"href":"https:\/\/vimaterial.de\/fr\/wp-json\/wp\/v2\/product"}],"about":[{"href":"https:\/\/vimaterial.de\/fr\/wp-json\/wp\/v2\/types\/product"}],"replies":[{"embeddable":true,"href":"https:\/\/vimaterial.de\/fr\/wp-json\/wp\/v2\/comments?post=1029758"}],"wp:featuredmedia":[{"embeddable":true,"href":"https:\/\/vimaterial.de\/fr\/wp-json\/wp\/v2\/media\/1034656"}],"wp:attachment":[{"href":"https:\/\/vimaterial.de\/fr\/wp-json\/wp\/v2\/media?parent=1029758"}],"wp:term":[{"taxonomy":"product_brand","embeddable":true,"href":"https:\/\/vimaterial.de\/fr\/wp-json\/wp\/v2\/product_brand?post=1029758"},{"taxonomy":"product_cat","embeddable":true,"href":"https:\/\/vimaterial.de\/fr\/wp-json\/wp\/v2\/product_cat?post=1029758"},{"taxonomy":"product_tag","embeddable":true,"href":"https:\/\/vimaterial.de\/fr\/wp-json\/wp\/v2\/product_tag?post=1029758"}],"curies":[{"name":"wp","href":"https:\/\/api.w.org\/{rel}","templated":true}]}}