{"id":1029716,"date":"2024-06-17T16:19:53","date_gmt":"2024-06-17T08:19:53","guid":{"rendered":"https:\/\/vimaterial.de\/product\/lutetium-metal\/"},"modified":"2025-03-04T13:41:23","modified_gmt":"2025-03-04T05:41:23","slug":"lutetium-metal","status":"publish","type":"product","link":"https:\/\/vimaterial.de\/fr\/product\/lutetium-metal\/","title":{"rendered":"Lut\u00e9cium m\u00e9tal"},"content":{"rendered":"<p>La cible de pulv\u00e9risation du <span style=\"color: #0000ff;\"><a style=\"color: #0000ff;\" href=\"https:\/\/vimaterial.de\/fr\/product\/lutetium-metal-3\/\">lut\u00e9cium<\/a><\/span> est une sorte de mat\u00e9riau source de pulv\u00e9risation avec du lut\u00e9cium m\u00e9tal comme composant principal, avec une puret\u00e9, une forme et une densit\u00e9 sp\u00e9cifiques \u00e9lev\u00e9es, qui est utilis\u00e9 comme mat\u00e9riau cible bombard\u00e9 par des faisceaux de particules \u00e0 haute \u00e9nergie dans la pulv\u00e9risation magn\u00e9tron et d\u2019autres processus de rev\u00eatement, et est utilis\u00e9 pour d\u00e9poser un film mince de lut\u00e9cium sur le substrat pour former un film de lut\u00e9cium avec des propri\u00e9t\u00e9s sp\u00e9ciales, qui est largement utilis\u00e9 dans les domaines de l\u2019\u00e9lectronique, de l\u2019optique et de l\u2019\u00e9nergie.<\/p>\n<p>VIMATERIAL fournit une cible de pulv\u00e9risation lut\u00e9cium dans diverses sp\u00e9cifications et prend en charge le service de liaison de cible. Nous acceptons la personnalisation des produits, <span style=\"color: #0000ff;\"><a style=\"color: #0000ff;\" href=\"https:\/\/vimaterial.de\/fr\/contact\/\">contactez-nous.<\/a><\/span><\/p>\n<h2><span style=\"font-size: 14pt;\">Caract\u00e9ristiques<\/span><\/h2>\n<p>Formule mol\u00e9culaire : Lu<\/p>\n<p>Poids mol\u00e9culaire : 174,967<\/p>\n<p>Apparence\u00a0: Gris argent\u00e9 lustr\u00e9 m\u00e9tallis\u00e9<\/p>\n<p>Densit\u00e9 : environ 9,85 g\/cm\u00b3<\/p>\n<p>Point de fusion : environ 1663\u00b0C<\/p>\n<p>Point d\u2019\u00e9bullition : environ 3402\u00b0C.<\/p>\n<p>Structure cristalline : hexagonale<\/p>\n<h2><span style=\"font-size: 14pt;\">Applications<\/span><\/h2>\n<p>Dans le domaine de l\u2019\u00e9lectronique et des technologies de l\u2019information, le lut\u00e9cium peut \u00eatre utilis\u00e9 pour former des couches minces m\u00e9talliques afin d\u2019am\u00e9liorer les performances dans la fabrication de puces \u00e0 semi-conducteurs, pulv\u00e9ris\u00e9 pour former des \u00e9lectrodes conductrices transparentes ou des couches minces fonctionnelles pour les \u00e9crans plats, et utilis\u00e9 pour pr\u00e9parer des couches de couches minces magn\u00e9tiques pour le stockage de donn\u00e9es afin d\u2019augmenter la densit\u00e9 de stockage.<\/p>\n<p>Optique : Les couches minces de lut\u00e9cium peuvent \u00eatre recouvertes \u00e0 la surface des composants optiques pour r\u00e9guler la transmission et la r\u00e9flectance de la lumi\u00e8re, et peuvent \u00e9galement \u00eatre utilis\u00e9es pour pr\u00e9parer des mat\u00e9riaux \u00e0 couche mince pour les composants centraux des communications optiques afin d\u2019assurer une transmission efficace des signaux optiques.<\/p>\n<p>\u00c9nergie : Le lut\u00e9cium peut \u00eatre utilis\u00e9 pour construire des \u00e9lectrodes \u00e0 couche mince d\u2019oxyde conducteur transparent pour les cellules solaires afin d\u2019am\u00e9liorer l\u2019efficacit\u00e9 de la conversion photovolta\u00efque, et pour les batteries lithium-ion afin d\u2019am\u00e9liorer les performances de l\u2019\u00e9lectrode.<\/p>\n<p>Domaine a\u00e9rospatial\u00a0: il peut \u00eatre utilis\u00e9 pour former des rev\u00eatements protecteurs \u00e0 la surface des pi\u00e8ces de moteur d\u2019aviation afin d\u2019am\u00e9liorer leur r\u00e9sistance aux hautes temp\u00e9ratures et d\u2019autres propri\u00e9t\u00e9s, et il peut \u00e9galement \u00eatre utilis\u00e9 pour fabriquer des antennes satellites et des panneaux solaires en mat\u00e9riaux \u00e0 couche mince pour assurer le fonctionnement stable des satellites.<\/p>\n<h2><span style=\"font-size: 14pt;\">Contr\u00f4le de la qualit\u00e9<\/span><\/h2>\n<p><span style=\"color: #0000ff;\"><a style=\"color: #0000ff;\" href=\"https:\/\/vimaterial.de\/fr\/controle-qualite\/\">Chaque lot<\/a><\/span> de produits garantit strictement la qualit\u00e9, de la s\u00e9lection des fournisseurs de mati\u00e8res premi\u00e8res \u00e0 l\u2019utilisation d\u2019\u00e9quipements de test avanc\u00e9s pour surveiller avec pr\u00e9cision l\u2019ensemble du processus de production, jusqu\u2019au produit fini \u00e0 travers de nombreuses s\u00e9ries d\u2019\u00e9chantillonnage rigoureux et de certification par une tierce partie faisant autorit\u00e9, jusqu\u2019\u00e0 un syst\u00e8me de contr\u00f4le de la qualit\u00e9 complet et \u00e0 tol\u00e9rance z\u00e9ro pour garantir que chaque lot de produits respecte et d\u00e9passe les normes \u00e9lev\u00e9es de l\u2019industrie. Fournir \u00e0 nos clients la meilleure qualit\u00e9 et les produits les plus stables.<\/p>\n<h2><span style=\"font-size: 14pt;\">Emballage et stockage<\/span><\/h2>\n<p>Les cibles de pulv\u00e9risation du lut\u00e9cium sont emball\u00e9es dans un double sac sous vide, puis emball\u00e9es et emball\u00e9es \u00e0 l\u2019ext\u00e9rieur dans des cartons robustes pour assurer un transport en toute s\u00e9curit\u00e9.<\/p>\n<p>Les cibles de pulv\u00e9risation au lut\u00e9cium doivent \u00eatre stock\u00e9es dans un environnement sec et frais \u00e0 temp\u00e9rature constante, dans des emballages sous vide ou des r\u00e9cipients scell\u00e9s pour \u00e9viter l\u2019oxydation et l\u2019humidit\u00e9, et dans un endroit s\u00fbr, exempt de vibrations et d\u2019interf\u00e9rences magn\u00e9tiques et \u00e0 l\u2019abri des substances corrosives pour \u00e9viter les dommages physiques et les modifications de propri\u00e9t\u00e9s.<\/p>\n","protected":false},"excerpt":{"rendered":"<p>La cible de pulv\u00e9risation du <span style=\"color: #0000ff;\"><a style=\"color: #0000ff;\" href=\"https:\/\/vimaterial.de\/fr\/product\/lutetium-metal-3\/\">lut\u00e9cium<\/a><\/span> est une sorte de mat\u00e9riau source de pulv\u00e9risation avec du lut\u00e9cium m\u00e9tal comme composant principal, avec une puret\u00e9, une forme et une densit\u00e9 sp\u00e9cifiques \u00e9lev\u00e9es, qui est utilis\u00e9 comme mat\u00e9riau cible bombard\u00e9 par des faisceaux de particules \u00e0 haute \u00e9nergie dans la pulv\u00e9risation magn\u00e9tron et d\u2019autres processus de rev\u00eatement, et est utilis\u00e9 pour d\u00e9poser un film mince de lut\u00e9cium sur le substrat pour former un film de lut\u00e9cium avec des propri\u00e9t\u00e9s sp\u00e9ciales, qui est largement utilis\u00e9 dans les domaines de l\u2019\u00e9lectronique, de l\u2019optique et de l\u2019\u00e9nergie.<\/p>\n<p>VIMATERIAL fournit une cible de pulv\u00e9risation lut\u00e9cium dans diverses sp\u00e9cifications et prend en charge le service de liaison de cible. Nous acceptons la personnalisation des produits, <span style=\"color: #0000ff;\"><a style=\"color: #0000ff;\" href=\"https:\/\/vimaterial.de\/fr\/contact\/\">contactez-nous.<\/a><\/span><\/p>\n<p>&nbsp;<\/p>\n","protected":false},"featured_media":1034671,"comment_status":"open","ping_status":"closed","template":"","meta":{"_acf_changed":false},"product_brand":[],"product_cat":[235],"product_tag":[],"class_list":{"0":"post-1029716","1":"product","2":"type-product","3":"status-publish","4":"has-post-thumbnail","6":"product_cat-cibles-de-pulverisation-planaire","8":"first","9":"instock","10":"shipping-taxable","11":"product-type-variable"},"acf":[],"_links":{"self":[{"href":"https:\/\/vimaterial.de\/fr\/wp-json\/wp\/v2\/product\/1029716","targetHints":{"allow":["GET"]}}],"collection":[{"href":"https:\/\/vimaterial.de\/fr\/wp-json\/wp\/v2\/product"}],"about":[{"href":"https:\/\/vimaterial.de\/fr\/wp-json\/wp\/v2\/types\/product"}],"replies":[{"embeddable":true,"href":"https:\/\/vimaterial.de\/fr\/wp-json\/wp\/v2\/comments?post=1029716"}],"wp:featuredmedia":[{"embeddable":true,"href":"https:\/\/vimaterial.de\/fr\/wp-json\/wp\/v2\/media\/1034671"}],"wp:attachment":[{"href":"https:\/\/vimaterial.de\/fr\/wp-json\/wp\/v2\/media?parent=1029716"}],"wp:term":[{"taxonomy":"product_brand","embeddable":true,"href":"https:\/\/vimaterial.de\/fr\/wp-json\/wp\/v2\/product_brand?post=1029716"},{"taxonomy":"product_cat","embeddable":true,"href":"https:\/\/vimaterial.de\/fr\/wp-json\/wp\/v2\/product_cat?post=1029716"},{"taxonomy":"product_tag","embeddable":true,"href":"https:\/\/vimaterial.de\/fr\/wp-json\/wp\/v2\/product_tag?post=1029716"}],"curies":[{"name":"wp","href":"https:\/\/api.w.org\/{rel}","templated":true}]}}