{"id":1029638,"date":"2024-06-17T16:19:55","date_gmt":"2024-06-17T08:19:55","guid":{"rendered":"https:\/\/vimaterial.de\/product\/acetate-de-lutecium-hydrate\/"},"modified":"2025-03-03T16:58:50","modified_gmt":"2025-03-03T08:58:50","slug":"acetate-de-lutecium-hydrate","status":"publish","type":"product","link":"https:\/\/vimaterial.de\/fr\/product\/acetate-de-lutecium-hydrate\/","title":{"rendered":"Hydrate d\u2019ac\u00e9tate de lut\u00e9cium"},"content":{"rendered":"<p>La poudre d&#8217;hydrate d&#8217;ac\u00e9tate de lut\u00e9cium est une poudre cristalline blanche ou incolore l\u00e9g\u00e8rement hygroscopique, soluble dans l\u2019eau et les acides min\u00e9raux forts, et peut \u00eatre utilis\u00e9e comme mati\u00e8re premi\u00e8re chimique importante pour un large \u00e9ventail d\u2019applications dans les cristaux laser, la c\u00e9ramique, le verre et les catalyseurs.<\/p>\n<p>VIMATERIAL fournit de la poudre d\u2019hydrate d\u2019ac\u00e9tate de lut\u00e9cium dans diverses sp\u00e9cifications et prend en charge le service de liaison de cible. Nous acceptons la personnalisation des produits, <span style=\"color: #0000ff;\"><a style=\"color: #0000ff;\" href=\"https:\/\/vimaterial.de\/fr\/contact\/\">contactez-nous.<\/a><\/span><\/p>\n<h2><span style=\"font-size: 14pt;\">Quelles sont les propri\u00e9t\u00e9s de la poudre Lu(O2C2H3)3-xH2O ?<\/span><\/h2>\n<p>Propri\u00e9t\u00e9s optiques : les propri\u00e9t\u00e9s de fluorescence, sous la fluorescence ionique Lu\u00b3\u207a de la lumi\u00e8re d\u2019excitation sp\u00e9cifique due au saut d\u2019\u00e9lectrons, peuvent \u00eatre utilis\u00e9es pour le marquage fluorescent et d\u2019autres domaines ; et les propri\u00e9t\u00e9s d\u2019absorption de la lumi\u00e8re, peut absorber des longueurs d\u2019onde sp\u00e9cifiques de la lumi\u00e8re, peut \u00eatre utilis\u00e9 pour le filtrage optique et d\u2019autres dispositifs optiques.<\/p>\n<p>Propri\u00e9t\u00e9s \u00e9lectriques : avec la conductivit\u00e9 ionique, les ions Lu\u00b3\u207a et les ions ac\u00e9tate peuvent conduire l\u2019\u00e9lectricit\u00e9 dans certaines conditions, et peuvent \u00eatre utilis\u00e9s dans les \u00e9lectrolytes solides et d\u2019autres domaines pour r\u00e9aliser le transfert de charge ; Dans le m\u00eame temps, les propri\u00e9t\u00e9s di\u00e9lectriques peuvent \u00eatre utilis\u00e9es comme mat\u00e9riau di\u00e9lectrique pour la fabrication de condensateurs et d\u2019autres dispositifs \u00e9lectroniques pour stocker et r\u00e9guler la charge.<\/p>\n<p>En termes de propri\u00e9t\u00e9s magn\u00e9tiques : il pr\u00e9sente des propri\u00e9t\u00e9s paramagn\u00e9tiques, g\u00e9n\u00e9rant une intensit\u00e9 d\u2019aimantation isotrope sous champ magn\u00e9tique, qui peut \u00eatre utilis\u00e9 comme agent de contraste IRM ; Il a une r\u00e9activit\u00e9 magn\u00e9tique, les propri\u00e9t\u00e9s magn\u00e9tiques changent en cons\u00e9quence lorsque le champ magn\u00e9tique externe change, ce qui peut \u00eatre utilis\u00e9 pour la pr\u00e9paration de mat\u00e9riaux magn\u00e9tiquement r\u00e9actifs pour r\u00e9aliser l\u2019administration directionnelle de m\u00e9dicaments et ainsi de suite.<\/p>\n<h2><span style=\"font-size: 14pt;\">Applications<\/span><\/h2>\n<p>Biom\u00e9dical : En bio-imagerie, la poudre d\u2019hydrate d\u2019ac\u00e9tate de lut\u00e9cium peut \u00eatre utilis\u00e9e comme mat\u00e9riau fluorescent pour \u00e9mettre une fluorescence caract\u00e9ristique afin d\u2019aider \u00e0 observer les processus physiologiques dans les organismes vivants.<\/p>\n<p>Optique : Gr\u00e2ce \u00e0 ses propri\u00e9t\u00e9s d\u2019absorption de la lumi\u00e8re, la poudre peut \u00eatre utilis\u00e9e pour fabriquer des filtres optiques afin de filtrer la lumi\u00e8re \u00e0 des longueurs d\u2019onde sp\u00e9cifiques et d\u2019am\u00e9liorer la r\u00e9solution des instruments optiques.<\/p>\n<p>\u00c9nergie\u00a0: Avec leur conductivit\u00e9 ionique, les poudres d\u2019hydrate d\u2019ac\u00e9tate de lut\u00e9cium peuvent \u00eatre utilis\u00e9es comme mat\u00e9riaux \u00e9lectrolytiques pour les batteries \u00e0 l\u2019\u00e9tat solide afin d\u2019am\u00e9liorer l\u2019efficacit\u00e9 du transport ionique des batteries et d\u2019am\u00e9liorer les performances de la batterie.<\/p>\n<p>\u00c9lectronique\u00a0: Sur la base de ses propri\u00e9t\u00e9s di\u00e9lectriques, la poudre peut \u00eatre utilis\u00e9e comme mat\u00e9riau di\u00e9lectrique dans la fabrication de condensateurs c\u00e9ramiques multicouches pour augmenter la valeur de capacit\u00e9 et am\u00e9liorer la stabilit\u00e9 des dispositifs \u00e9lectroniques.<\/p>\n<h2><span style=\"font-size: 14pt;\">Contr\u00f4le qualit\u00e9<\/span><\/h2>\n<p><span style=\"color: #0000ff;\"><a style=\"color: #0000ff;\" href=\"https:\/\/vimaterial.de\/fr\/controle-qualite\/\">Chaque lot<\/a> <\/span>de produits garantit strictement la qualit\u00e9, de la s\u00e9lection des fournisseurs de mati\u00e8res premi\u00e8res \u00e0 l\u2019utilisation d\u2019\u00e9quipements de test avanc\u00e9s pour surveiller avec pr\u00e9cision l\u2019ensemble du processus de production, jusqu\u2019au produit fini \u00e0 travers de nombreuses s\u00e9ries d\u2019\u00e9chantillonnage rigoureux et de certification par une tierce partie faisant autorit\u00e9, jusqu\u2019\u00e0 un syst\u00e8me de contr\u00f4le de la qualit\u00e9 complet et \u00e0 tol\u00e9rance z\u00e9ro pour garantir que chaque lot de produits respecte et d\u00e9passe les normes \u00e9lev\u00e9es de l\u2019industrie. Fournir \u00e0 nos clients la meilleure qualit\u00e9 et les produits les plus stables.<\/p>\n<h2><span style=\"font-size: 14pt;\">Emballage et stockage<\/span><\/h2>\n<p>L\u2019hydrate d\u2019ac\u00e9tate de lut\u00e9cium est emball\u00e9 dans un sac sous vide ou une bouteille sous vide dans un carton pour assurer un transport en toute s\u00e9curit\u00e9.<\/p>\n<p>L\u2019hydrate d\u2019ac\u00e9tate de lut\u00e9cium doit \u00eatre stock\u00e9 dans un environnement frais, sec et bien ventil\u00e9, \u00e0 l\u2019abri de la chaleur et du feu, et doit \u00eatre scell\u00e9 pour l\u2019emp\u00eacher d\u2019absorber l\u2019humidit\u00e9 de l\u2019air et de r\u00e9agir avec d\u2019autres substances, et \u00e9viter de le m\u00e9langer avec des agents oxydants forts, des acides forts et d\u2019autres substances<\/p>\n","protected":false},"excerpt":{"rendered":"<p>La poudre d&#8217;hydrate d&#8217;ac\u00e9tate de lut\u00e9cium est une poudre cristalline blanche ou incolore l\u00e9g\u00e8rement hygroscopique, soluble dans l\u2019eau et les acides min\u00e9raux forts, et peut \u00eatre utilis\u00e9e comme mati\u00e8re premi\u00e8re chimique importante pour un large \u00e9ventail d\u2019applications dans les cristaux laser, la c\u00e9ramique, le verre et les catalyseurs.<\/p>\n<p>VIMATERIAL fournit de la poudre d\u2019hydrate d\u2019ac\u00e9tate de lut\u00e9cium dans diverses sp\u00e9cifications et prend en charge le service de liaison de cible. Nous acceptons la personnalisation des produits, <span style=\"color: #0000ff;\"><a style=\"color: #0000ff;\" href=\"https:\/\/vimaterial.de\/fr\/contact\/\">contactez-nous.<\/a><\/span><\/p>\n<p>&nbsp;<\/p>\n","protected":false},"featured_media":1034706,"comment_status":"open","ping_status":"closed","template":"","meta":{"_acf_changed":false},"product_brand":[],"product_cat":[241],"product_tag":[],"class_list":{"0":"post-1029638","1":"product","2":"type-product","3":"status-publish","4":"has-post-thumbnail","6":"product_cat-materiaux-a-base-de-terres-rares","8":"first","9":"instock","10":"shipping-taxable","11":"purchasable","12":"product-type-variable"},"acf":[],"_links":{"self":[{"href":"https:\/\/vimaterial.de\/fr\/wp-json\/wp\/v2\/product\/1029638","targetHints":{"allow":["GET"]}}],"collection":[{"href":"https:\/\/vimaterial.de\/fr\/wp-json\/wp\/v2\/product"}],"about":[{"href":"https:\/\/vimaterial.de\/fr\/wp-json\/wp\/v2\/types\/product"}],"replies":[{"embeddable":true,"href":"https:\/\/vimaterial.de\/fr\/wp-json\/wp\/v2\/comments?post=1029638"}],"wp:featuredmedia":[{"embeddable":true,"href":"https:\/\/vimaterial.de\/fr\/wp-json\/wp\/v2\/media\/1034706"}],"wp:attachment":[{"href":"https:\/\/vimaterial.de\/fr\/wp-json\/wp\/v2\/media?parent=1029638"}],"wp:term":[{"taxonomy":"product_brand","embeddable":true,"href":"https:\/\/vimaterial.de\/fr\/wp-json\/wp\/v2\/product_brand?post=1029638"},{"taxonomy":"product_cat","embeddable":true,"href":"https:\/\/vimaterial.de\/fr\/wp-json\/wp\/v2\/product_cat?post=1029638"},{"taxonomy":"product_tag","embeddable":true,"href":"https:\/\/vimaterial.de\/fr\/wp-json\/wp\/v2\/product_tag?post=1029638"}],"curies":[{"name":"wp","href":"https:\/\/api.w.org\/{rel}","templated":true}]}}