{"id":1029626,"date":"2024-06-17T16:19:55","date_gmt":"2024-06-17T08:19:55","guid":{"rendered":"https:\/\/vimaterial.de\/product\/tellurure-de-lutecium\/"},"modified":"2025-03-03T17:30:52","modified_gmt":"2025-03-03T09:30:52","slug":"tellurure-de-lutecium","status":"publish","type":"product","link":"https:\/\/vimaterial.de\/fr\/product\/tellurure-de-lutecium\/","title":{"rendered":"Tellurure de lut\u00e9cium"},"content":{"rendered":"<p>La poudre de tellurure de lut\u00e9cium est une poudre compos\u00e9e de lut\u00e9cium et d\u2019\u00e9l\u00e9ments tellure, d\u2019aspect noir et de haute stabilit\u00e9 chimique, qui est principalement utilis\u00e9e dans les domaines de la thermo\u00e9lectricit\u00e9, de l\u2019\u00e9lectronique et de l\u2019optique.<\/p>\n<p>VIMATERIAL fournit de la poudre de tellurure de lut\u00e9cium dans diverses sp\u00e9cifications et prend en charge le service de liaison de cible. Nous acceptons la personnalisation des produits, <span style=\"color: #0000ff;\"><a style=\"color: #0000ff;\" href=\"https:\/\/vimaterial.de\/fr\/contact\/\">contactez-nous.<\/a><\/span><\/p>\n<h2><span style=\"font-size: 14pt;\">Caract\u00e9ristiques<\/span><\/h2>\n<p>Formule mol\u00e9culaire : Lu\u2082Te\u2083.<\/p>\n<p>Poids mol\u00e9culaire : environ 681,42<\/p>\n<p>Apparence\u00a0: G\u00e9n\u00e9ralement poudre noire ou gris fonc\u00e9.<\/p>\n<p>Structure cristalline : Il appartient au syst\u00e8me cristallin hexagonal, dans sa structure cristalline, les atomes de lut\u00e9cium et de tellure se r\u00e9p\u00e8tent p\u00e9riodiquement selon une disposition sp\u00e9cifique du r\u00e9seau hexagonal, avec une certaine sym\u00e9trie et une configuration spatiale.<\/p>\n<h2><span style=\"font-size: 14pt;\">Applications<\/span><\/h2>\n<p>Mat\u00e9riaux semi-conducteurs : Il peut \u00eatre utilis\u00e9 pour pr\u00e9parer des dispositifs semi-conducteurs ou comme dopant de mat\u00e9riaux semi-conducteurs. Sa structure \u00e9lectronique particuli\u00e8re et ses caract\u00e9ristiques de bande d\u2019\u00e9nergie le rendent potentiellement pr\u00e9cieux dans le domaine des semi-conducteurs et peuvent soutenir l\u2019optimisation des propri\u00e9t\u00e9s des mat\u00e9riaux semi-conducteurs.<\/p>\n<p>Mat\u00e9riaux optiques : Dans le domaine de l\u2019optique, la poudre de tellurure de lut\u00e9cium peut \u00eatre utilis\u00e9e pour pr\u00e9parer des mat\u00e9riaux luminescents et fluorescents. La poudre de tellurure de lut\u00e9cium peut \u00e9mettre de la lumi\u00e8re de longueurs d\u2019onde sp\u00e9cifiques dans des conditions sp\u00e9cifiques et peut \u00eatre utilis\u00e9e dans les \u00e9crans optiques, l\u2019\u00e9clairage et d\u2019autres applications.<\/p>\n<p>Additifs d\u2019alliage : il peut \u00eatre ajout\u00e9 \u00e0 certains alliages en tant qu\u2019additif pour am\u00e9liorer les propri\u00e9t\u00e9s des alliages, telles que l\u2019augmentation de la duret\u00e9, de la r\u00e9sistance et de la r\u00e9sistance \u00e0 la corrosion des alliages.<\/p>\n<h2><span style=\"font-size: 14pt;\">Contr\u00f4le de la qualit\u00e9<\/span><\/h2>\n<p><span style=\"color: #0000ff;\"><a style=\"color: #0000ff;\" href=\"https:\/\/vimaterial.de\/fr\/controle-qualite\/\">Chaque lot<\/a><\/span> de produits garantit strictement la qualit\u00e9, de la s\u00e9lection des fournisseurs de mati\u00e8res premi\u00e8res \u00e0 l\u2019utilisation d\u2019\u00e9quipements de test avanc\u00e9s pour surveiller avec pr\u00e9cision l\u2019ensemble du processus de production, jusqu\u2019au produit fini \u00e0 travers de nombreuses s\u00e9ries d\u2019\u00e9chantillonnage rigoureux et de certification par une tierce partie faisant autorit\u00e9, jusqu\u2019\u00e0 un syst\u00e8me de contr\u00f4le de la qualit\u00e9 complet et \u00e0 tol\u00e9rance z\u00e9ro pour garantir que chaque lot de produits respecte et d\u00e9passe les normes \u00e9lev\u00e9es de l\u2019industrie. Fournir \u00e0 nos clients la meilleure qualit\u00e9 et les produits les plus stables.<\/p>\n<h2><span style=\"font-size: 14pt;\">Emballage et stockage<\/span><\/h2>\n<p>La poudre de tellurure de lut\u00e9cium est emball\u00e9e dans un sac sous vide ou une bouteille sous vide dans un carton pour assurer un transport en toute s\u00e9curit\u00e9.<\/p>\n<p>La poudre de lut\u00e9cium tellurure doit \u00eatre stock\u00e9e dans un environnement sec, \u00e0 basse temp\u00e9rature et sans oxyg\u00e8ne, g\u00e9n\u00e9ralement scell\u00e9 dans des r\u00e9cipients remplis de gaz inerte, en \u00e9vitant le contact avec l\u2019air et l\u2019humidit\u00e9 pour \u00e9viter l\u2019oxydation et la d\u00e9t\u00e9rioration.<\/p>\n","protected":false},"excerpt":{"rendered":"<p>La poudre de tellurure de lut\u00e9cium est une poudre compos\u00e9e de lut\u00e9cium et d\u2019\u00e9l\u00e9ments tellure, d\u2019aspect noir et de haute stabilit\u00e9 chimique, qui est principalement utilis\u00e9e dans les domaines de la thermo\u00e9lectricit\u00e9, de l\u2019\u00e9lectronique et de l\u2019optique.<\/p>\n<p>VIMATERIAL fournit de la poudre de tellurure de lut\u00e9cium dans diverses sp\u00e9cifications et prend en charge le service de liaison de cible. Nous acceptons la personnalisation des produits, <span style=\"color: #0000ff;\"><a style=\"color: #0000ff;\" href=\"https:\/\/vimaterial.de\/fr\/contact\/\">contactez-nous.<\/a><\/span><\/p>\n<p>&nbsp;<\/p>\n","protected":false},"featured_media":1034716,"comment_status":"open","ping_status":"closed","template":"","meta":{"_acf_changed":false},"product_brand":[],"product_cat":[241],"product_tag":[],"class_list":{"0":"post-1029626","1":"product","2":"type-product","3":"status-publish","4":"has-post-thumbnail","6":"product_cat-materiaux-a-base-de-terres-rares","8":"first","9":"instock","10":"shipping-taxable","11":"product-type-variable"},"acf":[],"_links":{"self":[{"href":"https:\/\/vimaterial.de\/fr\/wp-json\/wp\/v2\/product\/1029626","targetHints":{"allow":["GET"]}}],"collection":[{"href":"https:\/\/vimaterial.de\/fr\/wp-json\/wp\/v2\/product"}],"about":[{"href":"https:\/\/vimaterial.de\/fr\/wp-json\/wp\/v2\/types\/product"}],"replies":[{"embeddable":true,"href":"https:\/\/vimaterial.de\/fr\/wp-json\/wp\/v2\/comments?post=1029626"}],"wp:featuredmedia":[{"embeddable":true,"href":"https:\/\/vimaterial.de\/fr\/wp-json\/wp\/v2\/media\/1034716"}],"wp:attachment":[{"href":"https:\/\/vimaterial.de\/fr\/wp-json\/wp\/v2\/media?parent=1029626"}],"wp:term":[{"taxonomy":"product_brand","embeddable":true,"href":"https:\/\/vimaterial.de\/fr\/wp-json\/wp\/v2\/product_brand?post=1029626"},{"taxonomy":"product_cat","embeddable":true,"href":"https:\/\/vimaterial.de\/fr\/wp-json\/wp\/v2\/product_cat?post=1029626"},{"taxonomy":"product_tag","embeddable":true,"href":"https:\/\/vimaterial.de\/fr\/wp-json\/wp\/v2\/product_tag?post=1029626"}],"curies":[{"name":"wp","href":"https:\/\/api.w.org\/{rel}","templated":true}]}}