{"id":1029571,"date":"2024-06-17T16:19:56","date_gmt":"2024-06-17T08:19:56","guid":{"rendered":"https:\/\/vimaterial.de\/product\/nitrure-de-lutecium\/"},"modified":"2025-02-27T18:09:00","modified_gmt":"2025-02-27T10:09:00","slug":"nitrure-de-lutecium","status":"publish","type":"product","link":"https:\/\/vimaterial.de\/fr\/product\/nitrure-de-lutecium\/","title":{"rendered":"Nitrure de lut\u00e9cium"},"content":{"rendered":"<p>La poudre de nitrure de lut\u00e9cium est une poudre de nitrure de m\u00e9tal de terre rare noire ou noir-gris avec une structure de chlorure de sodium, avec une duret\u00e9 \u00e9lev\u00e9e, un point de fusion \u00e9lev\u00e9, une bonne conductivit\u00e9 thermique, une excellente r\u00e9sistance \u00e0 l\u2019oxydation, etc. Sa puret\u00e9 et la taille de ses particules peuvent \u00eatre personnalis\u00e9es, et il a un large \u00e9ventail d\u2019applications dans les semi-conducteurs, les rev\u00eatements optiques, les catalyseurs, les applications \u00e0 haute temp\u00e9rature et de nombreux autres domaines.<\/p>\n<p>VIMATERIAL peut accepter la personnalisation de n\u2019importe lequel de ses produits, les mat\u00e9riaux cibles sont fournis avec un service de reliure, si vous en avez besoin, veuillez <span style=\"color: #0000ff;\"><a style=\"color: #0000ff;\" href=\"https:\/\/vimaterial.de\/fr\/contact\/\">nous contacter<\/a><\/span>.<\/p>\n<h2><span style=\"font-size: 14pt;\">Caract\u00e9ristiques<\/span><\/h2>\n<p>Formule mol\u00e9culaire : LuN<\/p>\n<p>Poids mol\u00e9culaire : 186.954<\/p>\n<p>Apparence\u00a0: poudre noire<\/p>\n<p>Structure cristalline : Poss\u00e8de g\u00e9n\u00e9ralement un syst\u00e8me cristallin cubique, avec des atomes d\u2019azote et de lut\u00e9cium formant des cristaux dans une disposition spatiale sp\u00e9cifique. Les atomes d\u2019azote et de lut\u00e9cium interagissent les uns avec les autres par le biais de liaisons chimiques pour former un r\u00e9seau cristallin stable.<\/p>\n<h2><span style=\"font-size: 14pt;\">Applications<\/span><\/h2>\n<p>Industrie des semi-conducteurs\u00a0: La poudre de nitrure de lut\u00e9cium est utilis\u00e9e dans la fabrication de dispositifs \u00e9lectroniques haute performance. Sa bonne stabilit\u00e9 thermique et sa conductivit\u00e9 \u00e9lectrique r\u00e9pondent aux exigences mat\u00e9rielles des applications avanc\u00e9es de semi-conducteurs et contribuent \u00e0 am\u00e9liorer les performances et la fiabilit\u00e9 des dispositifs \u00e9lectroniques.<\/p>\n<p>Rev\u00eatements optiques : La poudre de nitrure de lut\u00e9cium est utilis\u00e9e dans les rev\u00eatements et les films optiques. Il a un indice de r\u00e9fraction \u00e9lev\u00e9 et peut \u00eatre utilis\u00e9 pour pr\u00e9parer des composants optiques tels que des rev\u00eatements antireflets, des miroirs et des lentilles afin d\u2019am\u00e9liorer les propri\u00e9t\u00e9s optiques de ces dispositifs optiques en augmentant leur r\u00e9flectance, leur transmittance et d\u2019autres indicateurs.<\/p>\n<p>Mat\u00e9riaux c\u00e9ramiques : il peut \u00eatre utilis\u00e9 comme additif ou composant dans les mat\u00e9riaux c\u00e9ramiques pour am\u00e9liorer leurs propri\u00e9t\u00e9s.<\/p>\n<h2><span style=\"font-size: 14pt;\">Contr\u00f4le de la qualit\u00e9<\/span><\/h2>\n<p><span style=\"color: #0000ff;\"><a style=\"color: #0000ff;\" href=\"https:\/\/vimaterial.de\/fr\/controle-qualite\/\">Un syst\u00e8me strict de contr\u00f4le de la qualit\u00e9<\/a> e<\/span>st mis en \u0153uvre pour chaque lot de production, et des tests d\u00e9taill\u00e9s sont effectu\u00e9s dans tous les aspects, du contenu des composants, des propri\u00e9t\u00e9s physiques \u00e0 la microstructure, etc., et des rapports d\u2019essai d\u00e9taill\u00e9s pr\u00e9cis et opportuns sont fournis.<\/p>\n<h2><span style=\"font-size: 14pt;\">Emballage et stockage<\/span><\/h2>\n<p>La poudre de nitrure de lut\u00e9cium est emball\u00e9e dans des sacs ou des bouteilles sous vide \u00e0 double couche, \u00e0 l\u2019ext\u00e9rieur dans des cartons solides ou des caisses en bois, et \u00e0 l\u2019int\u00e9rieur dans des coussins moelleux.<\/p>\n<p>La poudre de nitrure de lut\u00e9cium doit \u00eatre stock\u00e9e sous vide ou dans des r\u00e9cipients scell\u00e9s remplis de gaz inertes tels que l\u2019argon et plac\u00e9e dans un environnement sec, frais, bien ventil\u00e9, exempt de gaz corrosifs, en \u00e9vitant tout contact avec l\u2019eau, l\u2019oxyg\u00e8ne et d\u2019autres substances pour pr\u00e9venir l\u2019oxydation et d\u2019autres r\u00e9actions.<\/p>\n","protected":false},"excerpt":{"rendered":"<p>La poudre de nitrure de lut\u00e9cium est une poudre de nitrure de m\u00e9tal de terre rare noire ou noir-gris avec une structure de chlorure de sodium, avec une duret\u00e9 \u00e9lev\u00e9e, un point de fusion \u00e9lev\u00e9, une bonne conductivit\u00e9 thermique, une excellente r\u00e9sistance \u00e0 l\u2019oxydation, etc. Sa puret\u00e9 et la taille de ses particules peuvent \u00eatre personnalis\u00e9es, et il a un large \u00e9ventail d\u2019applications dans les semi-conducteurs, les rev\u00eatements optiques, les catalyseurs, les applications \u00e0 haute temp\u00e9rature et de nombreux autres domaines.<\/p>\n<p>VIMATERIAL peut accepter la personnalisation de n\u2019importe lequel de ses produits, les mat\u00e9riaux cibles sont fournis avec un service de reliure, si vous en avez besoin, veuillez <span style=\"color: #0000ff;\"><a style=\"color: #0000ff;\" href=\"https:\/\/vimaterial.de\/fr\/contact\/\">nous contacter<\/a><\/span>.<\/p>\n","protected":false},"featured_media":1034741,"comment_status":"open","ping_status":"closed","template":"","meta":{"_acf_changed":false},"product_brand":[],"product_cat":[241],"product_tag":[],"class_list":{"0":"post-1029571","1":"product","2":"type-product","3":"status-publish","4":"has-post-thumbnail","6":"product_cat-materiaux-a-base-de-terres-rares","8":"first","9":"instock","10":"shipping-taxable","11":"product-type-variable"},"acf":[],"_links":{"self":[{"href":"https:\/\/vimaterial.de\/fr\/wp-json\/wp\/v2\/product\/1029571","targetHints":{"allow":["GET"]}}],"collection":[{"href":"https:\/\/vimaterial.de\/fr\/wp-json\/wp\/v2\/product"}],"about":[{"href":"https:\/\/vimaterial.de\/fr\/wp-json\/wp\/v2\/types\/product"}],"replies":[{"embeddable":true,"href":"https:\/\/vimaterial.de\/fr\/wp-json\/wp\/v2\/comments?post=1029571"}],"wp:featuredmedia":[{"embeddable":true,"href":"https:\/\/vimaterial.de\/fr\/wp-json\/wp\/v2\/media\/1034741"}],"wp:attachment":[{"href":"https:\/\/vimaterial.de\/fr\/wp-json\/wp\/v2\/media?parent=1029571"}],"wp:term":[{"taxonomy":"product_brand","embeddable":true,"href":"https:\/\/vimaterial.de\/fr\/wp-json\/wp\/v2\/product_brand?post=1029571"},{"taxonomy":"product_cat","embeddable":true,"href":"https:\/\/vimaterial.de\/fr\/wp-json\/wp\/v2\/product_cat?post=1029571"},{"taxonomy":"product_tag","embeddable":true,"href":"https:\/\/vimaterial.de\/fr\/wp-json\/wp\/v2\/product_tag?post=1029571"}],"curies":[{"name":"wp","href":"https:\/\/api.w.org\/{rel}","templated":true}]}}