{"id":1029557,"date":"2024-06-17T16:19:57","date_gmt":"2024-06-17T08:19:57","guid":{"rendered":"https:\/\/vimaterial.de\/product\/vanadate-de-lutecium\/"},"modified":"2025-02-27T16:40:17","modified_gmt":"2025-02-27T08:40:17","slug":"vanadate-de-lutecium","status":"publish","type":"product","link":"https:\/\/vimaterial.de\/fr\/product\/vanadate-de-lutecium\/","title":{"rendered":"Vanadate de lut\u00e9cium"},"content":{"rendered":"<p>Les cibles de pulv\u00e9risation au vanadate de lut\u00e9cium sont des mat\u00e9riaux solides utilis\u00e9s pour d\u00e9poser des films minces LuVO\u2084 sur le mat\u00e9riau du substrat par le processus de pulv\u00e9risation. Ils ont une bonne stabilit\u00e9 chimique, une structure cristalline sp\u00e9cifique et des propri\u00e9t\u00e9s optiques, et ont des applications importantes dans les domaines des couches minces optiques et de la fabrication de dispositifs semi-conducteurs.<\/p>\n<p>VIMATERIAL peut accepter la personnalisation de n\u2019importe lequel de ses produits, les mat\u00e9riaux cibles sont fournis avec un service de reliure, si vous en avez besoin, veuillez<span style=\"color: #0000ff;\"><a style=\"color: #0000ff;\" href=\"https:\/\/vimaterial.de\/fr\/contact\/\"> nous contacter<\/a><\/span>.<\/p>\n<h2><span style=\"font-size: 14pt;\">Caract\u00e9ristiques<\/span><\/h2>\n<p>Formule mol\u00e9culaire : LuVO\u2084<\/p>\n<p>Poids mol\u00e9culaire : 373,99<\/p>\n<p>Aspect : incolore, transparent ou l\u00e9g\u00e8rement jaun\u00e2tre<\/p>\n<p>Densit\u00e9 : environ 5,42 g\/cm\u00b3.<\/p>\n<p>Point de fusion : environ 1920\u00b0C<\/p>\n<p>Structure cristalline : Structure cristalline de zircon, groupe spatial I4\u2081\/amd, avec une bonne sym\u00e9trie cristalline et une bonne stabilit\u00e9 structurelle.<\/p>\n<h2><span style=\"font-size: 14pt;\">Applications<\/span><\/h2>\n<p>Optique : Dans le domaine de l\u2019optique, les cibles de pulv\u00e9risation de vanadate de lut\u00e9cium peuvent \u00eatre utilis\u00e9es pour fabriquer des rev\u00eatements de cristaux laser afin d\u2019am\u00e9liorer les performances des \u00e9quipements laser, et peuvent \u00e9galement \u00eatre utilis\u00e9es pour pr\u00e9parer des filtres optiques pour les instruments optiques afin d\u2019obtenir des signaux optiques sp\u00e9cifiques.<\/p>\n<p>Semi-conducteurs et dispositifs \u00e9lectroniques : Dans le domaine des semi-conducteurs et des dispositifs \u00e9lectroniques, il peut \u00eatre utilis\u00e9 comme mat\u00e9riau isolant pour assurer la transmission du signal des composants \u00e9lectroniques dans les circuits int\u00e9gr\u00e9s, et il peut \u00e9galement \u00eatre utilis\u00e9 pour pr\u00e9parer des couches minces ferro\u00e9lectriques pour les m\u00e9moires ferro\u00e9lectriques et d\u2019autres applications afin d\u2019am\u00e9liorer les performances de stockage de donn\u00e9es.<\/p>\n<p>Autres domaines\u00a0: Dans d\u2019autres domaines, il peut \u00eatre utilis\u00e9 comme mat\u00e9riau fluorescent substrat pour les \u00e9crans fluorescents afin d\u2019am\u00e9liorer l\u2019effet lumineux, et comme mat\u00e9riau de modification de surface pour le traitement de surface de pi\u00e8ces dans la fabrication de machines et d\u2019autres industries afin d\u2019am\u00e9liorer la r\u00e9sistance \u00e0 l\u2019abrasion et d\u2019autres propri\u00e9t\u00e9s.<\/p>\n<h2><span style=\"font-size: 14pt;\">Contr\u00f4le de la qualit\u00e9<\/span><\/h2>\n<p><span style=\"color: #0000ff;\"><a style=\"color: #0000ff;\" href=\"https:\/\/vimaterial.de\/fr\/controle-qualite\/\">Un syst\u00e8me de contr\u00f4le de la qualit\u00e9 strict<\/a><\/span> est mis en \u0153uvre pour chaque lot de production, et des tests d\u00e9taill\u00e9s sont effectu\u00e9s dans tous les aspects, du contenu des composants, des propri\u00e9t\u00e9s physiques \u00e0 la microstructure, etc., et des rapports d\u2019essai d\u00e9taill\u00e9s pr\u00e9cis et opportuns sont fournis.<\/p>\n<h2><span style=\"font-size: 14pt;\">Emballage et stockage<\/span><\/h2>\n<p>La pulv\u00e9risation cathodique au lut\u00e9cium vanadate cible les emballages de remplissage emball\u00e9s sous vide et emball\u00e9s, en bo\u00eete et renforc\u00e9s de carton.<\/p>\n<p>Les cibles de pulv\u00e9risation au vanadate de lut\u00e9cium doivent \u00eatre stock\u00e9es dans un environnement sec, propre et bien ventil\u00e9, emball\u00e9es dans des emballages sous vide ou des r\u00e9cipients scell\u00e9s pour les prot\u00e9ger de l\u2019humidit\u00e9, de la poussi\u00e8re et de l\u2019oxydation, et \u00e9viter tout contact avec des objets pointus pour \u00e9viter les dommages caus\u00e9s par les rayures, et tenir \u00e0 l\u2019\u00e9cart des champs magn\u00e9tiques puissants, des champs \u00e9lectriques puissants et des substances corrosives.<\/p>\n","protected":false},"excerpt":{"rendered":"<p>Les cibles de pulv\u00e9risation au vanadate de lut\u00e9cium sont des mat\u00e9riaux solides utilis\u00e9s pour d\u00e9poser des films minces LuVO\u2084 sur le mat\u00e9riau du substrat par le processus de pulv\u00e9risation. Ils ont une bonne stabilit\u00e9 chimique, une structure cristalline sp\u00e9cifique et des propri\u00e9t\u00e9s optiques, et ont des applications importantes dans les domaines des couches minces optiques et de la fabrication de dispositifs semi-conducteurs.<\/p>\n<p>VIMATERIAL peut accepter la personnalisation de n\u2019importe lequel de ses produits, les mat\u00e9riaux cibles sont fournis avec un service de reliure, si vous en avez besoin, veuillez<span style=\"color: #0000ff;\"><a style=\"color: #0000ff;\" href=\"https:\/\/vimaterial.de\/fr\/contact\/\"> nous contacter<\/a><\/span>.<\/p>\n<p>&nbsp;<\/p>\n","protected":false},"featured_media":1034751,"comment_status":"open","ping_status":"closed","template":"","meta":{"_acf_changed":false},"product_brand":[],"product_cat":[235],"product_tag":[],"class_list":{"0":"post-1029557","1":"product","2":"type-product","3":"status-publish","4":"has-post-thumbnail","6":"product_cat-cibles-de-pulverisation-planaire","8":"first","9":"instock","10":"shipping-taxable","11":"product-type-variable"},"acf":[],"_links":{"self":[{"href":"https:\/\/vimaterial.de\/fr\/wp-json\/wp\/v2\/product\/1029557","targetHints":{"allow":["GET"]}}],"collection":[{"href":"https:\/\/vimaterial.de\/fr\/wp-json\/wp\/v2\/product"}],"about":[{"href":"https:\/\/vimaterial.de\/fr\/wp-json\/wp\/v2\/types\/product"}],"replies":[{"embeddable":true,"href":"https:\/\/vimaterial.de\/fr\/wp-json\/wp\/v2\/comments?post=1029557"}],"wp:featuredmedia":[{"embeddable":true,"href":"https:\/\/vimaterial.de\/fr\/wp-json\/wp\/v2\/media\/1034751"}],"wp:attachment":[{"href":"https:\/\/vimaterial.de\/fr\/wp-json\/wp\/v2\/media?parent=1029557"}],"wp:term":[{"taxonomy":"product_brand","embeddable":true,"href":"https:\/\/vimaterial.de\/fr\/wp-json\/wp\/v2\/product_brand?post=1029557"},{"taxonomy":"product_cat","embeddable":true,"href":"https:\/\/vimaterial.de\/fr\/wp-json\/wp\/v2\/product_cat?post=1029557"},{"taxonomy":"product_tag","embeddable":true,"href":"https:\/\/vimaterial.de\/fr\/wp-json\/wp\/v2\/product_tag?post=1029557"}],"curies":[{"name":"wp","href":"https:\/\/api.w.org\/{rel}","templated":true}]}}