{"id":1029552,"date":"2024-06-17T16:19:56","date_gmt":"2024-06-17T08:19:56","guid":{"rendered":"https:\/\/vimaterial.de\/product\/phosphate-de-lutecium\/"},"modified":"2025-02-28T17:58:20","modified_gmt":"2025-02-28T09:58:20","slug":"phosphate-de-lutecium","status":"publish","type":"product","link":"https:\/\/vimaterial.de\/fr\/product\/phosphate-de-lutecium\/","title":{"rendered":"Phosphate de lut\u00e9cium"},"content":{"rendered":"<p>La poudre de phosphate de lut\u00e9cium est une poudre de compos\u00e9 inorganique blanc ou blanc cass\u00e9 avec une certaine stabilit\u00e9 chimique et des propri\u00e9t\u00e9s physicochimiques uniques, qui a des applications potentielles dans les domaines de l\u2019optique, de la science des mat\u00e9riaux et de l\u2019\u00e9lectronique.<\/p>\n<p>VIMATERIAL fournit de la poudre LuPO4 dans diverses sp\u00e9cifications et prend en charge le service de liaison de cible. Nous acceptons la personnalisation des produits, <span style=\"color: #0000ff;\"><a style=\"color: #0000ff;\" href=\"https:\/\/vimaterial.de\/fr\/contact\/\">contactez-nous<\/a><\/span>.<\/p>\n<h2><span style=\"font-size: 14pt;\">Caract\u00e9ristiques<\/span><\/h2>\n<p>Formule mol\u00e9culaire : LuPO\u2084<\/p>\n<p>Poids mol\u00e9culaire : environ 291,94<\/p>\n<p>Apparence\u00a0: Solide poudreux blanc<\/p>\n<p>Densit\u00e9 : environ 6,36 g\/cm\u00b3<\/p>\n<p>Point de fusion : environ 1670\u00b0C<\/p>\n<p>Structure cristalline\u00a0: Il a une structure cristalline de monazite et appartient au syst\u00e8me cristallin monoclinique. Dans cette structure, les ions Lu\u00b3\u207a et les ions PO\u2084\u00b3- interagissent les uns avec les autres par liaison ionique pour former un arrangement spatial sp\u00e9cifique.<\/p>\n<h2><span style=\"font-size: 14pt;\">Applications<\/span><\/h2>\n<p>Mat\u00e9riaux c\u00e9ramiques : Il peut \u00eatre utilis\u00e9 comme additif pour les mat\u00e9riaux c\u00e9ramiques afin d\u2019am\u00e9liorer les performances de frittage des c\u00e9ramiques et d\u2019am\u00e9liorer les propri\u00e9t\u00e9s physiques telles que la duret\u00e9 et la r\u00e9sistance \u00e0 l\u2019usure.<\/p>\n<p>Mat\u00e9riaux en verre : Le phosphate de lut\u00e9cium peut \u00eatre utilis\u00e9 comme additif dans la fabrication du verre pour modifier les propri\u00e9t\u00e9s optiques du verre et am\u00e9liorer la r\u00e9sistance aux chocs thermiques et la stabilit\u00e9 chimique du verre.<\/p>\n<p>Mat\u00e9riaux luminescents : Il peut \u00eatre utilis\u00e9 pour pr\u00e9parer des mat\u00e9riaux luminescents tels que les phosphores. La poudre de phosphate de lut\u00e9cium peut \u00e9mettre des longueurs d\u2019onde sp\u00e9cifiques de la lumi\u00e8re sous l\u2019excitation des rayons ultraviolets ou d\u2019autres sources d\u2019excitation, avec une efficacit\u00e9 lumineuse \u00e9lev\u00e9e et une bonne stabilit\u00e9 lumineuse, et peut \u00eatre utilis\u00e9e dans le domaine de l\u2019\u00e9clairage et de l\u2019affichage.<\/p>\n<p>Mat\u00e9riaux laser : En raison de ses propri\u00e9t\u00e9s optiques particuli\u00e8res, le phosphate de lut\u00e9cium a \u00e9galement des applications potentielles dans les mat\u00e9riaux laser.<\/p>\n<h2><span style=\"font-size: 14pt;\">Contr\u00f4le de la qualit\u00e9<\/span><\/h2>\n<p><span style=\"color: #0000ff;\"><a style=\"color: #0000ff;\" href=\"https:\/\/vimaterial.de\/fr\/controle-qualite\/\">Chaque lot<\/a><\/span> de produits garantit strictement la qualit\u00e9, de la s\u00e9lection des fournisseurs de mati\u00e8res premi\u00e8res \u00e0 l\u2019utilisation d\u2019\u00e9quipements de test avanc\u00e9s pour surveiller avec pr\u00e9cision l\u2019ensemble du processus de production, jusqu\u2019au produit fini \u00e0 travers de nombreuses s\u00e9ries d\u2019\u00e9chantillonnage rigoureux et de certification par une tierce partie faisant autorit\u00e9, jusqu\u2019\u00e0 un syst\u00e8me de contr\u00f4le de la qualit\u00e9 complet et \u00e0 tol\u00e9rance z\u00e9ro pour garantir que chaque lot de produits respecte et d\u00e9passe les normes \u00e9lev\u00e9es de l\u2019industrie. Fournir \u00e0 nos clients la meilleure qualit\u00e9 et les produits les plus stables.<\/p>\n<h2><span style=\"font-size: 14pt;\">Emballage et stockage<\/span><\/h2>\n<p>La poudre de phosphate de lut\u00e9cium est emball\u00e9e dans un sac sous vide ou une bouteille sous vide dans un carton pour assurer un transport en toute s\u00e9curit\u00e9.<\/p>\n<p>La poudre de phosphate de lut\u00e9cium doit \u00eatre stock\u00e9e dans un environnement sec, frais et bien ventil\u00e9, emball\u00e9e dans des r\u00e9cipients scell\u00e9s pour \u00e9viter l\u2019humidit\u00e9, l\u2019oxydation et la r\u00e9action avec d\u2019autres produits chimiques en contact.<\/p>\n","protected":false},"excerpt":{"rendered":"<p>La poudre de phosphate de lut\u00e9cium est une poudre de compos\u00e9 inorganique blanc ou blanc cass\u00e9 avec une certaine stabilit\u00e9 chimique et des propri\u00e9t\u00e9s physicochimiques uniques, qui a des applications potentielles dans les domaines de l\u2019optique, de la science des mat\u00e9riaux et de l\u2019\u00e9lectronique.<\/p>\n<p>VIMATERIAL fournit de la poudre LuPO4 dans diverses sp\u00e9cifications et prend en charge le service de liaison de cible. Nous acceptons la personnalisation des produits, <span style=\"color: #0000ff;\"><a style=\"color: #0000ff;\" href=\"https:\/\/vimaterial.de\/fr\/contact\/\">contactez-nous<\/a><\/span>.<\/p>\n","protected":false},"featured_media":1034746,"comment_status":"open","ping_status":"closed","template":"","meta":{"_acf_changed":false},"product_brand":[],"product_cat":[166],"product_tag":[],"class_list":{"0":"post-1029552","1":"product","2":"type-product","3":"status-publish","4":"has-post-thumbnail","6":"product_cat-uncategorized-fr","8":"first","9":"instock","10":"shipping-taxable","11":"product-type-variable"},"acf":[],"_links":{"self":[{"href":"https:\/\/vimaterial.de\/fr\/wp-json\/wp\/v2\/product\/1029552","targetHints":{"allow":["GET"]}}],"collection":[{"href":"https:\/\/vimaterial.de\/fr\/wp-json\/wp\/v2\/product"}],"about":[{"href":"https:\/\/vimaterial.de\/fr\/wp-json\/wp\/v2\/types\/product"}],"replies":[{"embeddable":true,"href":"https:\/\/vimaterial.de\/fr\/wp-json\/wp\/v2\/comments?post=1029552"}],"wp:featuredmedia":[{"embeddable":true,"href":"https:\/\/vimaterial.de\/fr\/wp-json\/wp\/v2\/media\/1034746"}],"wp:attachment":[{"href":"https:\/\/vimaterial.de\/fr\/wp-json\/wp\/v2\/media?parent=1029552"}],"wp:term":[{"taxonomy":"product_brand","embeddable":true,"href":"https:\/\/vimaterial.de\/fr\/wp-json\/wp\/v2\/product_brand?post=1029552"},{"taxonomy":"product_cat","embeddable":true,"href":"https:\/\/vimaterial.de\/fr\/wp-json\/wp\/v2\/product_cat?post=1029552"},{"taxonomy":"product_tag","embeddable":true,"href":"https:\/\/vimaterial.de\/fr\/wp-json\/wp\/v2\/product_tag?post=1029552"}],"curies":[{"name":"wp","href":"https:\/\/api.w.org\/{rel}","templated":true}]}}