{"id":1029544,"date":"2024-06-17T16:19:57","date_gmt":"2024-06-17T08:19:57","guid":{"rendered":"https:\/\/vimaterial.de\/product\/phosphure-de-silicium\/"},"modified":"2025-02-27T17:22:39","modified_gmt":"2025-02-27T09:22:39","slug":"phosphure-de-silicium","status":"publish","type":"product","link":"https:\/\/vimaterial.de\/fr\/product\/phosphure-de-silicium\/","title":{"rendered":"Phosphure de silicium"},"content":{"rendered":"<p>La poudre de phosphure de silicium est une substance poudreuse grise \u00e0 noire avec une duret\u00e9 \u00e9lev\u00e9e, un point de fusion \u00e9lev\u00e9, une bonne stabilit\u00e9 chimique et certaines propri\u00e9t\u00e9s semi-conductrices. Il est principalement utilis\u00e9 dans les domaines de l\u2019emballage \u00e9lectronique, des mat\u00e9riaux c\u00e9ramiques, des mat\u00e9riaux r\u00e9fractaires, etc. La poudre TiP est une poudre grise \u00e0 lustre m\u00e9tallique, avec une duret\u00e9 \u00e9lev\u00e9e, une bonne conductivit\u00e9 \u00e9lectrique et thermique et une bonne stabilit\u00e9 chimique.<\/p>\n<p>VIMATERIAL peut accepter la personnalisation de n\u2019importe lequel de ses produits, les mat\u00e9riaux cibles sont fournis avec un service de reliure, si vous en avez besoin, veuillez <span style=\"color: #0000ff;\"><a style=\"color: #0000ff;\" href=\"https:\/\/vimaterial.de\/fr\/contact\/\">nous contacter.<\/a><\/span><\/p>\n<h2><span style=\"font-size: 14pt;\">Caract\u00e9ristiques<\/span><\/h2>\n<p>Formule chimique : SiP<\/p>\n<p>Poids mol\u00e9culaire : environ 59,06<\/p>\n<p>Densit\u00e9 : environ 2,034 g\/cm3<\/p>\n<p>Apparence\u00a0: poudre grise ou gris-noir.<\/p>\n<p>Structure cristalline : Syst\u00e8me cristallin orthorhombique, cristal lamellaire 2D, structure cristalline avec caract\u00e9ristiques lamellaires.<\/p>\n<h2><span style=\"font-size: 14pt;\">Application<\/span><\/h2>\n<p>Domaine des semi-conducteurs : Parce que le phosphure de silicium a des propri\u00e9t\u00e9s semi-conductrices, il peut \u00eatre utilis\u00e9 pour pr\u00e9parer des dispositifs \u00e0 semi-conducteurs.<\/p>\n<p>Am\u00e9liorateur de mat\u00e9riau\u00a0: peut \u00eatre utilis\u00e9 comme am\u00e9liorateur de mat\u00e9riau composite, et apr\u00e8s composite avec d\u2019autres mat\u00e9riaux, peut am\u00e9liorer la r\u00e9sistance, la duret\u00e9, la r\u00e9sistance \u00e0 la chaleur et d\u2019autres propri\u00e9t\u00e9s du mat\u00e9riau.<\/p>\n<p>Mat\u00e9riau de rev\u00eatement\u00a0: peut \u00eatre utilis\u00e9 pour pr\u00e9parer un rev\u00eatement r\u00e9sistant \u00e0 la corrosion \u00e0 haute temp\u00e9rature, appliqu\u00e9 \u00e0 la protection de surface m\u00e9tallique, \u00e0 l\u2019a\u00e9rospatiale et \u00e0 d\u2019autres domaines, peut am\u00e9liorer la dur\u00e9e de vie et les performances des pi\u00e8ces.<\/p>\n<h2><span style=\"font-size: 14pt;\">Contr\u00f4le de la qualit\u00e9<\/span><\/h2>\n<p><span style=\"color: #0000ff;\"><a style=\"color: #0000ff;\" href=\"https:\/\/vimaterial.de\/fr\/controle-qualite\/\">Un syst\u00e8me de contr\u00f4le de la qualit\u00e9 strict<\/a> <\/span>est mis en \u0153uvre pour chaque lot de production, et des tests d\u00e9taill\u00e9s sont effectu\u00e9s dans tous les aspects, du contenu des composants, des propri\u00e9t\u00e9s physiques \u00e0 la microstructure, etc., et des rapports d\u2019essai d\u00e9taill\u00e9s pr\u00e9cis et opportuns sont fournis.<\/p>\n<h2><span style=\"font-size: 14pt;\">Emballage et stockage<\/span><\/h2>\n<p>La poudre de phosphure de silicium est emball\u00e9e dans des sacs ou des bouteilles sous vide \u00e0 double couche, \u00e0 l\u2019ext\u00e9rieur dans des cartons solides ou des caisses en bois, et \u00e0 l\u2019int\u00e9rieur dans des coussins moelleux.<\/p>\n<p>La poudre de phosphure de silicium doit \u00eatre stock\u00e9e dans un environnement frais, sec et bien ventil\u00e9, \u00e0 l\u2019abri du feu, de la chaleur et des oxydants puissants, etc., et doit \u00eatre scell\u00e9e et stock\u00e9e dans des r\u00e9cipients avec une atmosph\u00e8re de gaz inerte pour l\u2019emp\u00eacher de r\u00e9agir avec l\u2019oxyg\u00e8ne et l\u2019humidit\u00e9 de l\u2019air et de se d\u00e9t\u00e9riorer.<\/p>\n","protected":false},"excerpt":{"rendered":"<p>La poudre de phosphure de silicium est une substance poudreuse grise \u00e0 noire avec une duret\u00e9 \u00e9lev\u00e9e, un point de fusion \u00e9lev\u00e9, une bonne stabilit\u00e9 chimique et certaines propri\u00e9t\u00e9s semi-conductrices. Il est principalement utilis\u00e9 dans les domaines de l\u2019emballage \u00e9lectronique, des mat\u00e9riaux c\u00e9ramiques, des mat\u00e9riaux r\u00e9fractaires, etc. La poudre TiP est une poudre grise \u00e0 lustre m\u00e9tallique, avec une duret\u00e9 \u00e9lev\u00e9e, une bonne conductivit\u00e9 \u00e9lectrique et thermique et une bonne stabilit\u00e9 chimique.<\/p>\n<p>VIMATERIAL peut accepter la personnalisation de n\u2019importe lequel de ses produits, les mat\u00e9riaux cibles sont fournis avec un service de reliure, si vous en avez besoin, veuillez <span style=\"color: #0000ff;\"><a style=\"color: #0000ff;\" href=\"https:\/\/vimaterial.de\/fr\/contact\/\">nous contacter.<\/a><\/span><\/p>\n<p>&nbsp;<\/p>\n","protected":false},"featured_media":1037670,"comment_status":"open","ping_status":"closed","template":"","meta":{"_acf_changed":false},"product_brand":[],"product_cat":[251],"product_tag":[],"class_list":{"0":"post-1029544","1":"product","2":"type-product","3":"status-publish","4":"has-post-thumbnail","6":"product_cat-materiaux-phosphores","8":"first","9":"instock","10":"shipping-taxable","11":"product-type-variable"},"acf":[],"_links":{"self":[{"href":"https:\/\/vimaterial.de\/fr\/wp-json\/wp\/v2\/product\/1029544","targetHints":{"allow":["GET"]}}],"collection":[{"href":"https:\/\/vimaterial.de\/fr\/wp-json\/wp\/v2\/product"}],"about":[{"href":"https:\/\/vimaterial.de\/fr\/wp-json\/wp\/v2\/types\/product"}],"replies":[{"embeddable":true,"href":"https:\/\/vimaterial.de\/fr\/wp-json\/wp\/v2\/comments?post=1029544"}],"wp:featuredmedia":[{"embeddable":true,"href":"https:\/\/vimaterial.de\/fr\/wp-json\/wp\/v2\/media\/1037670"}],"wp:attachment":[{"href":"https:\/\/vimaterial.de\/fr\/wp-json\/wp\/v2\/media?parent=1029544"}],"wp:term":[{"taxonomy":"product_brand","embeddable":true,"href":"https:\/\/vimaterial.de\/fr\/wp-json\/wp\/v2\/product_brand?post=1029544"},{"taxonomy":"product_cat","embeddable":true,"href":"https:\/\/vimaterial.de\/fr\/wp-json\/wp\/v2\/product_cat?post=1029544"},{"taxonomy":"product_tag","embeddable":true,"href":"https:\/\/vimaterial.de\/fr\/wp-json\/wp\/v2\/product_tag?post=1029544"}],"curies":[{"name":"wp","href":"https:\/\/api.w.org\/{rel}","templated":true}]}}