{"id":1029540,"date":"2024-06-17T16:19:57","date_gmt":"2024-06-17T08:19:57","guid":{"rendered":"https:\/\/vimaterial.de\/product\/phosphure-de-titane\/"},"modified":"2025-02-27T16:59:08","modified_gmt":"2025-02-27T08:59:08","slug":"phosphure-de-titane","status":"publish","type":"product","link":"https:\/\/vimaterial.de\/fr\/product\/phosphure-de-titane\/","title":{"rendered":"Phosphure de titane"},"content":{"rendered":"<p>La poudre de phosphure de titane est une poudre grise \u00e0 lustre m\u00e9tallique, avec une duret\u00e9 \u00e9lev\u00e9e, une bonne conductivit\u00e9 \u00e9lectrique et thermique, une bonne stabilit\u00e9 chimique, principalement utilis\u00e9e dans les rev\u00eatements r\u00e9sistants \u00e0 l\u2019usure, les appareils \u00e9lectroniques, les catalyseurs et d\u2019autres domaines.<\/p>\n<p>VIMATERIAL peut accepter la personnalisation de n\u2019importe lequel de ses produits, les mat\u00e9riaux cibles sont fournis avec un service de reliure, si vous en avez besoin, veuillez <span style=\"color: #0000ff;\"><a style=\"color: #0000ff;\" href=\"https:\/\/vimaterial.de\/fr\/contact\/\">nous contacter<\/a><\/span>.<\/p>\n<p>Caract\u00e9ristiques<\/p>\n<p>Formule chimique : TiP<\/p>\n<p>Poids mol\u00e9culaire : 78,84<\/p>\n<p>Apparence\u00a0: poudre grise ou noir-gris<\/p>\n<p>Densit\u00e9 : La densit\u00e9 relative est d\u2019environ 3,95 g\/cm\u00b3<\/p>\n<p>Point de fusion : point de fusion \u00e9lev\u00e9, environ 1990\u00b0C.<\/p>\n<p>Application<\/p>\n<p>Rev\u00eatements r\u00e9sistants \u00e0 l\u2019usure : La poudre de phosphure de titane peut \u00eatre utilis\u00e9e comme composant cl\u00e9 \u00e0 la surface des pi\u00e8ces m\u00e9caniques par pulv\u00e9risation thermique et d\u2019autres processus pour former des rev\u00eatements r\u00e9sistants \u00e0 l\u2019usure de haute duret\u00e9, ce qui peut consid\u00e9rablement am\u00e9liorer la dur\u00e9e de vie des pi\u00e8ces dans des environnements \u00e0 friction \u00e9lev\u00e9e.<\/p>\n<p>\u00c9lectronique\u00a0: Les poudres de phosphure de titane sont utilis\u00e9es dans la fabrication de dispositifs \u00e9lectroniques pour la pr\u00e9paration de composants \u00e9lectroniques sp\u00e9cifiques, tels que des lignes conductrices ou des \u00e9lectrodes dans certains nouveaux circuits int\u00e9gr\u00e9s, pour assurer une transmission efficace des signaux \u00e9lectroniques en raison de leur bonne conductivit\u00e9 \u00e9lectrique.<\/p>\n<p>Catalyseurs : En raison de leur structure chimique sp\u00e9ciale et de leurs propri\u00e9t\u00e9s de surface, les poudres de phosphure de titane peuvent \u00eatre utilis\u00e9es comme catalyseurs ou supports de catalyseur pour r\u00e9duire l\u2019\u00e9nergie d\u2019activation et am\u00e9liorer les taux de r\u00e9action et la s\u00e9lectivit\u00e9 du produit dans certaines r\u00e9actions chimiques, telles que les r\u00e9actions de synth\u00e8se organique sp\u00e9cifiques.<\/p>\n<p>Contr\u00f4le de la qualit\u00e9<\/p>\n<p><span style=\"color: #0000ff;\"><a style=\"color: #0000ff;\" href=\"https:\/\/vimaterial.de\/fr\/controle-qualite\/\">Un syst\u00e8me de contr\u00f4le de la qualit\u00e9 strict<\/a><\/span> est mis en \u0153uvre pour chaque lot de production, et des tests d\u00e9taill\u00e9s sont effectu\u00e9s dans tous les aspects, du contenu des composants, des propri\u00e9t\u00e9s physiques \u00e0 la microstructure, etc., et des rapports d\u2019essai d\u00e9taill\u00e9s pr\u00e9cis et opportuns sont fournis.<\/p>\n<p>Emballage et stockage<\/p>\n<p>La poudre de phosphure de titane est emball\u00e9e dans des sacs ou des bouteilles sous vide \u00e0 double couche, \u00e0 l\u2019ext\u00e9rieur dans des cartons solides ou des caisses en bois, et \u00e0 l\u2019int\u00e9rieur dans des coussins moelleux.<\/p>\n<p>La poudre de phosphure de titane doit \u00eatre stock\u00e9e dans un environnement frais, sec et bien ventil\u00e9, dans un emballage sous vide ou des r\u00e9cipients scell\u00e9s pour \u00e9viter l\u2019humidit\u00e9, l\u2019oxydation et la contamination, et \u00e0 l\u2019\u00e9cart des substances corrosives telles que les acides et les alcalis forts, et des sources d\u2019inflammation et de chaleur.<\/p>\n","protected":false},"excerpt":{"rendered":"<p>La poudre de phosphure de titane est une poudre grise \u00e0 lustre m\u00e9tallique, avec une duret\u00e9 \u00e9lev\u00e9e, une bonne conductivit\u00e9 \u00e9lectrique et thermique, une bonne stabilit\u00e9 chimique, principalement utilis\u00e9e dans les rev\u00eatements r\u00e9sistants \u00e0 l\u2019usure, les appareils \u00e9lectroniques, les catalyseurs et d\u2019autres domaines.<\/p>\n<p>VIMATERIAL peut accepter la personnalisation de n\u2019importe lequel de ses produits, les mat\u00e9riaux cibles sont fournis avec un service de reliure, si vous en avez besoin, veuillez <span style=\"color: #0000ff;\"><a style=\"color: #0000ff;\" href=\"https:\/\/vimaterial.de\/fr\/contact\/\">nous contacter<\/a><\/span>.<\/p>\n","protected":false},"featured_media":1037663,"comment_status":"open","ping_status":"closed","template":"","meta":{"_acf_changed":false},"product_brand":[],"product_cat":[251],"product_tag":[],"class_list":{"0":"post-1029540","1":"product","2":"type-product","3":"status-publish","4":"has-post-thumbnail","6":"product_cat-materiaux-phosphores","8":"first","9":"instock","10":"shipping-taxable","11":"product-type-variable"},"acf":[],"_links":{"self":[{"href":"https:\/\/vimaterial.de\/fr\/wp-json\/wp\/v2\/product\/1029540","targetHints":{"allow":["GET"]}}],"collection":[{"href":"https:\/\/vimaterial.de\/fr\/wp-json\/wp\/v2\/product"}],"about":[{"href":"https:\/\/vimaterial.de\/fr\/wp-json\/wp\/v2\/types\/product"}],"replies":[{"embeddable":true,"href":"https:\/\/vimaterial.de\/fr\/wp-json\/wp\/v2\/comments?post=1029540"}],"wp:featuredmedia":[{"embeddable":true,"href":"https:\/\/vimaterial.de\/fr\/wp-json\/wp\/v2\/media\/1037663"}],"wp:attachment":[{"href":"https:\/\/vimaterial.de\/fr\/wp-json\/wp\/v2\/media?parent=1029540"}],"wp:term":[{"taxonomy":"product_brand","embeddable":true,"href":"https:\/\/vimaterial.de\/fr\/wp-json\/wp\/v2\/product_brand?post=1029540"},{"taxonomy":"product_cat","embeddable":true,"href":"https:\/\/vimaterial.de\/fr\/wp-json\/wp\/v2\/product_cat?post=1029540"},{"taxonomy":"product_tag","embeddable":true,"href":"https:\/\/vimaterial.de\/fr\/wp-json\/wp\/v2\/product_tag?post=1029540"}],"curies":[{"name":"wp","href":"https:\/\/api.w.org\/{rel}","templated":true}]}}