{"id":1029523,"date":"2024-06-17T16:12:08","date_gmt":"2024-06-17T08:12:08","guid":{"rendered":"https:\/\/vimaterial.de\/product\/oxyde-de-dysprosium-3\/"},"modified":"2025-07-10T11:27:28","modified_gmt":"2025-07-10T03:27:28","slug":"oxyde-de-dysprosium-3","status":"publish","type":"product","link":"https:\/\/vimaterial.de\/fr\/product\/oxyde-de-dysprosium-3\/","title":{"rendered":"Oxyde de dysprosium"},"content":{"rendered":"<p>Les granules <span style=\"color: #0000ff;\"><a style=\"color: #0000ff;\" href=\"https:\/\/vimaterial.de\/fr\/product\/oxyde-de-dysprosium\/\"><strong>d\u2019oxyde de dysprosium<\/strong><\/a><\/span> sont des particules solides jaun\u00e2tres ou jaune brun\u00e2tre avec un point de fusion \u00e9lev\u00e9, une bonne stabilit\u00e9 chimique, insolubles dans l\u2019eau et les alcalis (\u00e0 l\u2019exception des alcalis forts), qui jouent un r\u00f4le important dans les domaines des mat\u00e9riaux magn\u00e9tiques, des mat\u00e9riaux optiques, des mat\u00e9riaux c\u00e9ramiques, etc.<\/p>\n<p>VIMATERIAL prend en charge la personnalisation du produit, <span style=\"color: #0000ff;\"><a style=\"color: #0000ff;\" href=\"https:\/\/vimaterial.de\/fr\/contact\/\">contactez-nous<\/a><\/span>.<\/p>\n<h2><span style=\"font-size: 14pt;\">Propri\u00e9t\u00e9s de l\u2019oxyde de dysprosium <\/span><\/h2>\n<p>Formule mol\u00e9culaire : Dy\u2082O\u2083<\/p>\n<p>Poids mol\u00e9culaire : 373,00 g\/mol<\/p>\n<p>Aspect : Particules blanches \u00e0 jaune clair<\/p>\n<p>Densit\u00e9 : 7,81 g\/cm\u00b3 (25 \u00b0C)<\/p>\n<p>Point de fusion : environ 2408\u00b0C<\/p>\n<p>Structure cristalline : phase cubique<\/p>\n<p>Solubilit\u00e9 : Insoluble dans l\u2019eau, mais soluble dans les acides inorganiques.<\/p>\n<h2><span style=\"font-size: 14pt;\">Applications de <strong>l\u2019oxyde de dysprosium<\/strong><\/span><\/h2>\n<p>Mat\u00e9riaux magn\u00e9tiques permanents : L\u2019ajout d\u2019environ 2 \u00e0 3 % d\u2019oxyde de dysprosium aux aimants permanents NdFeB peut augmenter consid\u00e9rablement sa coercivit\u00e9, qui est un additif important pour les aimants NdFeB. C\u2019est un additif important pour les aimants NdFeB. Avec la demande croissante d\u2019aimants NdFeB, l\u2019oxyde de dysprosium est de plus en plus largement utilis\u00e9 dans ce domaine.<\/p>\n<p>Mat\u00e9riaux optiques : <strong>L\u2019oxyde de dysprosium<\/strong> est utilis\u00e9 dans la fabrication de lampes aux halog\u00e9nures m\u00e9talliques et d\u2019autres sources d\u2019\u00e9clairage pour am\u00e9liorer l\u2019efficacit\u00e9 lumineuse et le rendu des couleurs des sources lumineuses.<\/p>\n<p>Mat\u00e9riaux de stockage magn\u00e9to-optiques : <strong>L\u2019oxyde de dysprosium<\/strong> peut \u00eatre utilis\u00e9 pour pr\u00e9parer des mat\u00e9riaux de stockage magn\u00e9to-optiques afin de stocker et de lire des informations en utilisant son effet magn\u00e9to-optique.<\/p>\n<h2><span style=\"font-size: 14pt;\">Contr\u00f4le de la qualit\u00e9<\/span><\/h2>\n<p><span style=\"color: #0000ff;\"><a style=\"color: #0000ff;\" href=\"https:\/\/vimaterial.de\/fr\/controle-qualite\/\">VI HALBLEITERMATERIAL GmbH<\/a><\/span> met en \u0153uvre un contr\u00f4le de qualit\u00e9 strict de l\u2019ensemble du processus et m\u00e9canisme de r\u00e9solution de probl\u00e8mes pour s\u2019assurer que les produits sont conformes aux normes REACH, ASTM et de l\u2019industrie, et soutenir le d\u00e9veloppement durable et la tra\u00e7abilit\u00e9 de la cha\u00eene d\u2019approvisionnement. L\u2019entreprise s\u2019engage \u00e0 fournir \u00e0 ses clients des produits et des services de haute qualit\u00e9 en g\u00e9rant l\u2019ensemble du processus, de la R&amp;D \u00e0 la livraison, et en adh\u00e9rant au principe de retraitement des produits non conformes.<\/p>\n<h2><span style=\"font-size: 14pt;\">Emballage et stockage<\/span><\/h2>\n<p>Emball\u00e9 sous vide puis mis en bouteille, emballage en carton ext\u00e9rieur, la capacit\u00e9 peut \u00eatre personnalis\u00e9e.<\/p>\n<p>Les granul\u00e9s <strong>Dy\u2082O\u2083<\/strong> doivent \u00eatre strictement scell\u00e9s dans un environnement sec, \u00e0 l\u2019abri de la lumi\u00e8re et de l\u2019humidit\u00e9, afin de maintenir leur stabilit\u00e9 chimique et leurs propri\u00e9t\u00e9s de surface.<\/p>\n","protected":false},"excerpt":{"rendered":"<p>Les granules <span style=\"color: #0000ff;\"><a style=\"color: #0000ff;\" href=\"https:\/\/vimaterial.de\/fr\/product\/oxyde-de-dysprosium\/\"><strong>d\u2019oxyde de dysprosium<\/strong><\/a><\/span> sont des particules solides jaun\u00e2tres ou jaune brun\u00e2tre avec un point de fusion \u00e9lev\u00e9, une bonne stabilit\u00e9 chimique, insolubles dans l\u2019eau et les alcalis (\u00e0 l\u2019exception des alcalis forts), qui jouent un r\u00f4le important dans les domaines des mat\u00e9riaux magn\u00e9tiques, des mat\u00e9riaux optiques, des mat\u00e9riaux c\u00e9ramiques, etc.<\/p>\n<p>VIMATERIAL prend en charge la personnalisation du produit, <span style=\"color: #0000ff;\"><a style=\"color: #0000ff;\" href=\"https:\/\/vimaterial.de\/fr\/contact\/\">contactez-nous<\/a><\/span>.<\/p>\n","protected":false},"featured_media":1038558,"comment_status":"open","ping_status":"closed","template":"","meta":{"_acf_changed":false},"product_brand":[],"product_cat":[236],"product_tag":[],"class_list":{"0":"post-1029523","1":"product","2":"type-product","3":"status-publish","4":"has-post-thumbnail","6":"product_cat-materiaux-devaporation","8":"first","9":"instock","10":"shipping-taxable","11":"product-type-variable"},"acf":[],"_links":{"self":[{"href":"https:\/\/vimaterial.de\/fr\/wp-json\/wp\/v2\/product\/1029523","targetHints":{"allow":["GET"]}}],"collection":[{"href":"https:\/\/vimaterial.de\/fr\/wp-json\/wp\/v2\/product"}],"about":[{"href":"https:\/\/vimaterial.de\/fr\/wp-json\/wp\/v2\/types\/product"}],"replies":[{"embeddable":true,"href":"https:\/\/vimaterial.de\/fr\/wp-json\/wp\/v2\/comments?post=1029523"}],"wp:featuredmedia":[{"embeddable":true,"href":"https:\/\/vimaterial.de\/fr\/wp-json\/wp\/v2\/media\/1038558"}],"wp:attachment":[{"href":"https:\/\/vimaterial.de\/fr\/wp-json\/wp\/v2\/media?parent=1029523"}],"wp:term":[{"taxonomy":"product_brand","embeddable":true,"href":"https:\/\/vimaterial.de\/fr\/wp-json\/wp\/v2\/product_brand?post=1029523"},{"taxonomy":"product_cat","embeddable":true,"href":"https:\/\/vimaterial.de\/fr\/wp-json\/wp\/v2\/product_cat?post=1029523"},{"taxonomy":"product_tag","embeddable":true,"href":"https:\/\/vimaterial.de\/fr\/wp-json\/wp\/v2\/product_tag?post=1029523"}],"curies":[{"name":"wp","href":"https:\/\/api.w.org\/{rel}","templated":true}]}}