{"id":1029500,"date":"2024-06-17T16:12:09","date_gmt":"2024-06-17T08:12:09","guid":{"rendered":"https:\/\/vimaterial.de\/product\/oxyde-de-dysprosium-2\/"},"modified":"2025-07-07T17:02:28","modified_gmt":"2025-07-07T09:02:28","slug":"oxyde-de-dysprosium-2","status":"publish","type":"product","link":"https:\/\/vimaterial.de\/fr\/product\/oxyde-de-dysprosium-2\/","title":{"rendered":"Oxyde de dysprosium"},"content":{"rendered":"<p><strong><span style=\"color: #0000ff;\"><a style=\"color: #0000ff;\" href=\"https:\/\/vimaterial.de\/fr\/product\/oxyde-de-dysprosium\/\">La cible de pulv\u00e9risation d\u2019oxyde de dysprosium<\/a><\/span><\/strong> est un type de mat\u00e9riau utilis\u00e9 dans la pulv\u00e9risation magn\u00e9tron et d\u2019autres technologies de rev\u00eatement. L\u2019oxyde de dysprosium (Dy\u2082O\u2083) est l\u2019ingr\u00e9dient principal, qui pr\u00e9sente g\u00e9n\u00e9ralement les caract\u00e9ristiques d\u2019une grande puret\u00e9, de densit\u00e9s \u00e9lev\u00e9es et de compositions homog\u00e8nes, etc. Il peut \u00eatre largement utilis\u00e9 dans les semi-conducteurs, l\u2019optique, le magn\u00e9tisme, l\u2019\u00e9nergie atomique et de nombreux autres domaines pour la pr\u00e9paration de films minces fonctionnels.<\/p>\n<p>VIMATERIAL vous propose la personnalisation des produits, <span style=\"color: #0000ff;\"><a style=\"color: #0000ff;\" href=\"https:\/\/vimaterial.de\/fr\/contact\/\">nous consulter<\/a><\/span>.<\/p>\n<h2><span style=\"font-size: 14pt;\">Propri\u00e9t\u00e9s de l\u2019oxyde de dysprosium<\/span><\/h2>\n<p>Formule mol\u00e9culaire : Dy\u2082O\u2083<\/p>\n<p>Poids mol\u00e9culaire : 373,00 g\/mol<\/p>\n<p>Apparence : Cible blanche \u00e0 jaune clair<\/p>\n<p>Densit\u00e9 : 7,81 g\/cm\u00b3 (th\u00e9orique)<\/p>\n<p>Point de fusion : env. 2400\u00b0C<\/p>\n<p>Point d\u2019\u00e9bullition : env. 3900\u00b0C<\/p>\n<p>Structure cristalline : phase cubique<\/p>\n<h2><span style=\"font-size: 14pt;\">Applications de l\u2019oxyde de dysprosium<\/span><\/h2>\n<p>Domaine des semi-conducteurs : Il peut \u00eatre utilis\u00e9 pour pr\u00e9parer des films semi-conducteurs dans le processus de fabrication des semi-conducteurs.<\/p>\n<p>Optique : Les cibles de pulv\u00e9risation <strong>Dy2O3 <\/strong>peuvent \u00eatre utilis\u00e9es pour pr\u00e9parer des films optiques en raison de son indice de r\u00e9fraction \u00e9lev\u00e9 et de sa transparence.<\/p>\n<p>Magn\u00e9tisme : Les cibles de pulv\u00e9risation <strong>Dy2O3<\/strong> sont utilis\u00e9es pour la pr\u00e9paration de films magn\u00e9tiques, tels que les mat\u00e9riaux d\u2019enregistrement magn\u00e9tique et les capteurs magn\u00e9tiques, en raison de leurs fortes propri\u00e9t\u00e9s magn\u00e9tiques. Ces films magn\u00e9tiques ont des applications importantes dans le stockage d\u2019informations et la d\u00e9tection de signaux magn\u00e9tiques.<\/p>\n<p>Nouveau domaine \u00e9nerg\u00e9tique : Dans le domaine des nouvelles \u00e9nergies, comme la fabrication de cellules solaires, les cibles de pulv\u00e9risation<strong> Dy2O3<\/strong> peuvent \u00eatre utilis\u00e9es pour pr\u00e9parer des mat\u00e9riaux d\u2019\u00e9lectrode ou des mat\u00e9riaux de couche fonctionnelle pour les cellules solaires, am\u00e9liorant ainsi l\u2019efficacit\u00e9 de la conversion photo\u00e9lectrique et la stabilit\u00e9 des cellules solaires.<\/p>\n<h2><span style=\"font-size: 14pt;\">Contr\u00f4le de la qualit\u00e9<\/span><\/h2>\n<p><span style=\"color: #0000ff;\"><a style=\"color: #0000ff;\" href=\"https:\/\/vimaterial.de\/fr\/controle-qualite\/\">VI HALBLEITERMATERIAL GmbH<\/a><\/span> met en \u0153uvre un syst\u00e8me de contr\u00f4le de la qualit\u00e9 complet du processus, respecte le principe de la retouche pour les produits d\u00e9fectueux et ne lib\u00e8re chaque lot de produits qu\u2019apr\u00e8s avoir pass\u00e9 avec succ\u00e8s des tests de sp\u00e9cification d\u00e9taill\u00e9s. Nous nous engageons \u00e0 construire une cha\u00eene d\u2019approvisionnement responsable en nous conformant aux normes REACH et ASTM, en assurant l\u2019uniformit\u00e9 des lots et en \u00e9tablissant un syst\u00e8me de tra\u00e7abilit\u00e9 complet et document\u00e9.<\/p>\n<h2><span style=\"font-size: 14pt;\">Emballage et stockage<\/span><\/h2>\n<p>Les cibles de pulv\u00e9risation <strong>Dy2O3<\/strong> sont emball\u00e9es sous vide et plac\u00e9es dans des bo\u00eetes personnalis\u00e9es, puis transport\u00e9es dans des cartons sp\u00e9ciaux pour assurer un transport en toute s\u00e9curit\u00e9.<\/p>\n<p>Les cibles de pulv\u00e9risation <strong>Dy2O3<\/strong> doivent \u00eatre stock\u00e9es dans un \u00e9tat sec et scell\u00e9 pour \u00e9viter l\u2019absorption d\u2019humidit\u00e9 et la contamination, et il est recommand\u00e9 de les placer dans un environnement ventil\u00e9 et sec apr\u00e8s l\u2019emballage sous vide.<\/p>\n","protected":false},"excerpt":{"rendered":"<p><strong><span style=\"color: #0000ff;\"><a style=\"color: #0000ff;\" href=\"https:\/\/vimaterial.de\/fr\/product\/oxyde-de-dysprosium\/\">La cible de pulv\u00e9risation d\u2019oxyde de dysprosium<\/a><\/span><\/strong> est un type de mat\u00e9riau utilis\u00e9 dans la pulv\u00e9risation magn\u00e9tron et d\u2019autres technologies de rev\u00eatement. L\u2019oxyde de dysprosium (Dy\u2082O\u2083) est l\u2019ingr\u00e9dient principal, qui pr\u00e9sente g\u00e9n\u00e9ralement les caract\u00e9ristiques d\u2019une grande puret\u00e9, de densit\u00e9s \u00e9lev\u00e9es et de compositions homog\u00e8nes, etc. Il peut \u00eatre largement utilis\u00e9 dans les semi-conducteurs, l\u2019optique, le magn\u00e9tisme, l\u2019\u00e9nergie atomique et de nombreux autres domaines pour la pr\u00e9paration de films minces fonctionnels.<\/p>\n<p>VIMATERIAL vous propose la personnalisation des produits, <span style=\"color: #0000ff;\"><a style=\"color: #0000ff;\" href=\"https:\/\/vimaterial.de\/fr\/contact\/\">nous consulter<\/a><\/span>.<\/p>\n","protected":false},"featured_media":1038505,"comment_status":"open","ping_status":"closed","template":"","meta":{"_acf_changed":false},"product_brand":[],"product_cat":[235],"product_tag":[],"class_list":{"0":"post-1029500","1":"product","2":"type-product","3":"status-publish","4":"has-post-thumbnail","6":"product_cat-cibles-de-pulverisation-planaire","8":"first","9":"instock","10":"shipping-taxable","11":"product-type-variable"},"acf":[],"_links":{"self":[{"href":"https:\/\/vimaterial.de\/fr\/wp-json\/wp\/v2\/product\/1029500","targetHints":{"allow":["GET"]}}],"collection":[{"href":"https:\/\/vimaterial.de\/fr\/wp-json\/wp\/v2\/product"}],"about":[{"href":"https:\/\/vimaterial.de\/fr\/wp-json\/wp\/v2\/types\/product"}],"replies":[{"embeddable":true,"href":"https:\/\/vimaterial.de\/fr\/wp-json\/wp\/v2\/comments?post=1029500"}],"wp:featuredmedia":[{"embeddable":true,"href":"https:\/\/vimaterial.de\/fr\/wp-json\/wp\/v2\/media\/1038505"}],"wp:attachment":[{"href":"https:\/\/vimaterial.de\/fr\/wp-json\/wp\/v2\/media?parent=1029500"}],"wp:term":[{"taxonomy":"product_brand","embeddable":true,"href":"https:\/\/vimaterial.de\/fr\/wp-json\/wp\/v2\/product_brand?post=1029500"},{"taxonomy":"product_cat","embeddable":true,"href":"https:\/\/vimaterial.de\/fr\/wp-json\/wp\/v2\/product_cat?post=1029500"},{"taxonomy":"product_tag","embeddable":true,"href":"https:\/\/vimaterial.de\/fr\/wp-json\/wp\/v2\/product_tag?post=1029500"}],"curies":[{"name":"wp","href":"https:\/\/api.w.org\/{rel}","templated":true}]}}