{"id":1029446,"date":"2024-06-17T16:16:10","date_gmt":"2024-06-17T08:16:10","guid":{"rendered":"https:\/\/vimaterial.de\/product\/fluorure-de-dysprosium-dfm-2\/"},"modified":"2025-07-07T11:14:20","modified_gmt":"2025-07-07T03:14:20","slug":"fluorure-de-dysprosium-dfm-2","status":"publish","type":"product","link":"https:\/\/vimaterial.de\/fr\/product\/fluorure-de-dysprosium-dfm-2\/","title":{"rendered":"Fluorure de dysprosium (DFM)"},"content":{"rendered":"<p>Les granules <span style=\"color: #0000ff;\"><a style=\"color: #0000ff;\" href=\"https:\/\/vimaterial.de\/fr\/product\/fluorure-de-dysprosium-dfm\/\"><strong>de fluorure de dysprosium<\/strong><\/a><\/span> sont une substance poudreuse cristalline blanche compos\u00e9e de dysprosium et de fluor, avec une structure cristalline cubique ou rhombo\u00e9drique centr\u00e9e sur la face vert clair, un point de fusion de 1360\u00b0C, un point d\u2019\u00e9bullition de 2200\u00b0C, insoluble dans l\u2019eau et les acides dilu\u00e9s, chimiquement stable et largement utilis\u00e9e dans les domaines de l\u2019optique, de l\u2019\u00e9lectronique et du raffinage des m\u00e9taux.<\/p>\n<p>VIMATERIAL prend en charge la personnalisation des produits, veuillez <span style=\"color: #0000ff;\"><a style=\"color: #0000ff;\" href=\"https:\/\/vimaterial.de\/fr\/contact\/\">nous contacter<\/a><\/span>.<\/p>\n<h2><span style=\"font-size: 14pt;\">Propri\u00e9t\u00e9s du fluorure de dysprosium <\/span><\/h2>\n<p>Formule mol\u00e9culaire : DyF\u2083<\/p>\n<p>Poids mol\u00e9culaire : 219,50 g\/mol<\/p>\n<p>Apparence : Granules blancs \u00e0 jaune clair<\/p>\n<p>Densit\u00e9 : 7,5 g\/cm\u00b3 (valeur th\u00e9orique)<\/p>\n<p>Point de fusion : ~1150\u00b0C<\/p>\n<p>Point d\u2019\u00e9bullition : environ 2200\u00b0C (peut se d\u00e9composer \u00e0 haute temp\u00e9rature)<\/p>\n<p>Structure cristalline : Syst\u00e8me cristallin hexagonal<\/p>\n<p>Solubilit\u00e9 : insoluble dans l\u2019eau, soluble dans l\u2019acide concentr\u00e9 chaud<\/p>\n<h2><span style=\"font-size: 14pt;\">Applications du fluorure de dysprosium <\/span><\/h2>\n<p>Rev\u00eatement optique : <strong>Le fluorure de dysprosium<\/strong> peut \u00eatre utilis\u00e9 dans le rev\u00eatement des lentilles optiques et des miroirs pour am\u00e9liorer leurs propri\u00e9t\u00e9s optiques, telles que l\u2019augmentation de l\u2019indice de r\u00e9fraction et la r\u00e9duction de la r\u00e9flexion.<\/p>\n<p>Mat\u00e9riaux laser\u00a0: <strong>Le fluorure de dysprosium<\/strong> est utilis\u00e9 comme dopant dans les cristaux laser dans la technologie laser et est utilis\u00e9 dans la fabrication de dispositifs optiques tels que les amplificateurs laser, qui ont pour effet d\u2019amplifier la lumi\u00e8re laser \u00e0 des longueurs d\u2019onde sp\u00e9cifiques.<\/p>\n<p>Mat\u00e9riaux fluorescents : <strong>Le fluorure de dysprosium<\/strong> peut \u00eatre utilis\u00e9 pour pr\u00e9parer des mat\u00e9riaux fluorescents contenant des ions m\u00e9talliques de dysprosium, ce qui a une valeur d\u2019application potentielle dans le domaine de l\u2019\u00e9clairage et de l\u2019affichage, par exemple, il peut \u00eatre utilis\u00e9 pour fabriquer des phosphores sp\u00e9ciaux.<\/p>\n<p>Industrie \u00e9lectronique\u00a0: <strong>Le fluorure de dysprosium<\/strong> peut \u00eatre utilis\u00e9 pour pr\u00e9parer des mat\u00e9riaux magn\u00e9tiques tels que des aimants en dysprosium, qui peuvent \u00eatre utilis\u00e9s dans des \u00e9quipements \u00e9lectroniques, des moteurs \u00e9lectriques, le stockage magn\u00e9tique et d\u2019autres domaines\u00a0; Il peut \u00e9galement \u00eatre utilis\u00e9 comme r\u00e9tro\u00e9clairage de l\u2019affichage \u00e0 cristaux liquides.<\/p>\n<h2><span style=\"font-size: 14pt;\">Contr\u00f4le de la qualit\u00e9<\/span><\/h2>\n<p><span style=\"color: #0000ff;\"><a style=\"color: #0000ff;\" href=\"https:\/\/vimaterial.de\/fr\/controle-qualite\/\">VI HALBLEITERMATERIAL GmbH<\/a><\/span> met en \u0153uvre un syst\u00e8me de contr\u00f4le de la qualit\u00e9 complet du processus, respecte le principe de la reprise pour les produits d\u00e9fectueux et ne lib\u00e8re chaque lot de produits qu\u2019apr\u00e8s avoir pass\u00e9 avec succ\u00e8s des tests de sp\u00e9cification d\u00e9taill\u00e9s. Nous nous engageons \u00e0 construire une cha\u00eene d\u2019approvisionnement responsable en nous conformant aux normes REACH et ASTM, en assurant l\u2019uniformit\u00e9 des lots et en \u00e9tablissant un syst\u00e8me de tra\u00e7abilit\u00e9 complet et document\u00e9.<\/p>\n<h2><span style=\"font-size: 14pt;\">Emballage et stockage<\/span><\/h2>\n<p>Les granul\u00e9s <strong>de fluorure de dysprosium<\/strong> sont emball\u00e9s dans des bouteilles sous vide doubles et des cartons pour assurer un transport en toute s\u00e9curit\u00e9.<\/p>\n<p>Les granul\u00e9s <strong>DyF\u2083<\/strong> doivent \u00eatre strictement scell\u00e9s ou stock\u00e9s sous vide dans un environnement sec, en \u00e9vitant tout contact avec l\u2019humidit\u00e9 et l\u2019oxyg\u00e8ne pour \u00e9viter l\u2019absorption et la d\u00e9t\u00e9rioration de l\u2019humidit\u00e9.<\/p>\n","protected":false},"excerpt":{"rendered":"<p>Les granules <span style=\"color: #0000ff;\"><a style=\"color: #0000ff;\" href=\"https:\/\/vimaterial.de\/fr\/product\/fluorure-de-dysprosium-dfm\/\"><strong>de fluorure de dysprosium<\/strong><\/a><\/span> sont une substance poudreuse cristalline blanche compos\u00e9e de dysprosium et de fluor, avec une structure cristalline cubique ou rhombo\u00e9drique centr\u00e9e sur la face vert clair, un point de fusion de 1360\u00b0C, un point d\u2019\u00e9bullition de 2200\u00b0C, insoluble dans l\u2019eau et les acides dilu\u00e9s, chimiquement stable et largement utilis\u00e9e dans les domaines de l\u2019optique, de l\u2019\u00e9lectronique et du raffinage des m\u00e9taux.<\/p>\n<p>VIMATERIAL prend en charge la personnalisation des produits, veuillez <span style=\"color: #0000ff;\"><a style=\"color: #0000ff;\" href=\"https:\/\/vimaterial.de\/fr\/contact\/\">nous contacter<\/a><\/span>.<\/p>\n","protected":false},"featured_media":1038457,"comment_status":"open","ping_status":"closed","template":"","meta":{"_acf_changed":false},"product_brand":[],"product_cat":[236],"product_tag":[],"class_list":{"0":"post-1029446","1":"product","2":"type-product","3":"status-publish","4":"has-post-thumbnail","6":"product_cat-materiaux-devaporation","8":"first","9":"instock","10":"shipping-taxable","11":"product-type-variable"},"acf":[],"_links":{"self":[{"href":"https:\/\/vimaterial.de\/fr\/wp-json\/wp\/v2\/product\/1029446","targetHints":{"allow":["GET"]}}],"collection":[{"href":"https:\/\/vimaterial.de\/fr\/wp-json\/wp\/v2\/product"}],"about":[{"href":"https:\/\/vimaterial.de\/fr\/wp-json\/wp\/v2\/types\/product"}],"replies":[{"embeddable":true,"href":"https:\/\/vimaterial.de\/fr\/wp-json\/wp\/v2\/comments?post=1029446"}],"wp:featuredmedia":[{"embeddable":true,"href":"https:\/\/vimaterial.de\/fr\/wp-json\/wp\/v2\/media\/1038457"}],"wp:attachment":[{"href":"https:\/\/vimaterial.de\/fr\/wp-json\/wp\/v2\/media?parent=1029446"}],"wp:term":[{"taxonomy":"product_brand","embeddable":true,"href":"https:\/\/vimaterial.de\/fr\/wp-json\/wp\/v2\/product_brand?post=1029446"},{"taxonomy":"product_cat","embeddable":true,"href":"https:\/\/vimaterial.de\/fr\/wp-json\/wp\/v2\/product_cat?post=1029446"},{"taxonomy":"product_tag","embeddable":true,"href":"https:\/\/vimaterial.de\/fr\/wp-json\/wp\/v2\/product_tag?post=1029446"}],"curies":[{"name":"wp","href":"https:\/\/api.w.org\/{rel}","templated":true}]}}