{"id":1029431,"date":"2024-06-17T16:16:10","date_gmt":"2024-06-17T08:16:10","guid":{"rendered":"https:\/\/vimaterial.de\/product\/alliage-de-fer-au-disprosium-2\/"},"modified":"2025-07-07T14:31:30","modified_gmt":"2025-07-07T06:31:30","slug":"alliage-de-fer-au-disprosium-2","status":"publish","type":"product","link":"https:\/\/vimaterial.de\/fr\/product\/alliage-de-fer-au-disprosium-2\/","title":{"rendered":"Alliage de fer dysprosium"},"content":{"rendered":"<p><span style=\"color: #0000ff;\"><a style=\"color: #0000ff;\" href=\"https:\/\/vimaterial.de\/fr\/product\/alliage-de-fer-au-disprosium\/\"><strong>La poudre d&#8217;alliage de fer Dysprosium<\/strong><\/a><\/span> est une sorte de poudre d\u2019alliage m\u00e9tallique compos\u00e9e d\u2019\u00e9l\u00e9ments de terres rares dysprosium et de fer, avec certaines propri\u00e9t\u00e9s magn\u00e9tiques, sous forme de poudre et facile \u00e0 oxyder \u00e0 l\u2019air, qui a des applications importantes dans de nombreux domaines tels que les mat\u00e9riaux d\u2019aimants permanents n\u00e9odyme-fer-bore.<\/p>\n<p>VIMATERIAL prend en charge la personnalisation des produits, veuillez <span style=\"color: #0000ff;\"><a style=\"color: #0000ff;\" href=\"https:\/\/vimaterial.de\/fr\/contact\/\">nous contacter<\/a><\/span>.<\/p>\n<h2><span style=\"font-size: 14pt;\">Propri\u00e9t\u00e9s de l\u2019alliage de fer Dysprosium<\/span><\/h2>\n<p>Couleur\u00a0: G\u00e9n\u00e9ralement poudre m\u00e9tallique gris-noir avec un \u00e9clat m\u00e9tallique.<\/p>\n<p>Structure cristalline : phase cubique\/hexagonale<\/p>\n<p>Magn\u00e9tisme\u00a0: Le ferroalliage de dysprosium a un fort magn\u00e9tisme, qui est d\u00fb au dysprosium lui-m\u00eame est un \u00e9l\u00e9ment de terre rare avec une structure \u00e9lectronique sp\u00e9ciale, et la poudre d\u2019alliage form\u00e9e apr\u00e8s combinaison avec le fer a une perm\u00e9abilit\u00e9 magn\u00e9tique et une saturation magn\u00e9tique \u00e9lev\u00e9es.<\/p>\n<p>Propri\u00e9t\u00e9s chimiques\u00a0: L\u2019alliage de dysprosium est facile \u00e0 oxyder dans l\u2019air, il doit donc \u00eatre correctement conserv\u00e9, g\u00e9n\u00e9ralement en utilisant la couche int\u00e9rieure de sacs en plastique doubles remplis sous vide de gaz argon, la couche ext\u00e9rieure du paquet de tambour en fer. Il est facilement soluble dans les acides et r\u00e9agit chimiquement sous l\u2019action des acides pour produire les compos\u00e9s salins correspondants.<\/p>\n<h2><span style=\"font-size: 14pt;\">Application de l\u2019alliage de fer Dysprosium <\/span><\/h2>\n<p>r\u00e9sistance \u00e0 la corrosion des aimants permanents, de sorte qu\u2019ils peuvent maintenir de bonnes propri\u00e9t\u00e9s magn\u00e9tiques \u00e0 des temp\u00e9ratures \u00e9lev\u00e9es et dans des environnements complexes, et sont largement utilis\u00e9s dans les moteurs d\u2019entra\u00eenement de v\u00e9hicules \u00e9lectriques, les \u00e9oliennes, les appareils \u00e9lectroniques et les \u00e9quipements m\u00e9dicaux et d\u2019autres domaines.<\/p>\n<p>Mat\u00e9riaux d\u2019enregistrement magn\u00e9tique optique\u00a0: <strong>La poudre d\u2019alliage de fer Dysprosium<\/strong> a des propri\u00e9t\u00e9s magn\u00e9tiques \u00e9lev\u00e9es et de bonnes caract\u00e9ristiques d\u2019enregistrement magn\u00e9tique, et peut \u00eatre utilis\u00e9e pour fabriquer des mat\u00e9riaux d\u2019enregistrement magn\u00e9tique tels que des disques durs et des bandes magn\u00e9tiques, ainsi que des dispositifs d\u2019enregistrement magn\u00e9tique optiques tels que des capteurs magn\u00e9tiques et des m\u00e9moires al\u00e9atoires magn\u00e9tiques, qui peuvent r\u00e9aliser un stockage et une lecture d\u2019informations \u00e0 haut rendement.<\/p>\n<h2><span style=\"font-size: 14pt;\">Contr\u00f4le de la qualit\u00e9<\/span><\/h2>\n<p><span style=\"color: #0000ff;\"><a style=\"color: #0000ff;\" href=\"https:\/\/vimaterial.de\/fr\/controle-qualite\/\">VI HALBLEITERMATERIAL GmbH<\/a> <\/span>met strictement en \u0153uvre un syst\u00e8me de contr\u00f4le de la qualit\u00e9 complet du processus, adh\u00e8re au principe de retouche et de refaire pour les produits d\u00e9fectueux, et chaque lot de produits passe un test de sp\u00e9cification d\u00e9taill\u00e9 avant d\u2019\u00eatre lib\u00e9r\u00e9. Nous nous conformons pleinement aux normes REACH et ASTM pour assurer la coh\u00e9rence des lots et \u00e9tablir un syst\u00e8me complet de tra\u00e7abilit\u00e9 des documents, et nous nous engageons \u00e0 construire une cha\u00eene d\u2019approvisionnement responsable.<\/p>\n<h2><span style=\"font-size: 14pt;\">Emballage et stockage<\/span><\/h2>\n<p>Il est emball\u00e9 dans des bouteilles sous vide \u00e0 double couche, puis emball\u00e9 dans des cartons sp\u00e9ciaux pour assurer la s\u00e9curit\u00e9 du transport, et la capacit\u00e9 peut \u00eatre personnalis\u00e9e en fonction des exigences des clients.<\/p>\n<p><strong>La poudre DyFe<\/strong> doit \u00eatre scell\u00e9e et stock\u00e9e dans un environnement sec pour \u00e9viter l\u2019oxydation et la d\u00e9t\u00e9rioration, il est recommand\u00e9 de la stocker \u00e0 une temp\u00e9rature de \u226425\u00b0C et une humidit\u00e9 de \u226410\u00a0%HR.<\/p>\n","protected":false},"excerpt":{"rendered":"<p><span style=\"color: #0000ff;\"><a style=\"color: #0000ff;\" href=\"https:\/\/vimaterial.de\/fr\/product\/alliage-de-fer-au-disprosium\/\"><strong>La poudre d\u2019alliage de fer Dysprosium<\/strong><\/a><\/span> est une sorte de poudre d\u2019alliage m\u00e9tallique compos\u00e9e d\u2019\u00e9l\u00e9ments de terres rares dysprosium et de fer, avec certaines propri\u00e9t\u00e9s magn\u00e9tiques, sous forme de poudre et facile \u00e0 oxyder \u00e0 l\u2019air, qui a des applications importantes dans de nombreux domaines tels que les mat\u00e9riaux d\u2019aimants permanents n\u00e9odyme-fer-bore.<\/p>\n<p>VIMATERIAL prend en charge la personnalisation des produits, veuillez <span style=\"color: #0000ff;\"><a style=\"color: #0000ff;\" href=\"https:\/\/vimaterial.de\/fr\/contact\/\">nous contacter<\/a><\/span>.<\/p>\n","protected":false},"featured_media":1038470,"comment_status":"open","ping_status":"closed","template":"","meta":{"_acf_changed":false},"product_brand":[],"product_cat":[241],"product_tag":[],"class_list":{"0":"post-1029431","1":"product","2":"type-product","3":"status-publish","4":"has-post-thumbnail","6":"product_cat-materiaux-a-base-de-terres-rares","8":"first","9":"instock","10":"shipping-taxable","11":"product-type-variable"},"acf":[],"_links":{"self":[{"href":"https:\/\/vimaterial.de\/fr\/wp-json\/wp\/v2\/product\/1029431","targetHints":{"allow":["GET"]}}],"collection":[{"href":"https:\/\/vimaterial.de\/fr\/wp-json\/wp\/v2\/product"}],"about":[{"href":"https:\/\/vimaterial.de\/fr\/wp-json\/wp\/v2\/types\/product"}],"replies":[{"embeddable":true,"href":"https:\/\/vimaterial.de\/fr\/wp-json\/wp\/v2\/comments?post=1029431"}],"wp:featuredmedia":[{"embeddable":true,"href":"https:\/\/vimaterial.de\/fr\/wp-json\/wp\/v2\/media\/1038470"}],"wp:attachment":[{"href":"https:\/\/vimaterial.de\/fr\/wp-json\/wp\/v2\/media?parent=1029431"}],"wp:term":[{"taxonomy":"product_brand","embeddable":true,"href":"https:\/\/vimaterial.de\/fr\/wp-json\/wp\/v2\/product_brand?post=1029431"},{"taxonomy":"product_cat","embeddable":true,"href":"https:\/\/vimaterial.de\/fr\/wp-json\/wp\/v2\/product_cat?post=1029431"},{"taxonomy":"product_tag","embeddable":true,"href":"https:\/\/vimaterial.de\/fr\/wp-json\/wp\/v2\/product_tag?post=1029431"}],"curies":[{"name":"wp","href":"https:\/\/api.w.org\/{rel}","templated":true}]}}