{"id":1029427,"date":"2024-06-17T16:16:10","date_gmt":"2024-06-17T08:16:10","guid":{"rendered":"https:\/\/vimaterial.de\/product\/fluorure-de-dysprosium-dfm\/"},"modified":"2025-07-07T11:29:54","modified_gmt":"2025-07-07T03:29:54","slug":"fluorure-de-dysprosium-dfm","status":"publish","type":"product","link":"https:\/\/vimaterial.de\/fr\/product\/fluorure-de-dysprosium-dfm\/","title":{"rendered":"Fluorure de dysprosium (DFM)"},"content":{"rendered":"<p><strong><span style=\"color: #0000ff;\"><a style=\"color: #0000ff;\" href=\"https:\/\/vimaterial.de\/fr\/product\/fluorure-de-dysprosium-dfm-2\/\">La poudre de fluorure de dysprosium<\/a><\/span> <\/strong>est g\u00e9n\u00e9ralement une poudre cristalline blanche ou jaune tr\u00e8s p\u00e2le, une structure cristalline cubique ou rhombo\u00e9drique centr\u00e9e sur la face vert clair, avec une structure cristalline tr\u00e8s stable et une excellente stabilit\u00e9 thermique, insoluble dans l\u2019eau et l\u2019acide dilu\u00e9. Il est largement utilis\u00e9 dans l\u2019optique, l\u2019\u00e9lectronique, la m\u00e9tallurgie et de nombreux autres domaines.<\/p>\n<p>VIMATERIAL prend en charge la personnalisation des produits<span style=\"color: #0000ff;\">, <a style=\"color: #0000ff;\" href=\"https:\/\/vimaterial.de\/fr\/contact\/\">contactez-nous<\/a>.<\/span><\/p>\n<h2><span style=\"font-size: 14pt;\">Propri\u00e9t\u00e9s du fluorure de dysprosium <\/span><\/h2>\n<p>Formule mol\u00e9culaire :<strong>DyF\u2083<\/strong><\/p>\n<p>Poids mol\u00e9culaire : 219,50 g\/mol<\/p>\n<p>Apparence\u00a0:Poudre blanche<\/p>\n<p>Densit\u00e9 : 7,5 g\/cm\u00b3 (valeur th\u00e9orique)<\/p>\n<p>Point de fusion : environ 1150\u00b0C<\/p>\n<p>Point d\u2019\u00e9bullition : environ 2200\u00b0C (peut se d\u00e9composer \u00e0 haute temp\u00e9rature)<\/p>\n<p>Structure cristalline\u00a0: syst\u00e8me de cristal hexagonal<\/p>\n<p>Solubilit\u00e9 : insoluble dans l\u2019eau, soluble dans l\u2019acide concentr\u00e9 chaud<\/p>\n<h2><span style=\"font-size: 14pt;\">Applications du fluorure de dysprosium<\/span><\/h2>\n<p>Pr\u00e9paration de mat\u00e9riaux fluorescents :<strong> Le fluorure de dysprosium<\/strong> peut \u00eatre utilis\u00e9 pour pr\u00e9parer des mat\u00e9riaux fluorescents contenant des ions m\u00e9talliques de dysprosium, qui ont des applications importantes dans le domaine des lasers et de l\u2019\u00e9clairage, par exemple il peut \u00eatre utilis\u00e9 pour fabriquer des phosphores sp\u00e9ciaux pour am\u00e9liorer l\u2019effet fluorescent.<\/p>\n<p>Rev\u00eatement optique : <strong>Le fluorure de dysprosium<\/strong> peut \u00eatre utilis\u00e9 comme mat\u00e9riau de rev\u00eatement optique pour am\u00e9liorer les performances des \u00e9l\u00e9ments optiques, par exemple en am\u00e9liorant les propri\u00e9t\u00e9s antireflet et anti-usure des lentilles.<\/p>\n<p>Industrie \u00e9lectronique\u00a0: Il peut \u00eatre utilis\u00e9 pour pr\u00e9parer des mat\u00e9riaux magn\u00e9tiques, tels que des aimants au dysprosium, qui peuvent \u00eatre appliqu\u00e9s au r\u00e9tro\u00e9clairage des \u00e9crans \u00e0 cristaux liquides, etc. Il contribue \u00e0 am\u00e9liorer les performances des mat\u00e9riaux magn\u00e9tiques. Il contribue \u00e0 am\u00e9liorer les performances et la stabilit\u00e9 des mat\u00e9riaux magn\u00e9tiques.<\/p>\n<h2><span style=\"font-size: 14pt;\">Contr\u00f4le de la qualit\u00e9<\/span><\/h2>\n<p><span style=\"color: #0000ff;\"><a style=\"color: #0000ff;\" href=\"https:\/\/vimaterial.de\/fr\/controle-qualite\/\">VI HALBLEITERMATERIAL GmbH <\/a><\/span> met en \u0153uvre un syst\u00e8me de contr\u00f4le de la qualit\u00e9 complet du processus, respecte le principe de la reprise et de la reprise pour les produits d\u00e9fectueux et ne lance chaque lot de produits qu\u2019apr\u00e8s qu\u2019ils aient pass\u00e9 des tests de sp\u00e9cification d\u00e9taill\u00e9s. Nous nous engageons \u00e0 construire une cha\u00eene d\u2019approvisionnement responsable en nous conformant aux normes REACH et ASTM, en assurant l\u2019uniformit\u00e9 des lots et en \u00e9tablissant un syst\u00e8me de tra\u00e7abilit\u00e9 complet et document\u00e9.<\/p>\n<h2><span style=\"font-size: 14pt;\">Emballage et stockage<\/span><\/h2>\n<p><strong>Le fluorure de dysprosium<\/strong> est emball\u00e9 dans des bouteilles sous vide doubles dans des cartons sp\u00e9ciaux pour assurer un transport en toute s\u00e9curit\u00e9. La capacit\u00e9 peut \u00eatre sous-emball\u00e9e selon les exigences des clients.<\/p>\n<p><strong>La poudre DyF\u2083<\/strong> doit \u00eatre scell\u00e9e et stock\u00e9e dans un environnement sec. L\u2019emballage sous vide est recommand\u00e9 pour \u00e9viter l\u2019absorption d\u2019humidit\u00e9 et l\u2019oxydation. L\u2019environnement de stockage doit maintenir la temp\u00e9rature en dessous de 25 \u00b0C, l\u2019humidit\u00e9 relative \u226420 % HR et \u00e9viter la lumi\u00e8re directe du soleil. Ce produit est facile \u00e0 absorber l\u2019humidit\u00e9 et \u00e0 d\u00e9t\u00e9riorer, il faut le tenir \u00e0 l\u2019\u00e9cart des substances acides et oxydantes.<\/p>\n","protected":false},"excerpt":{"rendered":"<p><strong><span style=\"color: #0000ff;\"><a style=\"color: #0000ff;\" href=\"https:\/\/vimaterial.de\/fr\/product\/fluorure-de-dysprosium-dfm-2\/\">La poudre de fluorure de dysprosium<\/a><\/span> <\/strong>est g\u00e9n\u00e9ralement une poudre cristalline blanche ou jaune tr\u00e8s p\u00e2le, une structure cristalline cubique ou rhombo\u00e9drique centr\u00e9e sur la face vert clair, avec une structure cristalline tr\u00e8s stable et une excellente stabilit\u00e9 thermique, insoluble dans l\u2019eau et l\u2019acide dilu\u00e9. Il est largement utilis\u00e9 dans l\u2019optique, l\u2019\u00e9lectronique, la m\u00e9tallurgie et de nombreux autres domaines.<\/p>\n<p>VIMATERIAL prend en charge la personnalisation des produits<span style=\"color: #0000ff;\">, <a style=\"color: #0000ff;\" href=\"https:\/\/vimaterial.de\/fr\/contact\/\">contactez-nous<\/a>.<\/span><\/p>\n","protected":false},"featured_media":1038463,"comment_status":"open","ping_status":"closed","template":"","meta":{"_acf_changed":false},"product_brand":[],"product_cat":[241],"product_tag":[],"class_list":{"0":"post-1029427","1":"product","2":"type-product","3":"status-publish","4":"has-post-thumbnail","6":"product_cat-materiaux-a-base-de-terres-rares","8":"first","9":"instock","10":"shipping-taxable","11":"purchasable","12":"product-type-variable"},"acf":[],"_links":{"self":[{"href":"https:\/\/vimaterial.de\/fr\/wp-json\/wp\/v2\/product\/1029427","targetHints":{"allow":["GET"]}}],"collection":[{"href":"https:\/\/vimaterial.de\/fr\/wp-json\/wp\/v2\/product"}],"about":[{"href":"https:\/\/vimaterial.de\/fr\/wp-json\/wp\/v2\/types\/product"}],"replies":[{"embeddable":true,"href":"https:\/\/vimaterial.de\/fr\/wp-json\/wp\/v2\/comments?post=1029427"}],"wp:featuredmedia":[{"embeddable":true,"href":"https:\/\/vimaterial.de\/fr\/wp-json\/wp\/v2\/media\/1038463"}],"wp:attachment":[{"href":"https:\/\/vimaterial.de\/fr\/wp-json\/wp\/v2\/media?parent=1029427"}],"wp:term":[{"taxonomy":"product_brand","embeddable":true,"href":"https:\/\/vimaterial.de\/fr\/wp-json\/wp\/v2\/product_brand?post=1029427"},{"taxonomy":"product_cat","embeddable":true,"href":"https:\/\/vimaterial.de\/fr\/wp-json\/wp\/v2\/product_cat?post=1029427"},{"taxonomy":"product_tag","embeddable":true,"href":"https:\/\/vimaterial.de\/fr\/wp-json\/wp\/v2\/product_tag?post=1029427"}],"curies":[{"name":"wp","href":"https:\/\/api.w.org\/{rel}","templated":true}]}}