{"id":1029413,"date":"2024-06-17T16:16:10","date_gmt":"2024-06-17T08:16:10","guid":{"rendered":"https:\/\/vimaterial.de\/product\/alliage-de-fer-au-disprosium\/"},"modified":"2025-07-07T14:56:56","modified_gmt":"2025-07-07T06:56:56","slug":"alliage-de-fer-au-disprosium","status":"publish","type":"product","link":"https:\/\/vimaterial.de\/fr\/product\/alliage-de-fer-au-disprosium\/","title":{"rendered":"Alliage de fer Dysprosium"},"content":{"rendered":"<p>La cible de pulv\u00e9risation en <span style=\"color: #0000ff;\"><a style=\"color: #0000ff;\" href=\"https:\/\/vimaterial.de\/fr\/product\/alliage-de-fer-au-disprosium-2\/\"><strong>alliage de fer dysprosium<\/strong><\/a><\/span> est un mat\u00e9riau cl\u00e9 compos\u00e9 des \u00e9l\u00e9ments de terres rares dysprosium et de fer, qui est utilis\u00e9 pour former des films minces sur des substrats dans les techniques de d\u00e9p\u00f4t par pulv\u00e9risation cathodique et a des applications importantes dans de nombreux domaines tels que les semi-conducteurs, l\u2019enregistrement magn\u00e9tique et l\u2019optique. Des propri\u00e9t\u00e9s telles qu\u2019une puret\u00e9 \u00e9lev\u00e9e, une bonne structure cristalline et une distribution uniforme de la composition sont g\u00e9n\u00e9ralement requises pour garantir la qualit\u00e9 et les performances des films minces pendant la pulv\u00e9risation.<\/p>\n<p>VIMATERIAL propose des produits personnalis\u00e9s, n\u2019h\u00e9sitez pas <span style=\"color: #0000ff;\"><a style=\"color: #0000ff;\" href=\"https:\/\/vimaterial.de\/fr\/contact\/\">\u00e0 nous contacter.<\/a><\/span><\/p>\n<h2><span style=\"font-size: 14pt;\">Propri\u00e9t\u00e9s de l\u2019alliage de fer dysprosium<\/span><\/h2>\n<p>Formule mol\u00e9culaire\u00a0: forme d\u2019alliage, peut \u00eatre personnalis\u00e9<\/p>\n<p>Apparence\u00a0:Cible en m\u00e9tal gris-noir<\/p>\n<p>Point de fusion \u00e9lev\u00e9 et r\u00e9sistance aux temp\u00e9ratures \u00e9lev\u00e9es : L\u2019alliage de dysprosium a un point de fusion \u00e9lev\u00e9, ce qui permet aux cibles de pulv\u00e9risation de r\u00e9sister \u00e0 un bombardement \u00e0 haute \u00e9nergie et \u00e0 des temp\u00e9ratures \u00e9lev\u00e9es pendant le processus de pulv\u00e9risation sans fondre ni se d\u00e9former, garantissant la stabilit\u00e9 du processus de pulv\u00e9risation et la dur\u00e9e de vie de la cible.<\/p>\n<p>Bonne conductivit\u00e9 \u00e9lectrique : Pour les applications en couches minces n\u00e9cessitant une conductivit\u00e9 \u00e9lectrique, la bonne conductivit\u00e9 \u00e9lectrique des cibles de pulv\u00e9risation en dysprosium-ferroalliage garantit que les films d\u00e9pos\u00e9s ont une excellente conductivit\u00e9 \u00e9lectrique pour r\u00e9pondre aux besoins des appareils \u00e9lectroniques et d\u2019autres domaines.<\/p>\n<h2><span style=\"font-size: 14pt;\">Applications de l\u2019alliage de fer dysprosium<\/span><\/h2>\n<p>Champ d\u2019enregistrement magn\u00e9tique :<strong> L\u2019alliage de fer Dysprosium<\/strong> poss\u00e8de d\u2019excellentes propri\u00e9t\u00e9s magn\u00e9tiques et peut \u00eatre utilis\u00e9 pour pr\u00e9parer des films d\u2019enregistrement magn\u00e9tique \u00e0 haute coercivit\u00e9 et \u00e0 haute perm\u00e9abilit\u00e9, augmentant ainsi la densit\u00e9 de stockage et la vitesse de lecture\/\u00e9criture des supports d\u2019enregistrement magn\u00e9tiques.<\/p>\n<p>Domaine des semi-conducteurs : Dans le processus de fabrication de puces \u00e0 semi-conducteurs, divers films minces, tels que des couches conductrices et barri\u00e8res, doivent \u00eatre d\u00e9pos\u00e9s \u00e0 la surface de la plaquette. Des cibles de pulv\u00e9risation cathodique en <strong>alliage de dysprosium-ferr<\/strong> peuvent \u00eatre utilis\u00e9es pour pr\u00e9parer ces films afin de fournir une bonne conductivit\u00e9, des propri\u00e9t\u00e9s de barri\u00e8re et une stabilit\u00e9 thermique pour r\u00e9pondre aux exigences de haute performance des dispositifs \u00e0 semi-conducteurs.<\/p>\n<p>Champ optique : Dans le domaine du rev\u00eatement optique, les cibles de pulv\u00e9risation en alliage de dysprosium peuvent \u00eatre utilis\u00e9es pour pr\u00e9parer des films minces avec des propri\u00e9t\u00e9s optiques sp\u00e9ciales, telles que le film d\u2019am\u00e9lioration de la transmittance, le film r\u00e9fl\u00e9chissant et le film filtrant la lumi\u00e8re.<\/p>\n<h2><span style=\"font-size: 14pt;\">Contr\u00f4le de la qualit\u00e9<\/span><\/h2>\n<p><span style=\"color: #0000ff;\"><a style=\"color: #0000ff;\" href=\"https:\/\/vimaterial.de\/fr\/controle-qualite\/\">VI HALBLEITERMATERIAL GmbH<\/a> <\/span>met en \u0153uvre un syst\u00e8me de contr\u00f4le de la qualit\u00e9 complet du processus, respecte le principe de la retouche pour les produits d\u00e9fectueux et ne lib\u00e8re chaque lot de produits qu\u2019apr\u00e8s avoir pass\u00e9 avec succ\u00e8s des tests de sp\u00e9cification d\u00e9taill\u00e9s. Nous nous engageons \u00e0 construire une cha\u00eene d\u2019approvisionnement responsable en nous conformant aux normes REACH et ASTM, en assurant l\u2019uniformit\u00e9 des lots et en \u00e9tablissant un syst\u00e8me de tra\u00e7abilit\u00e9 complet et document\u00e9.<\/p>\n<h2><span style=\"font-size: 14pt;\">Emballage et stockage<\/span><\/h2>\n<p><strong>Les cibles en alliage de fer et de dysprosium<\/strong> sont emball\u00e9es dans des bo\u00eetes sp\u00e9ciales apr\u00e8s vide et prot\u00e9g\u00e9es dans des cartons pour l\u2019exp\u00e9dition.<\/p>\n<p>Les cibles en alliage <strong>DyFe<\/strong> doivent \u00eatre scell\u00e9es et stock\u00e9es dans un environnement sec pour \u00e9viter l\u2019oxydation et les dommages m\u00e9caniques. La temp\u00e9rature de stockage est recommand\u00e9e \u2264 25 \u00b0C, l\u2019humidit\u00e9 \u2264 10 % HR, \u00e0 l\u2019abri des acides, des halog\u00e8nes et des substances oxydantes.<\/p>\n","protected":false},"excerpt":{"rendered":"<p>La cible de pulv\u00e9risation en <span style=\"color: #0000ff;\"><a style=\"color: #0000ff;\" href=\"https:\/\/vimaterial.de\/fr\/product\/alliage-de-fer-au-disprosium-2\/\"><strong>alliage de fer dysprosium<\/strong><\/a><\/span> est un mat\u00e9riau cl\u00e9 compos\u00e9 des \u00e9l\u00e9ments de terres rares dysprosium et de fer, qui est utilis\u00e9 pour former des films minces sur des substrats dans les techniques de d\u00e9p\u00f4t par pulv\u00e9risation cathodique et a des applications importantes dans de nombreux domaines tels que les semi-conducteurs, l\u2019enregistrement magn\u00e9tique et l\u2019optique. Des propri\u00e9t\u00e9s telles qu\u2019une puret\u00e9 \u00e9lev\u00e9e, une bonne structure cristalline et une distribution uniforme de la composition sont g\u00e9n\u00e9ralement requises pour garantir la qualit\u00e9 et les performances des films minces pendant la pulv\u00e9risation.<\/p>\n<p>VIMATERIAL propose des produits personnalis\u00e9s, n\u2019h\u00e9sitez pas <span style=\"color: #0000ff;\"><a style=\"color: #0000ff;\" href=\"https:\/\/vimaterial.de\/fr\/contact\/\">\u00e0 nous contacter.<\/a><\/span><\/p>\n","protected":false},"featured_media":1038475,"comment_status":"open","ping_status":"closed","template":"","meta":{"_acf_changed":false},"product_brand":[],"product_cat":[235],"product_tag":[],"class_list":{"0":"post-1029413","1":"product","2":"type-product","3":"status-publish","4":"has-post-thumbnail","6":"product_cat-cibles-de-pulverisation-planaire","8":"first","9":"instock","10":"shipping-taxable","11":"product-type-variable"},"acf":[],"_links":{"self":[{"href":"https:\/\/vimaterial.de\/fr\/wp-json\/wp\/v2\/product\/1029413","targetHints":{"allow":["GET"]}}],"collection":[{"href":"https:\/\/vimaterial.de\/fr\/wp-json\/wp\/v2\/product"}],"about":[{"href":"https:\/\/vimaterial.de\/fr\/wp-json\/wp\/v2\/types\/product"}],"replies":[{"embeddable":true,"href":"https:\/\/vimaterial.de\/fr\/wp-json\/wp\/v2\/comments?post=1029413"}],"wp:featuredmedia":[{"embeddable":true,"href":"https:\/\/vimaterial.de\/fr\/wp-json\/wp\/v2\/media\/1038475"}],"wp:attachment":[{"href":"https:\/\/vimaterial.de\/fr\/wp-json\/wp\/v2\/media?parent=1029413"}],"wp:term":[{"taxonomy":"product_brand","embeddable":true,"href":"https:\/\/vimaterial.de\/fr\/wp-json\/wp\/v2\/product_brand?post=1029413"},{"taxonomy":"product_cat","embeddable":true,"href":"https:\/\/vimaterial.de\/fr\/wp-json\/wp\/v2\/product_cat?post=1029413"},{"taxonomy":"product_tag","embeddable":true,"href":"https:\/\/vimaterial.de\/fr\/wp-json\/wp\/v2\/product_tag?post=1029413"}],"curies":[{"name":"wp","href":"https:\/\/api.w.org\/{rel}","templated":true}]}}