{"id":1029397,"date":"2024-06-17T16:16:10","date_gmt":"2024-06-17T08:16:10","guid":{"rendered":"https:\/\/vimaterial.de\/product\/oxyde-de-fer-et-de-dysprosium\/"},"modified":"2025-07-07T15:27:45","modified_gmt":"2025-07-07T07:27:45","slug":"oxyde-de-fer-et-de-dysprosium","status":"publish","type":"product","link":"https:\/\/vimaterial.de\/fr\/product\/oxyde-de-fer-et-de-dysprosium\/","title":{"rendered":"Oxyde de fer dysprosium"},"content":{"rendered":"<p><strong><span style=\"color: #0000ff;\"><a style=\"color: #0000ff;\" href=\"https:\/\/vimaterial.de\/fr\/product\/alliage-de-fer-au-disprosium-2\/\">La cible de pulv\u00e9risation d\u2019oxyde de fer dysprosium<\/a> <\/span><\/strong>est une sorte de mat\u00e9riau cl\u00e9 compos\u00e9 d\u2019oxyde de dysprosium et de fer, qui est utilis\u00e9 dans la pulv\u00e9risation cathodique magn\u00e9tron et d\u2019autres techniques de d\u00e9p\u00f4t de couches minces pour pr\u00e9parer des films minces fonctionnels pertinents, et a des applications importantes dans les semi-conducteurs, l\u2019optique, le magn\u00e9tisme et de nombreux autres domaines de haute technologie.<\/p>\n<p>VIMATERIAL prend en charge la personnalisation du produit, <span style=\"color: #0000ff;\"><a style=\"color: #0000ff;\" href=\"https:\/\/vimaterial.de\/fr\/contact\/\">contactez-nous.<\/a><\/span><\/p>\n<h2><span style=\"font-size: 14pt;\">Propri\u00e9t\u00e9s de l\u2019oxyde de fer Dysprosium <\/span><\/h2>\n<p>Formule mol\u00e9culaire DyFeO\u2083<\/p>\n<p>Poids mol\u00e9culaire 279,25 g\/mol<\/p>\n<p>Apparence Cible en c\u00e9ramique dense noire ou brun fonc\u00e9<\/p>\n<p>Densit\u00e9 env. 7,8 g\/cm\u00b3<\/p>\n<p>Point de fusion Env. 1800\u00b0C (peut se d\u00e9composer \u00e0 des temp\u00e9ratures \u00e9lev\u00e9es)<\/p>\n<p>Structure cristalline Syst\u00e8me cristallin orthorhombique<\/p>\n<p>Duret\u00e9 plus \u00e9lev\u00e9e : Le ferroxyde de dysprosium a une duret\u00e9 plus \u00e9lev\u00e9e pour r\u00e9sister au bombardement de particules et \u00e0 l\u2019abrasion pendant le processus de pulv\u00e9risation, ce qui r\u00e9duit la perte et la d\u00e9formation de la cible, assurant ainsi la pr\u00e9cision dimensionnelle.<\/p>\n<h2><span style=\"font-size: 14pt;\">Applications de l\u2019oxyde de fer dysprosium <\/span><\/h2>\n<p>Dispositifs multiferro\u00efques et spintronique : Les cibles de pulv\u00e9risation<strong> DyFeO\u2083<\/strong> peuvent \u00eatre utilis\u00e9es pour pr\u00e9parer des mat\u00e9riaux en couches minces avec des propri\u00e9t\u00e9s de couplage magn\u00e9to-\u00e9lectrique, et leur antiferromagn\u00e9tisme unique et leur structure chalcog\u00e9nure orthorhombique les rendent importantes pour des applications dans des domaines tels que les m\u00e9moires \u00e0 faible consommation et les dispositifs spintroniques. Flux<\/p>\n<p>Mat\u00e9riaux catalytiques et \u00e9nerg\u00e9tiques : La structure chalcog\u00e9nure de<strong> DyFeO\u2083<\/strong> pr\u00e9sente des lacunes d\u2019oxyg\u00e8ne de surface abondantes et une bonne stabilit\u00e9 thermique, ce qui en fait un mat\u00e9riau de support de catalyseur efficace. Il pr\u00e9sente une excellente activit\u00e9 dans les r\u00e9actions catalytiques \u00e0 haute temp\u00e9rature telles que l\u2019oxydation du m\u00e9thane et le traitement des gaz d\u2019\u00e9chappement des automobiles.<\/p>\n<p>Supports de stockage magn\u00e9to-optiques : Des dispositifs de stockage magn\u00e9to-optiques \u00e0 haute densit\u00e9 peuvent \u00eatre d\u00e9velopp\u00e9s en utilisant le fort effet magn\u00e9to-optique et la temp\u00e9rature de Curie \u00e9lev\u00e9e du film <strong>DyFeO\u2083<\/strong> . Sa structure de domaine magn\u00e9tique unique peut r\u00e9aliser l\u2019enregistrement d\u2019informations \u00e0 l\u2019\u00e9chelle nanom\u00e9trique.<\/p>\n<h2><span style=\"font-size: 14pt;\">Contr\u00f4le de la qualit\u00e9<\/span><\/h2>\n<p><span style=\"color: #0000ff;\"><a style=\"color: #0000ff;\" href=\"https:\/\/vimaterial.de\/fr\/controle-qualite\/\">VI HALBLEITERMATERIAL GmbH<\/a><\/span> met en \u0153uvre un syst\u00e8me de contr\u00f4le de la qualit\u00e9 complet du processus, adh\u00e8re au principe de retouche et de refaire pour les produits d\u00e9fectueux, et chaque lot de produits passe des tests de sp\u00e9cification d\u00e9taill\u00e9s avant d\u2019\u00eatre commercialis\u00e9. Nous nous engageons \u00e0 construire une cha\u00eene d\u2019approvisionnement responsable en nous conformant pleinement aux normes REACH et ASTM, en assurant la coh\u00e9rence des lots et en \u00e9tablissant un syst\u00e8me de tra\u00e7abilit\u00e9 complet et document\u00e9.<\/p>\n<h2><span style=\"font-size: 14pt;\">Emballage et stockage<\/span><\/h2>\n<p>Les cibles de pulv\u00e9risation \u00e0 <strong>l\u2019oxyde de fer et de dysprosium<\/strong> sont emball\u00e9es dans des bo\u00eetes sp\u00e9ciales pour \u00eatre prot\u00e9g\u00e9es apr\u00e8s un double ensachage sous vide, et exp\u00e9di\u00e9es dans des cartons ext\u00e9rieurs pour assurer un transport en toute s\u00e9curit\u00e9.<\/p>\n<p>Les cibles de pulv\u00e9risation <strong>DyFeO\u2083<\/strong> doivent \u00eatre strictement scell\u00e9es et stock\u00e9es dans un environnement sec et sans poussi\u00e8re (temp\u00e9rature 15-25\u00b0C\/humidit\u00e9 \u226430\u00a0%HR) pour \u00e9viter l\u2019oxydation et les dommages m\u00e9caniques.<\/p>\n","protected":false},"excerpt":{"rendered":"<p><strong><span style=\"color: #0000ff;\"><a style=\"color: #0000ff;\" href=\"https:\/\/vimaterial.de\/fr\/product\/alliage-de-fer-au-disprosium-2\/\">La cible de pulv\u00e9risation d\u2019oxyde de fer dysprosium<\/a> <\/span><\/strong>est une sorte de mat\u00e9riau cl\u00e9 compos\u00e9 d\u2019oxyde de dysprosium et de fer, qui est utilis\u00e9 dans la pulv\u00e9risation cathodique magn\u00e9tron et d\u2019autres techniques de d\u00e9p\u00f4t de couches minces pour pr\u00e9parer des films minces fonctionnels pertinents, et a des applications importantes dans les semi-conducteurs, l\u2019optique, le magn\u00e9tisme et de nombreux autres domaines de haute technologie.<\/p>\n<p>VIMATERIAL prend en charge la personnalisation du produit, <span style=\"color: #0000ff;\"><a style=\"color: #0000ff;\" href=\"https:\/\/vimaterial.de\/fr\/contact\/\">contactez-nous.<\/a><\/span><\/p>\n<p>&nbsp;<\/p>\n","protected":false},"featured_media":1038487,"comment_status":"open","ping_status":"closed","template":"","meta":{"_acf_changed":false},"product_brand":[],"product_cat":[235],"product_tag":[],"class_list":{"0":"post-1029397","1":"product","2":"type-product","3":"status-publish","4":"has-post-thumbnail","6":"product_cat-cibles-de-pulverisation-planaire","8":"first","9":"instock","10":"shipping-taxable","11":"product-type-variable"},"acf":[],"_links":{"self":[{"href":"https:\/\/vimaterial.de\/fr\/wp-json\/wp\/v2\/product\/1029397","targetHints":{"allow":["GET"]}}],"collection":[{"href":"https:\/\/vimaterial.de\/fr\/wp-json\/wp\/v2\/product"}],"about":[{"href":"https:\/\/vimaterial.de\/fr\/wp-json\/wp\/v2\/types\/product"}],"replies":[{"embeddable":true,"href":"https:\/\/vimaterial.de\/fr\/wp-json\/wp\/v2\/comments?post=1029397"}],"wp:featuredmedia":[{"embeddable":true,"href":"https:\/\/vimaterial.de\/fr\/wp-json\/wp\/v2\/media\/1038487"}],"wp:attachment":[{"href":"https:\/\/vimaterial.de\/fr\/wp-json\/wp\/v2\/media?parent=1029397"}],"wp:term":[{"taxonomy":"product_brand","embeddable":true,"href":"https:\/\/vimaterial.de\/fr\/wp-json\/wp\/v2\/product_brand?post=1029397"},{"taxonomy":"product_cat","embeddable":true,"href":"https:\/\/vimaterial.de\/fr\/wp-json\/wp\/v2\/product_cat?post=1029397"},{"taxonomy":"product_tag","embeddable":true,"href":"https:\/\/vimaterial.de\/fr\/wp-json\/wp\/v2\/product_tag?post=1029397"}],"curies":[{"name":"wp","href":"https:\/\/api.w.org\/{rel}","templated":true}]}}