{"id":1029388,"date":"2024-06-17T16:16:11","date_gmt":"2024-06-17T08:16:11","guid":{"rendered":"https:\/\/vimaterial.de\/product\/dysprosium-scandate\/"},"modified":"2025-07-04T11:19:24","modified_gmt":"2025-07-04T03:19:24","slug":"dysprosium-scandate","status":"publish","type":"product","link":"https:\/\/vimaterial.de\/fr\/product\/dysprosium-scandate\/","title":{"rendered":"Dysprosium Scandate"},"content":{"rendered":"<p><span style=\"color: #0000ff;\"><a style=\"color: #0000ff;\" href=\"https:\/\/vimaterial.de\/fr\/product\/oxyde-de-dysprosium-3\/\">Le dysprosium scandate<\/a><\/span> est un oxyde m\u00e9tallique de terres rares avec une structure cristalline sp\u00e9ciale, qui peut \u00eatre utilis\u00e9 comme mat\u00e9riau de substrat monocristallin de haute qualit\u00e9 et a des applications importantes dans des domaines de recherche tels que la r\u00e9frig\u00e9ration cardiaque et la croissance \u00e9pitaxiale en couche mince.<\/p>\n<p>VIMATERIAL prend en charge la personnalisation des produits, <span style=\"color: #0000ff;\"><a style=\"color: #0000ff;\" href=\"https:\/\/vimaterial.de\/fr\/contact\/\">contactez-nous.<\/a><\/span><\/p>\n<h2><span style=\"font-size: 14pt;\">Propri\u00e9t\u00e9s de Dysprosium Scandate<\/span><\/h2>\n<p>Formule mol\u00e9culaire : DyScO\u2083<\/p>\n<p>Poids mol\u00e9culaire : environ 279,41 g\/mol<\/p>\n<p>Apparence\u00a0: monocristal transparent incolore \u00e0 jaune clair (la feuille polie a g\u00e9n\u00e9ralement une surface semblable \u00e0 un miroir)<\/p>\n<p>Densit\u00e9 : environ 6,3 g\/cm\u00b3.<\/p>\n<p>Point de fusion : ~2100\u00b0C (stable \u00e0 haute temp\u00e9rature, pas de point d\u2019\u00e9bullition clair)<\/p>\n<p>Structure cristalline : structure chalcog\u00e9nure orthorhombique (groupe d\u2019espace Pbnm), faible d\u00e9calage du r\u00e9seau avec les chalcog\u00e9nures courants (par exemple SrTiO\u2083)<\/p>\n<p>Constante di\u00e9lectrique : environ 20-25 (excellentes performances aux hautes fr\u00e9quences)<\/p>\n<p>Coefficient de dilatation thermique : Bonne adaptation avec divers mat\u00e9riaux fonctionnels (par exemple, films ferro\u00e9lectriques, supraconducteurs)<\/p>\n<h2><span style=\"font-size: 14pt;\">Applications de Dysprosium Scandate<\/span><\/h2>\n<p>Croissance en couches minces : Il s\u2019agit d\u2019un mat\u00e9riau de substrat courant pour la croissance de films minces d\u2019oxyde complexes tels que les supraconducteurs \u00e0 haute temp\u00e9rature (par exemple YBCO), les ferro\u00e9lectriques et les aimants. La croissance \u00e9pitaxiale de couches minces sur des substrats de scandinate de dysprosium permet un contr\u00f4le pr\u00e9cis de la structure et des propri\u00e9t\u00e9s des films, jetant ainsi les bases d\u2019une large gamme de dispositifs \u00e9lectroniques, \u00e9nerg\u00e9tiques et optiques.<\/p>\n<h2><span style=\"font-size: 14pt;\">Contr\u00f4le de la qualit\u00e9<\/span><\/h2>\n<p><span style=\"color: #0000ff;\"><a style=\"color: #0000ff;\" href=\"https:\/\/vimaterial.de\/fr\/controle-qualite\/\">VI HALBLEITERMATERIAL GmbH<\/a><\/span> met en \u0153uvre un contr\u00f4le de qualit\u00e9 strict de l\u2019ensemble du processus et m\u00e9canisme de r\u00e9solution de probl\u00e8mes pour s\u2019assurer que les produits sont conformes aux normes REACH, ASTM et de l\u2019industrie, et soutenir le d\u00e9veloppement durable et la tra\u00e7abilit\u00e9 de la cha\u00eene d\u2019approvisionnement. L\u2019entreprise s\u2019engage \u00e0 fournir \u00e0 ses clients des produits et des services de haute qualit\u00e9 en g\u00e9rant l\u2019ensemble du processus, de la R&amp;D \u00e0 la livraison, et en adh\u00e9rant au principe de retraitement des produits non conformes.<\/p>\n<h2><span style=\"font-size: 14pt;\">Emballage et stockage<\/span><\/h2>\n<p><strong>Dysprosium Scandate<\/strong> est emball\u00e9 dans des bo\u00eetes sp\u00e9ciales et plac\u00e9 dans des cartons sp\u00e9ciaux apr\u00e8s traitement sous vide pour garantir les exigences de transport, ou peut \u00eatre emball\u00e9 selon les exigences du client.<\/p>\n<p>Les substrats <strong>Dysprosium Scandate<\/strong> doivent \u00eatre stock\u00e9s dans un environnement sec et sans poussi\u00e8re, scell\u00e9s et prot\u00e9g\u00e9s de la lumi\u00e8re, en \u00e9vitant l\u2019humidit\u00e9 et la contamination des surfaces.<\/p>\n","protected":false},"excerpt":{"rendered":"<p><span style=\"color: #0000ff;\"><a style=\"color: #0000ff;\" href=\"https:\/\/vimaterial.de\/fr\/product\/oxyde-de-dysprosium-3\/\">Le dysprosium scandate<\/a><\/span> est un oxyde m\u00e9tallique de terres rares avec une structure cristalline sp\u00e9ciale, qui peut \u00eatre utilis\u00e9 comme mat\u00e9riau de substrat monocristallin de haute qualit\u00e9 et a des applications importantes dans des domaines de recherche tels que la r\u00e9frig\u00e9ration cardiaque et la croissance \u00e9pitaxiale en couche mince.<\/p>\n<p>VIMATERIAL prend en charge la personnalisation des produits, <span style=\"color: #0000ff;\"><a style=\"color: #0000ff;\" href=\"https:\/\/vimaterial.de\/fr\/contact\/\">contactez-nous.<\/a><\/span><\/p>\n<p>&nbsp;<\/p>\n","protected":false},"featured_media":1038421,"comment_status":"open","ping_status":"closed","template":"","meta":{"_acf_changed":false},"product_brand":[],"product_cat":[236],"product_tag":[],"class_list":{"0":"post-1029388","1":"product","2":"type-product","3":"status-publish","4":"has-post-thumbnail","6":"product_cat-materiaux-devaporation","8":"first","9":"instock","10":"shipping-taxable","11":"product-type-variable"},"acf":[],"_links":{"self":[{"href":"https:\/\/vimaterial.de\/fr\/wp-json\/wp\/v2\/product\/1029388","targetHints":{"allow":["GET"]}}],"collection":[{"href":"https:\/\/vimaterial.de\/fr\/wp-json\/wp\/v2\/product"}],"about":[{"href":"https:\/\/vimaterial.de\/fr\/wp-json\/wp\/v2\/types\/product"}],"replies":[{"embeddable":true,"href":"https:\/\/vimaterial.de\/fr\/wp-json\/wp\/v2\/comments?post=1029388"}],"wp:featuredmedia":[{"embeddable":true,"href":"https:\/\/vimaterial.de\/fr\/wp-json\/wp\/v2\/media\/1038421"}],"wp:attachment":[{"href":"https:\/\/vimaterial.de\/fr\/wp-json\/wp\/v2\/media?parent=1029388"}],"wp:term":[{"taxonomy":"product_brand","embeddable":true,"href":"https:\/\/vimaterial.de\/fr\/wp-json\/wp\/v2\/product_brand?post=1029388"},{"taxonomy":"product_cat","embeddable":true,"href":"https:\/\/vimaterial.de\/fr\/wp-json\/wp\/v2\/product_cat?post=1029388"},{"taxonomy":"product_tag","embeddable":true,"href":"https:\/\/vimaterial.de\/fr\/wp-json\/wp\/v2\/product_tag?post=1029388"}],"curies":[{"name":"wp","href":"https:\/\/api.w.org\/{rel}","templated":true}]}}