{"id":1029384,"date":"2024-06-17T16:16:11","date_gmt":"2024-06-17T08:16:11","guid":{"rendered":"https:\/\/vimaterial.de\/product\/nitrure-de-dysprosium\/"},"modified":"2025-07-04T09:49:25","modified_gmt":"2025-07-04T01:49:25","slug":"nitrure-de-dysprosium","status":"publish","type":"product","link":"https:\/\/vimaterial.de\/fr\/product\/nitrure-de-dysprosium\/","title":{"rendered":"Nitrure de dysprosium"},"content":{"rendered":"<p>Les poudres <span style=\"color: #0000ff;\"><a style=\"color: #0000ff;\" href=\"https:\/\/vimaterial.de\/fr\/product\/oxyde-de-dysprosium-3\/\"><strong>de nitrure de dysprosium<\/strong><\/a><\/span> ont d\u2019excellentes propri\u00e9t\u00e9s magn\u00e9tiques et semi-conductrices pour une utilisation dans les mat\u00e9riaux magn\u00e9tiques permanents, les dispositifs \u00e9lectroniques et la spintronique.<\/p>\n<p>VIMATERIAL prend en charge la personnalisation des produits, <span style=\"color: #0000ff;\"><a style=\"color: #0000ff;\" href=\"https:\/\/vimaterial.de\/fr\/contact\/\">contactez-nous<\/a><\/span>.<\/p>\n<h2><span style=\"font-size: 14pt;\">Propri\u00e9t\u00e9s<\/span><\/h2>\n<p>Formule mol\u00e9culaire : DyN<\/p>\n<p>Poids mol\u00e9culaire : 178,50 g\/mol<\/p>\n<p>Apparence : poudre brun fonc\u00e9 \u00e0 noire<\/p>\n<p>Point de fusion : environ 2600\u00b0C<\/p>\n<p>Structure cristalline : syst\u00e8me \u00e0 cristaux cubiques de type NaCl (groupe d\u2019espace Fm-3m)<\/p>\n<h2><span style=\"font-size: 14pt;\">Applications <\/span><\/h2>\n<p>Mat\u00e9riaux c\u00e9ramiques : Le nitrure de dysprosium peut \u00eatre ajout\u00e9 aux mat\u00e9riaux c\u00e9ramiques pour am\u00e9liorer leurs propri\u00e9t\u00e9s.<\/p>\n<p>Mat\u00e9riaux semi-conducteurs : Applications potentielles dans la pr\u00e9paration ou l\u2019am\u00e9lioration des propri\u00e9t\u00e9s des mat\u00e9riaux semi-conducteurs, affectant les propri\u00e9t\u00e9s \u00e9lectriques, optiques et autres des semi-conducteurs.<\/p>\n<div class=\"elementor-element elementor-element-72e7750 animated-slow elementor-widget elementor-widget-heading animated fadeIn\" data-id=\"72e7750\" data-element_type=\"widget\" data-settings=\"{\" data-widget_type=\"heading.default\">\n<div class=\"elementor-widget-container\">\n<h2 class=\"elementor-heading-title elementor-size-default\"><span style=\"font-size: 14pt;\">Contr\u00f4le de la qualit\u00e9<\/span><\/h2>\n<\/div>\n<\/div>\n<p><span style=\"color: #0000ff;\"><a style=\"color: #0000ff;\" href=\"https:\/\/vimaterial.de\/fr\/controle-qualite\/\">VI HALBLEITERMATERIAL GmbH<\/a> <\/span>met en \u0153uvre un contr\u00f4le de qualit\u00e9 strict de l\u2019ensemble du processus et m\u00e9canisme de r\u00e9solution de probl\u00e8mes pour s\u2019assurer que les produits sont conformes aux normes REACH, ASTM et de l\u2019industrie, et soutenir le d\u00e9veloppement durable et la tra\u00e7abilit\u00e9 de la cha\u00eene d\u2019approvisionnement. L\u2019entreprise s\u2019engage \u00e0 fournir \u00e0 ses clients des produits et des services de haute qualit\u00e9 en g\u00e9rant l\u2019ensemble du processus, de la R&amp;D \u00e0 la livraison, et en adh\u00e9rant au principe de retraitement des produits non conformes.<\/p>\n<h2><span style=\"font-size: 14pt;\">Emballage et stockage<\/span><\/h2>\n<p><strong>La poudre de nitrure de dysprosium<\/strong> est emball\u00e9e dans des bouteilles \u00e0 vide doubles et plac\u00e9e dans des cartons sp\u00e9ciaux pour assurer un transport en toute s\u00e9curit\u00e9. Les tailles de bouteilles individuelles peuvent \u00eatre personnalis\u00e9es pour r\u00e9pondre aux exigences du client.<\/p>\n<p><strong>La poudre de nitrure de dysprosium<\/strong> doit \u00eatre scell\u00e9e sous vide et stock\u00e9e dans un environnement sec, \u00e0 l\u2019abri de l\u2019air et de l\u2019humidit\u00e9, afin d\u2019\u00e9viter l\u2019oxydation et l\u2019hydrolyse.<\/p>\n","protected":false},"excerpt":{"rendered":"<p>Les poudres <span style=\"color: #0000ff;\"><a style=\"color: #0000ff;\" href=\"https:\/\/vimaterial.de\/fr\/product\/oxyde-de-dysprosium-3\/\"><strong>de nitrure de dysprosium<\/strong><\/a><\/span> ont d\u2019excellentes propri\u00e9t\u00e9s magn\u00e9tiques et semi-conductrices pour une utilisation dans les mat\u00e9riaux magn\u00e9tiques permanents, les dispositifs \u00e9lectroniques et la spintronique.<\/p>\n<p>VIMATERIAL prend en charge la personnalisation des produits, <span style=\"color: #0000ff;\"><a style=\"color: #0000ff;\" href=\"https:\/\/vimaterial.de\/fr\/contact\/\">contactez-nous<\/a><\/span>.<\/p>\n","protected":false},"featured_media":1038413,"comment_status":"open","ping_status":"closed","template":"","meta":{"_acf_changed":false},"product_brand":[],"product_cat":[241],"product_tag":[],"class_list":{"0":"post-1029384","1":"product","2":"type-product","3":"status-publish","4":"has-post-thumbnail","6":"product_cat-materiaux-a-base-de-terres-rares","8":"first","9":"instock","10":"shipping-taxable","11":"product-type-variable"},"acf":[],"_links":{"self":[{"href":"https:\/\/vimaterial.de\/fr\/wp-json\/wp\/v2\/product\/1029384","targetHints":{"allow":["GET"]}}],"collection":[{"href":"https:\/\/vimaterial.de\/fr\/wp-json\/wp\/v2\/product"}],"about":[{"href":"https:\/\/vimaterial.de\/fr\/wp-json\/wp\/v2\/types\/product"}],"replies":[{"embeddable":true,"href":"https:\/\/vimaterial.de\/fr\/wp-json\/wp\/v2\/comments?post=1029384"}],"wp:featuredmedia":[{"embeddable":true,"href":"https:\/\/vimaterial.de\/fr\/wp-json\/wp\/v2\/media\/1038413"}],"wp:attachment":[{"href":"https:\/\/vimaterial.de\/fr\/wp-json\/wp\/v2\/media?parent=1029384"}],"wp:term":[{"taxonomy":"product_brand","embeddable":true,"href":"https:\/\/vimaterial.de\/fr\/wp-json\/wp\/v2\/product_brand?post=1029384"},{"taxonomy":"product_cat","embeddable":true,"href":"https:\/\/vimaterial.de\/fr\/wp-json\/wp\/v2\/product_cat?post=1029384"},{"taxonomy":"product_tag","embeddable":true,"href":"https:\/\/vimaterial.de\/fr\/wp-json\/wp\/v2\/product_tag?post=1029384"}],"curies":[{"name":"wp","href":"https:\/\/api.w.org\/{rel}","templated":true}]}}