{"id":1029350,"date":"2024-06-17T16:16:12","date_gmt":"2024-06-17T08:16:12","guid":{"rendered":"https:\/\/vimaterial.de\/product\/oxyde-dholmium-2\/"},"modified":"2025-06-27T14:20:48","modified_gmt":"2025-06-27T06:20:48","slug":"oxyde-dholmium-2","status":"publish","type":"product","link":"https:\/\/vimaterial.de\/fr\/product\/oxyde-dholmium-2\/","title":{"rendered":"Oxyde d\u2019holmium"},"content":{"rendered":"<p><strong>La cible de pulv\u00e9risation <span style=\"color: #0000ff;\"><a style=\"color: #0000ff;\" href=\"https:\/\/vimaterial.de\/fr\/product\/oxyde-dholmium-3\/\">d&#8217;oxyde d&#8217;holmium<\/a><\/span><\/strong> est une sorte de mat\u00e9riau cl\u00e9 utilis\u00e9 dans la pulv\u00e9risation magn\u00e9tron et d\u2019autres technologies de rev\u00eatement, qui est compos\u00e9 d\u2019oxyde d\u2019holmium comme ingr\u00e9dient principal gr\u00e2ce \u00e0 une technologie de traitement sp\u00e9ciale pour d\u00e9poser un film mince d\u2019oxyde d\u2019holmium sur le substrat, et est largement utilis\u00e9 dans les domaines de l\u2019optique, de l\u2019\u00e9lectronique, des nouvelles \u00e9nergies et d\u2019autres mat\u00e9riaux cl\u00e9s.<\/p>\n<p>VIMATERIAL soutient la personnalisation et la recherche de produits, veuillez <span style=\"color: #0000ff;\"><a style=\"color: #0000ff;\" href=\"https:\/\/vimaterial.de\/fr\/contact\/\">nous contacter<\/a> <\/span>si vous en avez besoin.<\/p>\n<h2><span style=\"font-size: 14pt;\">Caract\u00e9ristique de l&#8217;oxyde d&#8217;holmium<\/span><\/h2>\n<p>Formule mol\u00e9culaire : Ho\u2082O\u2083<\/p>\n<p>Poids mol\u00e9culaire : environ 377,86 g\/mol<\/p>\n<p>Apparence\u00a0: c\u00e9ramique grumeleuse jaune clair \u00e0 brun jaun\u00e2tre avec une surface lisse et dense.<\/p>\n<p>Densit\u00e9 : 8,36 g\/cm\u00b3 \u00e0 temp\u00e9rature ambiante, mat\u00e9riau c\u00e9ramique haute densit\u00e9.<\/p>\n<p>Point de fusion : environ 2415\u00b0C<\/p>\n<p>Point d\u2019\u00e9bullition : environ 3900\u00b0C, l\u2019\u00e9tat liquide \u00e0 haute temp\u00e9rature la volatilisation est lente.<\/p>\n<p>Structure cristalline : syst\u00e8me cristallin cubique de type Sc\u2082O\u2083 (structure de fluorine d\u00e9fectueuse) \u00e0 temp\u00e9rature ambiante, groupe d\u2019espace Ia3, constante du r\u00e9seau d\u2019environ 1,06 nm.<\/p>\n<p>Stabilit\u00e9 chimique : \u00e0 une temp\u00e9rature et une pression normales, il a une bonne stabilit\u00e9 chimique et n\u2019est pas facile \u00e0 r\u00e9agir avec l\u2019oxyg\u00e8ne et l\u2019humidit\u00e9 de l\u2019air.<\/p>\n<p>Bonne formation du film : Dans le processus de pulv\u00e9risation, un film uniforme et dense peut \u00eatre form\u00e9, ce qui est d\u00fb \u00e0 la bonne adh\u00e9rence et \u00e0 la coh\u00e9sion des <strong>atomes d&#8217;oxyde d&#8217;holmium<\/strong> apr\u00e8s la pulv\u00e9risation, et peut rapidement former une structure de film stable \u00e0 la surface du substrat. Cette bonne formation de film est tr\u00e8s importante pour la pr\u00e9paration de dispositifs \u00e0 couche mince de haute qualit\u00e9 pour l\u2019optique et l\u2019\u00e9lectronique.<\/p>\n<h2><span style=\"font-size: 14pt;\"><strong>Applications de l&#8217;oxyde d&#8217;holmium<\/strong><\/span><\/h2>\n<p>Mat\u00e9riaux laser : Il peut \u00eatre utilis\u00e9 comme dopant pour les mat\u00e9riaux laser pour la fabrication de lasers \u00e0 l\u2019\u00e9tat solide. En pulv\u00e9risant une fine pellicule d\u2019oxyde d\u2019holmium, une couche de dopant uniforme peut \u00eatre form\u00e9e sur un mat\u00e9riau de substrat tel qu\u2019un cristal laser ou du verre, am\u00e9liorant ainsi les performances et l\u2019efficacit\u00e9 du laser.<\/p>\n<p>Rev\u00eatements optiques : Rev\u00eatements utilis\u00e9s pour les lentilles optiques, les fen\u00eatres optiques et d\u2019autres composants optiques afin d\u2019am\u00e9liorer leurs propri\u00e9t\u00e9s optiques.<\/p>\n<p>Stockage optique : <strong>Les cibles de pulv\u00e9risation d&#8217;oxyde d&#8217;holmium<\/strong> sont utilis\u00e9es pour pr\u00e9parer les supports de stockage optique dans le domaine du stockage optique.<\/p>\n<p>Fabrication<strong> de semi-conducteurs : Les cibles de pulv\u00e9risation d&#8217;oxyde d&#8217;holmium<\/strong> sont utilis\u00e9es pour pr\u00e9parer des structures de couches minces pour les dispositifs \u00e0 semi-conducteurs lors de la fabrication de semi-conducteurs.<\/p>\n<h2><span style=\"font-size: 14pt;\">Contr\u00f4le de la qualit\u00e9<\/span><\/h2>\n<p><span style=\"color: #0000ff;\"><a style=\"color: #0000ff;\" href=\"https:\/\/vimaterial.de\/fr\/controle-qualite\/\">Chaque lot<\/a> <\/span>de produits est soumis \u00e0 un syst\u00e8me de contr\u00f4le de qualit\u00e9 strict, qui est g\u00e9r\u00e9 tout au long du processus, de la R &amp; D, de la production au transport et au service client, et suit strictement le 8D proc\u00e9dure de r\u00e9solution de probl\u00e8mes pour enqu\u00eater sur les \u00e9carts et se conforme pleinement aux exigences de l\u2019Union europ\u00e9enne, en garantissant la fourniture de produits et de services de haute qualit\u00e9.<\/p>\n<h2><span style=\"font-size: 14pt;\">Emballage et stockage<\/span><\/h2>\n<p>Les produits sont emball\u00e9s sous vide et prot\u00e9g\u00e9s par des bo\u00eetes sp\u00e9ciales pendant le transport pour assurer un transport en toute s\u00e9curit\u00e9.<\/p>\n<p><strong>Les cibles d&#8217;oxyde d&#8217;holmium<\/strong> doivent \u00eatre scell\u00e9es et stock\u00e9es dans un environnement sec et frais, en \u00e9vitant le contact avec l\u2019air, l\u2019humidit\u00e9 et les substances corrosives, avec une temp\u00e9rature contr\u00f4l\u00e9e \u00e0 temp\u00e9rature ambiante et une humidit\u00e9 \u2264 40 % HR pour \u00e9viter la d\u00e9t\u00e9rioration oxydative.<\/p>\n","protected":false},"excerpt":{"rendered":"<p><strong>La cible de pulv\u00e9risation <span style=\"color: #0000ff;\"><a style=\"color: #0000ff;\" href=\"https:\/\/vimaterial.de\/fr\/product\/oxyde-dholmium-3\/\">d&#8217;oxyde d&#8217;holmium<\/a><\/span><\/strong> est une sorte de mat\u00e9riau cl\u00e9 utilis\u00e9 dans la pulv\u00e9risation magn\u00e9tron et d\u2019autres technologies de rev\u00eatement, qui est compos\u00e9 d\u2019oxyde d\u2019holmium comme ingr\u00e9dient principal gr\u00e2ce \u00e0 une technologie de traitement sp\u00e9ciale pour d\u00e9poser un film mince d\u2019oxyde d\u2019holmium sur le substrat, et est largement utilis\u00e9 dans les domaines de l\u2019optique, de l\u2019\u00e9lectronique, des nouvelles \u00e9nergies et d\u2019autres mat\u00e9riaux cl\u00e9s.<\/p>\n<p>VIMATERIAL soutient la personnalisation et la recherche de produits, veuillez <span style=\"color: #0000ff;\"><a style=\"color: #0000ff;\" href=\"https:\/\/vimaterial.de\/fr\/contact\/\">nous contacter<\/a> <\/span>si vous en avez besoin.<\/p>\n","protected":false},"featured_media":1034381,"comment_status":"open","ping_status":"closed","template":"","meta":{"_acf_changed":false},"product_brand":[],"product_cat":[235],"product_tag":[],"class_list":{"0":"post-1029350","1":"product","2":"type-product","3":"status-publish","4":"has-post-thumbnail","6":"product_cat-cibles-de-pulverisation-planaire","8":"first","9":"instock","10":"shipping-taxable","11":"product-type-variable"},"acf":[],"_links":{"self":[{"href":"https:\/\/vimaterial.de\/fr\/wp-json\/wp\/v2\/product\/1029350","targetHints":{"allow":["GET"]}}],"collection":[{"href":"https:\/\/vimaterial.de\/fr\/wp-json\/wp\/v2\/product"}],"about":[{"href":"https:\/\/vimaterial.de\/fr\/wp-json\/wp\/v2\/types\/product"}],"replies":[{"embeddable":true,"href":"https:\/\/vimaterial.de\/fr\/wp-json\/wp\/v2\/comments?post=1029350"}],"wp:featuredmedia":[{"embeddable":true,"href":"https:\/\/vimaterial.de\/fr\/wp-json\/wp\/v2\/media\/1034381"}],"wp:attachment":[{"href":"https:\/\/vimaterial.de\/fr\/wp-json\/wp\/v2\/media?parent=1029350"}],"wp:term":[{"taxonomy":"product_brand","embeddable":true,"href":"https:\/\/vimaterial.de\/fr\/wp-json\/wp\/v2\/product_brand?post=1029350"},{"taxonomy":"product_cat","embeddable":true,"href":"https:\/\/vimaterial.de\/fr\/wp-json\/wp\/v2\/product_cat?post=1029350"},{"taxonomy":"product_tag","embeddable":true,"href":"https:\/\/vimaterial.de\/fr\/wp-json\/wp\/v2\/product_tag?post=1029350"}],"curies":[{"name":"wp","href":"https:\/\/api.w.org\/{rel}","templated":true}]}}