{"id":1029343,"date":"2024-06-17T16:16:11","date_gmt":"2024-06-17T08:16:11","guid":{"rendered":"https:\/\/vimaterial.de\/product\/oxyde-dholmium\/"},"modified":"2025-07-07T10:51:32","modified_gmt":"2025-07-07T02:51:32","slug":"oxyde-dholmium","status":"publish","type":"product","link":"https:\/\/vimaterial.de\/fr\/product\/oxyde-dholmium\/","title":{"rendered":"Oxyde d\u2019holmium"},"content":{"rendered":"<p><span style=\"color: #0000ff;\"><a style=\"color: #0000ff;\" href=\"https:\/\/vimaterial.de\/fr\/product\/oxyde-dholmium-3\/\">La poudre d\u2019oxyde d&#8217;holmium<\/a><\/span> est une structure cristalline jaune clair, insoluble dans l\u2019eau mais soluble dans l\u2019acide, de type oxyde de scandium isotrope avec un point de fusion \u00e9lev\u00e9, et l\u2019oxyde de dysprosium est un compos\u00e9 de l\u2019\u00e9l\u00e9ment de terre rare holmium, qui est connu pour \u00eatre un \u00e9l\u00e9ment paramagn\u00e9tique tr\u00e8s puissant, et de l\u2019\u00e9l\u00e9ment oxyg\u00e8ne.<\/p>\n<p>VIMATERIAL prend en charge la personnalisation des produits, veuillez <span style=\"color: #0000ff;\"><a style=\"color: #0000ff;\" href=\"https:\/\/vimaterial.de\/fr\/contact\/\">nous contacter.<\/a><\/span><\/p>\n<h2><span style=\"font-size: 14pt;\">Propri\u00e9t\u00e9s de l\u2019oxyde d&#8217;holmium<\/span><\/h2>\n<p>Formule mol\u00e9culaire : Ho\u2082O\u2083<\/p>\n<p>Poids mol\u00e9culaire : 377,86 g\/mol<\/p>\n<p>Aspect : poudre jaune clair \u00e0 vert jaun\u00e2tre<\/p>\n<p>Densit\u00e9 : 8,41 g\/cm\u00b3<\/p>\n<p>Point de fusion : 2415\u00b0C<\/p>\n<p>Point d\u2019\u00e9bullition : environ 3900\u00b0C (sublimation\/d\u00e9composition)<\/p>\n<p>Structure cristalline : Syst\u00e8me cristallin cubique (groupe d\u2019espace Ia-3)<\/p>\n<p>Solubilit\u00e9 : insoluble dans l\u2019eau, soluble dans les acides forts<\/p>\n<p>Magn\u00e9tisme : Paramagn\u00e9tique<\/p>\n<h2><span style=\"font-size: 14pt;\">Applications de l\u2019oxyde d&#8217;holmium<\/span><\/h2>\n<p>Lasers et opto\u00e9lectronique : La poudre Ho\u2082O\u2083 est une mati\u00e8re premi\u00e8re cl\u00e9 pour la pr\u00e9paration des cristaux laser Ho\u00a0:YAG, et la sortie laser de 2,1 \u03bcm de longueur d\u2019onde de ces lasers est particuli\u00e8rement adapt\u00e9e \u00e0 la lithotripsie m\u00e9dicale et \u00e0 la chirurgie des tissus mous. De plus, dans le domaine militaire, les lasers \u00e0 fibre dop\u00e9s Ho\u2082O\u2083 peuvent \u00eatre utilis\u00e9s pour des applications telles que les contre-mesures infrarouges et la t\u00e9l\u00e9m\u00e9trie laser.<\/p>\n<p>Industrie de l\u2019\u00e9nergie nucl\u00e9aire : En raison de sa section efficace d\u2019absorption de neutrons extr\u00eamement \u00e9lev\u00e9e, Ho\u2082O\u2083 est largement utilis\u00e9 comme mat\u00e9riau de barre de contr\u00f4le pour les r\u00e9acteurs nucl\u00e9aires, qui peut r\u00e9guler efficacement le taux de r\u00e9action en cha\u00eene. Pendant ce temps, dans l\u2019\u00e9limination des d\u00e9chets nucl\u00e9aires, Ho\u2082O\u2083 peut \u00e9galement \u00eatre utilis\u00e9 comme mat\u00e9riau toxique \u00e0 neutrons pour aider \u00e0 stocker en toute s\u00e9curit\u00e9 les mati\u00e8res radioactives.<\/p>\n<p>Mat\u00e9riaux fonctionnels sp\u00e9cialis\u00e9s : En tant que substrat pour les mat\u00e9riaux luminescents \u00e0 conversion ascendante, Ho\u2082O\u2083 peut obtenir une \u00e9mission de lumi\u00e8re visible tr\u00e8s efficace lorsqu\u2019il est co-dop\u00e9 avec le plasma Yb\u00b3\u207a, qui est largement utilis\u00e9 dans les marqueurs anti-contrefa\u00e7on et la bio-imagerie. De plus, dans le domaine des mat\u00e9riaux magn\u00e9tiques, Ho\u2082O\u2083 est utilis\u00e9 dans le d\u00e9veloppement de nouveaux mat\u00e9riaux de r\u00e9frig\u00e9ration magn\u00e9tique et de dispositifs spintroniques gr\u00e2ce \u00e0 sa configuration \u00e9lectronique sp\u00e9ciale 4f.<\/p>\n<h2><span style=\"font-size: 14pt;\">Contr\u00f4le de la qualit\u00e9<\/span><\/h2>\n<p><span style=\"color: #0000ff;\"><a style=\"color: #0000ff;\" href=\"https:\/\/vimaterial.de\/fr\/controle-qualite\/\">VI HALBLEITERMATERIAL GmbH<\/a><\/span> met en \u0153uvre un syst\u00e8me de contr\u00f4le de la qualit\u00e9 complet du processus, adh\u00e8re au principe de retouche et de reconditionnement des produits d\u00e9fectueux, et chaque lot de produits passe un test de sp\u00e9cification d\u00e9taill\u00e9 avant d\u2019\u00eatre commercialis\u00e9. Nous nous engageons \u00e0 construire une cha\u00eene d\u2019approvisionnement responsable en nous conformant pleinement aux normes REACH et ASTM, en assurant la coh\u00e9rence des lots et en \u00e9tablissant un syst\u00e8me complet de tra\u00e7abilit\u00e9 des documents.<\/p>\n<h2><span style=\"font-size: 14pt;\">Emballage et stockage<\/span><\/h2>\n<p><strong>La poudre d\u2019oxyde d&#8217;holmium<\/strong> est emball\u00e9e dans des bouteilles sous vide doubles, puis prot\u00e9g\u00e9e dans des cartons sp\u00e9ciaux pour assurer un transport en toute s\u00e9curit\u00e9.<\/p>\n<p><strong>Les Ho\u2082O\u2083<\/strong> doivent \u00eatre scell\u00e9s et stock\u00e9s dans un environnement sec, \u00e9viter le contact avec l\u2019humidit\u00e9, les gaz acides, pour \u00e9viter que le mat\u00e9riau ne se d\u00e9t\u00e9riore par l\u2019humidit\u00e9.<\/p>\n","protected":false},"excerpt":{"rendered":"<p><span style=\"color: #0000ff;\"><a style=\"color: #0000ff;\" href=\"https:\/\/vimaterial.de\/fr\/product\/oxyde-dholmium-3\/\">La poudre d\u2019oxyde d&#8217;holmium<\/a><\/span> est une structure cristalline jaune clair, insoluble dans l\u2019eau mais soluble dans l\u2019acide, de type oxyde de scandium isotrope avec un point de fusion \u00e9lev\u00e9, et l\u2019oxyde de dysprosium est un compos\u00e9 de l\u2019\u00e9l\u00e9ment de terre rare holmium, qui est connu pour \u00eatre un \u00e9l\u00e9ment paramagn\u00e9tique tr\u00e8s puissant, et de l\u2019\u00e9l\u00e9ment oxyg\u00e8ne.<\/p>\n<p>VIMATERIAL prend en charge la personnalisation des produits, veuillez <span style=\"color: #0000ff;\"><a style=\"color: #0000ff;\" href=\"https:\/\/vimaterial.de\/fr\/contact\/\">nous contacter.<\/a><\/span><\/p>\n<p>&nbsp;<\/p>\n","protected":false},"featured_media":1034376,"comment_status":"open","ping_status":"closed","template":"","meta":{"_acf_changed":false},"product_brand":[],"product_cat":[241,243],"product_tag":[],"class_list":{"0":"post-1029343","1":"product","2":"type-product","3":"status-publish","4":"has-post-thumbnail","6":"product_cat-materiaux-a-base-de-terres-rares","7":"product_cat-materiaux-oxydes-hydroxydes","9":"first","10":"instock","11":"shipping-taxable","12":"purchasable","13":"product-type-variable"},"acf":[],"_links":{"self":[{"href":"https:\/\/vimaterial.de\/fr\/wp-json\/wp\/v2\/product\/1029343","targetHints":{"allow":["GET"]}}],"collection":[{"href":"https:\/\/vimaterial.de\/fr\/wp-json\/wp\/v2\/product"}],"about":[{"href":"https:\/\/vimaterial.de\/fr\/wp-json\/wp\/v2\/types\/product"}],"replies":[{"embeddable":true,"href":"https:\/\/vimaterial.de\/fr\/wp-json\/wp\/v2\/comments?post=1029343"}],"wp:featuredmedia":[{"embeddable":true,"href":"https:\/\/vimaterial.de\/fr\/wp-json\/wp\/v2\/media\/1034376"}],"wp:attachment":[{"href":"https:\/\/vimaterial.de\/fr\/wp-json\/wp\/v2\/media?parent=1029343"}],"wp:term":[{"taxonomy":"product_brand","embeddable":true,"href":"https:\/\/vimaterial.de\/fr\/wp-json\/wp\/v2\/product_brand?post=1029343"},{"taxonomy":"product_cat","embeddable":true,"href":"https:\/\/vimaterial.de\/fr\/wp-json\/wp\/v2\/product_cat?post=1029343"},{"taxonomy":"product_tag","embeddable":true,"href":"https:\/\/vimaterial.de\/fr\/wp-json\/wp\/v2\/product_tag?post=1029343"}],"curies":[{"name":"wp","href":"https:\/\/api.w.org\/{rel}","templated":true}]}}