{"id":1029331,"date":"2024-06-17T16:16:12","date_gmt":"2024-06-17T08:16:12","guid":{"rendered":"https:\/\/vimaterial.de\/product\/chlorure-dholmium\/"},"modified":"2025-07-03T16:40:12","modified_gmt":"2025-07-03T08:40:12","slug":"chlorure-dholmium","status":"publish","type":"product","link":"https:\/\/vimaterial.de\/fr\/product\/chlorure-dholmium\/","title":{"rendered":"Chlorure d\u2019holmium"},"content":{"rendered":"<p><span style=\"color: #0000ff;\"><a style=\"color: #0000ff;\" href=\"https:\/\/vimaterial.de\/fr\/product\/chlorure-de-thulium\/\"><strong>La poudre de chlorure d&#8217;holmium<\/strong> <\/a><\/span>est un chlorure de m\u00e9tal de terre rare qui est g\u00e9n\u00e9ralement blanc \u00e0 jaune, d\u00e9liquescent, soluble dans l\u2019eau et l\u2019\u00e9thanol, stable \u00e0 temp\u00e9rature et pression ambiantes, et peut \u00eatre utilis\u00e9 dans la recherche scientifique, la recherche biochimique et d\u2019autres domaines.<\/p>\n<p>VIMATERIAL prend en charge la personnalisation et le d\u00e9veloppement de produits, <span style=\"color: #0000ff;\"><a style=\"color: #0000ff;\" href=\"https:\/\/vimaterial.de\/fr\/contact\/\">contactez-nous<\/a><\/span>.<\/p>\n<h2><span style=\"font-size: 14pt;\">Propri\u00e9t\u00e9s du chlorure d&#8217;holmium<\/span><\/h2>\n<p>Formule mol\u00e9culaire : HoCl\u2083<\/p>\n<p>Poids mol\u00e9culaire : environ 271,29<\/p>\n<p>Aspect : jaune \u00e0 la lumi\u00e8re naturelle, rose vif \u00e0 la lumi\u00e8re fluorescente.<\/p>\n<p>Point de fusion : 718\u00b0C<\/p>\n<p>Point d\u2019\u00e9bullition : 1500\u00b0C<\/p>\n<p>Solubilit\u00e9 : Soluble dans l\u2019eau et l\u2019\u00e9thanol, ce qui rend sa r\u00e9action chimique et son application en solution plus pratiques.<\/p>\n<p>D\u00e9liquescence : <strong>La poudre de chlorure d&#8217;holmium<\/strong> est d\u00e9liquescente et absorbe facilement l\u2019humidit\u00e9 de l\u2019air, elle doit donc \u00eatre maintenue scell\u00e9e dans un environnement sec.<\/p>\n<p>Stabilit\u00e9\u00a0: <strong>La poudre de chlorure d&#8217;holmium<\/strong> est relativement stable \u00e0 temp\u00e9rature et pression ambiantes, mais une r\u00e9action chimique peut se produire lorsqu\u2019elle est chauff\u00e9e ou en contact avec certaines substances.<\/p>\n<h2><span style=\"font-size: 14pt;\">Applications du chlorure d&#8217;holmium<\/span><\/h2>\n<p>Mat\u00e9riaux optiques : La poudre de <strong>chlorure d&#8217;holmium<\/strong> peut \u00eatre utilis\u00e9e dans la fabrication de verre optique, de fibres optiques et d\u2019autres mat\u00e9riaux optiques, en utilisant les propri\u00e9t\u00e9s optiques sp\u00e9ciales des \u00e9l\u00e9ments de terres rares pour am\u00e9liorer les propri\u00e9t\u00e9s optiques des mat\u00e9riaux, telles que l\u2019indice de r\u00e9fraction, la transmittance, etc.<\/p>\n<p>Mat\u00e9riaux laser : Il peut \u00eatre utilis\u00e9 comme dopant pour la pr\u00e9paration de mat\u00e9riaux laser, comme pour la fabrication de cristaux laser dop\u00e9s \u00e0 l\u2019holmium, qui ont une valeur d\u2019application potentielle dans le domaine de la technologie laser.<\/p>\n<h2><span style=\"font-size: 14pt;\">Contr\u00f4le de la qualit\u00e9<\/span><\/h2>\n<p><span style=\"color: #0000ff;\"><a style=\"color: #0000ff;\" href=\"https:\/\/vimaterial.de\/fr\/controle-qualite\/\">Nous<\/a> <\/span>mettons en \u0153uvre un syst\u00e8me de qualit\u00e9 strict, avec un processus d\u2019inspection strict des mati\u00e8res premi\u00e8res pour assurer la coh\u00e9rence des mat\u00e9riaux entrants, un processus complet d\u2019isolation et de traitement des produits d\u00e9fectueux pour garantir qu\u2019aucun des produits d\u00e9fectueux ne passera au processus suivant, et des normes d\u2019inspection d\u2019usine strictes pour les produits finis afin de garantir la constance de la qualit\u00e9 des produits sortant de l\u2019usine.<\/p>\n<p>Il existe des registres complets d\u2019inspection de la production dans l\u2019ensemble du processus de production, ce qui permet de r\u00e9aliser la tra\u00e7abilit\u00e9 de l\u2019ensemble du processus des produits. Nous aidons \u00e9galement nos clients \u00e0 mettre en avant des exigences d\u2019inspection par des tiers.<\/p>\n<h2><span style=\"font-size: 14pt;\">Emballage et stockage<\/span><\/h2>\n<p><strong>La poudre de chlorure d&#8217;holmium<\/strong> est emball\u00e9e dans un sac sous vide apr\u00e8s l\u2019embouteillage et plac\u00e9e dans un carton personnalis\u00e9 pour assurer un transport en toute s\u00e9curit\u00e9.<\/p>\n<p><strong>La poudre de chlorure d&#8217;holmium<\/strong> doit \u00eatre scell\u00e9e et stock\u00e9e dans un endroit sec, ventil\u00e9 et frais, en \u00e9vitant tout contact avec l\u2019air humide et les substances corrosives.<\/p>\n","protected":false},"excerpt":{"rendered":"<p><span style=\"color: #0000ff;\"><a style=\"color: #0000ff;\" href=\"https:\/\/vimaterial.de\/fr\/product\/chlorure-de-thulium\/\"><strong>La poudre de chlorure d&#8217;holmium<\/strong> <\/a><\/span>est un chlorure de m\u00e9tal de terre rare qui est g\u00e9n\u00e9ralement blanc \u00e0 jaune, d\u00e9liquescent, soluble dans l\u2019eau et l\u2019\u00e9thanol, stable \u00e0 temp\u00e9rature et pression ambiantes, et peut \u00eatre utilis\u00e9 dans la recherche scientifique, la recherche biochimique et d\u2019autres domaines.<\/p>\n<p>VIMATERIAL prend en charge la personnalisation et le d\u00e9veloppement de produits, <span style=\"color: #0000ff;\"><a style=\"color: #0000ff;\" href=\"https:\/\/vimaterial.de\/fr\/contact\/\">contactez-nous<\/a><\/span>.<\/p>\n","protected":false},"featured_media":1034391,"comment_status":"open","ping_status":"closed","template":"","meta":{"_acf_changed":false},"product_brand":[],"product_cat":[241],"product_tag":[],"class_list":{"0":"post-1029331","1":"product","2":"type-product","3":"status-publish","4":"has-post-thumbnail","6":"product_cat-materiaux-a-base-de-terres-rares","8":"first","9":"instock","10":"shipping-taxable","11":"purchasable","12":"product-type-variable"},"acf":[],"_links":{"self":[{"href":"https:\/\/vimaterial.de\/fr\/wp-json\/wp\/v2\/product\/1029331","targetHints":{"allow":["GET"]}}],"collection":[{"href":"https:\/\/vimaterial.de\/fr\/wp-json\/wp\/v2\/product"}],"about":[{"href":"https:\/\/vimaterial.de\/fr\/wp-json\/wp\/v2\/types\/product"}],"replies":[{"embeddable":true,"href":"https:\/\/vimaterial.de\/fr\/wp-json\/wp\/v2\/comments?post=1029331"}],"wp:featuredmedia":[{"embeddable":true,"href":"https:\/\/vimaterial.de\/fr\/wp-json\/wp\/v2\/media\/1034391"}],"wp:attachment":[{"href":"https:\/\/vimaterial.de\/fr\/wp-json\/wp\/v2\/media?parent=1029331"}],"wp:term":[{"taxonomy":"product_brand","embeddable":true,"href":"https:\/\/vimaterial.de\/fr\/wp-json\/wp\/v2\/product_brand?post=1029331"},{"taxonomy":"product_cat","embeddable":true,"href":"https:\/\/vimaterial.de\/fr\/wp-json\/wp\/v2\/product_cat?post=1029331"},{"taxonomy":"product_tag","embeddable":true,"href":"https:\/\/vimaterial.de\/fr\/wp-json\/wp\/v2\/product_tag?post=1029331"}],"curies":[{"name":"wp","href":"https:\/\/api.w.org\/{rel}","templated":true}]}}