{"id":1029326,"date":"2024-06-17T16:16:12","date_gmt":"2024-06-17T08:16:12","guid":{"rendered":"https:\/\/vimaterial.de\/product\/sulfure-dholmium\/"},"modified":"2025-07-03T16:34:33","modified_gmt":"2025-07-03T08:34:33","slug":"sulfure-dholmium","status":"publish","type":"product","link":"https:\/\/vimaterial.de\/fr\/product\/sulfure-dholmium\/","title":{"rendered":"Sulfure d\u2019holmium"},"content":{"rendered":"<p><span style=\"color: #0000ff;\"><a style=\"color: #0000ff;\" href=\"https:\/\/vimaterial.de\/fr\/product\/sulfure-de-thulium\/\"><strong>La poudre de sulfure d&#8217;holmium <\/strong><\/a><\/span>est une poudre compos\u00e9e inorganique compos\u00e9e des \u00e9l\u00e9ments holmium et soufre, avec un aspect jaune ou une autre couleur et des propri\u00e9t\u00e9s chimiques et physiques sp\u00e9cifiques, qui a une valeur de recherche dans le domaine de la science des mat\u00e9riaux et de la recherche chimique.<\/p>\n<p>VIMATERIL prend en charge la personnalisation et le d\u00e9veloppement de produits, <span style=\"color: #0000ff;\"><a style=\"color: #0000ff;\" href=\"https:\/\/vimaterial.de\/fr\/contact\/\">contactez-nous.<\/a><\/span><\/p>\n<h2><span style=\"font-size: 14pt;\">Propri\u00e9t\u00e9s du sulfure d&#8217;holmium<\/span><\/h2>\n<p>Formule mol\u00e9culaire : Ho\u2082S\u2083<\/p>\n<p>Poids mol\u00e9culaire : environ 426,17 g\/mol<\/p>\n<p>Apparence\u00a0: poudre noir brun\u00e2tre<\/p>\n<p>Stabilit\u00e9 chimique : La poudre de sulfure d\u2019holmium a une bonne stabilit\u00e9 chimique \u00e0 temp\u00e9rature et pression ambiantes et dans un environnement inerte, et n\u2019est pas facile \u00e0 r\u00e9agir avec les acides et les bases courants.<\/p>\n<p>Propri\u00e9t\u00e9s optiques : Sur la base des caract\u00e9ristiques communes des sulfures de terres rares, la poudre Ho\u2082S\u2083 poss\u00e8de de larges propri\u00e9t\u00e9s d\u2019absorption spectrale et de transmission infrarouge, ce qui est pr\u00e9cieux pour les applications dans les mat\u00e9riaux optiques infrarouges et les mat\u00e9riaux de substrat fluorescents.<\/p>\n<h2><span style=\"font-size: 14pt;\">Applications du sulfure d\u2019holmium<\/span><\/h2>\n<p>Exploration de la recherche scientifique : en tant que mat\u00e9riau de recherche de pointe, il est largement utilis\u00e9 dans les laboratoires multidisciplinaires de chimie, de physique, de science des mat\u00e9riaux, etc., fournissant des \u00e9chantillons importants pour l\u2019\u00e9tude de la structure cristalline, des propri\u00e9t\u00e9s \u00e9lectroniques et du m\u00e9canisme de r\u00e9action chimique des sulfures de terres rares.<\/p>\n<p>D\u00e9veloppement de mat\u00e9riaux optiques : en tant que substrats de mat\u00e9riaux optiques infrarouges ou supports de mat\u00e9riaux luminescents, ils peuvent \u00eatre utilis\u00e9s pour pr\u00e9parer des mat\u00e9riaux de fen\u00eatres infrarouges haute performance, des d\u00e9tecteurs infrarouges ou des dispositifs d\u2019affichage fluorescents par dopage et modification, et pour promouvoir l\u2019innovation technologique dans le domaine des mat\u00e9riaux optiques.<\/p>\n<h2><span style=\"font-size: 14pt;\">Contr\u00f4le de la qualit\u00e9<\/span><\/h2>\n<p><span style=\"color: #0000ff;\"><a style=\"color: #0000ff;\" href=\"https:\/\/vimaterial.de\/fr\/controle-qualite\/\">Nous<\/a> <\/span>mettons en \u0153uvre un syst\u00e8me de qualit\u00e9 strict, avec un processus d\u2019inspection strict des mati\u00e8res premi\u00e8res pour assurer la coh\u00e9rence des mat\u00e9riaux entrants, un processus complet d\u2019isolation et de traitement des produits d\u00e9fectueux pour garantir qu\u2019aucun produit d\u00e9fectueux ne passera au processus suivant, et des normes d\u2019inspection d\u2019usine strictes pour les produits finis afin d\u2019assurer la coh\u00e9rence de la qualit\u00e9 des produits exp\u00e9di\u00e9s hors de l\u2019usine.<\/p>\n<p>Il existe des registres complets d\u2019inspection de la production dans l\u2019ensemble du processus de production, ce qui permet de r\u00e9aliser la tra\u00e7abilit\u00e9 de l\u2019ensemble du processus des produits. Nous aidons \u00e9galement nos clients \u00e0 mettre en avant des exigences d\u2019inspection par des tiers.<\/p>\n<h2><span style=\"font-size: 14pt;\">Emballage et stockage<\/span><\/h2>\n<p><strong>La poudre de sulfure d&#8217;holmium<\/strong> est mise en bouteille, puis emball\u00e9e sous vide et plac\u00e9e dans des cartons personnalis\u00e9s pour assurer un transport en toute s\u00e9curit\u00e9.<\/p>\n<p><strong>La poudre de sulfure d&#8217;holmium<\/strong> est stock\u00e9e dans un environnement frais, sec et bien ventil\u00e9, \u00e0 l\u2019abri du feu et de l\u2019oxydant.<\/p>\n","protected":false},"excerpt":{"rendered":"<p><span style=\"color: #0000ff;\"><a style=\"color: #0000ff;\" href=\"https:\/\/vimaterial.de\/fr\/product\/sulfure-de-thulium\/\"><strong>La poudre de sulfure d&#8217;holmium <\/strong><\/a><\/span>est une poudre compos\u00e9e inorganique compos\u00e9e des \u00e9l\u00e9ments holmium et soufre, avec un aspect jaune ou une autre couleur et des propri\u00e9t\u00e9s chimiques et physiques sp\u00e9cifiques, qui a une valeur de recherche dans le domaine de la science des mat\u00e9riaux et de la recherche chimique.<\/p>\n<p>VIMATERIL prend en charge la personnalisation et le d\u00e9veloppement de produits, <span style=\"color: #0000ff;\"><a style=\"color: #0000ff;\" href=\"https:\/\/vimaterial.de\/fr\/contact\/\">contactez-nous.<\/a><\/span><\/p>\n<p>&nbsp;<\/p>\n","protected":false},"featured_media":1034386,"comment_status":"open","ping_status":"closed","template":"","meta":{"_acf_changed":false},"product_brand":[],"product_cat":[241],"product_tag":[],"class_list":{"0":"post-1029326","1":"product","2":"type-product","3":"status-publish","4":"has-post-thumbnail","6":"product_cat-materiaux-a-base-de-terres-rares","8":"first","9":"instock","10":"shipping-taxable","11":"purchasable","12":"product-type-variable"},"acf":[],"_links":{"self":[{"href":"https:\/\/vimaterial.de\/fr\/wp-json\/wp\/v2\/product\/1029326","targetHints":{"allow":["GET"]}}],"collection":[{"href":"https:\/\/vimaterial.de\/fr\/wp-json\/wp\/v2\/product"}],"about":[{"href":"https:\/\/vimaterial.de\/fr\/wp-json\/wp\/v2\/types\/product"}],"replies":[{"embeddable":true,"href":"https:\/\/vimaterial.de\/fr\/wp-json\/wp\/v2\/comments?post=1029326"}],"wp:featuredmedia":[{"embeddable":true,"href":"https:\/\/vimaterial.de\/fr\/wp-json\/wp\/v2\/media\/1034386"}],"wp:attachment":[{"href":"https:\/\/vimaterial.de\/fr\/wp-json\/wp\/v2\/media?parent=1029326"}],"wp:term":[{"taxonomy":"product_brand","embeddable":true,"href":"https:\/\/vimaterial.de\/fr\/wp-json\/wp\/v2\/product_brand?post=1029326"},{"taxonomy":"product_cat","embeddable":true,"href":"https:\/\/vimaterial.de\/fr\/wp-json\/wp\/v2\/product_cat?post=1029326"},{"taxonomy":"product_tag","embeddable":true,"href":"https:\/\/vimaterial.de\/fr\/wp-json\/wp\/v2\/product_tag?post=1029326"}],"curies":[{"name":"wp","href":"https:\/\/api.w.org\/{rel}","templated":true}]}}