{"id":1029299,"date":"2024-06-17T16:16:13","date_gmt":"2024-06-17T08:16:13","guid":{"rendered":"https:\/\/vimaterial.de\/product\/phosphate-dholmium\/"},"modified":"2025-06-17T17:30:01","modified_gmt":"2025-06-17T09:30:01","slug":"phosphate-dholmium","status":"publish","type":"product","link":"https:\/\/vimaterial.de\/fr\/product\/phosphate-dholmium\/","title":{"rendered":"Phosphate d\u2019holmium"},"content":{"rendered":"<p>La poudre de <strong>phosphate d&#8217;holmium<\/strong> est un compos\u00e9 de terres rares form\u00e9 en combinant de l\u2019holmium et du phosphate, g\u00e9n\u00e9ralement sous forme de poudre, avec des applications potentielles dans la science des mat\u00e9riaux, la catalyse et d\u2019autres domaines.<\/p>\n<p>VIMATERIAL <strong>Holmium Phosphat<\/strong>e Powder a une grande puret\u00e9, de faibles impuret\u00e9s et des rapports d\u2019inspection de produits complets, venez <span style=\"color: #0000ff;\"><a style=\"color: #0000ff;\" href=\"https:\/\/vimaterial.de\/fr\/contact\/\">nous contacter<\/a><\/span> pour obtenir les rapports pertinents.<\/p>\n<h2><span style=\"font-size: 14pt;\">Caract\u00e9ristiques du phosphate d&#8217;holmium<\/span><\/h2>\n<p>Formule chimique : HoPO\u2084<\/p>\n<p>Poids mol\u00e9culaire : 259,90<\/p>\n<p>Apparence\u00a0: Poudre cristalline blanche \u00e0 blanc cass\u00e9, stable \u00e0 l\u2019air.<\/p>\n<p>Densit\u00e9 : env. 5,3 g\/cm\u00b3<\/p>\n<p>Point de fusion : environ 2070 \u00b0C (d\u00e9composition)<\/p>\n<p>Structure cristalline : Monoclinique, groupe d\u2019espace P2\u2081\/n<\/p>\n<h2><span style=\"font-size: 14pt;\">Applications du <\/span><span style=\"font-size: 14pt;\">phosphate d&#8217;holmium<\/span><\/h2>\n<p>Mat\u00e9riaux laser : Les ions holmium ont des applications importantes dans le domaine des lasers. Peut \u00eatre utilis\u00e9 comme matrice ou dopant dans les mat\u00e9riaux laser pour la fabrication de lasers \u00e0 semi-conducteurs.<\/p>\n<p>Mat\u00e9riaux luminescents : En raison de la structure \u00e9lectronique sp\u00e9ciale des ions holmium, ils peuvent \u00e9mettre des longueurs d\u2019onde sp\u00e9cifiques de lumi\u00e8re lorsqu\u2019ils sont excit\u00e9s, et peuvent donc \u00eatre utilis\u00e9s comme mat\u00e9riaux luminescents.<\/p>\n<p>Mat\u00e9riaux magn\u00e9tiques : Il peut \u00eatre utilis\u00e9 pour la pr\u00e9paration de mat\u00e9riaux magn\u00e9tiques. Les ions holmium ont certaines propri\u00e9t\u00e9s magn\u00e9tiques en raison de leurs \u00e9lectrons non appari\u00e9s. Dans la pr\u00e9paration de certains mat\u00e9riaux magn\u00e9tiques, le <strong>phosphate d\u2019holmium<\/strong> peut \u00eatre utilis\u00e9 comme source d\u2019ions magn\u00e9tiques pour conf\u00e9rer des propri\u00e9t\u00e9s magn\u00e9tiques aux mat\u00e9riaux, qui peuvent \u00eatre utilis\u00e9s dans le stockage magn\u00e9tique, les capteurs magn\u00e9tiques et d\u2019autres champs.<\/p>\n<h2><span style=\"font-size: 14pt;\">Contr\u00f4le de la qualit\u00e9<\/span><\/h2>\n<p><span style=\"color: #0000ff;\"><a style=\"color: #0000ff;\" href=\"https:\/\/vimaterial.de\/fr\/controle-qualite\/\">VIMATERIAL<\/a> <\/span>construit une cha\u00eene d\u2019approvisionnement cible socialement responsable \u00e0 travers l\u2019ensemble de la cha\u00eene : triple contr\u00f4le qualit\u00e9 (R&amp;D\/Production\/Livraison), le 8D obligatoire. m\u00e9canisme de tra\u00e7age des probl\u00e8mes et le syst\u00e8me de double certification REACH-ASTM pour garantir l\u2019absence de variation de lot et la tra\u00e7abilit\u00e9 tout au long du cycle.<\/p>\n<h2><span style=\"font-size: 14pt;\">Emballage et stockage<\/span><\/h2>\n<p><strong>La poudre de phosphure d&#8217;holmium<\/strong> en petite quantit\u00e9 est emball\u00e9e dans une bouteille suivie d\u2019un sac sous vide et emball\u00e9e dans un carton ext\u00e9rieur. De grandes quantit\u00e9s sont emball\u00e9es sous vide dans des sacs en papier d\u2019aluminium et plac\u00e9es dans des f\u00fbts sp\u00e9ciaux.<\/p>\n<p><strong>La poudre de phosphure d&#8217;holmium<\/strong> doit \u00eatre stock\u00e9e \u00e0 une temp\u00e9rature de 10 \u00e0 30 \u00b0C, \u00e0 une humidit\u00e9 de \u226430 % et \u00e0 un emballage sous vide pour \u00e9viter la lumi\u00e8re.<\/p>\n","protected":false},"excerpt":{"rendered":"<p>La poudre de <strong>phosphate d&#8217;holmium<\/strong> est un compos\u00e9 de terres rares form\u00e9 en combinant de l\u2019holmium et du phosphate, g\u00e9n\u00e9ralement sous forme de poudre, avec des applications potentielles dans la science des mat\u00e9riaux, la catalyse et d\u2019autres domaines.<\/p>\n<p>VIMATERIAL <strong>Holmium Phosphat<\/strong>e Powder a une grande puret\u00e9, de faibles impuret\u00e9s et des rapports d\u2019inspection de produits complets, venez <span style=\"color: #0000ff;\"><a style=\"color: #0000ff;\" href=\"https:\/\/vimaterial.de\/fr\/contact\/\">nous contacter<\/a><\/span> pour obtenir les rapports pertinents.<\/p>\n","protected":false},"featured_media":1034406,"comment_status":"open","ping_status":"closed","template":"","meta":{"_acf_changed":false},"product_brand":[],"product_cat":[166],"product_tag":[],"class_list":{"0":"post-1029299","1":"product","2":"type-product","3":"status-publish","4":"has-post-thumbnail","6":"product_cat-uncategorized-fr","8":"first","9":"instock","10":"shipping-taxable","11":"product-type-variable"},"acf":[],"_links":{"self":[{"href":"https:\/\/vimaterial.de\/fr\/wp-json\/wp\/v2\/product\/1029299","targetHints":{"allow":["GET"]}}],"collection":[{"href":"https:\/\/vimaterial.de\/fr\/wp-json\/wp\/v2\/product"}],"about":[{"href":"https:\/\/vimaterial.de\/fr\/wp-json\/wp\/v2\/types\/product"}],"replies":[{"embeddable":true,"href":"https:\/\/vimaterial.de\/fr\/wp-json\/wp\/v2\/comments?post=1029299"}],"wp:featuredmedia":[{"embeddable":true,"href":"https:\/\/vimaterial.de\/fr\/wp-json\/wp\/v2\/media\/1034406"}],"wp:attachment":[{"href":"https:\/\/vimaterial.de\/fr\/wp-json\/wp\/v2\/media?parent=1029299"}],"wp:term":[{"taxonomy":"product_brand","embeddable":true,"href":"https:\/\/vimaterial.de\/fr\/wp-json\/wp\/v2\/product_brand?post=1029299"},{"taxonomy":"product_cat","embeddable":true,"href":"https:\/\/vimaterial.de\/fr\/wp-json\/wp\/v2\/product_cat?post=1029299"},{"taxonomy":"product_tag","embeddable":true,"href":"https:\/\/vimaterial.de\/fr\/wp-json\/wp\/v2\/product_tag?post=1029299"}],"curies":[{"name":"wp","href":"https:\/\/api.w.org\/{rel}","templated":true}]}}