{"id":1029294,"date":"2024-06-17T16:16:12","date_gmt":"2024-06-17T08:16:12","guid":{"rendered":"https:\/\/vimaterial.de\/product\/fluorure-dholmium-dfm\/"},"modified":"2025-07-03T17:46:00","modified_gmt":"2025-07-03T09:46:00","slug":"fluorure-dholmium-dfm","status":"publish","type":"product","link":"https:\/\/vimaterial.de\/fr\/product\/fluorure-dholmium-dfm\/","title":{"rendered":"Fluorure d\u2019holmium (DFM)"},"content":{"rendered":"<p><span style=\"color: #0000ff;\"><a style=\"color: #0000ff;\" href=\"https:\/\/vimaterial.de\/fr\/product\/fluorure-dholmium-dfm-2\/\"><strong>La poudre de fluorure d&#8217;holmium<\/strong> <\/a><\/span>est un mat\u00e9riau inorganique blanc \u00e0 jaune clair avec d\u2019excellentes propri\u00e9t\u00e9s optiques et magn\u00e9tiques, qui est largement utilis\u00e9 dans le verre de terres rares, le cristal laser, le rev\u00eatement optique et les mat\u00e9riaux magn\u00e9tiques.<\/p>\n<p>VIMATERIAL prend en charge la personnalisation, <span style=\"color: #0000ff;\"><a style=\"color: #0000ff;\" href=\"https:\/\/vimaterial.de\/fr\/contact\/\">contactez-nous<\/a><\/span>.<\/p>\n<h2><span style=\"font-size: 14pt;\">Propri\u00e9t\u00e9s du fluorure d\u2019holmium<\/span><\/h2>\n<p>Formule mol\u00e9culaire : HoF\u2083<\/p>\n<p>Poids mol\u00e9culaire : 221,93 g\/mol<\/p>\n<p>N\u00b0 CAS : 13760-78-6<\/p>\n<p>Apparence : Poudre blanche \u00e0 jaune clair<\/p>\n<p>Densit\u00e9 : environ 7,64 g\/cm\u00b3<\/p>\n<p>Point de fusion : 1143\u00b0C<\/p>\n<p>Point d\u2019\u00e9bullition : environ 2200\u00b0C (peut se d\u00e9composer \u00e0 haute temp\u00e9rature)<\/p>\n<p>Structure cristalline : Syst\u00e8me cristallin hexagonal<\/p>\n<p>Solubilit\u00e9 : insoluble dans l\u2019eau, soluble dans l\u2019acide concentr\u00e9 chaud<\/p>\n<h2><span style=\"font-size: 14pt;\">Applications du fluorure d&#8217;holmium<\/span><\/h2>\n<p>Rev\u00eatement optique : <strong>Le fluorure d&#8217;holmium<\/strong> peut \u00eatre utilis\u00e9 dans la pr\u00e9paration de films optiques pour am\u00e9liorer les performances des composants optiques, tels que l\u2019am\u00e9lioration de la r\u00e9flectivit\u00e9 et de la transmittance, etc. Il est utilis\u00e9 dans les instruments optiques et les verres de lunettes.<\/p>\n<p>Dopage de la fibre optique : <strong>Le fluorure d&#8217;holmium<\/strong> peut \u00eatre dop\u00e9 dans la fibre optique pour am\u00e9liorer les performances optiques de la fibre optique, par exemple en am\u00e9liorant la capacit\u00e9 de transmission des signaux optiques et la capacit\u00e9 anti-interf\u00e9rence, ce qui est d\u2019une grande importance pour le d\u00e9veloppement du r\u00e9seau de communication \u00e0 haut d\u00e9bit.<\/p>\n<p>Cristaux laser : Les cristaux laser dop\u00e9s \u00e0 l\u2019holmium peuvent \u00eatre utilis\u00e9s comme dopants pour la fabrication de cristaux laser, tels que les cristaux laser dop\u00e9s \u00e0 l\u2019holmium peuvent \u00eatre utilis\u00e9s dans la technologie laser, qui a un large \u00e9ventail d\u2019applications dans le domaine du traitement m\u00e9dical et industriel.<\/p>\n<p>Mat\u00e9riau semi-conducteur : Il peut \u00eatre utilis\u00e9 comme dopant pour les mat\u00e9riaux semi-conducteurs afin de modifier les propri\u00e9t\u00e9s \u00e9lectriques des semi-conducteurs, et est utilis\u00e9 dans la fabrication d\u2019\u00e9quipements \u00e9lectroniques.<\/p>\n<h2><span style=\"font-size: 14pt;\">Contr\u00f4le de la qualit\u00e9<\/span><\/h2>\n<p><span style=\"color: #0000ff;\"><a style=\"color: #0000ff;\" href=\"https:\/\/vimaterial.de\/fr\/controle-qualite\/\">VIMATERIAL<\/a><\/span> ex\u00e9cute strictement l\u2019ensemble du syst\u00e8me de contr\u00f4le de la qualit\u00e9 du processus, adh\u00e8re au principe de retouche et de refaire pour les produits d\u00e9fectueux, et chaque lot de produits passe le test de sp\u00e9cification d\u00e9taill\u00e9 avant d\u2019\u00eatre lib\u00e9r\u00e9. Nous nous conformons enti\u00e8rement aux r\u00e9glementations REACH et aux normes ASTM pour garantir la coh\u00e9rence des lots, et \u00e9tablissons un syst\u00e8me complet de tra\u00e7abilit\u00e9 des documents pour construire une cha\u00eene d\u2019approvisionnement responsable.<\/p>\n<h2><span style=\"font-size: 14pt;\">Emballage et stockage<\/span><\/h2>\n<p><strong>La poudre de fluorure d&#8217;holmium<\/strong> est emball\u00e9e dans des bouteilles sous vide \u00e0 double couche, la capacit\u00e9 peut \u00eatre personnalis\u00e9e selon les exigences du client et l\u2019emballage complet est plac\u00e9 dans des cartons personnalis\u00e9s pour assurer un transport en toute s\u00e9curit\u00e9.<\/p>\n<p><strong>La poudre de fluorure d&#8217;holmium<\/strong> doit \u00eatre strictement scell\u00e9e, prot\u00e9g\u00e9e de la lumi\u00e8re et stock\u00e9e dans un environnement sec pour \u00e9viter l\u2019absorption d\u2019humidit\u00e9 et l\u2019oxydation.<\/p>\n","protected":false},"excerpt":{"rendered":"<p><span style=\"color: #0000ff;\"><a style=\"color: #0000ff;\" href=\"https:\/\/vimaterial.de\/fr\/product\/fluorure-dholmium-dfm-2\/\"><strong>La poudre de fluorure d&#8217;holmium<\/strong> <\/a><\/span>est un mat\u00e9riau inorganique blanc \u00e0 jaune clair avec d\u2019excellentes propri\u00e9t\u00e9s optiques et magn\u00e9tiques, qui est largement utilis\u00e9 dans le verre de terres rares, le cristal laser, le rev\u00eatement optique et les mat\u00e9riaux magn\u00e9tiques.<\/p>\n<p>VIMATERIAL prend en charge la personnalisation, <span style=\"color: #0000ff;\"><a style=\"color: #0000ff;\" href=\"https:\/\/vimaterial.de\/fr\/contact\/\">contactez-nous<\/a><\/span>.<\/p>\n","protected":false},"featured_media":1034401,"comment_status":"open","ping_status":"closed","template":"","meta":{"_acf_changed":false},"product_brand":[],"product_cat":[241],"product_tag":[],"class_list":{"0":"post-1029294","1":"product","2":"type-product","3":"status-publish","4":"has-post-thumbnail","6":"product_cat-materiaux-a-base-de-terres-rares","8":"first","9":"instock","10":"shipping-taxable","11":"purchasable","12":"product-type-variable"},"acf":[],"_links":{"self":[{"href":"https:\/\/vimaterial.de\/fr\/wp-json\/wp\/v2\/product\/1029294","targetHints":{"allow":["GET"]}}],"collection":[{"href":"https:\/\/vimaterial.de\/fr\/wp-json\/wp\/v2\/product"}],"about":[{"href":"https:\/\/vimaterial.de\/fr\/wp-json\/wp\/v2\/types\/product"}],"replies":[{"embeddable":true,"href":"https:\/\/vimaterial.de\/fr\/wp-json\/wp\/v2\/comments?post=1029294"}],"wp:featuredmedia":[{"embeddable":true,"href":"https:\/\/vimaterial.de\/fr\/wp-json\/wp\/v2\/media\/1034401"}],"wp:attachment":[{"href":"https:\/\/vimaterial.de\/fr\/wp-json\/wp\/v2\/media?parent=1029294"}],"wp:term":[{"taxonomy":"product_brand","embeddable":true,"href":"https:\/\/vimaterial.de\/fr\/wp-json\/wp\/v2\/product_brand?post=1029294"},{"taxonomy":"product_cat","embeddable":true,"href":"https:\/\/vimaterial.de\/fr\/wp-json\/wp\/v2\/product_cat?post=1029294"},{"taxonomy":"product_tag","embeddable":true,"href":"https:\/\/vimaterial.de\/fr\/wp-json\/wp\/v2\/product_tag?post=1029294"}],"curies":[{"name":"wp","href":"https:\/\/api.w.org\/{rel}","templated":true}]}}