{"id":1029284,"date":"2024-06-17T16:16:13","date_gmt":"2024-06-17T08:16:13","guid":{"rendered":"https:\/\/vimaterial.de\/product\/erbium-metal-5\/"},"modified":"2025-06-26T17:03:04","modified_gmt":"2025-06-26T09:03:04","slug":"erbium-metal-5","status":"publish","type":"product","link":"https:\/\/vimaterial.de\/fr\/product\/erbium-metal-5\/","title":{"rendered":"Erbium m\u00e9tal"},"content":{"rendered":"<p><span style=\"color: #0000ff;\"><a style=\"color: #0000ff;\" href=\"https:\/\/vimaterial.de\/fr\/product\/erbium-metal-4\/\">La poudre m\u00e9tallique d&#8217;erbium<\/a> <\/span>est un mat\u00e9riau gris-noir, doux, chimiquement actif, facile \u00e0 oxyder, le composant principal du mat\u00e9riau en poudre d\u2019erbium (Er), g\u00e9n\u00e9ralement sous vide ou sous gaz inerte, peut \u00eatre transform\u00e9 en diff\u00e9rentes tailles de particules, dans la m\u00e9tallurgie des poudres, les catalyseurs p\u00e9trochimiques, l\u2019optique et d\u2019autres applications importantes.<\/p>\n<p>Les poudres d\u2019erbium de VIMATERIAL se caract\u00e9risent par une grande puret\u00e9, un contr\u00f4le pr\u00e9cis de la taille des particules (r\u00e9glable en microns\/nano) et une faible teneur en impuret\u00e9s, ce qui a permis d\u2019excellents retours des clients sur la qualit\u00e9 des poudres utilis\u00e9es.<span style=\"color: #0000ff;\"><a style=\"color: #0000ff;\" href=\"https:\/\/vimaterial.de\/fr\/contact\/\">Contactez-nous.<\/a><\/span><\/p>\n<h2><span style=\"font-size: 14pt;\">Caract\u00e9ristique<\/span><\/h2>\n<p>Formule mol\u00e9culaire : Er<\/p>\n<p>Poids mol\u00e9culaire : 167,26<\/p>\n<p>Apparence\u00a0: Poudre m\u00e9tallique gris argent\u00e9, facilement oxyd\u00e9e \u00e0 l\u2019air pour produire une couche d\u2019oxyde rose clair.<\/p>\n<p>Densit\u00e9 : 9,07 g\/cm\u00b3 (densit\u00e9 solide \u00e0 20\u00b0C).<\/p>\n<p>Point de fusion : 1529\u00b0C<\/p>\n<p>Point d\u2019\u00e9bullition : 2863\u00b0C<\/p>\n<p>Structure cristalline : Structure cristalline hexagonale compacte (hcp) \u00e0 temp\u00e9rature ambiante, les atomes sont \u00e9troitement dispos\u00e9s, ce qui conf\u00e8re \u00e0 la ductilit\u00e9 du m\u00e9tal et \u00e0 une certaine force.<\/p>\n<p>Habitabilit\u00e9 : La poudre d\u2019erbium m\u00e9tal est chimiquement active et s\u2019oxyde facilement \u00e0 l\u2019air, avec un film d\u2019oxydes se formant rapidement \u00e0 la surface, ce qui n\u00e9cessite des mesures de protection sp\u00e9ciales pendant le stockage et l\u2019utilisation, telles que l\u2019emballage sous vide ou l\u2019emballage sous gaz inerte.<\/p>\n<h2><span style=\"font-size: 14pt;\">Application<\/span><\/h2>\n<p>Mat\u00e9riaux laser\u00a0: La poudre m\u00e9tallique d\u2019erbium peut \u00eatre utilis\u00e9e pour fabriquer des mat\u00e9riaux laser, par exemple, dans certains lasers sp\u00e9cifiques, l\u2019ajout d\u2019erbium peut ajuster la longueur d\u2019onde et les performances du laser, ce qui le rend adapt\u00e9 \u00e0 diff\u00e9rents sc\u00e9narios d\u2019application laser.<\/p>\n<p>Communication par fibre optique : Dans la communication par fibre optique, l\u2019amplificateur \u00e0 fibre dop\u00e9e \u00e0 l\u2019erbium est un dispositif important d\u2019amplification du signal optique. La poudre d\u2019erbium m\u00e9tal peut \u00eatre utilis\u00e9e pour pr\u00e9parer la fibre optique dop\u00e9e \u00e0 l\u2019erbium, qui peut faire en sorte que le signal optique maintienne son intensit\u00e9 lors de la transmission \u00e0 longue distance, et joue un r\u00f4le cl\u00e9 dans la communication moderne par fibre optique longue distance, de grande capacit\u00e9 et \u00e0 haut d\u00e9bit.<\/p>\n<p>Alliage\u00a0: La poudre d\u2019erbium m\u00e9tal peut \u00eatre ajout\u00e9e \u00e0 d\u2019autres m\u00e9taux en tant que composant d\u2019alliage.<\/p>\n<h2><span style=\"font-size: 14pt;\">Contr\u00f4le de la qualit\u00e9<\/span><\/h2>\n<p><span style=\"color: #0000ff;\"><a style=\"color: #0000ff;\" href=\"https:\/\/vimaterial.de\/fr\/controle-qualite\/\">VI HALBLEITERMATERIAL GmbH<\/a> <\/span>(VIMATERIAL) met en \u0153uvre un syst\u00e8me d\u2019assurance qualit\u00e9 rigoureux, en effectuant un contr\u00f4le de qualit\u00e9 strict tout au long de la cha\u00eene de production, en retravaillant les produits d\u00e9fectueux et en ne lib\u00e9rant chaque lot qu\u2019apr\u00e8s avoir pass\u00e9 avec succ\u00e8s des tests de sp\u00e9cification d\u00e9taill\u00e9s. L\u2019entreprise adh\u00e8re aux normes les plus \u00e9lev\u00e9es en mati\u00e8re de R&amp;D, de production, d\u2019exp\u00e9dition et de service \u00e0 la client\u00e8le, enqu\u00eate sur les \u00e9carts via le 8D , conforme aux normes REACH et ASTM, assure l\u2019uniformit\u00e9 et la tra\u00e7abilit\u00e9 des lots, et s\u2019engage \u00e0 construire une cha\u00eene d\u2019approvisionnement socialement responsable pour prot\u00e9ger la sant\u00e9 humaine et l\u2019environnement.<\/p>\n<h2><span style=\"font-size: 14pt;\">Emballage et stockage<\/span><\/h2>\n<p>La poudre d&#8217;erbium est emball\u00e9e sous vide dans des bouteilles et emball\u00e9e dans des cartons.<\/p>\n<p>Les conditions de stockage de la poudre d&#8217;erbium doivent \u00eatre plac\u00e9es dans un environnement sec et propre de 15 \u00e0 30 \u00b0C, une humidit\u00e9 de \u226460 %, \u00e0 l\u2019abri des substances corrosives, et le scellage sous vide doit \u00eatre r\u00e9appliqu\u00e9 apr\u00e8s ouverture pour \u00e9viter l\u2019oxydation.<\/p>\n","protected":false},"excerpt":{"rendered":"<p><span style=\"color: #0000ff;\"><a style=\"color: #0000ff;\" href=\"https:\/\/vimaterial.de\/fr\/product\/erbium-metal-4\/\">La poudre m\u00e9tallique d&#8217;erbium<\/a> <\/span>est un mat\u00e9riau gris-noir, doux, chimiquement actif, facile \u00e0 oxyder, le composant principal du mat\u00e9riau en poudre d\u2019erbium (Er), g\u00e9n\u00e9ralement sous vide ou sous gaz inerte, peut \u00eatre transform\u00e9 en diff\u00e9rentes tailles de particules, dans la m\u00e9tallurgie des poudres, les catalyseurs p\u00e9trochimiques, l\u2019optique et d\u2019autres applications importantes.<\/p>\n<p>Les poudres d\u2019erbium de VIMATERIAL se caract\u00e9risent par une grande puret\u00e9, un contr\u00f4le pr\u00e9cis de la taille des particules (r\u00e9glable en microns\/nano) et une faible teneur en impuret\u00e9s, ce qui a permis d\u2019excellents retours des clients sur la qualit\u00e9 des poudres utilis\u00e9es. <span style=\"color: #0000ff;\"><a style=\"color: #0000ff;\" href=\"https:\/\/vimaterial.de\/fr\/contact\/\">Contactez-nous.<\/a><\/span><\/p>\n","protected":false},"featured_media":1034416,"comment_status":"open","ping_status":"closed","template":"","meta":{"_acf_changed":false},"product_brand":[],"product_cat":[166],"product_tag":[],"class_list":{"0":"post-1029284","1":"product","2":"type-product","3":"status-publish","4":"has-post-thumbnail","6":"product_cat-uncategorized-fr","8":"first","9":"instock","10":"shipping-taxable","11":"purchasable","12":"product-type-variable"},"acf":[],"_links":{"self":[{"href":"https:\/\/vimaterial.de\/fr\/wp-json\/wp\/v2\/product\/1029284","targetHints":{"allow":["GET"]}}],"collection":[{"href":"https:\/\/vimaterial.de\/fr\/wp-json\/wp\/v2\/product"}],"about":[{"href":"https:\/\/vimaterial.de\/fr\/wp-json\/wp\/v2\/types\/product"}],"replies":[{"embeddable":true,"href":"https:\/\/vimaterial.de\/fr\/wp-json\/wp\/v2\/comments?post=1029284"}],"wp:featuredmedia":[{"embeddable":true,"href":"https:\/\/vimaterial.de\/fr\/wp-json\/wp\/v2\/media\/1034416"}],"wp:attachment":[{"href":"https:\/\/vimaterial.de\/fr\/wp-json\/wp\/v2\/media?parent=1029284"}],"wp:term":[{"taxonomy":"product_brand","embeddable":true,"href":"https:\/\/vimaterial.de\/fr\/wp-json\/wp\/v2\/product_brand?post=1029284"},{"taxonomy":"product_cat","embeddable":true,"href":"https:\/\/vimaterial.de\/fr\/wp-json\/wp\/v2\/product_cat?post=1029284"},{"taxonomy":"product_tag","embeddable":true,"href":"https:\/\/vimaterial.de\/fr\/wp-json\/wp\/v2\/product_tag?post=1029284"}],"curies":[{"name":"wp","href":"https:\/\/api.w.org\/{rel}","templated":true}]}}