{"id":1029280,"date":"2024-06-17T16:16:13","date_gmt":"2024-06-17T08:16:13","guid":{"rendered":"https:\/\/vimaterial.de\/product\/erbium-metal-4\/"},"modified":"2025-06-17T17:51:31","modified_gmt":"2025-06-17T09:51:31","slug":"erbium-metal-4","status":"publish","type":"product","link":"https:\/\/vimaterial.de\/fr\/product\/erbium-metal-4\/","title":{"rendered":"Erbium m\u00e9tal"},"content":{"rendered":"<p>Les granul\u00e9s <span style=\"color: #0000ff;\"><a style=\"color: #0000ff;\" href=\"https:\/\/vimaterial.de\/fr\/product\/erbium-metal-5\/\"><strong>d\u2019erbium m\u00e9tallique<\/strong><\/a><\/span> sont une sorte de mat\u00e9riau m\u00e9tallique qui est facile \u00e0 oxyder dans l\u2019air et a un \u00e9clat m\u00e9tallique blanc argent\u00e9 \u00e0 la rupture, et peut \u00eatre trait\u00e9 en diff\u00e9rentes sp\u00e9cifications selon les exigences, qui est couramment utilis\u00e9 dans les domaines de l\u2019industrie de l\u2019\u00e9nergie atomique, de l\u2019industrie \u00e9lectronique, des additifs de m\u00e9taux non ferreux et des mat\u00e9riaux d\u2019alliage de haute technologie.<\/p>\n<p>Les granul\u00e9s <strong>d\u2019erbium<\/strong> de VIMATERIAL ont une grande puret\u00e9, une taille de particule uniforme et des densit\u00e9s de produit \u00e9lev\u00e9es. <span style=\"color: #0000ff;\"><a style=\"color: #0000ff;\" href=\"https:\/\/vimaterial.de\/fr\/contact\/\">Contactez-nous<\/a><\/span> pour des \u00e9chantillons.<\/p>\n<h2><span style=\"font-size: 14pt;\">Caract\u00e9ristique de <strong>l\u2019Erbium m\u00e9tal<\/strong><\/span><\/h2>\n<p>Formule chimique : Er<\/p>\n<p>Poids mol\u00e9culaire : 167,26<\/p>\n<p>Aspect : particules m\u00e9talliques gris argent\u00e9<\/p>\n<p>Densit\u00e9 : env. 9.006 g\/cm\u00b3<\/p>\n<p>Point de fusion : environ 1529 \u00b0C<\/p>\n<p>Point d\u2019\u00e9bullition : environ 2863 \u00b0C<\/p>\n<p>Structure cristalline : Hexagonale serr\u00e9e (HCP)<\/p>\n<h2><span style=\"font-size: 14pt;\">Applications<\/span><\/h2>\n<p>Communication par fibre optique : utilis\u00e9 dans la fabrication d\u2019amplificateur \u00e0 fibre optique dop\u00e9 \u00e0 l\u2019erbium, qui est un amplificateur de signal optique important dans la communication par fibre optique, capable de faire en sorte que le signal optique conserve son intensit\u00e9 pendant la transmission longue distance, et joue un r\u00f4le cl\u00e9 dans la communication moderne par fibre optique longue distance, de grande capacit\u00e9 et \u00e0 haut d\u00e9bit.<\/p>\n<p>Mat\u00e9riaux laser\u00a0: peut \u00eatre utilis\u00e9 comme mat\u00e9riaux laser, tels que le laser Erbium Yttrium Aluminium Garnet (Er\u00a0: YAG) dans le traitement clinique est largement utilis\u00e9 dans la peau, la cavit\u00e9 buccale et la gyn\u00e9cologie et d\u2019autres domaines de traitement, tels que le traitement des tumeurs des canaux sudoripares, la pr\u00e9vention des caries secondaires et la r\u00e9alisation de certaines chirurgies mini-invasives.<\/p>\n<p>Alliage\u00a0: Les granules <strong>d\u2019erbium m\u00e9tal<\/strong> peuvent former des alliages avec du vanadium et d\u2019autres m\u00e9taux pour am\u00e9liorer l\u2019usinabilit\u00e9 et la ductilit\u00e9 du m\u00e9tal cible.<\/p>\n<p>C\u00e9ramique et verre : Des oxydes d\u2019erbium peuvent \u00eatre ajout\u00e9s au verre et \u00e0 la c\u00e9ramique pour leur donner une couleur ros\u00e2tre, qui peut \u00eatre utilis\u00e9e pour fabriquer des gla\u00e7ures pour la poterie, les lunettes de soleil et les bijoux bon march\u00e9.<\/p>\n<div class=\"elementor-element elementor-element-72e7750 animated-slow elementor-widget elementor-widget-heading animated fadeIn\" data-id=\"72e7750\" data-element_type=\"widget\" data-settings=\"{\" data-widget_type=\"heading.default\">\n<div class=\"elementor-widget-container\">\n<h2 class=\"elementor-heading-title elementor-size-default\"><span style=\"font-size: 14pt;\">Contr\u00f4le de la qualit\u00e9<\/span><\/h2>\n<\/div>\n<\/div>\n<p class=\"ds-markdown-paragraph\"><span style=\"color: #0000ff;\"><a style=\"color: #0000ff;\" href=\"https:\/\/vimaterial.de\/fr\/controle-qualite\/\">Nos produits<\/a> <\/span>sont conformes \u00e0 toutes les normes ASTM et sp\u00e9cifiques \u00e0 l\u2019industrie. VIMATERIAL s&#8217;engage \u00e0 assurer le meilleur contr\u00f4le de qualit\u00e9 possible et \u00e0 garantir l&#8217;homog\u00e9n\u00e9it\u00e9 entre les lots.<\/p>\n<h2><span style=\"font-size: 14pt;\">Emballage et stockage<\/span><\/h2>\n<p>Les granul\u00e9s <strong>d\u2019erbium m\u00e9tal<\/strong> sont mis en bouteille apr\u00e8s avoir \u00e9t\u00e9 emball\u00e9s dans des sacs sous vide doubles et plac\u00e9s dans des cartons sp\u00e9ciaux pour assurer un transport en toute s\u00e9curit\u00e9.<\/p>\n<p>Les granul\u00e9s d\u2019erbium sont conserv\u00e9s dans l\u2019environnement avec une temp\u00e9rature ambiante de 15-25\u00b0C et une humidit\u00e9 \u226445\u00a0%, l\u2019emballage sous vide est utilis\u00e9 pour \u00e9viter le contact avec l\u2019air.<\/p>\n","protected":false},"excerpt":{"rendered":"<p>Les granul\u00e9s <span style=\"color: #0000ff;\"><a style=\"color: #0000ff;\" href=\"https:\/\/vimaterial.de\/fr\/product\/erbium-metal-5\/\"><strong>d\u2019erbium m\u00e9tallique<\/strong><\/a><\/span> sont une sorte de mat\u00e9riau m\u00e9tallique qui est facile \u00e0 oxyder dans l\u2019air et a un \u00e9clat m\u00e9tallique blanc argent\u00e9 \u00e0 la rupture, et peut \u00eatre trait\u00e9 en diff\u00e9rentes sp\u00e9cifications selon les exigences, qui est couramment utilis\u00e9 dans les domaines de l\u2019industrie de l\u2019\u00e9nergie atomique, de l\u2019industrie \u00e9lectronique, des additifs de m\u00e9taux non ferreux et des mat\u00e9riaux d\u2019alliage de haute technologie.<\/p>\n<p>Les granul\u00e9s <strong>d\u2019erbium<\/strong> de VIMATERIAL ont une grande puret\u00e9, une taille de particule uniforme et des densit\u00e9s de produit \u00e9lev\u00e9es. <span style=\"color: #0000ff;\"><a style=\"color: #0000ff;\" href=\"https:\/\/vimaterial.de\/fr\/contact\/\">Contactez-nous<\/a><\/span> pour des \u00e9chantillons.<\/p>\n","protected":false},"featured_media":1034411,"comment_status":"open","ping_status":"closed","template":"","meta":{"_acf_changed":false},"product_brand":[],"product_cat":[236],"product_tag":[],"class_list":{"0":"post-1029280","1":"product","2":"type-product","3":"status-publish","4":"has-post-thumbnail","6":"product_cat-materiaux-devaporation","8":"first","9":"instock","10":"shipping-taxable","11":"purchasable","12":"product-type-variable"},"acf":[],"_links":{"self":[{"href":"https:\/\/vimaterial.de\/fr\/wp-json\/wp\/v2\/product\/1029280","targetHints":{"allow":["GET"]}}],"collection":[{"href":"https:\/\/vimaterial.de\/fr\/wp-json\/wp\/v2\/product"}],"about":[{"href":"https:\/\/vimaterial.de\/fr\/wp-json\/wp\/v2\/types\/product"}],"replies":[{"embeddable":true,"href":"https:\/\/vimaterial.de\/fr\/wp-json\/wp\/v2\/comments?post=1029280"}],"wp:featuredmedia":[{"embeddable":true,"href":"https:\/\/vimaterial.de\/fr\/wp-json\/wp\/v2\/media\/1034411"}],"wp:attachment":[{"href":"https:\/\/vimaterial.de\/fr\/wp-json\/wp\/v2\/media?parent=1029280"}],"wp:term":[{"taxonomy":"product_brand","embeddable":true,"href":"https:\/\/vimaterial.de\/fr\/wp-json\/wp\/v2\/product_brand?post=1029280"},{"taxonomy":"product_cat","embeddable":true,"href":"https:\/\/vimaterial.de\/fr\/wp-json\/wp\/v2\/product_cat?post=1029280"},{"taxonomy":"product_tag","embeddable":true,"href":"https:\/\/vimaterial.de\/fr\/wp-json\/wp\/v2\/product_tag?post=1029280"}],"curies":[{"name":"wp","href":"https:\/\/api.w.org\/{rel}","templated":true}]}}