{"id":1029263,"date":"2024-06-17T16:16:13","date_gmt":"2024-06-17T08:16:13","guid":{"rendered":"https:\/\/vimaterial.de\/product\/erbium-metal-3\/"},"modified":"2025-06-27T11:02:37","modified_gmt":"2025-06-27T03:02:37","slug":"erbium-metal-3","status":"publish","type":"product","link":"https:\/\/vimaterial.de\/fr\/product\/erbium-metal-3\/","title":{"rendered":"Erbium m\u00e9tal"},"content":{"rendered":"<p><span style=\"color: #0000ff;\"><a style=\"color: #0000ff;\" href=\"https:\/\/vimaterial.de\/fr\/product\/erbium-metal-4\/\"><strong>La feuille d&#8217;erbium m\u00e9tallique<\/strong> <span style=\"color: #000000;\">est<\/span><\/a><\/span><span style=\"color: #000000;\">un<\/span> mat\u00e9riau en feuille mince en erbium m\u00e9tal avec un \u00e9clat m\u00e9tallique, une texture douce, des propri\u00e9t\u00e9s chimiques actives et facile \u00e0 oxyder, une bonne ductilit\u00e9 et une \u00e9paisseur mince, qui a de nombreuses applications dans les domaines de l\u2019optique, de l\u2019\u00e9lectronique et des mat\u00e9riaux.<\/p>\n<p>VIMATERIAL soutient la personnalisation et la recherche de produits, n\u2019h\u00e9sitez pas <span style=\"color: #0000ff;\"><a style=\"color: #0000ff;\" href=\"https:\/\/vimaterial.de\/fr\/contact\/\">\u00e0 nous contacter<\/a><\/span> si vous avez besoin d\u2019aide !<\/p>\n<h2><span style=\"font-size: 14pt;\">Caract\u00e9ristiques de la <strong>feuille m\u00e9tallique Erbium<\/strong><\/span><\/h2>\n<p>Formule mol\u00e9culaire : Er<\/p>\n<p>Poids mol\u00e9culaire : environ 167,26<\/p>\n<p>Apparence\u00a0: Lustre m\u00e9tallique blanc argent\u00e9, texture douce et lisse, facile \u00e0 g\u00e9n\u00e9rer un film d\u2019oxyde gris-blanc lorsqu\u2019il est expos\u00e9 \u00e0 l\u2019air.<\/p>\n<p>Densit\u00e9 : 9,07 g\/cm\u00b3<\/p>\n<p>Point de fusion : 1529\u00b0C<\/p>\n<p>Point d\u2019\u00e9bullition : 2863\u00b0C<\/p>\n<p>Structure cristalline : r\u00e9seau hexagonal dense (hcp) \u00e0 temp\u00e9rature ambiante, avec un empilement atomique serr\u00e9, lui conf\u00e9rant une bonne ductilit\u00e9.<\/p>\n<p>Solubilit\u00e9 : insoluble dans l\u2019eau.<\/p>\n<h2><span style=\"font-size: 14pt;\">Applications de la <strong>feuille m\u00e9tallique d\u2019Erbium<\/strong><\/span><\/h2>\n<p>Mat\u00e9riaux laser\u00a0: peuvent \u00eatre utilis\u00e9s pour la fabrication de mat\u00e9riaux laser, et dans certains lasers sp\u00e9cifiques, les feuilles m\u00e9talliques d\u2019erbium peuvent \u00eatre utilis\u00e9es comme source d\u2019\u00e9l\u00e9ments dopants pour la pr\u00e9paration de mat\u00e9riaux laser avec des longueurs d\u2019onde et des propri\u00e9t\u00e9s sp\u00e9cifiques.<\/p>\n<p>Amplificateurs optiques : Composants cl\u00e9s utilis\u00e9s dans la pr\u00e9paration des amplificateurs \u00e0 fibre dop\u00e9e \u00e0 l\u2019erbium. Les amplificateurs \u00e0 fibre dop\u00e9s \u00e0 l\u2019erbium am\u00e9liorent les signaux optiques et jouent un r\u00f4le important dans l\u2019amplification du signal dans les syst\u00e8mes de communication par fibre optique.<\/p>\n<p>Ajout d\u2019alliage : ajout\u00e9 \u00e0 d\u2019autres m\u00e9taux en tant que composant d\u2019alliage pour am\u00e9liorer les propri\u00e9t\u00e9s de l\u2019alliage.<\/p>\n<h2><span style=\"font-size: 14pt;\">Contr\u00f4le de la qualit\u00e9<\/span><\/h2>\n<p><span style=\"color: #0000ff;\"><a style=\"color: #0000ff;\" href=\"https:\/\/vimaterial.de\/fr\/controle-qualite\/\">Chaque lot<\/a><\/span> de produits est soumis \u00e0 un syst\u00e8me de contr\u00f4le de qualit\u00e9 strict, qui est g\u00e9r\u00e9 tout au long du processus, de la R&amp;D \u00e0 la production, en passant par le transport et le service client. Les \u00e9carts sont \u00e9tudi\u00e9s dans le strict respect de la norme 8D proc\u00e9dures de r\u00e9solution de probl\u00e8mes et en plein respect des exigences de l\u2019UE, en garantissant la fourniture de produits et de services de haute qualit\u00e9.<\/p>\n<h2><span style=\"font-size: 14pt;\">Emballage et stockage<\/span><\/h2>\n<p>Les produits sont emball\u00e9s sous vide et prot\u00e9g\u00e9s par des bo\u00eetes sp\u00e9ciales pendant le transport pour assurer un transport en toute s\u00e9curit\u00e9.<\/p>\n<p><strong>La feuille m\u00e9tallique d\u2019erbium<\/strong> doit \u00eatre scell\u00e9e et stock\u00e9e dans un environnement sec et frais, en \u00e9vitant le contact avec l\u2019air et l\u2019humidit\u00e9 pour \u00e9viter l\u2019oxydation et la d\u00e9t\u00e9rioration, et en m\u00eame temps doit \u00eatre tenue \u00e0 l\u2019\u00e9cart des substances corrosives telles que les acides et les alcalis, et il est recommand\u00e9 de contr\u00f4ler la temp\u00e9rature de stockage \u00e0 temp\u00e9rature ambiante (20\u00b15\u00b0C) et \u00e0 l\u2019humidit\u00e9 \u226440\u00a0% HR pour maintenir ses propri\u00e9t\u00e9s m\u00e9talliques stables.<\/p>\n","protected":false},"excerpt":{"rendered":"<p><span style=\"color: #0000ff;\"><a style=\"color: #0000ff;\" href=\"https:\/\/vimaterial.de\/fr\/product\/erbium-metal-4\/\"><strong>La feuille d&#8217;erbium m\u00e9tallique<\/strong> <span style=\"color: #000000;\">est<\/span><\/a><\/span><span style=\"color: #000000;\">un<\/span> mat\u00e9riau en feuille mince en erbium m\u00e9tal avec un \u00e9clat m\u00e9tallique, une texture douce, des propri\u00e9t\u00e9s chimiques actives et facile \u00e0 oxyder, une bonne ductilit\u00e9 et une \u00e9paisseur mince, qui a de nombreuses applications dans les domaines de l\u2019optique, de l\u2019\u00e9lectronique et des mat\u00e9riaux.<\/p>\n<p>VIMATERIAL soutient la personnalisation et la recherche de produits, n\u2019h\u00e9sitez pas <span style=\"color: #0000ff;\"><a style=\"color: #0000ff;\" href=\"https:\/\/vimaterial.de\/fr\/contact\/\">\u00e0 nous contacter<\/a><\/span> si vous avez besoin d\u2019aide !<\/p>\n","protected":false},"featured_media":1034421,"comment_status":"open","ping_status":"closed","template":"","meta":{"_acf_changed":false},"product_brand":[],"product_cat":[245],"product_tag":[],"class_list":{"0":"post-1029263","1":"product","2":"type-product","3":"status-publish","4":"has-post-thumbnail","6":"product_cat-profil-fr","8":"first","9":"instock","10":"shipping-taxable","11":"purchasable","12":"product-type-variable"},"acf":[],"_links":{"self":[{"href":"https:\/\/vimaterial.de\/fr\/wp-json\/wp\/v2\/product\/1029263","targetHints":{"allow":["GET"]}}],"collection":[{"href":"https:\/\/vimaterial.de\/fr\/wp-json\/wp\/v2\/product"}],"about":[{"href":"https:\/\/vimaterial.de\/fr\/wp-json\/wp\/v2\/types\/product"}],"replies":[{"embeddable":true,"href":"https:\/\/vimaterial.de\/fr\/wp-json\/wp\/v2\/comments?post=1029263"}],"wp:featuredmedia":[{"embeddable":true,"href":"https:\/\/vimaterial.de\/fr\/wp-json\/wp\/v2\/media\/1034421"}],"wp:attachment":[{"href":"https:\/\/vimaterial.de\/fr\/wp-json\/wp\/v2\/media?parent=1029263"}],"wp:term":[{"taxonomy":"product_brand","embeddable":true,"href":"https:\/\/vimaterial.de\/fr\/wp-json\/wp\/v2\/product_brand?post=1029263"},{"taxonomy":"product_cat","embeddable":true,"href":"https:\/\/vimaterial.de\/fr\/wp-json\/wp\/v2\/product_cat?post=1029263"},{"taxonomy":"product_tag","embeddable":true,"href":"https:\/\/vimaterial.de\/fr\/wp-json\/wp\/v2\/product_tag?post=1029263"}],"curies":[{"name":"wp","href":"https:\/\/api.w.org\/{rel}","templated":true}]}}