{"id":1029245,"date":"2024-06-17T16:16:13","date_gmt":"2024-06-17T08:16:13","guid":{"rendered":"https:\/\/vimaterial.de\/product\/erbium-metal-2\/"},"modified":"2025-06-17T16:48:28","modified_gmt":"2025-06-17T08:48:28","slug":"erbium-metal-2","status":"publish","type":"product","link":"https:\/\/vimaterial.de\/fr\/product\/erbium-metal-2\/","title":{"rendered":"Erbium m\u00e9tal"},"content":{"rendered":"<p><span style=\"color: #0000ff;\"><strong><a style=\"color: #0000ff;\" href=\"https:\/\/vimaterial.de\/fr\/product\/erbium-metal-5\/\">Erbium m\u00e9tal<\/a> <\/strong><\/span>La cible de pulv\u00e9risation est un mat\u00e9riau cl\u00e9 fabriqu\u00e9 \u00e0 partir d\u2019erbium en tant que mati\u00e8re premi\u00e8re gr\u00e2ce \u00e0 un processus sp\u00e9cifique, qui est utilis\u00e9 dans la pulv\u00e9risation magn\u00e9tron et d\u2019autres technologies de rev\u00eatement pour d\u00e9poser des films minces <strong>d\u2019erbium m\u00e9tallique<\/strong> sur des substrats afin de r\u00e9pondre \u00e0 la demande de propri\u00e9t\u00e9s de film sp\u00e9cifiques dans les domaines des semi-conducteurs, de l\u2019optique, de l\u2019\u00e9lectronique, etc.<\/p>\n<p>Les cibles <strong>d\u2019erbium <\/strong>de VIMATERIAL avec une puret\u00e9 \u00e9lev\u00e9e, une excellente orientation cristalline et une uniformit\u00e9 de densit\u00e9 sont tr\u00e8s comp\u00e9titives sur le march\u00e9, veuillez comprendre de<span style=\"color: #0000ff;\"><a style=\"color: #0000ff;\" href=\"https:\/\/vimaterial.de\/fr\/contact\/\"> laisser un message<\/a> <\/span>pour un rapport COA si vous en avez besoin.<\/p>\n<h2><span style=\"font-size: 14pt;\">Caract\u00e9ristiques de l\u2019Erbium m\u00e9tal<\/span><\/h2>\n<p>Formule chimique : Er<\/p>\n<p>Poids mol\u00e9culaire : 167,26<\/p>\n<p>Apparence\u00a0: lustre m\u00e9tallis\u00e9 gris argent\u00e9, facilement oxyd\u00e9 \u00e0 l\u2019air<\/p>\n<p>Densit\u00e9 : 9,006g\/cm\u00b3<\/p>\n<p>Point de fusion : environ 1529\u00b0C<\/p>\n<p>Point d\u2019\u00e9bullition : environ 2863\u00b0C<\/p>\n<p>Structure cristalline : \u00e0 temp\u00e9rature et pression ambiantes, la cible <strong>d\u2019Erbium <\/strong>a une structure cristalline dense hexagonale (HCP). HCP)<\/p>\n<h2><span style=\"font-size: 14pt;\">Applications de l\u2019erbium m\u00e9tal<\/span><\/h2>\n<p>Mat\u00e9riaux laser : peuvent \u00eatre utilis\u00e9s pour fabriquer des mat\u00e9riaux laser. Dans certains lasers sp\u00e9cifiques, des supports de gain laser avec des propri\u00e9t\u00e9s optiques sp\u00e9cifiques peuvent \u00eatre pr\u00e9par\u00e9s en pulv\u00e9risant des films minces d\u2019erbium pour g\u00e9n\u00e9rer des lasers de longueurs d\u2019onde sp\u00e9cifiques.<\/p>\n<p>Rev\u00eatement optique : Utilis\u00e9 pour le rev\u00eatement des lentilles optiques, des fen\u00eatres optiques et d\u2019autres composants optiques afin d\u2019am\u00e9liorer leurs propri\u00e9t\u00e9s optiques.<\/p>\n<p>Stockage optique : Dans le domaine du stockage optique, les cibles de pulv\u00e9risation d\u2019erbium peuvent \u00eatre utilis\u00e9es pour pr\u00e9parer des supports de stockage optiques, tels que des disques optiques r\u00e9inscriptibles. Le film d\u2019erbium m\u00e9tal form\u00e9 par pulv\u00e9risation cathodique peut subir des modifications physiques ou chimiques sous irradiation laser pour r\u00e9aliser le stockage et la lecture de l\u2019information.<\/p>\n<h2><span style=\"font-size: 14pt;\">Contr\u00f4le de la qualit\u00e9<\/span><\/h2>\n<p><span style=\"color: #0000ff;\"><a style=\"color: #0000ff;\" href=\"https:\/\/vimaterial.de\/fr\/controle-qualite\/\">Le contr\u00f4le de la qualit\u00e9 de l\u2019entreprise<\/a> <\/span>est bas\u00e9 sur un contr\u00f4le qualit\u00e9 complet strict, 8D m\u00e9canisme de gestion des probl\u00e8mes et syst\u00e8me de conformit\u00e9 REACH\/ASTM. VIMATERIAL assure la tra\u00e7abilit\u00e9 et la construction durable de la cha\u00eene d\u2019approvisionnement pour des produits cibles \u00e0 haute coh\u00e9rence.<\/p>\n<h2><span style=\"font-size: 14pt;\">Emballage et stockage<\/span><\/h2>\n<p>Emballage\u00a0: Les cibles <strong>d\u2019erbium <\/strong>sont emball\u00e9es sous vide dans des sacs sp\u00e9ciaux, prot\u00e9g\u00e9es par des bo\u00eetes en PE et plac\u00e9es dans des cartons.<\/p>\n<p>Stockage\u00a0: <strong>L\u2019erbium doit<\/strong>\u00eatre stock\u00e9 \u00e0 15-25\u00b0C, humidit\u00e9 \u226440\u00a0% HR, sous vide, et \u00e9viter strictement les chocs physiques et le risque d\u2019oxydation pour assurer la stabilit\u00e9 \u00e0 long terme du mat\u00e9riau.<\/p>\n","protected":false},"excerpt":{"rendered":"<p><span style=\"color: #0000ff;\"><strong><a style=\"color: #0000ff;\" href=\"https:\/\/vimaterial.de\/fr\/product\/erbium-metal-5\/\">Erbium m\u00e9tal<\/a> <\/strong><\/span>La cible de pulv\u00e9risation est un mat\u00e9riau cl\u00e9 fabriqu\u00e9 \u00e0 partir d\u2019erbium en tant que mati\u00e8re premi\u00e8re gr\u00e2ce \u00e0 un processus sp\u00e9cifique, qui est utilis\u00e9 dans la pulv\u00e9risation magn\u00e9tron et d\u2019autres technologies de rev\u00eatement pour d\u00e9poser des films minces <strong>d\u2019erbium m\u00e9tallique<\/strong> sur des substrats afin de r\u00e9pondre \u00e0 la demande de propri\u00e9t\u00e9s de film sp\u00e9cifiques dans les domaines des semi-conducteurs, de l\u2019optique, de l\u2019\u00e9lectronique, etc.<\/p>\n<p>Les cibles <strong>d\u2019erbium <\/strong>de VIMATERIAL avec une puret\u00e9 \u00e9lev\u00e9e, une excellente orientation cristalline et une uniformit\u00e9 de densit\u00e9 sont tr\u00e8s comp\u00e9titives sur le march\u00e9, veuillez comprendre de<span style=\"color: #0000ff;\"><a style=\"color: #0000ff;\" href=\"https:\/\/vimaterial.de\/fr\/contact\/\"> laisser un message<\/a> <\/span>pour un rapport COA si vous en avez besoin.<\/p>\n","protected":false},"featured_media":1034431,"comment_status":"open","ping_status":"closed","template":"","meta":{"_acf_changed":false},"product_brand":[],"product_cat":[235],"product_tag":[],"class_list":{"0":"post-1029245","1":"product","2":"type-product","3":"status-publish","4":"has-post-thumbnail","6":"product_cat-cibles-de-pulverisation-planaire","8":"first","9":"instock","10":"shipping-taxable","11":"product-type-variable"},"acf":[],"_links":{"self":[{"href":"https:\/\/vimaterial.de\/fr\/wp-json\/wp\/v2\/product\/1029245","targetHints":{"allow":["GET"]}}],"collection":[{"href":"https:\/\/vimaterial.de\/fr\/wp-json\/wp\/v2\/product"}],"about":[{"href":"https:\/\/vimaterial.de\/fr\/wp-json\/wp\/v2\/types\/product"}],"replies":[{"embeddable":true,"href":"https:\/\/vimaterial.de\/fr\/wp-json\/wp\/v2\/comments?post=1029245"}],"wp:featuredmedia":[{"embeddable":true,"href":"https:\/\/vimaterial.de\/fr\/wp-json\/wp\/v2\/media\/1034431"}],"wp:attachment":[{"href":"https:\/\/vimaterial.de\/fr\/wp-json\/wp\/v2\/media?parent=1029245"}],"wp:term":[{"taxonomy":"product_brand","embeddable":true,"href":"https:\/\/vimaterial.de\/fr\/wp-json\/wp\/v2\/product_brand?post=1029245"},{"taxonomy":"product_cat","embeddable":true,"href":"https:\/\/vimaterial.de\/fr\/wp-json\/wp\/v2\/product_cat?post=1029245"},{"taxonomy":"product_tag","embeddable":true,"href":"https:\/\/vimaterial.de\/fr\/wp-json\/wp\/v2\/product_tag?post=1029245"}],"curies":[{"name":"wp","href":"https:\/\/api.w.org\/{rel}","templated":true}]}}