{"id":1029235,"date":"2024-06-17T16:16:13","date_gmt":"2024-06-17T08:16:13","guid":{"rendered":"https:\/\/vimaterial.de\/product\/erbium-metal\/"},"modified":"2025-07-03T16:26:05","modified_gmt":"2025-07-03T08:26:05","slug":"erbium-metal","status":"publish","type":"product","link":"https:\/\/vimaterial.de\/fr\/product\/erbium-metal\/","title":{"rendered":"Erbium m\u00e9tal"},"content":{"rendered":"<p><span style=\"color: #0000ff;\"><a style=\"color: #0000ff;\" href=\"https:\/\/vimaterial.de\/fr\/product\/erbium-metal-4\/\"><strong>La tige m\u00e9tallique d&#8217;erbium<\/strong><\/a><\/span> est un mat\u00e9riau de terre rare fabriqu\u00e9 \u00e0 partir d\u2019oxyde d\u2019erbium de haute puret\u00e9, qui poss\u00e8de de bonnes propri\u00e9t\u00e9s optiques et une bonne stabilit\u00e9 thermique. Il est souvent utilis\u00e9 pour fabriquer des mat\u00e9riaux de dopage dans les cristaux laser et est largement utilis\u00e9 dans les domaines de la recherche m\u00e9dicale, industrielle et scientifique.<\/p>\n<p>VIMTERIAL prend en charge la personnalisation et le d\u00e9veloppement des produits, veuillez<span style=\"color: #0000ff;\"><a style=\"color: #0000ff;\" href=\"https:\/\/vimaterial.de\/fr\/contact\/\"> nous contacter.<\/a><\/span><\/p>\n<h2><span style=\"font-size: 14pt;\">Caract\u00e9ristiques de la tige m\u00e9tallique Erbium<\/span><\/h2>\n<p>Formule mol\u00e9culaire : Er<\/p>\n<p>Poids mol\u00e9culaire : 167,26 g\/mol<\/p>\n<p>Apparence\u00a0: lustre m\u00e9tallique blanc argent\u00e9, texture douce<\/p>\n<p>Densit\u00e9 : 9,066 g\/cm\u00b3<\/p>\n<p>Point de fusion : 1529\u00b0C<\/p>\n<p>Point d\u2019\u00e9bullition : 2868\u00b0C<\/p>\n<p>Structure cristalline : hexagonale compacte (hcp)<\/p>\n<p>R\u00e9activit\u00e9\u00a0: Il peut r\u00e9agir f\u00e9rocement avec de l\u2019eau chaude et lib\u00e9rer de l\u2019hydrog\u00e8ne, et en m\u00eame temps, il peut r\u00e9agir avec de nombreux compos\u00e9s non m\u00e9talliques pour former des oxydes, des chlorures, des sulfates, des nitrates, des oxalates et ainsi de suite.<\/p>\n<h2><span style=\"font-size: 14pt;\">Applications <\/span><span style=\"font-size: 14pt;\">de la tige m\u00e9tallique d\u2019erbium<\/span><\/h2>\n<p>Mat\u00e9riaux laser\u00a0: peuvent \u00eatre utilis\u00e9s pour fabriquer des mat\u00e9riaux laser, par exemple, dans certains lasers sp\u00e9cifiques, <strong>les tiges m\u00e9talliques d\u2019erbium<\/strong> peuvent \u00eatre utilis\u00e9es comme source d\u2019\u00e9l\u00e9ments dopants pour la pr\u00e9paration de mat\u00e9riaux laser avec des longueurs d\u2019onde et des propri\u00e9t\u00e9s sp\u00e9cifiques.<\/p>\n<p>Amplificateurs optiques : utilis\u00e9s pour pr\u00e9parer les composants cl\u00e9s des amplificateurs \u00e0 fibre dop\u00e9e \u00e0 l\u2019erbium. Les amplificateurs \u00e0 fibre dop\u00e9e \u00e0 l\u2019erbium am\u00e9liorent les signaux optiques et jouent un r\u00f4le important dans l\u2019amplification du signal dans les syst\u00e8mes de communication par fibre optique, permettant aux signaux optiques de maintenir leur force lors de la transmission \u00e0 longue distance.<\/p>\n<p>Ajout d\u2019alliage\u00a0: ajout\u00e9 \u00e0 d\u2019autres m\u00e9taux en tant que composant d\u2019alliage, il peut am\u00e9liorer les performances des alliages, tels que l\u2019am\u00e9lioration de la ductilit\u00e9, de la r\u00e9sistance et de la r\u00e9sistance \u00e0 la corrosion des alliages, etc. Il peut \u00eatre utilis\u00e9 pour fabriquer des mat\u00e9riaux d\u2019alliage haute performance requis dans l\u2019a\u00e9rospatiale, la fabrication de machines et d\u2019autres domaines.<\/p>\n<h2><span style=\"font-size: 14pt;\">Contr\u00f4le qualit\u00e9<\/span><\/h2>\n<p><span style=\"color: #0000ff;\"><a style=\"color: #0000ff;\" href=\"https:\/\/vimaterial.de\/fr\/controle-qualite\/\">Chaque lot<\/a><\/span> de produits met strictement en \u0153uvre le syst\u00e8me de contr\u00f4le de la qualit\u00e9 de l\u2019ensemble du processus, met strictement en \u0153uvre le syst\u00e8me de contr\u00f4le de la qualit\u00e9 de l\u2019ensemble du processus pour garantir la fiabilit\u00e9 du produit et l\u2019uniformit\u00e9 des lots, et se conforme pleinement aux r\u00e9glementations et aux normes de l\u2019industrie. Chaque lot de produits est soumis \u00e0 une inspection d\u2019usine stricte et \u00e0 des tests de performance avant de quitter l\u2019usine afin d\u2019assurer l\u2019uniformit\u00e9 du produit. Dans le m\u00eame temps, les produits de l\u2019entreprise peuvent \u00eatre inspect\u00e9s par un tiers selon les exigences du client.<\/p>\n<h2><span style=\"font-size: 14pt;\">Emballage et stockage <\/span><span style=\"font-size: 14pt;\">des tiges m\u00e9talliques d\u2019Erbium<\/span><\/h2>\n<p><strong>Les tiges m\u00e9talliques Erbium sont emball\u00e9es<\/strong> sous vide et plac\u00e9es dans des bo\u00eetes ou des cartons en bois personnalis\u00e9s remplis de mat\u00e9riaux de protection.<\/p>\n<p><strong>Les barres d\u2019erbium m\u00e9tal doivent \u00eatre scell\u00e9es<\/strong> et entrepos\u00e9es dans un environnement gazeux sec, frais et non corrosif afin d\u2019\u00e9viter l\u2019oxydation et l\u2019absorption d\u2019humidit\u00e9.<\/p>\n","protected":false},"excerpt":{"rendered":"<p><span style=\"color: #0000ff;\"><a style=\"color: #0000ff;\" href=\"https:\/\/vimaterial.de\/fr\/product\/erbium-metal-4\/\"><strong>La tige m\u00e9tallique d\u2019erbium<\/strong><\/a><\/span> est un mat\u00e9riau de terre rare fabriqu\u00e9 \u00e0 partir d\u2019oxyde d\u2019erbium de haute puret\u00e9, qui poss\u00e8de de bonnes propri\u00e9t\u00e9s optiques et une bonne stabilit\u00e9 thermique. Il est souvent utilis\u00e9 pour fabriquer des mat\u00e9riaux de dopage dans les cristaux laser et est largement utilis\u00e9 dans les domaines de la recherche m\u00e9dicale, industrielle et scientifique.<\/p>\n<p>VIMTERIAL prend en charge la personnalisation et le d\u00e9veloppement des produits, veuillez<span style=\"color: #0000ff;\"><a style=\"color: #0000ff;\" href=\"https:\/\/vimaterial.de\/fr\/contact\/\"> nous contacter.<\/a><\/span><\/p>\n","protected":false},"featured_media":1034426,"comment_status":"open","ping_status":"closed","template":"","meta":{"_acf_changed":false},"product_brand":[],"product_cat":[245],"product_tag":[],"class_list":{"0":"post-1029235","1":"product","2":"type-product","3":"status-publish","4":"has-post-thumbnail","6":"product_cat-profil-fr","8":"first","9":"instock","10":"shipping-taxable","11":"purchasable","12":"product-type-variable"},"acf":[],"_links":{"self":[{"href":"https:\/\/vimaterial.de\/fr\/wp-json\/wp\/v2\/product\/1029235","targetHints":{"allow":["GET"]}}],"collection":[{"href":"https:\/\/vimaterial.de\/fr\/wp-json\/wp\/v2\/product"}],"about":[{"href":"https:\/\/vimaterial.de\/fr\/wp-json\/wp\/v2\/types\/product"}],"replies":[{"embeddable":true,"href":"https:\/\/vimaterial.de\/fr\/wp-json\/wp\/v2\/comments?post=1029235"}],"wp:featuredmedia":[{"embeddable":true,"href":"https:\/\/vimaterial.de\/fr\/wp-json\/wp\/v2\/media\/1034426"}],"wp:attachment":[{"href":"https:\/\/vimaterial.de\/fr\/wp-json\/wp\/v2\/media?parent=1029235"}],"wp:term":[{"taxonomy":"product_brand","embeddable":true,"href":"https:\/\/vimaterial.de\/fr\/wp-json\/wp\/v2\/product_brand?post=1029235"},{"taxonomy":"product_cat","embeddable":true,"href":"https:\/\/vimaterial.de\/fr\/wp-json\/wp\/v2\/product_cat?post=1029235"},{"taxonomy":"product_tag","embeddable":true,"href":"https:\/\/vimaterial.de\/fr\/wp-json\/wp\/v2\/product_tag?post=1029235"}],"curies":[{"name":"wp","href":"https:\/\/api.w.org\/{rel}","templated":true}]}}