{"id":1029214,"date":"2024-06-17T16:16:14","date_gmt":"2024-06-17T08:16:14","guid":{"rendered":"https:\/\/vimaterial.de\/product\/hydrate-doxalate-derbium\/"},"modified":"2025-06-10T14:01:56","modified_gmt":"2025-06-10T06:01:56","slug":"hydrate-doxalate-derbium","status":"publish","type":"product","link":"https:\/\/vimaterial.de\/fr\/product\/hydrate-doxalate-derbium\/","title":{"rendered":"Hydrate d\u2019oxalate d\u2019erbium"},"content":{"rendered":"<p><span style=\"color: #0000ff;\"><a style=\"color: #0000ff;\" href=\"https:\/\/vimaterial.de\/fr\/product\/sulfate-derbium-octahydrate\/\"><strong>L&#8217;hydrate d&#8217;oxalate d&#8217;erbium<\/strong><\/a><\/span>, de formule chimique Er\u2082(C\u2082O\u2084)\u2083\u00b7xH\u2082O, est une poudre d\u2019oxalate de terres rares rose \u00e0 violet clair et un interm\u00e9diaire important pour la pr\u00e9paration d\u2019oxyde d\u2019erbium de haute puret\u00e9 (Er\u2082O\u2083). Le produit est form\u00e9 par la r\u00e9action et la pr\u00e9cipitation de sel d\u2019erbium de haute puret\u00e9 et d\u2019acide oxalique. Il a de bonnes caract\u00e9ristiques de d\u00e9composition thermique et peut \u00eatre converti en poudre d\u2019oxyde uniforme et fine \u00e0 haute temp\u00e9rature. Il est largement utilis\u00e9 dans les mat\u00e9riaux c\u00e9ramiques, les dispositifs opto\u00e9lectroniques, les mat\u00e9riaux magn\u00e9tiques et d\u2019autres domaines.<\/p>\n<p>Le produit Er\u2082(C\u2082O\u2084)\u2083\u00b7xH\u2082O fourni par VIMATERIAL a une hydratation contr\u00f4lable, une grande puret\u00e9, une bonne stabilit\u00e9 thermique et convient \u00e0 une vari\u00e9t\u00e9 d\u2019occasions.<span style=\"color: #0000ff;\"><a style=\"color: #0000ff;\" href=\"https:\/\/vimaterial.de\/fr\/contact\/\">Contactez-nous.<\/a><\/span><\/p>\n<h2><span style=\"font-size: 14pt;\">Caract\u00e9ristiques<\/span><\/h2>\n<p>Formule chimique : Er\u2082(C\u2082O\u2084)\u2083\u00b7xH\u2082O<\/p>\n<p>Apparence : poudre rose clair \u00e0 violette<\/p>\n<p>Degr\u00e9 d\u2019hydratation (x) : x = 10 ~12 (personnalisable)<\/p>\n<p>Structure cristalline : syst\u00e8me monoclinique, sa structure de coordination est que chaque Er\u00b3\u207a forme un poly\u00e8dre de coordination complexe en coordonnant les mol\u00e9cules d\u2019oxalate et d\u2019eau, formant une liaison hydrog\u00e8ne et une liaison de coordination pour stabiliser la structure.<\/p>\n<h2><span style=\"font-size: 14pt;\">Application<\/span><\/h2>\n<p>Pr\u00e9curseur de l\u2019oxyde d\u2019erbium de haute puret\u00e9 : <strong>L&#8217;ydrate d&#8217;oxalate d&#8217;erbium<\/strong> est pyrolys\u00e9 pour g\u00e9n\u00e9rer une poudre d&#8217;Er\u2082O\u2083 uniforme avec une taille de particule contr\u00f4lable<\/p>\n<p>Mati\u00e8res premi\u00e8res c\u00e9ramiques de terres rares : <strong>L&#8217;hydrate d&#8217;oxalate d&#8217;erbium<\/strong> est utilis\u00e9 pour fabriquer des mat\u00e9riaux de haute performance tels que les c\u00e9ramiques dop\u00e9es et les cristaux laser<\/p>\n<p>Mat\u00e9riaux magn\u00e9tiques et mat\u00e9riaux luminescents : <strong>L&#8217;hydrate d&#8217;oxalate d&#8217;erbium<\/strong> convient \u00e0 la pr\u00e9paration de nanomat\u00e9riaux magn\u00e9tiques dop\u00e9s \u00e0 l\u2019erbium et de luminophores<\/p>\n<h2><span style=\"font-size: 14pt;\">Contr\u00f4le qualit\u00e9<\/span><\/h2>\n<p><span style=\"color: #0000ff;\"><a style=\"color: #0000ff;\" href=\"https:\/\/vimaterial.de\/fr\/controle-qualite\/\">Nos produits<\/a> <\/span>suivent des proc\u00e9dures strictes de contr\u00f4le de la qualit\u00e9 et des m\u00e9thodes de test scientifiques, y compris ICP-MS, XRD, SEM, etc. pour effectuer une analyse compl\u00e8te des produits. Nos produits b\u00e9n\u00e9ficient d\u2019enregistrements complets et d\u2019une tra\u00e7abilit\u00e9 depuis l\u2019approvisionnement en mati\u00e8res premi\u00e8res, la production jusqu\u2019\u00e0 l\u2019exp\u00e9dition, garantissant la coh\u00e9rence des ingr\u00e9dients et les performances entre les lots. Chaque lot de produits est accompagn\u00e9 de donn\u00e9es compl\u00e8tes d\u2019inspection de la qualit\u00e9.<\/p>\n<h2><span style=\"font-size: 14pt;\">Emballage et stockage<\/span><\/h2>\n<p><strong>La poudre d&#8217;hydrate d&#8217;oxalate d&#8217;erbium<\/strong> est emball\u00e9e dans des bouteilles scell\u00e9es sous vide, avec diff\u00e9rentes sp\u00e9cifications d\u2019emballage telles que 50g \/ 100g \/ 500g \/ 1kg \/ 5 kg, qui peuvent \u00eatre personnalis\u00e9es en fonction des besoins du client. Les grandes quantit\u00e9s sont conditionn\u00e9es dans des f\u00fbts de 25 kg et fix\u00e9es avec des palettes standard.<\/p>\n<p><strong>La poudre d&#8217;hydrate d&#8217;oxalate d&#8217;erbium<\/strong> doit \u00eatre conserv\u00e9e dans un endroit sec et frais pour \u00e9viter l\u2019humidit\u00e9. Il est recommand\u00e9 de le conserver dans une bouteille herm\u00e9tique \u00e0 temp\u00e9rature ambiante (10-30\u00b0C) et de le fermer imm\u00e9diatement apr\u00e8s utilisation.<\/p>\n","protected":false},"excerpt":{"rendered":"<p><span style=\"color: #0000ff;\"><a style=\"color: #0000ff;\" href=\"https:\/\/vimaterial.de\/fr\/product\/sulfate-derbium-octahydrate\/\"><strong>L&#8217;hydrate d&#8217;oxalate d&#8217;erbium<\/strong><\/a><\/span>, de formule chimique Er\u2082(C\u2082O\u2084)\u2083\u00b7xH\u2082O, est une poudre d\u2019oxalate de terres rares rose \u00e0 violet clair et un interm\u00e9diaire important pour la pr\u00e9paration d\u2019oxyde d\u2019erbium de haute puret\u00e9 (Er\u2082O\u2083). Le produit est form\u00e9 par la r\u00e9action et la pr\u00e9cipitation de sel d\u2019erbium de haute puret\u00e9 et d\u2019acide oxalique. Il a de bonnes caract\u00e9ristiques de d\u00e9composition thermique et peut \u00eatre converti en poudre d\u2019oxyde uniforme et fine \u00e0 haute temp\u00e9rature. Il est largement utilis\u00e9 dans les mat\u00e9riaux c\u00e9ramiques, les dispositifs opto\u00e9lectroniques, les mat\u00e9riaux magn\u00e9tiques et d\u2019autres domaines.<\/p>\n<p>Le produit Er\u2082(C\u2082O\u2084)\u2083\u00b7xH\u2082O fourni par VIMATERIAL a une hydratation contr\u00f4lable, une grande puret\u00e9, une bonne stabilit\u00e9 thermique et convient \u00e0 une vari\u00e9t\u00e9 d\u2019occasions.<span style=\"color: #0000ff;\"><a style=\"color: #0000ff;\" href=\"https:\/\/vimaterial.de\/fr\/contact\/\">Contactez-nous.<\/a><\/span><\/p>\n","protected":false},"featured_media":1034441,"comment_status":"open","ping_status":"closed","template":"","meta":{"_acf_changed":false},"product_brand":[],"product_cat":[241],"product_tag":[],"class_list":{"0":"post-1029214","1":"product","2":"type-product","3":"status-publish","4":"has-post-thumbnail","6":"product_cat-materiaux-a-base-de-terres-rares","8":"first","9":"instock","10":"shipping-taxable","11":"purchasable","12":"product-type-variable"},"acf":[],"_links":{"self":[{"href":"https:\/\/vimaterial.de\/fr\/wp-json\/wp\/v2\/product\/1029214","targetHints":{"allow":["GET"]}}],"collection":[{"href":"https:\/\/vimaterial.de\/fr\/wp-json\/wp\/v2\/product"}],"about":[{"href":"https:\/\/vimaterial.de\/fr\/wp-json\/wp\/v2\/types\/product"}],"replies":[{"embeddable":true,"href":"https:\/\/vimaterial.de\/fr\/wp-json\/wp\/v2\/comments?post=1029214"}],"wp:featuredmedia":[{"embeddable":true,"href":"https:\/\/vimaterial.de\/fr\/wp-json\/wp\/v2\/media\/1034441"}],"wp:attachment":[{"href":"https:\/\/vimaterial.de\/fr\/wp-json\/wp\/v2\/media?parent=1029214"}],"wp:term":[{"taxonomy":"product_brand","embeddable":true,"href":"https:\/\/vimaterial.de\/fr\/wp-json\/wp\/v2\/product_brand?post=1029214"},{"taxonomy":"product_cat","embeddable":true,"href":"https:\/\/vimaterial.de\/fr\/wp-json\/wp\/v2\/product_cat?post=1029214"},{"taxonomy":"product_tag","embeddable":true,"href":"https:\/\/vimaterial.de\/fr\/wp-json\/wp\/v2\/product_tag?post=1029214"}],"curies":[{"name":"wp","href":"https:\/\/api.w.org\/{rel}","templated":true}]}}